{"id":3335,"date":"2025-03-06T13:59:54","date_gmt":"2025-03-06T05:59:54","guid":{"rendered":"http:\/\/www.niusheng.globaldeepsea.site\/?post_type=product&#038;p=3335"},"modified":"2026-04-24T14:00:00","modified_gmt":"2026-04-24T06:00:00","slug":"plc-splitter-cabinet-with-1u-19-rack-mount-box","status":"publish","type":"product","link":"https:\/\/www.newsunn.com\/ru\/%d0%bf%d1%80%d0%be%d0%b4%d1%83%d0%ba%d1%82\/plc-splitter-cabinet-with-1u-19-rack-mount-box\/","title":{"rendered":"\u0421\u043f\u043b\u0438\u0442\u0442\u0435\u0440\u043d\u044b\u0439 \u0448\u043a\u0430\u0444 PLC \u0441 \u043a\u043e\u0440\u043e\u0431\u043a\u043e\u0439 \u043a\u0440\u0435\u043f\u043b\u0435\u043d\u0438\u044f 1U 19 Rack"},"content":{"rendered":"<div class=\"pro-box-border\">\n<div class=\"vc_row wpb_row vc_row-fluid\">\n<div class=\"wpb_column vc_column_container vc_col-sm-6\">\n<div class=\"vc_column-inner\">\n<div class=\"wpb_wrapper\">\n<div class=\"wpb_text_column wpb_content_element\">\n<div class=\"wpb_wrapper\">\n<p>[tribulant_slideshow gallery_id=\u201d6\u2033]<\/p>\n<\/div>\n<\/div>\n<\/div>\n<\/div>\n<\/div>\n<div class=\"wpb_column vc_column_container vc_col-sm-6\">\n<div class=\"vc_column-inner\">\n<div class=\"wpb_wrapper\">\n<div class=\"wpb_text_column wpb_content_element\">\n<div class=\"wpb_wrapper\">\n<\/div>\n<\/div>\n<\/div>\n<\/div>\n<\/div>\n<\/div>\n<div class=\"vc_row wpb_row vc_row-fluid\">\n<div class=\"wpb_column vc_column_container vc_col-sm-12\">\n<div class=\"vc_column-inner\">\n<div class=\"wpb_wrapper\">\n<div class=\"wpb_text_column wpb_content_element\">\n<div class=\"wpb_wrapper\">\n<p><strong>Application<\/strong><\/p>\n<ul>\n<li>Fiber to the point (FTTX)<\/li>\n<li>Fiber to the home (FTTH)<\/li>\n<li>Passive optical networks(PON, GEPON)<\/li>\n<li>Local area networks (LAN)<\/li>\n<li>Cable television (CATV)<\/li>\n<li>Test equipment<\/li>\n<\/ul>\n<\/div>\n<\/div>\n<div class=\"wpb_text_column wpb_content_element\">\n<div class=\"wpb_wrapper\">\n<p><strong>\u041e\u0441\u043e\u0431\u0435\u043d\u043d\u043e\u0441\u0442\u0438<\/strong><\/p>\n<ul>\n<li>Available up to 2*32 for\u00a0installation of FC,SC,ST,LC adapters<\/li>\n<li>19\u201dstandard structure, made of cold rolled steel sheet with electrostatic spraying<\/li>\n<li>Low insertion loss,\u00a0Low polarization loss<\/li>\n<li>High stability and reliability<\/li>\n<\/ul>\n<\/div>\n<\/div>\n<\/div>\n<\/div>\n<\/div>\n<\/div>\n<div class=\"vc_row wpb_row vc_row-fluid\">\n<div class=\"wpb_column vc_column_container vc_col-sm-12\">\n<div class=\"vc_column-inner\">\n<div class=\"wpb_wrapper\">\n<div class=\"wpb_text_column wpb_content_element\">\n<div class=\"wpb_wrapper\">\n<p><strong>Dimension<\/strong><\/p>\n<\/div>\n<\/div>\n<\/div>\n<\/div>\n<\/div>\n<\/div>\n<div class=\"vc_row wpb_row vc_row-fluid\">\n<div class=\"wpb_column vc_column_container vc_col-sm-12\">\n<div class=\"vc_column-inner\">\n<div class=\"wpb_wrapper\">\n<div class=\"wpb_single_image wpb_content_element vc_align_left\">\n<figure class=\"wpb_wrapper vc_figure\">\n<div class=\"vc_single_image-wrapper vc_box_border_grey\"><img fetchpriority=\"high\" alt=\"rack drawing\" class=\"vc_single_image-img attachment-large\" decoding=\"async\" height=\"312\" sizes=\"(max-width: 474px) 100vw, 474px\" src=\"http:\/\/www.niusheng.globaldeepsea.site\/wp-content\/uploads\/2025\/03\/40ac46c7a6afcdccfa7877260665a0f3.jpg\" srcset=\"https:\/\/niusheng.gg13.globaldeepsea.site\/wp-content\/uploads\/2015\/10\/rack-drawing.jpg 492w, https:\/\/niusheng.gg13.globaldeepsea.site\/wp-content\/uploads\/2015\/10\/rack-drawing-300x198.jpg 300w\" width=\"474\"\/><\/div>\n<\/figure>\n<\/div>\n<div class=\"wpb_text_column wpb_content_element\">\n<div class=\"wpb_wrapper\">\n<p><strong>Order Information<\/strong><\/p>\n<p><strong>Newsunn provides a whole series of 1xN and 2xN splitters that are tailored for specific applications:<\/strong><br \/>\na.1\u00d72, 1\u00d74, 1\u00d78, 1\u00d716,1\u00d732, 2\u00d72, 2\u00d74, 2\u00d78, 2\u00d716, 2\u00d732,Versions of splitters are available.<br \/>\nb. SC\/UPC, FC\/UPC, LC\/UPC, SC\/APC, FC\/APC, LC\/APC connectors or no connectors can be selected as you like<br \/>\nc. 0.9, 2.0, 3.0mm for input &amp; output fiber type.<br \/>\nd. The length of pigtail can be also customized; usually we will provide you 1.5m, welcome to contact us for more details.<\/p>\n<\/div>\n<\/div>\n<\/div>\n<\/div>\n<\/div>\n<\/div>\n<\/div>","protected":false},"excerpt":{"rendered":"<p>[tribulant_slideshow gallery_id=\"6\"] \u0412\u043e\u043b\u043e\u043a\u043d\u043e \u043f\u0440\u0438\u043b\u043e\u0436\u0435\u043d\u0438\u044f \u043a \u0442\u043e\u0447\u043a\u0435 (FTTX) \u0412\u043e\u043b\u043e\u043a\u043d\u043e \u043a \u0434\u043e\u043c\u0443 (FTTH) \u041f\u0430\u0441\u0441\u0438\u0432\u043d\u044b\u0435 \u043e\u043f\u0442\u0438\u0447\u0435\u0441\u043a\u0438\u0435 \u0441\u0435\u0442\u0438 (PON, GEPON) \u041b\u043e\u043a\u0430\u043b\u044c\u043d\u044b\u0435 \u0441\u0435\u0442\u0438 (LAN) \u041a\u0430\u0431\u0435\u043b\u044c\u043d\u043e\u0435 \u0442\u0435\u043b\u0435\u0432\u0438\u0434\u0435\u043d\u0438\u0435 (CATV) \u0412\u043e\u0437\u043c\u043e\u0436\u043d\u043e\u0441\u0442\u0438 \u0438\u0441\u043f\u044b\u0442\u0430\u0442\u0435\u043b\u044c\u043d\u043e\u0433\u043e \u043e\u0431\u043e\u0440\u0443\u0434\u043e\u0432\u0430\u043d\u0438\u044f \u0414\u043e\u0441\u0442\u0443\u043f\u043d\u043e \u0434\u043e 2*32 \u0434\u043b\u044f \u0443\u0441\u0442\u0430\u043d\u043e\u0432\u043a\u0438 FC,SC,ST,LC \u0430\u0434\u0430\u043f\u0442\u0435\u0440\u043e\u0432 19\" \u0441\u0442\u0430\u043d\u0434\u0430\u0440\u0442\u043d\u0430\u044f \u043a\u043e\u043d\u0441\u0442\u0440\u0443\u043a\u0446\u0438\u044f, \u0438\u0437\u0433\u043e\u0442\u043e\u0432\u043b\u0435\u043d\u043d\u0430\u044f \u0438\u0437 \u043b\u0438\u0441\u0442\u0430 \u0445\u043e\u043b\u043e\u0434\u043d\u043e\u043a\u0430\u0442\u0430\u043d\u043e\u0439 \u0441\u0442\u0430\u043b\u0438 \u0441 \u044d\u043b\u0435\u043a\u0442\u0440\u043e\u0441\u0442\u0430\u0442\u0438\u0447\u0435\u0441\u043a\u0438\u043c \u0440\u0430\u0441\u043f\u044b\u043b\u0435\u043d\u0438\u0435\u043c \u041d\u0438\u0437\u043a\u0430\u044f \u043f\u043e\u0442\u0435\u0440\u044f \u0432\u0441\u0442\u0430\u0432\u043a\u0438, \u041d\u0438\u0437\u043a\u0430\u044f \u043f\u043e\u0442\u0435\u0440\u044f \u043f\u043e\u043b\u044f\u0440\u0438\u0437\u0430\u0446\u0438\u0438 \u0412\u044b\u0441\u043e\u043a\u0430\u044f \u0441\u0442\u0430\u0431\u0438\u043b\u044c\u043d\u043e\u0441\u0442\u044c \u0438 \u043d\u0430\u0434\u0435\u0436\u043d\u043e\u0441\u0442\u044c [...]<\/p>","protected":false},"featured_media":2958,"comment_status":"open","ping_status":"closed","template":"","meta":[],"product_brand":[],"product_cat":[72],"product_tag":[],"class_list":{"0":"post-3335","1":"product","2":"type-product","3":"status-publish","4":"has-post-thumbnail","6":"product_cat-plc-splitters","8":"first","9":"instock","10":"shipping-taxable","11":"product-type-simple"},"_links":{"self":[{"href":"https:\/\/www.newsunn.com\/ru\/wp-json\/wp\/v2\/product\/3335","targetHints":{"allow":["GET"]}}],"collection":[{"href":"https:\/\/www.newsunn.com\/ru\/wp-json\/wp\/v2\/product"}],"about":[{"href":"https:\/\/www.newsunn.com\/ru\/wp-json\/wp\/v2\/types\/product"}],"replies":[{"embeddable":true,"href":"https:\/\/www.newsunn.com\/ru\/wp-json\/wp\/v2\/comments?post=3335"}],"version-history":[{"count":0,"href":"https:\/\/www.newsunn.com\/ru\/wp-json\/wp\/v2\/product\/3335\/revisions"}],"wp:featuredmedia":[{"embeddable":true,"href":"https:\/\/www.newsunn.com\/ru\/wp-json\/wp\/v2\/media\/2958"}],"wp:attachment":[{"href":"https:\/\/www.newsunn.com\/ru\/wp-json\/wp\/v2\/media?parent=3335"}],"wp:term":[{"taxonomy":"product_brand","embeddable":true,"href":"https:\/\/www.newsunn.com\/ru\/wp-json\/wp\/v2\/product_brand?post=3335"},{"taxonomy":"product_cat","embeddable":true,"href":"https:\/\/www.newsunn.com\/ru\/wp-json\/wp\/v2\/product_cat?post=3335"},{"taxonomy":"product_tag","embeddable":true,"href":"https:\/\/www.newsunn.com\/ru\/wp-json\/wp\/v2\/product_tag?post=3335"}],"curies":[{"name":"wp","href":"https:\/\/api.w.org\/{rel}","templated":true}]}}