{"id":3465,"date":"2025-03-06T14:00:30","date_gmt":"2025-03-06T06:00:30","guid":{"rendered":"http:\/\/www.niusheng.globaldeepsea.site\/?post_type=product&#038;p=3465"},"modified":"2026-04-24T13:59:13","modified_gmt":"2026-04-24T05:59:13","slug":"hook-loop-cable-tie","status":"publish","type":"product","link":"https:\/\/www.newsunn.com\/pt\/produto\/hook-loop-cable-tie\/","title":{"rendered":"Gancho e Loop Tio de cabo"},"content":{"rendered":"<div class=\"pro-box-border\">\n<div class=\"vc_row wpb_row vc_row-fluid\">\n<div class=\"wpb_column vc_column_container vc_col-sm-6\">\n<div class=\"vc_column-inner\">\n<div class=\"wpb_wrapper\">\n<div class=\"wpb_text_column wpb_content_element\">\n<div class=\"wpb_wrapper\">\n<p>[tribulant_slideshow gallery_id=\u201d51\u2033]<\/p>\n<\/div>\n<\/div>\n<\/div>\n<\/div>\n<\/div>\n<div class=\"wpb_column vc_column_container vc_col-sm-6\">\n<div class=\"vc_column-inner\">\n<div class=\"wpb_wrapper\">\n<div class=\"wpb_text_column wpb_content_element\">\n<div class=\"wpb_wrapper\">\n<p>Back to back nylon cable tie<\/p>\n<\/div>\n<\/div>\n<\/div>\n<\/div>\n<\/div>\n<\/div>\n<div class=\"vc_row wpb_row vc_row-fluid\">\n<div class=\"wpb_column vc_column_container vc_col-sm-12\">\n<div class=\"vc_column-inner\">\n<div class=\"wpb_wrapper\">\n<div class=\"wpb_text_column wpb_content_element\">\n<div class=\"wpb_wrapper\">\n<p>This reusable hook and loop fastening system are perfect for electronic cables such as laptop chargers, headphones, and more. Tame the jungle behind your home or office computer, and even color-code cables for easy identification.<\/p>\n<h2 style=\"text-align: center;\">What\u2019s special about these hook and loop straps?<\/h2>\n<p>1. Fits snugly around cable bundles without being overly tight or pinching the cables<\/p>\n<p>2. Available in a variety of colors for color-coding or identification<\/p>\n<h3>Especifica\u00e7\u00e3o<\/h3>\n<p>Material: 100% Nylon<\/p>\n<h3>Caracter\u00edsticas<\/h3>\n<p>1. Shorten the length of long, unruly cables by simply wrapping\u00a0 \u00a0hook-and-loop fastener around the excess<\/p>\n<p>2. Will not loosen due to abrasion or movement, perfect for applications in which vibration is an issue<\/p>\n<p>3. Various lengths and colors available to suit your specifications<\/p>\n<p>4. Fasteners can be opened and closed 50+ times for reuse<\/p>\n<p>5. Utilize the entire hook and loop tie to adjust to various diameters<\/p>\n<h2>Order Information<\/h2>\n<p><strong> ( Any size, any color can be customized.)<\/strong><\/p>\n<table style=\"height: 443px;\" width=\"565\">\n<tbody>\n<tr>\n<td style=\"text-align: center;\" width=\"126\"><span style=\"font-size: 16px;\">Part Code<\/span><\/td>\n<td style=\"text-align: center;\" width=\"335\"><span style=\"font-size: 16px;\">Description<\/span><\/td>\n<td style=\"text-align: center;\" width=\"105\"><span style=\"font-size: 16px;\">Cor<\/span><\/td>\n<td style=\"text-align: center;\" width=\"81\"><span style=\"font-size: 16px;\">Packing<\/span><\/td>\n<\/tr>\n<tr>\n<td style=\"text-align: center;\" width=\"126\"><span style=\"font-size: 16px;\">NS-VCM125-BK<\/span><\/td>\n<td style=\"text-align: center;\"><span style=\"font-size: 16px;\">Hook&amp;loop cable ties, 125\u00d711 mm, black<\/span><\/td>\n<td rowspan=\"7\" style=\"text-align: center;\" width=\"105\"><span style=\"font-size: 16px;\">black, blue,red, yellow, green, orange, etc.<\/span><\/td>\n<td rowspan=\"7\" style=\"text-align: center;\" width=\"81\"><span style=\"font-size: 16px;\">20pcs\/bag<\/span><\/td>\n<\/tr>\n<tr>\n<td style=\"text-align: center;\" width=\"126\"><span style=\"font-size: 16px;\">NS-VCM135-RD<\/span><\/td>\n<td style=\"text-align: center;\"><span style=\"font-size: 16px;\">Hook&amp;loop cable ties, 135\u00d712 mm, red<\/span><\/td>\n<\/tr>\n<tr>\n<td style=\"text-align: center;\" width=\"126\"><span style=\"font-size: 16px;\">NS-VCM180-YL<\/span><\/td>\n<td style=\"text-align: center;\"><span style=\"font-size: 16px;\">Hook&amp;loop cable ties, 180\u00d712 mm, yellow<\/span><\/td>\n<\/tr>\n<tr>\n<td style=\"text-align: center;\" width=\"126\"><span style=\"font-size: 16px;\">NS-VCM210-GN<\/span><\/td>\n<td style=\"text-align: center;\"><span style=\"font-size: 16px;\">Hook&amp;loop cable ties, 210\u00d716 mm, green<\/span><\/td>\n<\/tr>\n<tr>\n<td style=\"text-align: center;\" width=\"126\"><span style=\"font-size: 16px;\">NS-VCM310-BL<\/span><\/td>\n<td style=\"text-align: center;\"><span style=\"font-size: 16px;\">Hook&amp;loop cable ties, 310\u00d716 mm, blue<\/span><\/td>\n<\/tr>\n<tr>\n<td style=\"text-align: center;\" width=\"126\"><span style=\"font-size: 16px;\">NS-VCM365-OR<\/span><\/td>\n<td style=\"text-align: center;\"><span style=\"font-size: 16px;\">Hook&amp;loop cable ties, 365\u00d725 mm, orange<\/span><\/td>\n<\/tr>\n<tr>\n<td style=\"text-align: center;\" width=\"126\"><span style=\"font-size: 16px;\">NS-VCM30M\u2013BL<\/span><\/td>\n<td style=\"text-align: center;\" width=\"335\"><span style=\"font-size: 16px;\">Hook&amp;loop reel, blue, 20mm wide, 30m long, with logo printing (size: 5cm, distance 10cm)<\/span><\/td>\n<\/tr>\n<\/tbody>\n<\/table>\n<\/div>\n<\/div>\n<\/div>\n<\/div>\n<\/div>\n<\/div>\n<\/div>","protected":false},"excerpt":{"rendered":"<p>[tribulant_slideshow gallery_id=\u201d51\u2032\u2032] De volta \u00e0 gravata de cabo de nylon Este sistema de fixa\u00e7\u00e3o de gancho e loop reutiliz\u00e1vel \u00e9 perfeito para cabos eletr\u00f4nicos, como carregadores de laptop, auscultadores e muito mais. Tame a selva atr\u00e1s de seu computador de casa ou escrit\u00f3rio, e at\u00e9 mesmo cabos de c\u00f3digo de cores para f\u00e1cil identifica\u00e7\u00e3o. O que \u00e9 especial sobre essas al\u00e7as de gancho e la\u00e7o? 1. Se encaixa bem ao redor [...]<\/p>","protected":false},"featured_media":3164,"comment_status":"open","ping_status":"closed","template":"","meta":[],"product_brand":[],"product_cat":[103],"product_tag":[],"class_list":{"0":"post-3465","1":"product","2":"type-product","3":"status-publish","4":"has-post-thumbnail","6":"product_cat-cable-ties","8":"first","9":"instock","10":"shipping-taxable","11":"product-type-simple"},"_links":{"self":[{"href":"https:\/\/www.newsunn.com\/pt\/wp-json\/wp\/v2\/product\/3465","targetHints":{"allow":["GET"]}}],"collection":[{"href":"https:\/\/www.newsunn.com\/pt\/wp-json\/wp\/v2\/product"}],"about":[{"href":"https:\/\/www.newsunn.com\/pt\/wp-json\/wp\/v2\/types\/product"}],"replies":[{"embeddable":true,"href":"https:\/\/www.newsunn.com\/pt\/wp-json\/wp\/v2\/comments?post=3465"}],"version-history":[{"count":0,"href":"https:\/\/www.newsunn.com\/pt\/wp-json\/wp\/v2\/product\/3465\/revisions"}],"wp:featuredmedia":[{"embeddable":true,"href":"https:\/\/www.newsunn.com\/pt\/wp-json\/wp\/v2\/media\/3164"}],"wp:attachment":[{"href":"https:\/\/www.newsunn.com\/pt\/wp-json\/wp\/v2\/media?parent=3465"}],"wp:term":[{"taxonomy":"product_brand","embeddable":true,"href":"https:\/\/www.newsunn.com\/pt\/wp-json\/wp\/v2\/product_brand?post=3465"},{"taxonomy":"product_cat","embeddable":true,"href":"https:\/\/www.newsunn.com\/pt\/wp-json\/wp\/v2\/product_cat?post=3465"},{"taxonomy":"product_tag","embeddable":true,"href":"https:\/\/www.newsunn.com\/pt\/wp-json\/wp\/v2\/product_tag?post=3465"}],"curies":[{"name":"wp","href":"https:\/\/api.w.org\/{rel}","templated":true}]}}