{"id":3431,"date":"2025-03-06T14:00:21","date_gmt":"2025-03-06T06:00:21","guid":{"rendered":"http:\/\/www.niusheng.globaldeepsea.site\/?post_type=product&#038;p=3431"},"modified":"2026-04-24T13:59:29","modified_gmt":"2026-04-24T05:59:29","slug":"duplex-de-cabo-duplo","status":"publish","type":"product","link":"https:\/\/www.newsunn.com\/pt\/produto\/duplex-de-cabo-duplo\/","title":{"rendered":"Duplex de cabo duplo plano"},"content":{"rendered":"<div class=\"pro-box-border\">\n<div class=\"vc_row wpb_row vc_row-fluid\">\n<div class=\"wpb_column vc_column_container vc_col-sm-6\">\n<div class=\"vc_column-inner\">\n<div class=\"wpb_wrapper\">\n<div class=\"wpb_single_image wpb_content_element vc_align_left\">\n<figure class=\"wpb_wrapper vc_figure\">\n<div class=\"vc_single_image-wrapper vc_box_border_grey\"><img fetchpriority=\"high\" alt=\"cabo duplo\" class=\"vc_single_image-img attachment-medium\" decoding=\"async\" height=\"214\" sizes=\"(max-width: 300px) 100vw, 300px\" src=\"http:\/\/www.niusheng.globaldeepsea.site\/wp-content\/uploads\/2025\/03\/3e8018afde4f9e281b67f0ab3841370c.jpg\" srcset=\"https:\/\/niusheng.gg13.globaldeepsea.site\/wp-content\/uploads\/2015\/11\/flat-twin-300x214.jpg 300w, https:\/\/niusheng.gg13.globaldeepsea.site\/wp-content\/uploads\/2015\/11\/flat-twin.jpg 420w\" width=\"300\"\/><\/div>\n<\/figure>\n<\/div>\n<\/div>\n<\/div>\n<\/div>\n<div class=\"wpb_column vc_column_container vc_col-sm-6\">\n<div class=\"vc_column-inner\">\n<div class=\"wpb_wrapper\">\n<div class=\"wpb_text_column wpb_content_element\">\n<div class=\"wpb_wrapper\">\n<\/div>\n<\/div>\n<\/div>\n<\/div>\n<\/div>\n<\/div>\n<div class=\"vc_row wpb_row vc_row-fluid\">\n<div class=\"wpb_column vc_column_container vc_col-sm-12\">\n<div class=\"vc_column-inner\">\n<div class=\"wpb_wrapper\">\n<div class=\"wpb_text_column wpb_content_element\">\n<div class=\"wpb_wrapper\">\n<p><strong>Caracter\u00edsticas<\/strong><\/p>\n<ul>\n<li>1 ou 2 cabo, jaqueta retardadora de chama suave<\/li>\n<li>Excelente desempenho de descascamento de fibra tamp\u00e3o apertada<\/li>\n<li>Adequado para fibra SM e fibra MM (50\u03bcm e 62,5\u03bcm)<\/li>\n<\/ul>\n<\/div>\n<\/div>\n<div class=\"wpb_text_column wpb_content_element\">\n<div class=\"wpb_wrapper\">\n<p><strong>Estrutura<\/strong><\/p>\n<\/div>\n<\/div>\n<div class=\"wpb_single_image wpb_content_element vc_align_center\">\n<figure class=\"wpb_wrapper vc_figure\">\n<div class=\"vc_single_image-wrapper vc_box_border_grey\"><img alt=\"cabo duplo\" class=\"vc_single_image-img attachment-large\" decoding=\"async\" height=\"237\" sizes=\"(max-width: 474px) 100vw, 474px\" src=\"http:\/\/www.niusheng.globaldeepsea.site\/wp-content\/uploads\/2025\/03\/dc8cc772f1172ef580e4d45c42d0776a.jpg\" srcset=\"https:\/\/niusheng.gg13.globaldeepsea.site\/wp-content\/uploads\/2015\/11\/twin.jpg 543w, https:\/\/niusheng.gg13.globaldeepsea.site\/wp-content\/uploads\/2015\/11\/twin-300x150.jpg 300w\" width=\"474\"\/><\/div>\n<\/figure>\n<\/div>\n<div class=\"wpb_text_column wpb_content_element\">\n<div class=\"wpb_wrapper\">\n<p><strong>Caracter\u00edsticas geom\u00e9tricas<\/strong><\/p>\n<table width=\"868\">\n<tbody>\n<tr class=\"firstRow\">\n<td class=\"et2\" height=\"15\" width=\"189\">Tipo de cabo<\/td>\n<td class=\"et3\" height=\"15\" width=\"181\">\u03c6<span class=\"font2\">3.0<\/span><\/td>\n<td class=\"et3\" height=\"15\" width=\"165\">\u03c6<span class=\"font2\">2.4<\/span><\/td>\n<td class=\"et3\" height=\"15\" width=\"166\">\u03c6<span class=\"font2\">2.0<\/span><\/td>\n<td class=\"et3\" height=\"15\" width=\"166\">\u03c6<span class=\"font2\">1.8<\/span><\/td>\n<\/tr>\n<tr>\n<td class=\"et2\" height=\"15\" width=\"189\">Dimens\u00e3o do cabo (mm)<\/td>\n<td class=\"et4\" height=\"15\" width=\"181\">4.00\u00b10.1\/6.60\u00b10.2<\/td>\n<td class=\"et4\" height=\"15\" width=\"165\">3.6\u00b10.1\/6.0\u00b10,2<\/td>\n<td class=\"et4\" height=\"15\" width=\"166\">3.1\u00b10.1\/5.0\u00b10.2<\/td>\n<td class=\"et4\" height=\"15\" width=\"166\">2.8\u00b10.1\/4.6\u00b10.2<\/td>\n<\/tr>\n<tr>\n<td class=\"et2\" height=\"27\" width=\"189\">Peso do cabo (kg\/km)<\/td>\n<td class=\"et4\" height=\"27\" width=\"181\">17<\/td>\n<td class=\"et4\" height=\"27\" width=\"165\">12<\/td>\n<td class=\"et4\" height=\"27\" width=\"166\">9<\/td>\n<td class=\"et4\" height=\"27\" width=\"166\">8<\/td>\n<\/tr>\n<tr>\n<td class=\"et2\" height=\"42\" width=\"189\">Di\u00e2metro de TBF(<span class=\"font1\">\u03bcm)<\/span><\/td>\n<td class=\"et4\" colspan=\"3\" height=\"42\">900 \u00b1 50<\/td>\n<td class=\"et4\" height=\"42\" width=\"undefined\">600<span class=\"font1\">\u00b150<\/span><\/td>\n<\/tr>\n<\/tbody>\n<\/table>\n<\/div>\n<\/div>\n<div class=\"wpb_text_column wpb_content_element\">\n<div class=\"wpb_wrapper\">\n<p><strong>Caracter\u00edsticas mec\u00e2nicas<\/strong><\/p>\n<table width=\"868\">\n<tbody>\n<tr class=\"firstRow\">\n<td class=\"et2\" height=\"44\" rowspan=\"2\" width=\"350\">Resist\u00eancia \u00e0 tra\u00e7\u00e3o (N)<\/td>\n<td class=\"et2\" height=\"30\" width=\"178\">\u00a0<span class=\"font2\">Termo longo<\/span><\/td>\n<td class=\"et4\" height=\"30\" width=\"339\">100<\/td>\n<\/tr>\n<tr>\n<td class=\"et2\" height=\"14\" width=\"178\">Termo curto<\/td>\n<td class=\"et4\" height=\"14\" width=\"339\">200<\/td>\n<\/tr>\n<tr>\n<td class=\"et2\" height=\"28\" rowspan=\"2\" width=\"350\">Resist\u00eancia \u00e0 escova (N\/100mm)<\/td>\n<td class=\"et2\" height=\"14\" width=\"178\">Termo longo<\/td>\n<td class=\"et4\" height=\"14\" width=\"339\">100<\/td>\n<\/tr>\n<tr>\n<td class=\"et2\" height=\"14\" width=\"178\">Termo curto<\/td>\n<td class=\"et4\" height=\"14\" width=\"339\">500<\/td>\n<\/tr>\n<tr>\n<td class=\"et2\" height=\"48\" rowspan=\"2\" width=\"350\">Radio de Bending (CM)<\/td>\n<td class=\"et2\" height=\"24\" width=\"178\">Din\u00e2mico<\/td>\n<td class=\"et4\" height=\"24\" width=\"339\">20<span class=\"font1\">\u00d7 H (H: Eixo de cabo)<\/span><\/td>\n<\/tr>\n<tr>\n<td class=\"et2\" height=\"24\" width=\"178\">Est\u00e1tica<\/td>\n<td class=\"et4\" height=\"24\" width=\"339\">10<span class=\"font1\">\u00d7 H (H: Eixo de cabo)<\/span><\/td>\n<\/tr>\n<\/tbody>\n<\/table>\n<\/div>\n<\/div>\n<div class=\"wpb_text_column wpb_content_element\">\n<div class=\"wpb_wrapper\">\n<p><strong>Tipo de fibra<\/strong><\/p>\n<table width=\"868\">\n<tbody>\n<tr>\n<td width=\"664\">Tipo de fibra (dimens\u00e3o de n\u00facleo \/ revestimento)<\/td>\n<td width=\"203\">9\/125,50\/125,62.5\/125<\/td>\n<\/tr>\n<\/tbody>\n<\/table>\n<\/div>\n<\/div>\n<div class=\"wpb_text_column wpb_content_element\">\n<div class=\"wpb_wrapper\">\n<p><strong>Caracter\u00edsticas de transmiss\u00e3o<\/strong><\/p>\n<table width=\"868\">\n<colgroup>\n<col width=\"177\"\/>\n<col width=\"72\"\/>\n<col width=\"72\"\/>\n<col width=\"72\"\/><\/colgroup>\n<tbody>\n<tr class=\"firstRow\">\n<td class=\"et2\" height=\"15\" width=\"332\"><\/td>\n<td class=\"et4\" height=\"15\" width=\"185\">\u00a0<span class=\"font3\">SMF<\/span><\/td>\n<td class=\"et4\" height=\"15\" width=\"175\">50\/125<\/td>\n<td class=\"et4\" height=\"15\" width=\"175\">62.5\/125<\/td>\n<\/tr>\n<tr>\n<td class=\"et3\" height=\"18\" width=\"332\"><\/td>\n<td class=\"et4\" height=\"18\" width=\"185\">1310\/1550(nm)<\/td>\n<td class=\"et4\" height=\"18\" width=\"175\">850\/1300(nm)<\/td>\n<td class=\"et4\" height=\"18\" width=\"175\">850\/1300(nm)<\/td>\n<\/tr>\n<tr>\n<td class=\"et4\" height=\"18\" width=\"332\">Atenua\u00e7\u00e3o (dB\/km)<\/td>\n<td class=\"et5\" height=\"18\" width=\"185\">\u2264<span class=\"font3\">0.40\/0.30<\/span><\/td>\n<td class=\"et5\" height=\"18\" width=\"175\">\u2264<span class=\"font3\">3.5\/1.5<\/span><\/td>\n<td class=\"et5\" height=\"18\" width=\"175\">\u2264<span class=\"font3\">3.5\/1.5<\/span><\/td>\n<\/tr>\n<tr>\n<td class=\"et4\" height=\"18\" width=\"332\">Largura de banda m\u00ednima (MHz)<span class=\"font2\">\u00b7km)<\/span><\/td>\n<td class=\"et5\" height=\"18\" width=\"185\">\u2014<\/td>\n<td class=\"et5\" height=\"18\" width=\"175\">\u2265<span class=\"font3\">400\/400<\/span><\/td>\n<td class=\"et5\" height=\"18\" width=\"175\">\u2265<span class=\"font3\">160\/500<\/span><\/td>\n<\/tr>\n<\/tbody>\n<\/table>\n<\/div>\n<\/div>\n<div class=\"wpb_text_column wpb_content_element\">\n<div class=\"wpb_wrapper\">\n<p><strong>Caracter\u00edsticas ambientais<\/strong><\/p>\n<table width=\"868\">\n<tbody>\n<tr>\n<td width=\"588\">Temperatura de funcionamento do armazenamento<\/td>\n<td width=\"279\">-20\u00b0C + 60\u00b0C<\/td>\n<\/tr>\n<\/tbody>\n<\/table>\n<\/div>\n<\/div>\n<\/div>\n<\/div>\n<\/div>\n<\/div>\n<\/div>","protected":false},"excerpt":{"rendered":"<p>Caracter\u00edsticas 1 ou 2 cabo, jaqueta retardadora de chama macia Excelente desempenho de descascamento de fibra tamp\u00e3o apertada Suposta a fibra SM e fibra MM (50\u03bcm e 62.5\u03bcm) Estrutura Caracter\u00edsticas geom\u00e9tricas Tipo de cabo \u03c63.0 \u03c62.4 \u03c62.0 \u03c61.8 Dimens\u00f5es do cabo (mm) 4.00\u00b10.1\/6.60\u00b10.2 3.6\u00b10.1\/6.0\u00b10,2 3.1\u00b10.1\/5.0\u00b10.2 2.8\u00b10.1\/4.6\u00b10.2 Peso do cabo (kg\/km) 17 12 9 8 TBF Di\u00e2metro (\u03bcm) 900\u00b150 600\u00b150 Caracter\u00edsticas mec\u00e2nicas Resist\u00eancia \u00e0 tra\u00e7\u00e3o (N) Longo Termo 100 Curto Termo 200 Resist\u00eancia \u00e0 escova (N\/100mm) Longo Termo 100 Curto Termo [...]<\/p>","protected":false},"featured_media":3015,"comment_status":"open","ping_status":"closed","template":"","meta":[],"product_brand":[],"product_cat":[97],"product_tag":[],"class_list":{"0":"post-3431","1":"product","2":"type-product","3":"status-publish","4":"has-post-thumbnail","6":"product_cat-indoor-cable","8":"first","9":"instock","10":"shipping-taxable","11":"product-type-simple"},"_links":{"self":[{"href":"https:\/\/www.newsunn.com\/pt\/wp-json\/wp\/v2\/product\/3431","targetHints":{"allow":["GET"]}}],"collection":[{"href":"https:\/\/www.newsunn.com\/pt\/wp-json\/wp\/v2\/product"}],"about":[{"href":"https:\/\/www.newsunn.com\/pt\/wp-json\/wp\/v2\/types\/product"}],"replies":[{"embeddable":true,"href":"https:\/\/www.newsunn.com\/pt\/wp-json\/wp\/v2\/comments?post=3431"}],"version-history":[{"count":0,"href":"https:\/\/www.newsunn.com\/pt\/wp-json\/wp\/v2\/product\/3431\/revisions"}],"wp:featuredmedia":[{"embeddable":true,"href":"https:\/\/www.newsunn.com\/pt\/wp-json\/wp\/v2\/media\/3015"}],"wp:attachment":[{"href":"https:\/\/www.newsunn.com\/pt\/wp-json\/wp\/v2\/media?parent=3431"}],"wp:term":[{"taxonomy":"product_brand","embeddable":true,"href":"https:\/\/www.newsunn.com\/pt\/wp-json\/wp\/v2\/product_brand?post=3431"},{"taxonomy":"product_cat","embeddable":true,"href":"https:\/\/www.newsunn.com\/pt\/wp-json\/wp\/v2\/product_cat?post=3431"},{"taxonomy":"product_tag","embeddable":true,"href":"https:\/\/www.newsunn.com\/pt\/wp-json\/wp\/v2\/product_tag?post=3431"}],"curies":[{"name":"wp","href":"https:\/\/api.w.org\/{rel}","templated":true}]}}