{"id":3430,"date":"2025-03-06T14:00:21","date_gmt":"2025-03-06T06:00:21","guid":{"rendered":"http:\/\/www.niusheng.globaldeepsea.site\/?post_type=product&#038;p=3430"},"modified":"2026-04-24T13:59:29","modified_gmt":"2026-04-24T05:59:29","slug":"fiber-optic-waterproof-cable","status":"publish","type":"product","link":"https:\/\/www.newsunn.com\/pt\/produto\/fiber-optic-waterproof-cable\/","title":{"rendered":"Cabo imperme\u00e1vel de fibra \u00f3ptica"},"content":{"rendered":"<div class=\"pro-box-border\">\n<div class=\"vc_row wpb_row vc_row-fluid\">\n<div class=\"wpb_column vc_column_container vc_col-sm-6\">\n<div class=\"vc_column-inner\">\n<div class=\"wpb_wrapper\">\n<div class=\"wpb_single_image wpb_content_element vc_align_left\">\n<figure class=\"wpb_wrapper vc_figure\">\n<div class=\"vc_single_image-wrapper vc_box_border_grey\"><img fetchpriority=\"high\" alt=\"waterproof cable\" class=\"vc_single_image-img attachment-medium\" decoding=\"async\" height=\"214\" sizes=\"(max-width: 300px) 100vw, 300px\" src=\"http:\/\/www.niusheng.globaldeepsea.site\/wp-content\/uploads\/2025\/03\/f8660b915db1563b5151581457f5815f.jpg\" srcset=\"https:\/\/niusheng.gg13.globaldeepsea.site\/wp-content\/uploads\/2015\/11\/waterproof-cable-300x214.jpg 300w, https:\/\/niusheng.gg13.globaldeepsea.site\/wp-content\/uploads\/2015\/11\/waterproof-cable.jpg 420w\" width=\"300\"\/><\/div>\n<\/figure>\n<\/div>\n<\/div>\n<\/div>\n<\/div>\n<div class=\"wpb_column vc_column_container vc_col-sm-6\">\n<div class=\"vc_column-inner\">\n<div class=\"wpb_wrapper\">\n<div class=\"wpb_text_column wpb_content_element\">\n<div class=\"wpb_wrapper\">\n<\/div>\n<\/div>\n<\/div>\n<\/div>\n<\/div>\n<\/div>\n<div class=\"vc_row wpb_row vc_row-fluid\">\n<div class=\"wpb_column vc_column_container vc_col-sm-12\">\n<div class=\"vc_column-inner\">\n<div class=\"wpb_wrapper\">\n<div class=\"wpb_text_column wpb_content_element\">\n<div class=\"wpb_wrapper\">\n<p><strong>Caracter\u00edsticas<\/strong><\/p>\n<p><strong>Element: <\/strong>simplex cable, two to twelve simplex cable are stranded around the metallic central strength\u00a0member. Arrange circuit according to clockwise order in turn, and\u00a0use wrap winding. The APL is longitudinal covering.<\/p>\n<\/div>\n<\/div>\n<div class=\"wpb_text_column wpb_content_element\">\n<div class=\"wpb_wrapper\">\n<p><strong>Estrutura<\/strong><\/p>\n<\/div>\n<\/div>\n<div class=\"wpb_single_image wpb_content_element vc_align_center\">\n<figure class=\"wpb_wrapper vc_figure\">\n<div class=\"vc_single_image-wrapper vc_box_border_grey\"><img alt=\"waterproof cable\" class=\"vc_single_image-img attachment-large\" decoding=\"async\" height=\"311\" sizes=\"(max-width: 474px) 100vw, 474px\" src=\"http:\/\/www.niusheng.globaldeepsea.site\/wp-content\/uploads\/2025\/03\/3874f4ab9b887be9fbe40d7c6071d9de.jpg\" srcset=\"https:\/\/niusheng.gg13.globaldeepsea.site\/wp-content\/uploads\/2015\/11\/water.jpg 500w, https:\/\/niusheng.gg13.globaldeepsea.site\/wp-content\/uploads\/2015\/11\/water-300x197.jpg 300w\" width=\"474\"\/><\/div>\n<\/figure>\n<\/div>\n<div class=\"wpb_text_column wpb_content_element\">\n<div class=\"wpb_wrapper\">\n<p><strong>Caracter\u00edsticas geom\u00e9tricas<\/strong><\/p>\n<table data-sort=\"sortDisabled\" width=\"868\">\n<tbody>\n<tr class=\"firstRow\">\n<td class=\"et2\" height=\"14\" width=\"284\">Tipo de cabo<\/td>\n<td class=\"et3\" height=\"14\" width=\"145\">1-4<\/td>\n<td class=\"et4\" height=\"14\" width=\"146\">6<\/td>\n<td class=\"et4\" height=\"14\" width=\"146\">8<\/td>\n<td class=\"et4\" height=\"14\" width=\"146\">12<\/td>\n<\/tr>\n<tr>\n<td class=\"et2\" height=\"18\" width=\"284\">Dimens\u00e3o do cabo (mm)<\/td>\n<td class=\"et4\" height=\"18\" width=\"145\">11.6<\/td>\n<td class=\"et4\" height=\"18\" width=\"146\">11.6<\/td>\n<td class=\"et4\" height=\"18\" width=\"146\">13<\/td>\n<td class=\"et4\" height=\"18\" width=\"146\">15<\/td>\n<\/tr>\n<tr>\n<td width=\"284\">Peso do cabo (kg\/km)<\/td>\n<td width=\"145\">109<\/td>\n<td width=\"146\">106<\/td>\n<td width=\"146\">125<\/td>\n<td width=\"146\">181<\/td>\n<\/tr>\n<tr>\n<td class=\"et2\" height=\"13\" width=\"284\">TBF Diameter(\u03bcm)<\/td>\n<td class=\"et4\" colspan=\"4\" height=\"13\" rowspan=\"1\">900 \u00b1 50<\/td>\n<\/tr>\n<\/tbody>\n<\/table>\n<\/div>\n<\/div>\n<div class=\"wpb_text_column wpb_content_element\">\n<div class=\"wpb_wrapper\">\n<p><strong>Caracter\u00edsticas mec\u00e2nicas<\/strong><\/p>\n<table data-sort=\"sortDisabled\" width=\"868\">\n<tbody>\n<tr class=\"firstRow\">\n<td class=\"et2\" height=\"32\" rowspan=\"2\" width=\"380\">Resist\u00eancia \u00e0 tra\u00e7\u00e3o (N)<\/td>\n<td class=\"et2\" height=\"14\" width=\"168\"><span class=\"font3\">Termo longo<\/span><\/td>\n<td class=\"et5\" height=\"14\" width=\"319\">200<\/td>\n<\/tr>\n<tr>\n<td class=\"et2\" height=\"18\" width=\"168\">Termo curto<\/td>\n<td class=\"et5\" height=\"18\" width=\"319\">600<\/td>\n<\/tr>\n<tr>\n<td colspan=\"1\" rowspan=\"2\" width=\"380\">Crush\u00a0resistance<span class=\"font2\">\uff08N\/100\u339c\uff09<\/span><\/td>\n<td width=\"168\">Termo longo<\/td>\n<td width=\"319\">300<\/td>\n<\/tr>\n<tr>\n<td class=\"et2\" height=\"13\" width=\"168\">Termo curto<\/td>\n<td class=\"et5\" height=\"13\" width=\"319\">1000<\/td>\n<\/tr>\n<tr>\n<td class=\"et2\" height=\"48\" rowspan=\"2\" width=\"380\">Radio de Bending (CM)<\/td>\n<td class=\"et2\" height=\"30\" width=\"168\">Din\u00e2mico<\/td>\n<td class=\"et5\" height=\"30\" width=\"319\">20<span class=\"font2\">\u00d7D\u00a0(D:\u00a0Cable\u00a0Diameter)<\/span><\/td>\n<\/tr>\n<tr>\n<td class=\"et2\" height=\"18\" width=\"168\">Est\u00e1tica<\/td>\n<td class=\"et5\" height=\"18\" width=\"319\">10<span class=\"font2\">\u00d7D\u00a0(D:\u00a0Cable\u00a0Diameter)<\/span><\/td>\n<\/tr>\n<\/tbody>\n<\/table>\n<\/div>\n<\/div>\n<div class=\"wpb_text_column wpb_content_element\">\n<div class=\"wpb_wrapper\">\n<p><strong>Tipo de fibra<\/strong><\/p>\n<table width=\"868\">\n<tbody>\n<tr>\n<td width=\"664\">Tipo de fibra (dimens\u00e3o de n\u00facleo \/ revestimento)<\/td>\n<td width=\"203\">9\/125,\u00a050\/125,\u00a062.5\/125<\/td>\n<\/tr>\n<\/tbody>\n<\/table>\n<\/div>\n<\/div>\n<div class=\"wpb_text_column wpb_content_element\">\n<div class=\"wpb_wrapper\">\n<p><strong>Caracter\u00edsticas de transmiss\u00e3o<\/strong><\/p>\n<table width=\"868\">\n<tbody>\n<tr>\n<td width=\"326\"><\/td>\n<td width=\"187\">SMF<\/td>\n<td width=\"177\">50\/125<\/td>\n<td width=\"177\">62.5\/125<\/td>\n<\/tr>\n<tr>\n<td width=\"326\"><\/td>\n<td width=\"187\">1310\/1550(nm)<\/td>\n<td width=\"177\">850\/1300(nm)<\/td>\n<td width=\"177\">850\/1300(nm)<\/td>\n<\/tr>\n<tr>\n<td width=\"326\">Atenua\u00e7\u00e3o (dB\/km)<\/td>\n<td width=\"187\">\u22640.40\/0.30<\/td>\n<td width=\"177\">\u22643.5\/1.5<\/td>\n<td width=\"177\">\u22643.5\/1.5<\/td>\n<\/tr>\n<tr>\n<td width=\"326\">Largura de banda m\u00ednima (MHz\u00b7km)<\/td>\n<td width=\"187\">\u2014<\/td>\n<td width=\"177\">\u2265400\/400<\/td>\n<td width=\"177\">\u2265160\/500<\/td>\n<\/tr>\n<\/tbody>\n<\/table>\n<\/div>\n<\/div>\n<div class=\"wpb_text_column wpb_content_element\">\n<div class=\"wpb_wrapper\">\n<p><strong>Caracter\u00edsticas ambientais<\/strong><\/p>\n<table width=\"868\">\n<tbody>\n<tr>\n<td width=\"588\">Temperatura de funcionamento do armazenamento<\/td>\n<td width=\"279\">-20\u00b0C + 60\u00b0C<\/td>\n<\/tr>\n<\/tbody>\n<\/table>\n<\/div>\n<\/div>\n<\/div>\n<\/div>\n<\/div>\n<\/div>\n<\/div>","protected":false},"excerpt":{"rendered":"<p>Elemento: cabo simplex, cabo de dois a doze simplex s\u00e3o encalhados em torno do membro de for\u00e7a central met\u00e1lica. Organize o circuito de acordo com a ordem no sentido hor\u00e1rio por sua vez, e use enrolamento de enrolamento. A APL \u00e9 uma cobertura longitudinal. Estrutura Caracter\u00edsticas geom\u00e9tricas Tipo de cabo 1-4 6 8 12 Dimens\u00f5es do cabo (mm) 11.6 11.6 13 15 Peso do cabo (kg\/km) 109 106 125 181 Di\u00e2metro TBF (\u03bcm) 900\u00b150 Caracter\u00edsticas mec\u00e2nicas Resist\u00eancia \u00e0 tra\u00e7\u00e3o (N) Longo Prazo [...]<\/p>","protected":false},"featured_media":3227,"comment_status":"open","ping_status":"closed","template":"","meta":[],"product_brand":[],"product_cat":[97],"product_tag":[],"class_list":{"0":"post-3430","1":"product","2":"type-product","3":"status-publish","4":"has-post-thumbnail","6":"product_cat-indoor-cable","8":"first","9":"instock","10":"shipping-taxable","11":"product-type-simple"},"_links":{"self":[{"href":"https:\/\/www.newsunn.com\/pt\/wp-json\/wp\/v2\/product\/3430","targetHints":{"allow":["GET"]}}],"collection":[{"href":"https:\/\/www.newsunn.com\/pt\/wp-json\/wp\/v2\/product"}],"about":[{"href":"https:\/\/www.newsunn.com\/pt\/wp-json\/wp\/v2\/types\/product"}],"replies":[{"embeddable":true,"href":"https:\/\/www.newsunn.com\/pt\/wp-json\/wp\/v2\/comments?post=3430"}],"version-history":[{"count":0,"href":"https:\/\/www.newsunn.com\/pt\/wp-json\/wp\/v2\/product\/3430\/revisions"}],"wp:featuredmedia":[{"embeddable":true,"href":"https:\/\/www.newsunn.com\/pt\/wp-json\/wp\/v2\/media\/3227"}],"wp:attachment":[{"href":"https:\/\/www.newsunn.com\/pt\/wp-json\/wp\/v2\/media?parent=3430"}],"wp:term":[{"taxonomy":"product_brand","embeddable":true,"href":"https:\/\/www.newsunn.com\/pt\/wp-json\/wp\/v2\/product_brand?post=3430"},{"taxonomy":"product_cat","embeddable":true,"href":"https:\/\/www.newsunn.com\/pt\/wp-json\/wp\/v2\/product_cat?post=3430"},{"taxonomy":"product_tag","embeddable":true,"href":"https:\/\/www.newsunn.com\/pt\/wp-json\/wp\/v2\/product_tag?post=3430"}],"curies":[{"name":"wp","href":"https:\/\/api.w.org\/{rel}","templated":true}]}}