{"id":3428,"date":"2025-03-06T14:00:21","date_gmt":"2025-03-06T06:00:21","guid":{"rendered":"http:\/\/www.niusheng.globaldeepsea.site\/?post_type=product&#038;p=3428"},"modified":"2026-04-24T13:59:28","modified_gmt":"2026-04-24T05:59:28","slug":"cabo-de-ruptura-de-fibra-optica","status":"publish","type":"product","link":"https:\/\/www.newsunn.com\/pt\/produto\/cabo-de-ruptura-de-fibra-optica\/","title":{"rendered":"Cabo de ruptura de fibra \u00f3ptica"},"content":{"rendered":"<div class=\"pro-box-border\">\n<div class=\"vc_row wpb_row vc_row-fluid\">\n<div class=\"wpb_column vc_column_container vc_col-sm-6\">\n<div class=\"vc_column-inner\">\n<div class=\"wpb_wrapper\">\n<div class=\"wpb_single_image wpb_content_element vc_align_left\">\n<figure class=\"wpb_wrapper vc_figure\">\n<div class=\"vc_single_image-wrapper vc_box_border_grey\"><img fetchpriority=\"high\" alt=\"cabo de ruptura\" class=\"vc_single_image-img attachment-medium\" decoding=\"async\" height=\"214\" sizes=\"(max-width: 300px) 100vw, 300px\" src=\"http:\/\/www.niusheng.globaldeepsea.site\/wp-content\/uploads\/2025\/03\/204d1f4784edfabd3de6a66f57061991.jpg\" srcset=\"https:\/\/niusheng.gg13.globaldeepsea.site\/wp-content\/uploads\/2015\/11\/break-out-cable-Non-300x214.jpg 300w, https:\/\/niusheng.gg13.globaldeepsea.site\/wp-content\/uploads\/2015\/11\/break-out-cable-Non.jpg 420w\" width=\"300\"\/><\/div>\n<\/figure>\n<\/div>\n<\/div>\n<\/div>\n<\/div>\n<div class=\"wpb_column vc_column_container vc_col-sm-6\">\n<div class=\"vc_column-inner\">\n<div class=\"wpb_wrapper\">\n<div class=\"wpb_text_column wpb_content_element\">\n<div class=\"wpb_wrapper\">\n<\/div>\n<\/div>\n<\/div>\n<\/div>\n<\/div>\n<\/div>\n<div class=\"vc_row wpb_row vc_row-fluid\">\n<div class=\"wpb_column vc_column_container vc_col-sm-12\">\n<div class=\"vc_column-inner\">\n<div class=\"wpb_wrapper\">\n<div class=\"wpb_text_column wpb_content_element\">\n<div class=\"wpb_wrapper\">\n<h1>24F Cabo de ruptura de fibra \u00f3ptica com cabo simplex de 2.0mm dentro<\/h1>\n<h1><\/h1>\n<p><strong>Caracter\u00edsticas<\/strong><\/p>\n<ul>\n<li>Elemento de cabo de ruptura de fibra \u00f3ptica: Cabo complexo, alguns cabos simplex est\u00e3o presos em torno do membro de for\u00e7a central n\u00e3o met\u00e1lico.<\/li>\n<li>Jaqueta exteriorSimplex Cabo de cabo<\/li>\n<li>Membro de for\u00e7a n\u00e3o central<\/li>\n<\/ul>\n<\/div>\n<\/div>\n<div class=\"wpb_text_column wpb_content_element\">\n<div class=\"wpb_wrapper\">\n<p><strong>Estrutura<\/strong><\/p>\n<\/div>\n<\/div>\n<div class=\"wpb_single_image wpb_content_element vc_align_center\">\n<figure class=\"wpb_wrapper vc_figure\">\n<div class=\"vc_single_image-wrapper vc_box_border_grey\"><img alt=\"cabo de ruptura\" class=\"vc_single_image-img attachment-large\" decoding=\"async\" height=\"227\" sizes=\"(max-width: 474px) 100vw, 474px\" src=\"http:\/\/www.niusheng.globaldeepsea.site\/wp-content\/uploads\/2025\/03\/f5931f9c40ff2b74499d62eb0bb2baeb.jpg\" srcset=\"https:\/\/niusheng.gg13.globaldeepsea.site\/wp-content\/uploads\/2015\/11\/breakout-cable.jpg 877w, https:\/\/niusheng.gg13.globaldeepsea.site\/wp-content\/uploads\/2015\/11\/breakout-cable-300x144.jpg 300w, https:\/\/niusheng.gg13.globaldeepsea.site\/wp-content\/uploads\/2015\/11\/breakout-cable-768x368.jpg 768w\" width=\"474\"\/><\/div>\n<\/figure>\n<\/div>\n<div class=\"wpb_text_column wpb_content_element\">\n<div class=\"wpb_wrapper\">\n<p><strong>Par\u00e2metros de cabos<\/strong><\/p>\n<table>\n<tbody>\n<tr>\n<td colspan=\"2\" width=\"464\"><strong>Itens<\/strong><\/td>\n<td width=\"464\"><strong>Especifica\u00e7\u00f5es<\/strong><\/td>\n<\/tr>\n<tr>\n<td colspan=\"2\" width=\"464\">Contagem de fibra<\/td>\n<td width=\"464\">24<\/td>\n<\/tr>\n<tr>\n<td rowspan=\"3\" width=\"232\"><strong>\u00a0<\/strong><\/p>\n<p><strong>\u00a0<\/strong><\/p>\n<p>Fibra compacta<\/p>\n<\/td>\n<td width=\"232\">Dimens\u00f5es<\/td>\n<td width=\"464\">850 \u00b1 50 \u03bcm<\/td>\n<\/tr>\n<tr>\n<td width=\"232\">Material<\/td>\n<td width=\"464\">PVC<\/td>\n<\/tr>\n<tr>\n<td width=\"232\">Cor<\/td>\n<td width=\"464\">Branco<\/td>\n<\/tr>\n<tr>\n<td rowspan=\"5\" width=\"232\"><strong>\u00a0<\/strong><\/p>\n<p><strong>\u00a0<\/strong><\/p>\n<p><strong>\u00a0<\/strong><\/p>\n<p>Cabo compacto<\/p>\n<\/td>\n<td width=\"232\">Dimens\u00f5es<\/td>\n<td width=\"464\">1,9 \u00b1 0,1 mm<\/td>\n<\/tr>\n<tr>\n<td width=\"232\">Material<\/td>\n<td width=\"464\">PVC<\/td>\n<\/tr>\n<tr>\n<td width=\"232\">Cor<\/td>\n<td width=\"464\">Amarelo<\/td>\n<\/tr>\n<tr>\n<td width=\"232\">Marcas de impress\u00e3o<\/td>\n<td width=\"464\">1<\/td>\n<\/tr>\n<tr>\n<td width=\"232\">Refor\u00e7o do componente<\/td>\n<td width=\"464\">Fio de poli\u00e9ster<\/td>\n<\/tr>\n<tr>\n<td colspan=\"2\" width=\"464\">Membro da For\u00e7a Central<\/td>\n<td width=\"464\">FRP<\/td>\n<\/tr>\n<tr>\n<td rowspan=\"3\" width=\"232\"><strong>\u00a0<\/strong><\/p>\n<p><strong>\u00a0<\/strong><\/p>\n<p>Jaqueta exterior<\/p>\n<\/td>\n<td width=\"232\">Dimens\u00f5es<\/td>\n<td width=\"464\">15,5 \u00b1 0,5 mm<\/td>\n<\/tr>\n<tr>\n<td width=\"232\">Material<\/td>\n<td width=\"464\">PVC<\/td>\n<\/tr>\n<tr>\n<td width=\"232\">Cor<\/td>\n<td width=\"464\">Amarelo<\/td>\n<\/tr>\n<\/tbody>\n<\/table>\n<\/div>\n<\/div>\n<div class=\"wpb_text_column wpb_content_element\">\n<div class=\"wpb_wrapper\">\n<p><strong>Par\u00e2metros de fibra\u00a0<\/strong><\/p>\n<table>\n<tbody>\n<tr>\n<td rowspan=\"2\" width=\"66\"><strong>\u00a0<\/strong><\/p>\n<p>N\u00e3o.<\/p>\n<\/td>\n<td colspan=\"2\" rowspan=\"2\" width=\"481\"><strong>\u00a0<\/strong><\/p>\n<p>Itens<\/p>\n<\/td>\n<td rowspan=\"2\" width=\"71\"><strong>\u00a0<\/strong><\/p>\n<p>Unidade<\/p>\n<\/td>\n<td width=\"313\">Especifica\u00e7\u00e3o<\/td>\n<\/tr>\n<tr>\n<td width=\"313\">G.652D<\/td>\n<\/tr>\n<tr>\n<td rowspan=\"2\" width=\"66\"><strong>\u00a0<\/strong><\/p>\n<p>1<\/p>\n<\/td>\n<td rowspan=\"2\" width=\"290\"><strong>\u00a0<\/strong><\/p>\n<p>Di\u00e2metro do campo do modo<\/p>\n<\/td>\n<td width=\"190\">1310nm<\/td>\n<td width=\"71\">\u03bcm<\/td>\n<td width=\"313\">9,2\u00b10,4<\/td>\n<\/tr>\n<tr>\n<td width=\"190\">1550nm<\/td>\n<td width=\"71\">\u03bcm<\/td>\n<td width=\"313\">10,4 \u00b1 0,5<\/td>\n<\/tr>\n<tr>\n<td width=\"66\">2<\/td>\n<td colspan=\"2\" width=\"481\">Di\u00e2metro de revestimento<\/td>\n<td width=\"71\">\u03bcm<\/td>\n<td width=\"313\">124.8\u00b10,7<\/td>\n<\/tr>\n<tr>\n<td width=\"66\">3<\/td>\n<td colspan=\"2\" width=\"481\">Cladding Non-Circularity<\/td>\n<td width=\"71\">%<\/td>\n<td width=\"313\">\u22640.7<\/td>\n<\/tr>\n<tr>\n<td width=\"66\">4<\/td>\n<td colspan=\"2\" width=\"481\">Erro de Concentricidade de Cores<\/td>\n<td width=\"71\">\u03bcm<\/td>\n<td width=\"313\">\u2264 0,5<\/td>\n<\/tr>\n<tr>\n<td width=\"66\">5<\/td>\n<td colspan=\"2\" width=\"481\">Di\u00e2metro de revestimento<\/td>\n<td width=\"71\">\u03bcm<\/td>\n<td width=\"313\">245\u00b15<\/td>\n<\/tr>\n<tr>\n<td width=\"66\">6<\/td>\n<td colspan=\"2\" width=\"481\">Revestimento N\u00e3o-Circularidade<\/td>\n<td width=\"71\">%<\/td>\n<td width=\"313\">\u22646.0<\/td>\n<\/tr>\n<tr>\n<td width=\"66\">7<\/td>\n<td colspan=\"2\" width=\"481\">Erro de concentricidade de revestimento<\/td>\n<td width=\"71\">\u03bcm<\/td>\n<td width=\"313\">\u226412.0<\/td>\n<\/tr>\n<tr>\n<td width=\"66\">8<\/td>\n<td colspan=\"2\" width=\"481\">Comprimento de onda de corte de cabo<\/td>\n<td width=\"71\">n\u00e3o<\/td>\n<td width=\"313\">\u03bbcc\u22641260<\/td>\n<\/tr>\n<tr>\n<td rowspan=\"2\" width=\"66\"><strong>\u00a0<\/strong><\/p>\n<p>9<\/p>\n<\/td>\n<td rowspan=\"2\" width=\"290\"><strong>\u00a0<\/strong><\/p>\n<p>Atenua\u00e7\u00e3o (max.)<\/p>\n<\/td>\n<td width=\"190\">1310nm<\/td>\n<td width=\"71\">dB\/km<\/td>\n<td width=\"313\">\u22640.4<\/td>\n<\/tr>\n<tr>\n<td width=\"190\">1550nm<\/td>\n<td width=\"71\">dB\/km<\/td>\n<td width=\"313\">\u22640.3<\/td>\n<\/tr>\n<\/tbody>\n<\/table>\n<\/div>\n<\/div>\n<div class=\"wpb_text_column wpb_content_element\">\n<div class=\"wpb_wrapper\">\n<p><strong>Caracter\u00edsticas mec\u00e2nicas e ambientais<\/strong><\/p>\n<p><strong>\u00a0<\/strong><\/p>\n<table>\n<tbody>\n<tr>\n<td width=\"461\">Itens<\/td>\n<td width=\"234\">Unidade<\/td>\n<td width=\"234\">Especifica\u00e7\u00f5es<\/td>\n<\/tr>\n<tr>\n<td width=\"461\">Esmagamento (termo longo)<\/td>\n<td width=\"234\">N\/10cm<\/td>\n<td width=\"234\">300<\/td>\n<\/tr>\n<tr>\n<td width=\"461\">Escova (Terme curto)<\/td>\n<td width=\"234\">N\/10cm<\/td>\n<td width=\"234\">1000<\/td>\n<\/tr>\n<tr>\n<td width=\"461\">Min. Bend Radius (Dynamic)<\/td>\n<td width=\"234\">mm<\/td>\n<td width=\"234\">20D<\/td>\n<\/tr>\n<tr>\n<td width=\"461\">Min. Bend Radius (est\u00e1tico)<\/td>\n<td width=\"234\">mm<\/td>\n<td width=\"234\">10D<\/td>\n<\/tr>\n<\/tbody>\n<\/table>\n<\/div>\n<\/div>\n<div class=\"wpb_text_column wpb_content_element\">\n<div class=\"wpb_wrapper\">\n<p><strong>Caracter\u00edsticas de transmiss\u00e3o<\/strong><\/p>\n<table width=\"868\">\n<tbody>\n<tr>\n<td width=\"326\"><\/td>\n<td width=\"187\">SMF<\/td>\n<td width=\"177\">50\/125<\/td>\n<td width=\"177\">62.5\/125<\/td>\n<\/tr>\n<tr>\n<td width=\"326\"><\/td>\n<td width=\"187\">1310\/1550(nm)<\/td>\n<td width=\"177\">850\/1300(nm)<\/td>\n<td width=\"177\">850\/1300(nm)<\/td>\n<\/tr>\n<tr>\n<td width=\"326\">Atenua\u00e7\u00e3o (dB\/km)<\/td>\n<td width=\"187\">\u22640.40\/0.30<\/td>\n<td width=\"177\">\u22643.5\/1.5<\/td>\n<td width=\"177\">\u22643.5\/1.5<\/td>\n<\/tr>\n<tr>\n<td width=\"326\">Largura de banda m\u00ednima (MHz\u00b7km)<\/td>\n<td width=\"187\">\u2014<\/td>\n<td width=\"177\">\u2265400\/400<\/td>\n<td width=\"177\">\u2265160\/500<\/td>\n<\/tr>\n<\/tbody>\n<\/table>\n<\/div>\n<\/div>\n<div class=\"wpb_text_column wpb_content_element\">\n<div class=\"wpb_wrapper\">\n<p><strong>Caracter\u00edsticas ambientais<\/strong><\/p>\n<table width=\"868\">\n<tbody>\n<tr>\n<td width=\"588\">Temperatura de funcionamento do armazenamento<\/td>\n<td width=\"279\">-20\u00b0C + 60\u00b0C<\/td>\n<\/tr>\n<\/tbody>\n<\/table>\n<\/div>\n<\/div>\n<\/div>\n<\/div>\n<\/div>\n<\/div>\n<\/div>","protected":false},"excerpt":{"rendered":"<p>24F Cabo de ruptura de fibra \u00f3ptica com cabo simplex de 2,0 mm dentro Caracter\u00edsticas Elemento de cabo de ruptura de fibra \u00f3ptica: Cabo complexo, algum cabo simplex est\u00e1 preso em torno do membro de for\u00e7a central n\u00e3o met\u00e1lico. Jaqueta exteriorSimplex Par\u00e2metros de cabo de estrutura de membro de for\u00e7a n\u00e3o central Especifica\u00e7\u00f5es Contagem de fibra 24 Tight-buffered Fiber Dimension 850\u00b150\u03bcm Material PVC Cor Branco [...]<\/p>","protected":false},"featured_media":3011,"comment_status":"open","ping_status":"closed","template":"","meta":[],"product_brand":[],"product_cat":[97],"product_tag":[],"class_list":{"0":"post-3428","1":"product","2":"type-product","3":"status-publish","4":"has-post-thumbnail","6":"product_cat-indoor-cable","8":"first","9":"instock","10":"shipping-taxable","11":"product-type-simple"},"_links":{"self":[{"href":"https:\/\/www.newsunn.com\/pt\/wp-json\/wp\/v2\/product\/3428","targetHints":{"allow":["GET"]}}],"collection":[{"href":"https:\/\/www.newsunn.com\/pt\/wp-json\/wp\/v2\/product"}],"about":[{"href":"https:\/\/www.newsunn.com\/pt\/wp-json\/wp\/v2\/types\/product"}],"replies":[{"embeddable":true,"href":"https:\/\/www.newsunn.com\/pt\/wp-json\/wp\/v2\/comments?post=3428"}],"version-history":[{"count":0,"href":"https:\/\/www.newsunn.com\/pt\/wp-json\/wp\/v2\/product\/3428\/revisions"}],"wp:featuredmedia":[{"embeddable":true,"href":"https:\/\/www.newsunn.com\/pt\/wp-json\/wp\/v2\/media\/3011"}],"wp:attachment":[{"href":"https:\/\/www.newsunn.com\/pt\/wp-json\/wp\/v2\/media?parent=3428"}],"wp:term":[{"taxonomy":"product_brand","embeddable":true,"href":"https:\/\/www.newsunn.com\/pt\/wp-json\/wp\/v2\/product_brand?post=3428"},{"taxonomy":"product_cat","embeddable":true,"href":"https:\/\/www.newsunn.com\/pt\/wp-json\/wp\/v2\/product_cat?post=3428"},{"taxonomy":"product_tag","embeddable":true,"href":"https:\/\/www.newsunn.com\/pt\/wp-json\/wp\/v2\/product_tag?post=3428"}],"curies":[{"name":"wp","href":"https:\/\/api.w.org\/{rel}","templated":true}]}}