{"id":3425,"date":"2025-03-06T14:00:20","date_gmt":"2025-03-06T06:00:20","guid":{"rendered":"http:\/\/www.niusheng.globaldeepsea.site\/?post_type=product&#038;p=3425"},"modified":"2026-04-24T13:59:33","modified_gmt":"2026-04-24T05:59:33","slug":"optical-distribution-indoor-cable","status":"publish","type":"product","link":"https:\/\/www.newsunn.com\/pt\/produto\/optical-distribution-indoor-cable\/","title":{"rendered":"Cabo interno de distribui\u00e7\u00e3o \u00f3ptica"},"content":{"rendered":"<div class=\"pro-box-border\">\n<div class=\"vc_row wpb_row vc_row-fluid\">\n<div class=\"wpb_column vc_column_container vc_col-sm-12\">\n<div class=\"vc_column-inner\">\n<div class=\"wpb_wrapper\">\n<div class=\"wpb_text_column wpb_content_element\">\n<div class=\"wpb_wrapper\">\n<div class=\"p_con_01\">\n<h2 style=\"text-align: center;\">Tight-Buffered Distribution Indoor Cable<\/h2>\n<p>\u00a0<\/p>\n<\/div>\n<div class=\"p_con_02\">Tight-buffered fiber distribution cable consists of several tight-buffered fibers consolidated in a single cable. Compared with the bare fiber, the tight-buffered fiber is coded with an additional 900um layer over the 250um fibers for protection. Generally, the tight-buffered distribution cable comes in various fiber counts ranging from 2 to 144 fibers. According to different application requirements, these cables are usually plenum or riser rated but can also be constructed as an indoor\/outdoor or low-smoke (LSZH) cable.<\/div>\n<div><\/div>\n<div><\/div>\n<h2>Caracter\u00edsticas<\/h2>\n<ul>\n<li>Contains several tight-buffered fibers bundled under the same jacket with Kevlar strength members<\/li>\n<li>Lightweight and softness.<\/li>\n<li>Excellent stripping performance of tight buffer fiber.<\/li>\n<li>Cable diameter and bending radius are small.<\/li>\n<li>It can be installed freely in a narrow room.<\/li>\n<\/ul>\n<\/div>\n<\/div>\n<div class=\"wpb_text_column wpb_content_element\">\n<div class=\"wpb_wrapper\">\n<h2>Technical Structure<\/h2>\n<\/div>\n<\/div>\n<div class=\"wpb_single_image wpb_content_element vc_align_center\">\n<figure class=\"wpb_wrapper vc_figure\">\n<div class=\"vc_single_image-wrapper vc_box_border_grey\"><img fetchpriority=\"high\" alt=\"distribution cable\" class=\"vc_single_image-img attachment-large\" decoding=\"async\" height=\"474\" sizes=\"(max-width: 474px) 100vw, 474px\" src=\"http:\/\/www.niusheng.globaldeepsea.site\/wp-content\/uploads\/2025\/03\/a0878cdc9b62ba24d4b1a8e185e61ad0.jpg\" srcset=\"https:\/\/niusheng.gg13.globaldeepsea.site\/wp-content\/uploads\/2015\/11\/distribution.B.jpg 550w, https:\/\/niusheng.gg13.globaldeepsea.site\/wp-content\/uploads\/2015\/11\/distribution.B-150x150.jpg 150w, https:\/\/niusheng.gg13.globaldeepsea.site\/wp-content\/uploads\/2015\/11\/distribution.B-300x300.jpg 300w\" width=\"474\"\/><\/div>\n<\/figure>\n<\/div>\n<div class=\"wpb_text_column wpb_content_element\">\n<div class=\"wpb_wrapper\">\n<h2>Caracter\u00edsticas geom\u00e9tricas<\/h2>\n<table width=\"868\">\n<tbody>\n<tr class=\"firstRow\">\n<td class=\"et2\" height=\"18\" width=\"189\">Tipo de cabo<\/td>\n<td class=\"et3\" height=\"18\" width=\"96\">2<\/td>\n<td class=\"et3\" height=\"18\" width=\"97\">4<\/td>\n<td class=\"et3\" height=\"18\" width=\"97\">6<\/td>\n<td class=\"et3\" height=\"18\" width=\"97\">8<\/td>\n<td class=\"et3\" height=\"18\" width=\"97\">12<\/td>\n<td class=\"et3\" height=\"18\" width=\"97\">16<\/td>\n<td class=\"et3\" height=\"18\" width=\"97\">24<\/td>\n<\/tr>\n<tr>\n<td class=\"et2\" height=\"36\" width=\"189\">Dimens\u00e3o do cabo (mm)<\/td>\n<td class=\"et3\" height=\"36\" width=\"96\">5.<span class=\"font2\">0\u00b10.2<\/span><\/td>\n<td class=\"et3\" height=\"36\" width=\"97\">5.1<span class=\"font2\">\u00b10.2<\/span><\/td>\n<td class=\"et3\" height=\"36\" width=\"97\">5.3<span class=\"font2\">\u00b10.2<\/span><\/td>\n<td class=\"et3\" height=\"36\" width=\"97\">5.9<span class=\"font2\">\u00b10.2<\/span><\/td>\n<td class=\"et3\" height=\"36\" width=\"97\">6.6<span class=\"font2\">\u00b10.2<\/span><\/td>\n<td class=\"et3\" height=\"36\" width=\"97\">7.5<span class=\"font2\">\u00b10.3<\/span><\/td>\n<td class=\"et3\" height=\"36\" width=\"97\">8.5<span class=\"font2\">\u00b10.5<\/span><\/td>\n<\/tr>\n<tr>\n<td class=\"et2\" height=\"36\" width=\"189\">Peso do cabo (kg\/km)<\/td>\n<td class=\"et3\" height=\"36\" width=\"96\">19<\/td>\n<td class=\"et3\" height=\"36\" width=\"97\">21<\/td>\n<td class=\"et3\" height=\"36\" width=\"97\">23<\/td>\n<td class=\"et3\" height=\"36\" width=\"97\">28<\/td>\n<td class=\"et3\" height=\"36\" width=\"97\">34<\/td>\n<td class=\"et3\" height=\"36\" width=\"97\">46<\/td>\n<td class=\"et3\" height=\"36\" width=\"97\">57<\/td>\n<\/tr>\n<tr>\n<td class=\"et2\" height=\"36\" width=\"189\">Di\u00e2metro de TBF(<span class=\"font2\">\u03bcm)<\/span><\/td>\n<td class=\"et4\" colspan=\"7\" height=\"36\">900<span class=\"font2\">\u00b150<\/span><\/td>\n<\/tr>\n<\/tbody>\n<\/table>\n<\/div>\n<\/div>\n<div class=\"wpb_text_column wpb_content_element\">\n<div class=\"wpb_wrapper\">\n<h2>Caracter\u00edsticas mec\u00e2nicas<\/h2>\n<table width=\"868\">\n<tbody>\n<tr class=\"firstRow\">\n<td class=\"et2\" height=\"28\" rowspan=\"2\" width=\"335\">Resist\u00eancia \u00e0 tra\u00e7\u00e3o (N)<\/td>\n<td class=\"et2\" height=\"14\" width=\"171\">Termo longo<\/td>\n<td class=\"et4\" height=\"14\" width=\"361\">200<\/td>\n<\/tr>\n<tr>\n<td class=\"et2\" height=\"14\" width=\"171\">Termo curto<\/td>\n<td class=\"et4\" height=\"14\" width=\"361\">660<\/td>\n<\/tr>\n<tr>\n<td class=\"et2\" height=\"44\" rowspan=\"3\" width=\"335\">Resist\u00eancia \u00e0 escova (N\/100mm)<\/td>\n<td class=\"et2\" height=\"14\" width=\"171\">Termo longo<\/td>\n<td class=\"et4\" height=\"14\" width=\"361\">300<\/td>\n<\/tr>\n<tr>\n<td class=\"et2\" height=\"15\" width=\"171\">Termo curto<\/td>\n<td class=\"et4\" height=\"15\" width=\"361\">1000<\/td>\n<\/tr>\n<tr>\n<td class=\"et2\" height=\"16\" width=\"171\">Est\u00e1tica<\/td>\n<td class=\"et4\" height=\"16\" width=\"361\">10<span class=\"font2\">\u00d7<\/span><span class=\"font1\">D\u00a0(D:\u00a0Cable\u00a0Diameter)<\/span><\/td>\n<\/tr>\n<\/tbody>\n<\/table>\n<\/div>\n<\/div>\n<div class=\"wpb_text_column wpb_content_element\">\n<div class=\"wpb_wrapper\">\n<h2><strong>F<\/strong>iber Type<\/h2>\n<table width=\"868\">\n<tbody>\n<tr>\n<td width=\"664\">Tipo de fibra (dimens\u00e3o de n\u00facleo \/ revestimento)<\/td>\n<td width=\"203\">9\/125,\u00a050\/125,\u00a062.5\/125<\/td>\n<\/tr>\n<\/tbody>\n<\/table>\n<\/div>\n<\/div>\n<div class=\"wpb_text_column wpb_content_element\">\n<div class=\"wpb_wrapper\">\n<h2>Caracter\u00edsticas de transmiss\u00e3o<\/h2>\n<table width=\"868\">\n<tbody>\n<tr>\n<td width=\"326\"><\/td>\n<td width=\"187\">SMF<\/td>\n<td width=\"177\">50\/125<\/td>\n<td width=\"177\">62.5\/125<\/td>\n<\/tr>\n<tr>\n<td width=\"326\"><\/td>\n<td width=\"187\">1310\/1550(nm)<\/td>\n<td width=\"177\">850\/1300(nm)<\/td>\n<td width=\"177\">850\/1300(nm)<\/td>\n<\/tr>\n<tr>\n<td width=\"326\">Atenua\u00e7\u00e3o (dB\/km)<\/td>\n<td width=\"187\">\u22640.40\/0.30<\/td>\n<td width=\"177\">\u22643.5\/1.5<\/td>\n<td width=\"177\">\u22643.5\/1.5<\/td>\n<\/tr>\n<tr>\n<td width=\"326\">Largura de banda m\u00ednima (MHz\u00b7km)<\/td>\n<td width=\"187\">\u2014<\/td>\n<td width=\"177\">\u2265400\/400<\/td>\n<td width=\"177\">\u2265160\/500<\/td>\n<\/tr>\n<\/tbody>\n<\/table>\n<\/div>\n<\/div>\n<div class=\"wpb_text_column wpb_content_element\">\n<div class=\"wpb_wrapper\">\n<h2>Caracter\u00edsticas ambientais<\/h2>\n<table width=\"868\">\n<tbody>\n<tr>\n<td width=\"588\">Temperatura de funcionamento do armazenamento<\/td>\n<td width=\"279\">-20\u00b0C + 60\u00b0C<\/td>\n<\/tr>\n<\/tbody>\n<\/table>\n<\/div>\n<\/div>\n<\/div>\n<\/div>\n<\/div>\n<\/div>\n<\/div>","protected":false},"excerpt":{"rendered":"<p>Cabo interno de distribui\u00e7\u00e3o de fibra tight-buffered cabo de distribui\u00e7\u00e3o de fibra \u00e9 composto por v\u00e1rias fibras apertadas consolidadas em um \u00fanico cabo. Comparado com a fibra desnuda, a fibra com buffer apertado \u00e9 codificada com uma camada adicional de 900um sobre as fibras de 250um para prote\u00e7\u00e3o. Geralmente, o cabo de distribui\u00e7\u00e3o apertado vem em v\u00e1rias contagens de fibra que v\u00e3o de 2 a 144 [...]<\/p>","protected":false},"featured_media":2965,"comment_status":"open","ping_status":"closed","template":"","meta":[],"product_brand":[],"product_cat":[97],"product_tag":[],"class_list":{"0":"post-3425","1":"product","2":"type-product","3":"status-publish","4":"has-post-thumbnail","6":"product_cat-indoor-cable","8":"first","9":"instock","10":"shipping-taxable","11":"product-type-simple"},"_links":{"self":[{"href":"https:\/\/www.newsunn.com\/pt\/wp-json\/wp\/v2\/product\/3425","targetHints":{"allow":["GET"]}}],"collection":[{"href":"https:\/\/www.newsunn.com\/pt\/wp-json\/wp\/v2\/product"}],"about":[{"href":"https:\/\/www.newsunn.com\/pt\/wp-json\/wp\/v2\/types\/product"}],"replies":[{"embeddable":true,"href":"https:\/\/www.newsunn.com\/pt\/wp-json\/wp\/v2\/comments?post=3425"}],"version-history":[{"count":0,"href":"https:\/\/www.newsunn.com\/pt\/wp-json\/wp\/v2\/product\/3425\/revisions"}],"wp:featuredmedia":[{"embeddable":true,"href":"https:\/\/www.newsunn.com\/pt\/wp-json\/wp\/v2\/media\/2965"}],"wp:attachment":[{"href":"https:\/\/www.newsunn.com\/pt\/wp-json\/wp\/v2\/media?parent=3425"}],"wp:term":[{"taxonomy":"product_brand","embeddable":true,"href":"https:\/\/www.newsunn.com\/pt\/wp-json\/wp\/v2\/product_brand?post=3425"},{"taxonomy":"product_cat","embeddable":true,"href":"https:\/\/www.newsunn.com\/pt\/wp-json\/wp\/v2\/product_cat?post=3425"},{"taxonomy":"product_tag","embeddable":true,"href":"https:\/\/www.newsunn.com\/pt\/wp-json\/wp\/v2\/product_tag?post=3425"}],"curies":[{"name":"wp","href":"https:\/\/api.w.org\/{rel}","templated":true}]}}