{"id":3418,"date":"2025-03-06T14:00:20","date_gmt":"2025-03-06T06:00:20","guid":{"rendered":"http:\/\/www.niusheng.globaldeepsea.site\/?post_type=product&#038;p=3418"},"modified":"2026-04-24T13:59:30","modified_gmt":"2026-04-24T05:59:30","slug":"access-cable","status":"publish","type":"product","link":"https:\/\/www.newsunn.com\/pt\/produto\/access-cable\/","title":{"rendered":"Cabo de acesso"},"content":{"rendered":"<div class=\"pro-box-border\">\n<div class=\"vc_row wpb_row vc_row-fluid\">\n<div class=\"wpb_column vc_column_container vc_col-sm-6\">\n<div class=\"vc_column-inner\">\n<div class=\"wpb_wrapper\">\n<div class=\"wpb_single_image wpb_content_element vc_align_left\">\n<figure class=\"wpb_wrapper vc_figure\">\n<div class=\"vc_single_image-wrapper vc_box_border_grey\"><img alt=\"access cable\" class=\"vc_single_image-img attachment-medium\" decoding=\"async\" height=\"168\" src=\"http:\/\/www.niusheng.globaldeepsea.site\/wp-content\/uploads\/2025\/03\/a7ed49c6ec9606cb6c032d7f0f3dbd9c.jpg\" width=\"200\"\/><\/div>\n<\/figure>\n<\/div>\n<\/div>\n<\/div>\n<\/div>\n<div class=\"wpb_column vc_column_container vc_col-sm-6\">\n<div class=\"vc_column-inner\">\n<div class=\"wpb_wrapper\">\n<div class=\"wpb_text_column wpb_content_element\">\n<div class=\"wpb_wrapper\">\n<\/div>\n<\/div>\n<\/div>\n<\/div>\n<\/div>\n<\/div>\n<div class=\"vc_row wpb_row vc_row-fluid\">\n<div class=\"wpb_column vc_column_container vc_col-sm-12\">\n<div class=\"vc_column-inner\">\n<div class=\"wpb_wrapper\">\n<div class=\"wpb_text_column wpb_content_element\">\n<div class=\"wpb_wrapper\">\n<p><strong>Caracter\u00edsticas<\/strong><\/p>\n<ul>\n<li>Adequado para fibra SM e fibra MM (50\u03bcm e 62,5\u03bcm)<\/li>\n<li>It is ideal choice of fiber optic temperature transmission project<\/li>\n<li>Supply gel-filled or gel-free loose tube<\/li>\n<\/ul>\n<\/div>\n<\/div>\n<div class=\"wpb_text_column wpb_content_element\">\n<div class=\"wpb_wrapper\">\n<p><strong>Estrutura<\/strong><\/p>\n<\/div>\n<\/div>\n<div class=\"wpb_single_image wpb_content_element vc_align_center\">\n<figure class=\"wpb_wrapper vc_figure\">\n<div class=\"vc_single_image-wrapper vc_box_border_grey\"><img fetchpriority=\"high\" alt=\"access\" class=\"vc_single_image-img attachment-large\" decoding=\"async\" height=\"264\" sizes=\"(max-width: 474px) 100vw, 474px\" src=\"http:\/\/www.niusheng.globaldeepsea.site\/wp-content\/uploads\/2025\/03\/3ce5b9f3e7baecdcebabcd1f385052df.jpg\" srcset=\"https:\/\/niusheng.gg13.globaldeepsea.site\/wp-content\/uploads\/2015\/11\/access.jpg 497w, https:\/\/niusheng.gg13.globaldeepsea.site\/wp-content\/uploads\/2015\/11\/access-300x167.jpg 300w\" width=\"474\"\/><\/div>\n<\/figure>\n<\/div>\n<div class=\"wpb_text_column wpb_content_element\">\n<div class=\"wpb_wrapper\">\n<p><strong>Caracter\u00edsticas geom\u00e9tricas<\/strong><\/p>\n<table width=\"868\">\n<tbody>\n<tr>\n<td width=\"350\">Tipo de cabo<\/td>\n<td width=\"129\">12<\/td>\n<td width=\"129\">24<\/td>\n<td width=\"129\">48<\/td>\n<td width=\"130\">72<\/td>\n<\/tr>\n<tr>\n<td width=\"350\">Dimens\u00e3o do cabo (mm)<\/td>\n<td width=\"129\">7.1<\/td>\n<td width=\"129\">11.5<\/td>\n<td width=\"129\">11.5<\/td>\n<td width=\"130\">12.7<\/td>\n<\/tr>\n<tr>\n<td width=\"350\">Peso do cabo (kg\/km)<\/td>\n<td width=\"129\">31<\/td>\n<td width=\"129\">105<\/td>\n<td width=\"129\">105<\/td>\n<td width=\"130\">149<\/td>\n<\/tr>\n<tr>\n<td width=\"350\">Coloring\u00a0Fiber\u00a0Diameter(\u03bcm)<\/td>\n<td colspan=\"4\">250\u00b115<\/td>\n<\/tr>\n<\/tbody>\n<\/table>\n<\/div>\n<\/div>\n<div class=\"wpb_text_column wpb_content_element\">\n<div class=\"wpb_wrapper\">\n<p><strong>Caracter\u00edsticas mec\u00e2nicas<\/strong><\/p>\n<table width=\"868\">\n<tbody>\n<tr>\n<td rowspan=\"2\" width=\"362\">Resist\u00eancia \u00e0 tra\u00e7\u00e3o (N)<\/td>\n<td width=\"166\">Termo longo<\/td>\n<td width=\"339\">200<\/td>\n<\/tr>\n<tr>\n<td width=\"166\">Termo curto<\/td>\n<td width=\"339\">600<\/td>\n<\/tr>\n<tr>\n<td rowspan=\"2\" width=\"362\">Crush\u00a0Resistance(N\/100mm)<\/td>\n<td width=\"166\">Termo longo<\/td>\n<td width=\"339\">300<\/td>\n<\/tr>\n<tr>\n<td width=\"166\">Termo curto<\/td>\n<td width=\"339\">1000<\/td>\n<\/tr>\n<tr>\n<td rowspan=\"2\" width=\"362\">Radio de Bending (CM)<\/td>\n<td width=\"166\">Din\u00e2mico<\/td>\n<td width=\"339\">20\u00d7D\u00a0(D:\u00a0Cable\u00a0Diameter)<\/td>\n<\/tr>\n<tr>\n<td width=\"166\">Est\u00e1tica<\/td>\n<td width=\"339\">10\u00d7D\u00a0(D:\u00a0Cable\u00a0Diameter)<\/td>\n<\/tr>\n<\/tbody>\n<\/table>\n<\/div>\n<\/div>\n<div class=\"wpb_text_column wpb_content_element\">\n<div class=\"wpb_wrapper\">\n<p><strong>Tipo de fibra<\/strong><\/p>\n<table width=\"868\">\n<tbody>\n<tr>\n<td width=\"664\">Tipo de fibra (dimens\u00e3o de n\u00facleo \/ revestimento)<\/td>\n<td width=\"203\">9\/125,\u00a050\/125,\u00a062.5\/125<\/td>\n<\/tr>\n<\/tbody>\n<\/table>\n<\/div>\n<\/div>\n<div class=\"wpb_text_column wpb_content_element\">\n<div class=\"wpb_wrapper\">\n<p><strong>Caracter\u00edsticas de transmiss\u00e3o<\/strong><\/p>\n<table width=\"868\">\n<tbody>\n<tr>\n<td width=\"326\"><\/td>\n<td width=\"187\">SMF<\/td>\n<td width=\"177\">50\/125<\/td>\n<td width=\"177\">62.5\/125<\/td>\n<\/tr>\n<tr>\n<td width=\"326\"><\/td>\n<td width=\"187\">1310\/1550(nm)<\/td>\n<td width=\"177\">850\/1300(nm)<\/td>\n<td width=\"177\">850\/1300(nm)<\/td>\n<\/tr>\n<tr>\n<td width=\"326\">Atenua\u00e7\u00e3o (dB\/km)<\/td>\n<td width=\"187\">\u22640.40\/0.30<\/td>\n<td width=\"177\">\u22643.5\/1.5<\/td>\n<td width=\"177\">\u22643.5\/1.5<\/td>\n<\/tr>\n<tr>\n<td width=\"326\">Largura de banda m\u00ednima (MHz\u00b7km)<\/td>\n<td width=\"187\">\u2014<\/td>\n<td width=\"177\">\u2265400\/400<\/td>\n<td width=\"177\">\u2265160\/500<\/td>\n<\/tr>\n<\/tbody>\n<\/table>\n<\/div>\n<\/div>\n<div class=\"wpb_text_column wpb_content_element\">\n<div class=\"wpb_wrapper\">\n<p><strong>Caracter\u00edsticas ambientais<\/strong><\/p>\n<table width=\"868\">\n<tbody>\n<tr>\n<td width=\"588\">Temperatura de funcionamento do armazenamento<\/td>\n<td width=\"279\">-20\u00b0C + 60\u00b0C<\/td>\n<\/tr>\n<\/tbody>\n<\/table>\n<\/div>\n<\/div>\n<\/div>\n<\/div>\n<\/div>\n<\/div>\n<\/div>","protected":false},"excerpt":{"rendered":"<p>Caracter\u00edsticas Supostas a fibra SM e fibra MM (50\u03bcm e 62,5\u03bcm) \u00c9 a escolha ideal do projeto de transmiss\u00e3o de temperatura de fibra \u00f3ptica Fornecimento de tubo solto cheio de gel ou sem gel Estrutura Geometrical Characteristics Cable Type 12 24 48 72 Cable Dimension (mm) 7.1 11.5 11.5 12.7 Peso do cabo (kg\/km) 31 105 149 Coloring Fiber Diameter(\u03bcm) 250\u00b115 Caracter\u00edsticas mec\u00e2nicas Resist\u00eancia \u00e0 tra\u00e7\u00e3o (N) Longo Prazo 200 Curto 600 Crush Resistance(N\/100mm) Longo Prazo..<\/p>","protected":false},"featured_media":3185,"comment_status":"open","ping_status":"closed","template":"","meta":[],"product_brand":[],"product_cat":[96],"product_tag":[],"class_list":{"0":"post-3418","1":"product","2":"type-product","3":"status-publish","4":"has-post-thumbnail","6":"product_cat-outdoor-cable","8":"first","9":"instock","10":"shipping-taxable","11":"product-type-simple"},"_links":{"self":[{"href":"https:\/\/www.newsunn.com\/pt\/wp-json\/wp\/v2\/product\/3418","targetHints":{"allow":["GET"]}}],"collection":[{"href":"https:\/\/www.newsunn.com\/pt\/wp-json\/wp\/v2\/product"}],"about":[{"href":"https:\/\/www.newsunn.com\/pt\/wp-json\/wp\/v2\/types\/product"}],"replies":[{"embeddable":true,"href":"https:\/\/www.newsunn.com\/pt\/wp-json\/wp\/v2\/comments?post=3418"}],"version-history":[{"count":0,"href":"https:\/\/www.newsunn.com\/pt\/wp-json\/wp\/v2\/product\/3418\/revisions"}],"wp:featuredmedia":[{"embeddable":true,"href":"https:\/\/www.newsunn.com\/pt\/wp-json\/wp\/v2\/media\/3185"}],"wp:attachment":[{"href":"https:\/\/www.newsunn.com\/pt\/wp-json\/wp\/v2\/media?parent=3418"}],"wp:term":[{"taxonomy":"product_brand","embeddable":true,"href":"https:\/\/www.newsunn.com\/pt\/wp-json\/wp\/v2\/product_brand?post=3418"},{"taxonomy":"product_cat","embeddable":true,"href":"https:\/\/www.newsunn.com\/pt\/wp-json\/wp\/v2\/product_cat?post=3418"},{"taxonomy":"product_tag","embeddable":true,"href":"https:\/\/www.newsunn.com\/pt\/wp-json\/wp\/v2\/product_tag?post=3418"}],"curies":[{"name":"wp","href":"https:\/\/api.w.org\/{rel}","templated":true}]}}