{"id":3401,"date":"2025-03-06T14:00:14","date_gmt":"2025-03-06T06:00:14","guid":{"rendered":"http:\/\/www.niusheng.globaldeepsea.site\/?post_type=product&#038;p=3401"},"modified":"2026-04-24T13:59:40","modified_gmt":"2026-04-24T05:59:40","slug":"usa-style-pdu-power-distribution-unit","status":"publish","type":"product","link":"https:\/\/www.newsunn.com\/pt\/produto\/usa-style-pdu-power-distribution-unit\/","title":{"rendered":"PDU estilo EUA (unidade de distribui\u00e7\u00e3o de energia)"},"content":{"rendered":"<div class=\"pro-box-border\">\n<div class=\"vc_row wpb_row vc_row-fluid\">\n<div class=\"wpb_column vc_column_container vc_col-sm-12\">\n<div class=\"vc_column-inner\">\n<div class=\"wpb_wrapper\">\n<div class=\"wpb_single_image wpb_content_element vc_align_left\">\n<figure class=\"wpb_wrapper vc_figure\">\n<div class=\"vc_single_image-wrapper vc_box_border_grey\"><img fetchpriority=\"high\" alt=\"USA style\" class=\"vc_single_image-img attachment-large\" decoding=\"async\" height=\"190\" sizes=\"(max-width: 474px) 100vw, 474px\" src=\"http:\/\/www.niusheng.globaldeepsea.site\/wp-content\/uploads\/2025\/03\/2c710ab8c597a38b4a9c0d705d370f4d.jpg\" srcset=\"https:\/\/niusheng.gg13.globaldeepsea.site\/wp-content\/uploads\/2015\/11\/USA-style.jpg 1000w, https:\/\/niusheng.gg13.globaldeepsea.site\/wp-content\/uploads\/2015\/11\/USA-style-300x120.jpg 300w\" width=\"474\"\/><\/div>\n<\/figure>\n<\/div>\n<div class=\"wpb_text_column wpb_content_element\">\n<div class=\"wpb_wrapper\">\n<p><strong>Especifica\u00e7\u00e3o<\/strong><\/p>\n<\/div>\n<\/div>\n<div class=\"wpb_text_column wpb_content_element\">\n<div class=\"wpb_wrapper\">\n<table border=\"0\" cellpadding=\"0\" cellspacing=\"0\" class=\"tab ke-zeroborder\" width=\"100%\">\n<tbody>\n<tr>\n<td align=\"middle\" bgcolor=\"#8ab5e2\" style=\"color: #000000; border-color: #000000; width: 16%;\" width=\"16%\"><b><span class=\"short_text\" id=\"result_box\"><span class=\"hps\">Corrente nominal<\/span><\/span><\/b><\/td>\n<td bgcolor=\"#d3d4d6\" style=\"color: #000000; border-color: #000000; width: 16%;\" width=\"27%\">\n<p align=\"left\">\u00a016A<\/p>\n<\/td>\n<td align=\"middle\" bgcolor=\"#8ab5e2\" style=\"color: #000000; border-color: #000000; width: 16%;\" width=\"16%\"><b>Tens\u00e3o m\u00e1xima<\/b><\/td>\n<td bgcolor=\"#d3d4d6\" style=\"color: #000000; border-color: #000000; width: 16%;\" width=\"41%\">\n<p align=\"left\">\u00a0250V<\/p>\n<\/td>\n<\/tr>\n<tr>\n<td align=\"middle\" bgcolor=\"#8ab5e2\" style=\"color: #000000; border-color: #000000; width: 16%;\"><b><span class=\"short_text\" id=\"result_box\"><span class=\"hps\">Pot\u00eancia nominal<\/span><\/span><\/b><\/td>\n<td bgcolor=\"#d3d4d6\" style=\"color: #000000; border-color: #000000; width: 16%;\">\n<p align=\"left\">\u00a04000 W<\/p>\n<\/td>\n<td align=\"middle\" bgcolor=\"#8ab5e2\" style=\"color: #000000; border-color: #000000; width: 16%;\"><b><span class=\"short_text\" id=\"result_box\"><span class=\"hps\">Cor Exterior<\/span><\/span><\/b><\/td>\n<td bgcolor=\"#d3d4d6\" style=\"color: #000000; border-color: #000000; width: 16%;\">\n<p align=\"left\">\u00a0<span class=\"short_text\" id=\"result_box\"><span class=\"hps\">Preto<\/span><\/span><\/p>\n<\/td>\n<\/tr>\n<tr>\n<td align=\"middle\" bgcolor=\"#8ab5e2\" style=\"color: #000000; border-color: #000000; width: 16%;\"><b><span class=\"short_text\" id=\"result_box\"><span class=\"hps\">Modelo<\/span><\/span><\/b><\/td>\n<td bgcolor=\"#d3d4d6\" style=\"color: #000000; border-color: #000000; width: 16%;\">\n<p align=\"left\">NSPDU-USA<\/p>\n<\/td>\n<td align=\"middle\" bgcolor=\"#8ab5e2\" style=\"color: #000000; border-color: #000000; width: 16%;\"><b><span class=\"short_text\" id=\"result_box\"><span class=\"hps\">Comprimento do cabo<\/span><\/span><\/b><\/td>\n<td bgcolor=\"#d3d4d6\" style=\"color: #000000; border-color: #000000; width: 16%;\">\n<p align=\"left\">\u00a0<span class=\"short_text\" id=\"result_box\"><span class=\"hps\">2 m<\/span><\/span><\/p>\n<\/td>\n<\/tr>\n<tr>\n<td align=\"middle\" bgcolor=\"#8ab5e2\" style=\"color: #000000; border-color: #000000; width: 16%;\"><b>PTU <span class=\"short_text\" id=\"result_box\"><span class=\"hps\">Altura<\/span><\/span><\/b><\/td>\n<td bgcolor=\"#d3d4d6\" style=\"color: #000000; border-color: #000000; width: 16%;\">\n<p align=\"left\">\u00a01U(4.45cm)<\/p>\n<\/td>\n<td align=\"middle\" bgcolor=\"#8ab5e2\" style=\"color: #000000; border-color: #000000; width: 16%;\"><b><span class=\"short_text\" id=\"result_box\"><span class=\"hps\">PTU<\/span> <span class=\"hps\">Comprimento<\/span><\/span><\/b><\/td>\n<td bgcolor=\"#d3d4d6\" style=\"color: #000000; border-color: #000000; width: 16%;\">\n<p align=\"left\">\u00a0<span class=\"short_text\" id=\"result_box\"><span class=\"hps\">19 polegadas<\/span> <span class=\"hps\">(48,26cm)<\/span><\/span><\/p>\n<\/td>\n<\/tr>\n<tr>\n<td align=\"middle\" bgcolor=\"#8ab5e2\" style=\"color: #000000; border-color: #000000; width: 16%;\"><b>Shell <span class=\"short_text\" id=\"result_box\"><span class=\"hps\">Materiais<\/span><\/span><\/b><\/td>\n<td bgcolor=\"#d3d4d6\" style=\"color: #000000; border-color: #000000; width: 16%;\" width=\"27%\">\n<p align=\"left\">\u00a0<span class=\"short_text\" id=\"result_box\"><span class=\"hps\">Alum\u00ednio<\/span><\/span><\/p>\n<\/td>\n<td align=\"middle\" bgcolor=\"#8ab5e2\" style=\"color: #000000; border-color: #000000; width: 16%;\" width=\"16%\"><b><span class=\"short_text\" id=\"result_box\"><span class=\"hps\">Caracter\u00edsticas do produto<\/span><\/span><\/b><\/td>\n<td bgcolor=\"#d3d4d6\" style=\"color: #000000; border-color: #000000; width: 16%;\" width=\"41%\">\n<p align=\"left\">\u00a0<span class=\"short_text\" id=\"result_box\"><span class=\"hps\">Embutido<\/span> <span class=\"hps\">interruptor<\/span><\/span><\/p>\n<\/td>\n<\/tr>\n<tr>\n<td align=\"middle\" bgcolor=\"#8ab5e2\" style=\"color: #000000; border-color: #000000; width: 16%;\"><b><span class=\"short_text\" id=\"result_box\"><span class=\"hps\">Cobre<\/span> <span class=\"hps\">material<\/span><\/span><\/b><\/td>\n<td bgcolor=\"#d3d4d6\" colspan=\"3\" style=\"color: #000000; border-color: #000000; width: 16%;\">\n<p align=\"left\">\u00a0<span id=\"result_box\"><span class=\"hps\">Precis\u00e3o<\/span> <span class=\"hps\">bronze de f\u00f3sforo<\/span>, <span class=\"hps\">melhor<\/span> <span class=\"hps\">dureza<\/span> <span class=\"hps\">do que ordin\u00e1rio<\/span> <span class=\"hps\">lat\u00e3o<\/span><\/span><\/p>\n<\/td>\n<\/tr>\n<tr>\n<td align=\"middle\" bgcolor=\"#8ab5e2\" style=\"color: #000000; border-color: #000000; width: 16%;\"><b><span class=\"short_text\" id=\"result_box\"><span class=\"hps\">Condutor<\/span> <span class=\"hps\">material<\/span><\/span><\/b><\/td>\n<td bgcolor=\"#d3d4d6\" colspan=\"3\" style=\"color: #000000; border-color: #000000; width: 16%;\">\n<p align=\"left\">\u00a0<span class=\"short_text\" id=\"result_box\"><span class=\"hps\">3 * 2.5mm<\/span> <span class=\"hps\">bronze de bronze<\/span> <span class=\"hps\">fio de arame<\/span> <span class=\"hps\">dentro de dentro<\/span><\/span><\/p>\n<\/td>\n<\/tr>\n<tr>\n<td align=\"middle\" bgcolor=\"#8ab5e2\" style=\"color: #000000; border-color: #000000; width: 16%;\"><b><span class=\"short_text\" id=\"result_box\"><span class=\"hps\">Choque<\/span> <span class=\"hps\">material<\/span><\/span><\/b><\/td>\n<td bgcolor=\"#d3d4d6\" colspan=\"4\" style=\"color: #000000; border-color: #000000; width: 16%;\">\n<p align=\"left\">\u00a0<span id=\"result_box\"><span class=\"hps\">Altamente condutora<\/span> <span class=\"hps atn\">tin..<\/span>f\u00f3sforo, <span class=\"hps\">n\u00edquel chapeado<\/span> <span class=\"hps atn\">anti- - n\u00e3o<\/span>ferrugem, menor <span class=\"hps\">interior<\/span> <span class=\"hps\">cabelo,<\/span> <span class=\"hps\">prata<\/span> <span class=\"hps\">contatos de liga<\/span> <span class=\"hps\">atrav\u00e9s do<\/span> <span class=\"hps atn\">super..<\/span>condutividade, resist\u00eancia \u00e0 corros\u00e3o <span class=\"hps\">e longa vida \u00fatil<\/span>.<\/span><\/p>\n<\/td>\n<\/tr>\n<tr>\n<td align=\"middle\" bgcolor=\"#8ab5e2\" style=\"color: #000000; border-color: #000000; width: 16%;\"><b><span class=\"short_text\" id=\"result_box\"><span class=\"hps\">Fia\u00e7\u00e3o<\/span><\/span><\/b><\/td>\n<td bgcolor=\"#d3d4d6\" style=\"color: #000000; border-color: #000000; width: 16%;\">\n<p align=\"left\">\u00a0<span class=\"short_text\" id=\"result_box\"><span class=\"hps\">Correia de cobre<\/span> <span class=\"hps\">n\u00e3o<\/span> <span class=\"hps\">vendedor<\/span> <span class=\"hps\">terminal<\/span> <span class=\"hps\">processo de conex\u00e3o<\/span><\/span><\/p>\n<\/td>\n<td align=\"middle\" bgcolor=\"#8ab5e2\" style=\"color: #000000; border-color: #000000; width: 16%;\"><b><span class=\"hps\">M\u00f3dulo de sa\u00edda<\/span><br \/>\n(<span class=\"hps\">jack<\/span><\/b> )<\/td>\n<td bgcolor=\"#d3d4d6\" style=\"color: #000000; border-color: #000000; width: 16%;\">\n<p align=\"left\">\u00a016A 8 bits<\/p>\n<\/td>\n<\/tr>\n<\/tbody>\n<\/table>\n<\/div>\n<\/div>\n<\/div>\n<\/div>\n<\/div>\n<\/div>\n<div class=\"vc_row wpb_row vc_row-fluid\">\n<div class=\"wpb_column vc_column_container vc_col-sm-12\">\n<div class=\"vc_column-inner\">\n<div class=\"wpb_wrapper\">\n<div class=\"wpb_text_column wpb_content_element\">\n<div class=\"wpb_wrapper\">\n<h4><em><strong>Personalize seu estilo facilmente!<\/strong><\/em><\/h4>\n<\/div>\n<\/div>\n<\/div>\n<\/div>\n<\/div>\n<\/div>\n<\/div>","protected":false},"excerpt":{"rendered":"<p>Especifica\u00e7\u00e3o Corrente nominal 16A Tens\u00e3o m\u00e1xima 250V Pot\u00eancia nominal 4000W Exterior Cor Preto Modelo NSPDU-USA Comprimento do cabo 2 m PDU Altura 1U(4.45cm) PDU Comprimento 19 polegadas (48.26cm) Material de shell Alum\u00ednio Caracter\u00edsticas do produto Interruptor embutido Material de cobre Bronze de f\u00f3sforo de precis\u00e3o, melhor resist\u00eancia do que o material de condutor de lat\u00e3o comum 3 * fio de bronze de 2,5mm dentro Material de choque Altamente [...]<\/p>","protected":false},"featured_media":2964,"comment_status":"open","ping_status":"closed","template":"","meta":[],"product_brand":[],"product_cat":[88],"product_tag":[],"class_list":{"0":"post-3401","1":"product","2":"type-product","3":"status-publish","4":"has-post-thumbnail","6":"product_cat-power-distribution-unit","8":"first","9":"instock","10":"shipping-taxable","11":"product-type-simple"},"_links":{"self":[{"href":"https:\/\/www.newsunn.com\/pt\/wp-json\/wp\/v2\/product\/3401","targetHints":{"allow":["GET"]}}],"collection":[{"href":"https:\/\/www.newsunn.com\/pt\/wp-json\/wp\/v2\/product"}],"about":[{"href":"https:\/\/www.newsunn.com\/pt\/wp-json\/wp\/v2\/types\/product"}],"replies":[{"embeddable":true,"href":"https:\/\/www.newsunn.com\/pt\/wp-json\/wp\/v2\/comments?post=3401"}],"version-history":[{"count":0,"href":"https:\/\/www.newsunn.com\/pt\/wp-json\/wp\/v2\/product\/3401\/revisions"}],"wp:featuredmedia":[{"embeddable":true,"href":"https:\/\/www.newsunn.com\/pt\/wp-json\/wp\/v2\/media\/2964"}],"wp:attachment":[{"href":"https:\/\/www.newsunn.com\/pt\/wp-json\/wp\/v2\/media?parent=3401"}],"wp:term":[{"taxonomy":"product_brand","embeddable":true,"href":"https:\/\/www.newsunn.com\/pt\/wp-json\/wp\/v2\/product_brand?post=3401"},{"taxonomy":"product_cat","embeddable":true,"href":"https:\/\/www.newsunn.com\/pt\/wp-json\/wp\/v2\/product_cat?post=3401"},{"taxonomy":"product_tag","embeddable":true,"href":"https:\/\/www.newsunn.com\/pt\/wp-json\/wp\/v2\/product_tag?post=3401"}],"curies":[{"name":"wp","href":"https:\/\/api.w.org\/{rel}","templated":true}]}}