{"id":3372,"date":"2025-03-06T14:00:03","date_gmt":"2025-03-06T06:00:03","guid":{"rendered":"http:\/\/www.niusheng.globaldeepsea.site\/?post_type=product&#038;p=3372"},"modified":"2026-04-24T13:59:47","modified_gmt":"2026-04-24T05:59:47","slug":"40gbase-qsfp-psm-ir4-1-4km-optical-transceiver","status":"publish","type":"product","link":"https:\/\/www.newsunn.com\/pt\/produto\/40gbase-qsfp-psm-ir4-1-4km-optical-transceiver\/","title":{"rendered":"Transceptor \u00f3ptico 40GBASE QSFP+ PSM IR4 1.4km"},"content":{"rendered":"<div class=\"pro-box-border\">\n<div class=\"vc_row wpb_row vc_row-fluid L925 Mechanical Splice\">\n<div class=\"wpb_column vc_column_container vc_col-sm-12\">\n<div class=\"vc_column-inner\">\n<div class=\"wpb_wrapper\">\n<div class=\"vc_row wpb_row vc_inner vc_row-fluid\">\n<div class=\"wpb_column vc_column_container vc_col-sm-6\">\n<div class=\"vc_column-inner\">\n<div class=\"wpb_wrapper\">\n<div class=\"wpb_single_image wpb_content_element vc_align_left\">\n<figure class=\"wpb_wrapper vc_figure\">\n<div class=\"vc_single_image-wrapper vc_box_border_grey\"><img fetchpriority=\"high\" alt=\"QSFP+ LR4\" class=\"vc_single_image-img attachment-medium\" decoding=\"async\" height=\"225\" sizes=\"(max-width: 300px) 100vw, 300px\" src=\"http:\/\/www.niusheng.globaldeepsea.site\/wp-content\/uploads\/2025\/03\/50f27138656a2112ca20ad7296496c2a.jpg\" srcset=\"https:\/\/niusheng.gg13.globaldeepsea.site\/wp-content\/uploads\/2015\/11\/02092155kio9-300x225.jpg 300w, https:\/\/niusheng.gg13.globaldeepsea.site\/wp-content\/uploads\/2015\/11\/02092155kio9.jpg 800w\" width=\"300\"\/><\/div>\n<\/figure>\n<\/div>\n<\/div>\n<\/div>\n<\/div>\n<div class=\"wpb_column vc_column_container vc_col-sm-6\">\n<div class=\"vc_column-inner\">\n<div class=\"wpb_wrapper\">\n<div class=\"wpb_text_column wpb_content_element\">\n<div class=\"wpb_wrapper\">\n<div class=\"pdf\">\n<div class=\"pdf-img\">\n<img decoding=\"async\" src=\"http:\/\/www.niusheng.globaldeepsea.site\/wp-content\/uploads\/2025\/03\/8d970eb173ccf729873b86b2f3b888f0.png\"\/>\n<\/div>\n<div class=\"pdf-info\">\n<p>Datasheet for QSFP+ PSM IR4<\/p>\n<p><a href=\"\">Instru\u00e7\u00f5es de download<\/a>\n<\/div>\n<div style=\"clear:both;\"><\/div>\n<\/div>\n<\/div>\n<\/div>\n<\/div>\n<\/div>\n<\/div>\n<\/div>\n<div class=\"vc_row wpb_row vc_inner vc_row-fluid\">\n<div class=\"wpb_column vc_column_container vc_col-sm-12\">\n<div class=\"vc_column-inner\">\n<div class=\"wpb_wrapper\">\n<div class=\"wpb_text_column wpb_content_element\">\n<div class=\"wpb_wrapper\">\n<h1><strong>40G QSFP+ PSM IR4\u00a0<\/strong><strong>Optical Transceiver Module<\/strong><\/h1>\n<p>The 40G QSFP+ PSM IR4 module\u00a0is a Four-Channel, Pluggable, Parallel, Fiber-Optic QSFP+ Transceiver for InfiniBand QDR\/DDR\/SDR,10G\/8G\/4G\/2G fiber channel , PCIe and SAS Applications. The QSFP full-duplex optical module offers 4 independent transmit and receive channels, each capable of 10.7Gbps operation for an aggregate data rate of 42.8Gbps 1.4km using single mode fiber. These modules are designed to operate over single mode fiber systems using 1310nm FP laser array.An optical fiber ribbon cable with an MPO\/MTPTM connector can be plugged into the QSFP module receptacle. QSFP+ PSM IR4 is one kind of parallel transceiver which provides increased port density and total system cost savings.<\/p>\n<p>\u00a0<\/p>\n<p><strong>Caracter\u00edsticas<\/strong><\/p>\n<ul>\n<li>M\u00f3dulos de transceptor full-duplex de quatro canais<\/li>\n<li>Transmission data rate up to 10.7Gbit\/s per channel<\/li>\n<li>Up to 1.4km transmission of single mode fiber<\/li>\n<li><strong>Low power consumption &lt;2.5W<\/strong><\/li>\n<li>Temperatura do caso operacional 0\u00b0C a +70\u00b0C<\/li>\n<li>tens\u00e3o de alimenta\u00e7\u00e3o 3.3V<\/li>\n<li>RoHS 6 compat\u00edvel<\/li>\n<li>Fator de forma QSFP Pluggable quente<\/li>\n<li>Single MPO connector receptacle<\/li>\n<li>Fun\u00e7\u00e3o de diagn\u00f3stico digital integrada<\/li>\n<\/ul>\n<p><strong>Aplica\u00e7\u00f5es<\/strong><\/p>\n<ul>\n<li>InfiniBand QDR, DDR and SDR<\/li>\n<li>40G Ethernet<\/li>\n<li>Interconex\u00f5es de alta velocidade<\/li>\n<li>Datacenter<\/li>\n<\/ul>\n<\/div>\n<\/div>\n<\/div>\n<\/div>\n<\/div>\n<\/div>\n<div class=\"wpb_text_column wpb_content_element\">\n<div class=\"wpb_wrapper\">\n<h2 style=\"text-align: justify; text-justify: inter-ideograph; margin: 4.95pt 0cm .0001pt 5.0pt;\"><strong><span lang=\"EN-US\" style=\"color: #00afef;\">Dimens\u00f5es mec\u00e2nicas<\/span><\/strong><\/h2>\n<\/div>\n<\/div>\n<div class=\"wpb_single_image wpb_content_element vc_align_left\">\n<figure class=\"wpb_wrapper vc_figure\">\n<div class=\"vc_single_image-wrapper vc_box_border_grey\"><img alt=\"IR drawing\" class=\"vc_single_image-img attachment-large\" decoding=\"async\" height=\"223\" sizes=\"(max-width: 474px) 100vw, 474px\" src=\"http:\/\/www.niusheng.globaldeepsea.site\/wp-content\/uploads\/2025\/03\/4cea11842857b054624e6f3d2d740c0b.jpg\" srcset=\"https:\/\/niusheng.gg13.globaldeepsea.site\/wp-content\/uploads\/2015\/11\/IR-drawing.jpg 933w, https:\/\/niusheng.gg13.globaldeepsea.site\/wp-content\/uploads\/2015\/11\/IR-drawing-300x141.jpg 300w\" width=\"474\"\/><\/div>\n<\/figure>\n<\/div>\n<\/div>\n<\/div>\n<\/div>\n<\/div>\n<\/div>","protected":false},"excerpt":{"rendered":"<p>The 40G QSFP+ PSM IR4 module is a Four-Channel, Pluggable, Parallel, Fiber-Optic QSFP+ Transceiver for InfiniBand QDR\/DDR\/SDR,10G\/8G\/4G\/2G fiber channel , PCIe and SAS Applications. <\/p>","protected":false},"featured_media":2989,"comment_status":"open","ping_status":"closed","template":"","meta":[],"product_brand":[],"product_cat":[84],"product_tag":[],"class_list":{"0":"post-3372","1":"product","2":"type-product","3":"status-publish","4":"has-post-thumbnail","6":"product_cat-qsfp-fiber-optic-transceiver-module","8":"first","9":"instock","10":"shipping-taxable","11":"product-type-simple"},"_links":{"self":[{"href":"https:\/\/www.newsunn.com\/pt\/wp-json\/wp\/v2\/product\/3372","targetHints":{"allow":["GET"]}}],"collection":[{"href":"https:\/\/www.newsunn.com\/pt\/wp-json\/wp\/v2\/product"}],"about":[{"href":"https:\/\/www.newsunn.com\/pt\/wp-json\/wp\/v2\/types\/product"}],"replies":[{"embeddable":true,"href":"https:\/\/www.newsunn.com\/pt\/wp-json\/wp\/v2\/comments?post=3372"}],"version-history":[{"count":0,"href":"https:\/\/www.newsunn.com\/pt\/wp-json\/wp\/v2\/product\/3372\/revisions"}],"wp:featuredmedia":[{"embeddable":true,"href":"https:\/\/www.newsunn.com\/pt\/wp-json\/wp\/v2\/media\/2989"}],"wp:attachment":[{"href":"https:\/\/www.newsunn.com\/pt\/wp-json\/wp\/v2\/media?parent=3372"}],"wp:term":[{"taxonomy":"product_brand","embeddable":true,"href":"https:\/\/www.newsunn.com\/pt\/wp-json\/wp\/v2\/product_brand?post=3372"},{"taxonomy":"product_cat","embeddable":true,"href":"https:\/\/www.newsunn.com\/pt\/wp-json\/wp\/v2\/product_cat?post=3372"},{"taxonomy":"product_tag","embeddable":true,"href":"https:\/\/www.newsunn.com\/pt\/wp-json\/wp\/v2\/product_tag?post=3372"}],"curies":[{"name":"wp","href":"https:\/\/api.w.org\/{rel}","templated":true}]}}