{"id":3371,"date":"2025-03-06T14:00:03","date_gmt":"2025-03-06T06:00:03","guid":{"rendered":"http:\/\/www.niusheng.globaldeepsea.site\/?post_type=product&#038;p=3371"},"modified":"2026-04-24T13:59:47","modified_gmt":"2026-04-24T05:59:47","slug":"40gbase-sr4-qsfp-850nm-300m-transceptor-para-mmf","status":"publish","type":"product","link":"https:\/\/www.newsunn.com\/pt\/produto\/40gbase-sr4-qsfp-850nm-300m-transceptor-para-mmf\/","title":{"rendered":"40GBASE-SR4 QSFP+ 850nm 300m Transceptor para MMF"},"content":{"rendered":"<div class=\"pro-box-border\">\n<div class=\"vc_row wpb_row vc_row-fluid L925 Mechanical Splice\">\n<div class=\"wpb_column vc_column_container vc_col-sm-12\">\n<div class=\"vc_column-inner\">\n<div class=\"wpb_wrapper\">\n<div class=\"vc_row wpb_row vc_inner vc_row-fluid\">\n<div class=\"wpb_column vc_column_container vc_col-sm-6\">\n<div class=\"vc_column-inner\">\n<div class=\"wpb_wrapper\">\n<div class=\"wpb_single_image wpb_content_element vc_align_left\">\n<figure class=\"wpb_wrapper vc_figure\">\n<div class=\"vc_single_image-wrapper vc_box_border_grey\"><img fetchpriority=\"high\" alt=\"qsfp+ SR4\" class=\"vc_single_image-img attachment-medium\" decoding=\"async\" height=\"225\" sizes=\"(max-width: 300px) 100vw, 300px\" src=\"http:\/\/www.niusheng.globaldeepsea.site\/wp-content\/uploads\/2025\/03\/4e85087d9fc74a734d0b8f57b5140fd7.jpg\" srcset=\"https:\/\/niusheng.gg13.globaldeepsea.site\/wp-content\/uploads\/2015\/11\/02092003eulb-300x225.jpg 300w, https:\/\/niusheng.gg13.globaldeepsea.site\/wp-content\/uploads\/2015\/11\/02092003eulb.jpg 800w\" width=\"300\"\/><\/div>\n<\/figure>\n<\/div>\n<\/div>\n<\/div>\n<\/div>\n<div class=\"wpb_column vc_column_container vc_col-sm-6\">\n<div class=\"vc_column-inner\">\n<div class=\"wpb_wrapper\">\n<div class=\"wpb_text_column wpb_content_element\">\n<div class=\"wpb_wrapper\">\n<div class=\"pdf\">\n<div class=\"pdf-img\">\n<img decoding=\"async\" src=\"http:\/\/www.niusheng.globaldeepsea.site\/wp-content\/uploads\/2025\/03\/8d970eb173ccf729873b86b2f3b888f0.png\"\/>\n<\/div>\n<div class=\"pdf-info\">\n<p>Folha de dados para QSFP+ SR4<\/p>\n<p><a href=\"\">Instru\u00e7\u00f5es de download<\/a>\n<\/div>\n<div style=\"clear:both;\"><\/div>\n<\/div>\n<\/div>\n<\/div>\n<\/div>\n<\/div>\n<\/div>\n<\/div>\n<div class=\"vc_row wpb_row vc_inner vc_row-fluid\">\n<div class=\"wpb_column vc_column_container vc_col-sm-12\">\n<div class=\"vc_column-inner\">\n<div class=\"wpb_wrapper\">\n<div class=\"wpb_text_column wpb_content_element\">\n<div class=\"wpb_wrapper\">\n<h1>40GBASE SR4 QSFP+ 850nm 300m Transceptor para MMF<\/h1>\n<p>O 40GBASE SR4 QSFP+ \u00e9 um canal de fibra QSFP+ de quatro canais, plug\u00e1vel, paralelo, de fibra \u00f3ptica para InfiniBand QDR\/DDR\/SDR, 12G\/10G\/8G\/4G\/2G, PCIe e SAS Applications. O m\u00f3dulo \u00f3ptico completo QSFP oferece 4 canais independentes de transmiss\u00e3o e recep\u00e7\u00e3o, cada um capaz de 11.3 Opera\u00e7\u00e3o de Gbps para uma taxa de dados agregada de 45,2Gbps 300m usando fibra OM3. Estes m\u00f3dulos s\u00e3o projetados para operar sobre sistemas de fibra multimodo usando array laser 850nmVCSEL. Um cabo de fita de fibra \u00f3ptica com um conector MPO\/MTPTM pode ser conectado ao receptor do m\u00f3dulo QSFP. QSFP+ eSR4 \u00e9 um tipo de transceptor paralelo que fornece maior densidade de porta e economia total de custos do sistema.<\/p>\n<h2><strong>Caracter\u00edsticas<\/strong><\/h2>\n<ul>\n<li>At\u00e9 300m em fibra multimodo OM3 (MMF)<\/li>\n<li>MPD dentro para monitorar a pot\u00eancia TX<\/li>\n<li>M\u00f3dulos de transceptor full-duplex de quatro canais<\/li>\n<li>Taxa de dados de transmiss\u00e3o at\u00e9 11.3Gbit\/s por canal<\/li>\n<li>Baixo consumo de energia &lt;1.5W<\/li>\n<li>Temperatura do caso operacional 0\u00b0C a +70\u00b0C<\/li>\n<li>tens\u00e3o de alimenta\u00e7\u00e3o 3.3V<\/li>\n<li>RoHS 6 compat\u00edvel<\/li>\n<li>Fator de forma QSFP Pluggable quente<\/li>\n<li>Receptor de conector MPO<\/li>\n<li>Fun\u00e7\u00e3o de diagn\u00f3stico digital integrada<\/li>\n<li><\/li>\n<\/ul>\n<h1>Aplica\u00e7\u00f5es<\/h1>\n<ul>\n<li>InfiniBandQDR, DDR e SDR<\/li>\n<li>Interconex\u00f5es de alta velocidade<\/li>\n<li>Datacenter<\/li>\n<\/ul>\n<\/div>\n<\/div>\n<\/div>\n<\/div>\n<\/div>\n<\/div>\n<div class=\"wpb_text_column wpb_content_element\">\n<div class=\"wpb_wrapper\">\n<h2 style=\"text-align: justify; text-justify: inter-ideograph; margin: 4.95pt 0cm .0001pt 5.0pt;\"><strong><span lang=\"EN-US\" style=\"color: #00afef;\">Dimens\u00f5es mec\u00e2nicas<\/span><\/strong><\/h2>\n<\/div>\n<\/div>\n<div class=\"wpb_single_image wpb_content_element vc_align_left\">\n<figure class=\"wpb_wrapper vc_figure\">\n<div class=\"vc_single_image-wrapper vc_box_border_grey\"><img alt=\"qsfp+ desenho SR\" class=\"vc_single_image-img attachment-large\" decoding=\"async\" height=\"232\" sizes=\"(max-width: 474px) 100vw, 474px\" src=\"http:\/\/www.niusheng.globaldeepsea.site\/wp-content\/uploads\/2025\/03\/abe78b7f2aa746516786edb8d72258c5.jpg\" srcset=\"https:\/\/niusheng.gg13.globaldeepsea.site\/wp-content\/uploads\/2015\/11\/qsfp-SR-drawing.jpg 881w, https:\/\/niusheng.gg13.globaldeepsea.site\/wp-content\/uploads\/2015\/11\/qsfp-SR-drawing-300x147.jpg 300w\" width=\"474\"\/><\/div>\n<\/figure>\n<\/div>\n<\/div>\n<\/div>\n<\/div>\n<\/div>\n<\/div>","protected":false},"excerpt":{"rendered":"<p>O 40GBASE-SR4 QSFP+ \u00e9 um canal de fibra QSFP+ Pluggable, Parallel, Fiber-Optic QSFP+ para InfiniBand QDR\/DDR\/SDR,12G\/10G\/8G\/4G\/2G, PCIe e SAS Applications. <\/p>","protected":false},"featured_media":2993,"comment_status":"open","ping_status":"closed","template":"","meta":[],"product_brand":[],"product_cat":[84],"product_tag":[],"class_list":{"0":"post-3371","1":"product","2":"type-product","3":"status-publish","4":"has-post-thumbnail","6":"product_cat-qsfp-fiber-optic-transceiver-module","8":"first","9":"instock","10":"shipping-taxable","11":"product-type-simple"},"_links":{"self":[{"href":"https:\/\/www.newsunn.com\/pt\/wp-json\/wp\/v2\/product\/3371","targetHints":{"allow":["GET"]}}],"collection":[{"href":"https:\/\/www.newsunn.com\/pt\/wp-json\/wp\/v2\/product"}],"about":[{"href":"https:\/\/www.newsunn.com\/pt\/wp-json\/wp\/v2\/types\/product"}],"replies":[{"embeddable":true,"href":"https:\/\/www.newsunn.com\/pt\/wp-json\/wp\/v2\/comments?post=3371"}],"version-history":[{"count":0,"href":"https:\/\/www.newsunn.com\/pt\/wp-json\/wp\/v2\/product\/3371\/revisions"}],"wp:featuredmedia":[{"embeddable":true,"href":"https:\/\/www.newsunn.com\/pt\/wp-json\/wp\/v2\/media\/2993"}],"wp:attachment":[{"href":"https:\/\/www.newsunn.com\/pt\/wp-json\/wp\/v2\/media?parent=3371"}],"wp:term":[{"taxonomy":"product_brand","embeddable":true,"href":"https:\/\/www.newsunn.com\/pt\/wp-json\/wp\/v2\/product_brand?post=3371"},{"taxonomy":"product_cat","embeddable":true,"href":"https:\/\/www.newsunn.com\/pt\/wp-json\/wp\/v2\/product_cat?post=3371"},{"taxonomy":"product_tag","embeddable":true,"href":"https:\/\/www.newsunn.com\/pt\/wp-json\/wp\/v2\/product_tag?post=3371"}],"curies":[{"name":"wp","href":"https:\/\/api.w.org\/{rel}","templated":true}]}}