{"id":3363,"date":"2025-03-06T14:00:02","date_gmt":"2025-03-06T06:00:02","guid":{"rendered":"http:\/\/www.niusheng.globaldeepsea.site\/?post_type=product&#038;p=3363"},"modified":"2026-04-24T13:59:51","modified_gmt":"2026-04-24T05:59:51","slug":"sfp-1-25g","status":"publish","type":"product","link":"https:\/\/www.newsunn.com\/pt\/produto\/sfp-1-25g\/","title":{"rendered":"SFP 1.25G"},"content":{"rendered":"<div class=\"pro-box-border\">\n<div class=\"vc_row wpb_row vc_row-fluid\">\n<div class=\"wpb_column vc_column_container vc_col-sm-6\">\n<div class=\"vc_column-inner\">\n<div class=\"wpb_wrapper\">\n<div class=\"wpb_text_column wpb_content_element\">\n<div class=\"wpb_wrapper\">\n<p>[tribulant_slideshow gallery_id=\u201d14\u2033]<\/p>\n<\/div>\n<\/div>\n<\/div>\n<\/div>\n<\/div>\n<div class=\"wpb_column vc_column_container vc_col-sm-6\">\n<div class=\"vc_column-inner\">\n<div class=\"wpb_wrapper\">\n<div class=\"wpb_text_column wpb_content_element\">\n<div class=\"wpb_wrapper\">\n<\/div>\n<\/div>\n<\/div>\n<\/div>\n<\/div>\n<\/div>\n<div class=\"vc_row wpb_row vc_row-fluid\">\n<div class=\"wpb_column vc_column_container vc_col-sm-12\">\n<div class=\"vc_column-inner\">\n<div class=\"wpb_wrapper\">\n<div class=\"wpb_text_column wpb_content_element\">\n<div class=\"wpb_wrapper\">\n<h1 class=\"p_con_01\">SFP TR-P31S8<\/h1>\n<div class=\"p_con_01\"><\/div>\n<div class=\"p_con_02\">The SFP transceivers are high performance, cost effective modules supporting dual data-rate of 1.25Gbps\/1.0625Gbps and 20km transmission distance with SMF. The transceiver consists of three sections: a FP laser transmitter, a PIN photodiode integrated with a trans-impedance preamplifier (TIA) and MCU control unit. All modules satisfy class I laser safety requirements. The transceivers are compatible with SFP Multi-Source Agreement (MSA) and SFF-8472.<\/div>\n<p><strong>Caracter\u00edsticas<\/strong><\/p>\n<p>*\u00a0\u00a0\u00a0 Up to 2.5Gb\/s data links<\/p>\n<p>*\u00a0\u00a0\u00a0 Hot-pluggable SFP footprint<\/p>\n<p>*\u00a0\u00a0\u00a0 Dual LC connectors<\/p>\n<p>*\u00a0\u00a0\u00a0 Support DDMI function<\/p>\n<p>*\u00a0\u00a0\u00a0 ROHS-6 compliant and lead-free<\/p>\n<p>*\u00a0\u00a0\u00a0 Very low EMI and excellent ESD protection<\/p>\n<p>* \u00a0\u00a0\u00a0Power dissipation &lt;1.0W<\/p>\n<p>*\u00a0\u00a0\u00a0 Operating temperature:0~70\u00b0C\uff0c-40~85\u00b0C<\/p>\n<\/div>\n<\/div>\n<div class=\"wpb_text_column wpb_content_element\">\n<div class=\"wpb_wrapper\">\n<p><strong>Order Information<\/strong><\/p>\n<\/div>\n<\/div>\n<div class=\"wpb_text_column wpb_content_element\">\n<div class=\"wpb_wrapper\">\n<table width=\"100%\">\n<tbody>\n<tr>\n<td width=\"\">Part No.<\/td>\n<td width=\"\">Data Rate<\/td>\n<td width=\"\">Wavelength<\/td>\n<td width=\"60\">Transmission distance<\/td>\n<td width=\"\">LD<\/td>\n<td width=\"\">Tx Power<\/td>\n<td width=\"\">PD<\/td>\n<td width=\"\">Re Sens.<\/td>\n<\/tr>\n<tr>\n<td>TR-P31S1-2LD<\/td>\n<td>155Mb\/s<\/td>\n<td>1310nm<\/td>\n<td>20km<\/td>\n<td>FP<\/td>\n<td>-15~-8dbm<\/td>\n<td>PIN<\/td>\n<td>&lt;-30dbm<\/td>\n<\/tr>\n<tr>\n<td>TR-P55S1-40LD<\/td>\n<td>155Mb\/s<\/td>\n<td>1310nm<\/td>\n<td>40km<\/td>\n<td>FP<\/td>\n<td>-5~0dbm<\/td>\n<td>PIN<\/td>\n<td>&lt;-34dbm<\/td>\n<\/tr>\n<tr>\n<td>TR-P55S1-80LD<\/td>\n<td>155Mb\/s<\/td>\n<td>1550nm<\/td>\n<td>80km<\/td>\n<td>DFB<\/td>\n<td>-5~0dbm<\/td>\n<td>PIN<\/td>\n<td>&lt;-34dbm<\/td>\n<\/tr>\n<tr>\n<td>TR-P85S8-05LD<\/td>\n<td>1.25Gb\/s<\/td>\n<td>850nm<\/td>\n<td>550m<\/td>\n<td>VCSEL<\/td>\n<td>-9~-3dbm<\/td>\n<td>PIN<\/td>\n<td>&lt;-18dbm<\/td>\n<\/tr>\n<tr>\n<td>TR-P31S8-20LD<\/td>\n<td>1.25Gb\/s<\/td>\n<td>1310nm<\/td>\n<td>20km<\/td>\n<td>FP<\/td>\n<td>-9~-3dbm<\/td>\n<td>PIN<\/td>\n<td>&lt;-25dbm<\/td>\n<\/tr>\n<tr>\n<td>TR-P31S8-40LD<\/td>\n<td>1.25Gb\/s<\/td>\n<td>1310nm<\/td>\n<td>40km<\/td>\n<td>DFB<\/td>\n<td>-5~0dbm<\/td>\n<td>PIN<\/td>\n<td>&lt;-25dbm<\/td>\n<\/tr>\n<tr>\n<td>TR-P55S8-80LD<\/td>\n<td>1.25Gb\/s<\/td>\n<td>1550nm<\/td>\n<td>80km<\/td>\n<td>DFB<\/td>\n<td>0~5dbm<\/td>\n<td>PIN<\/td>\n<td>&lt;-25dbm<\/td>\n<\/tr>\n<tr>\n<td>TR-P55S8-B2LD<\/td>\n<td>1.25Gb\/s<\/td>\n<td>1550nm<\/td>\n<td>120km<\/td>\n<td>DFB<\/td>\n<td>0~5dbm<\/td>\n<td>APD<\/td>\n<td>&lt;-32dbm<\/td>\n<\/tr>\n<tr>\n<td>TR-P85S16-03LD<\/td>\n<td>2.5Gb\/s<\/td>\n<td>850nm<\/td>\n<td>300m<\/td>\n<td>VCSEL<\/td>\n<td>-9~-3dbm<\/td>\n<td>PIN<\/td>\n<td>&lt;-16dbm<\/td>\n<\/tr>\n<tr>\n<td>TR-P31S16-2LD<\/td>\n<td>2.5Gb\/s<\/td>\n<td>1310nm<\/td>\n<td>2km<\/td>\n<td>FP<\/td>\n<td>-9~-3dbm<\/td>\n<td>PIN<\/td>\n<td>&lt;-19dbm<\/td>\n<\/tr>\n<tr>\n<td>TR-P31S16-20LD<\/td>\n<td>2.5Gb\/s<\/td>\n<td>1310nm<\/td>\n<td>20km<\/td>\n<td>DFB<\/td>\n<td>-5~0dbm<\/td>\n<td>PIN<\/td>\n<td>&lt;-19dbm<\/td>\n<\/tr>\n<tr>\n<td>TR-P55S16-40LD<\/td>\n<td>2.5Gb\/s<\/td>\n<td>1550nm<\/td>\n<td>40km<\/td>\n<td>DFB<\/td>\n<td>0~5dbm<\/td>\n<td>PIN<\/td>\n<td>&lt;-20dbm<\/td>\n<\/tr>\n<tr>\n<td>TR-P55S16-80LD<\/td>\n<td>2.5Gb\/s<\/td>\n<td>1550nm<\/td>\n<td>80km<\/td>\n<td>DFB<\/td>\n<td>0~5dbm<\/td>\n<td>APD<\/td>\n<td>&lt;-28dbm<\/td>\n<\/tr>\n<\/tbody>\n<\/table>\n<\/div>\n<\/div>\n<\/div>\n<\/div>\n<\/div>\n<\/div>\n<\/div>","protected":false},"excerpt":{"rendered":"<p>[tribulant_slideshow gallery_id=\u201d14\u2032\u2032\u2032] SFP TR-P31S8 Os transceptores SFP s\u00e3o de alto desempenho, m\u00f3dulos eficazes de custo que suportam a taxa de dados dupla de 1.25Gbps\/1.0625 Gbps e 20km dist\u00e2ncia de transmiss\u00e3o com SMF. O transceptor consiste em tr\u00eas se\u00e7\u00f5es: um transmissor laser FP, um fotodiodo PIN integrado com um pr\u00e9-amplificador de imped\u00e2ncia trans (TIA) e unidade de controle MCU. Todos os m\u00f3dulos satisfazem os requisitos de seguran\u00e7a do laser da classe I. [...]<\/p>","protected":false},"featured_media":3279,"comment_status":"open","ping_status":"closed","template":"","meta":[],"product_brand":[],"product_cat":[82],"product_tag":[],"class_list":{"0":"post-3363","1":"product","2":"type-product","3":"status-publish","4":"has-post-thumbnail","6":"product_cat-sfp-fiber-optic-transceiver-module","8":"first","9":"instock","10":"shipping-taxable","11":"product-type-simple"},"_links":{"self":[{"href":"https:\/\/www.newsunn.com\/pt\/wp-json\/wp\/v2\/product\/3363","targetHints":{"allow":["GET"]}}],"collection":[{"href":"https:\/\/www.newsunn.com\/pt\/wp-json\/wp\/v2\/product"}],"about":[{"href":"https:\/\/www.newsunn.com\/pt\/wp-json\/wp\/v2\/types\/product"}],"replies":[{"embeddable":true,"href":"https:\/\/www.newsunn.com\/pt\/wp-json\/wp\/v2\/comments?post=3363"}],"version-history":[{"count":0,"href":"https:\/\/www.newsunn.com\/pt\/wp-json\/wp\/v2\/product\/3363\/revisions"}],"wp:featuredmedia":[{"embeddable":true,"href":"https:\/\/www.newsunn.com\/pt\/wp-json\/wp\/v2\/media\/3279"}],"wp:attachment":[{"href":"https:\/\/www.newsunn.com\/pt\/wp-json\/wp\/v2\/media?parent=3363"}],"wp:term":[{"taxonomy":"product_brand","embeddable":true,"href":"https:\/\/www.newsunn.com\/pt\/wp-json\/wp\/v2\/product_brand?post=3363"},{"taxonomy":"product_cat","embeddable":true,"href":"https:\/\/www.newsunn.com\/pt\/wp-json\/wp\/v2\/product_cat?post=3363"},{"taxonomy":"product_tag","embeddable":true,"href":"https:\/\/www.newsunn.com\/pt\/wp-json\/wp\/v2\/product_tag?post=3363"}],"curies":[{"name":"wp","href":"https:\/\/api.w.org\/{rel}","templated":true}]}}