{"id":3338,"date":"2025-03-06T13:59:54","date_gmt":"2025-03-06T05:59:54","guid":{"rendered":"http:\/\/www.niusheng.globaldeepsea.site\/?post_type=product&#038;p=3338"},"modified":"2026-04-24T14:00:01","modified_gmt":"2026-04-24T06:00:01","slug":"24-port-sc-fc-st-patch-panel-ns-fopp-s1","status":"publish","type":"product","link":"https:\/\/www.newsunn.com\/pt\/produto\/24-port-sc-fc-st-patch-panel-ns-fopp-s1\/","title":{"rendered":"24 portas SC\/FC\/ST Patch Panel NS-FOPP-S1"},"content":{"rendered":"<div class=\"pro-box-border\">\n<div class=\"vc_row wpb_row vc_row-fluid\">\n<div class=\"wpb_column vc_column_container vc_col-sm-6\">\n<div class=\"vc_column-inner\">\n<div class=\"wpb_wrapper\">\n<div class=\"wpb_text_column wpb_content_element\">\n<div class=\"wpb_wrapper\">\n<p>[tribulant_slideshow gallery_id=\u201d9\u2033]<\/p>\n<\/div>\n<\/div>\n<\/div>\n<\/div>\n<\/div>\n<div class=\"wpb_column vc_column_container vc_col-sm-6\">\n<div class=\"vc_column-inner\">\n<div class=\"wpb_wrapper\"><\/div>\n<\/div>\n<\/div>\n<\/div>\n<div class=\"vc_row wpb_row vc_row-fluid\">\n<div class=\"wpb_column vc_column_container vc_col-sm-12\">\n<div class=\"vc_column-inner\">\n<div class=\"wpb_wrapper\">\n<div class=\"wpb_text_column wpb_content_element\">\n<div class=\"wpb_wrapper\">\n<h2>Caracter\u00edsticas<\/h2>\n<ul>\n<li>Standard 19\u201d <strong>patch panel<\/strong> for 1U, 2U or more.<\/li>\n<li>High quality finish, no sharp edges.<\/li>\n<li>Smooth drawing with good quality metal slide rail, or without rail optional<\/li>\n<li>All in basic form for easy change of adapter panels.<\/li>\n<li>Recessed adapters giving better bend radius<\/li>\n<li>Simple installation or easy maintenance and access even after the panel is installed in the rack.<\/li>\n<\/ul>\n<\/div>\n<\/div>\n<\/div>\n<\/div>\n<\/div>\n<\/div>\n<div class=\"vc_row wpb_row vc_row-fluid\">\n<div class=\"wpb_column vc_column_container vc_col-sm-12\">\n<div class=\"vc_column-inner\">\n<div class=\"wpb_wrapper\">\n<div class=\"wpb_text_column wpb_content_element\">\n<div class=\"wpb_wrapper\">\n<p><strong>Especifica\u00e7\u00e3o<\/strong><\/p>\n<table>\n<tbody>\n<tr>\n<td width=\"213\">Part No.<\/td>\n<td width=\"213\">Size\uff08L\u00d7W\u00d7H\uff09<\/td>\n<td width=\"213\">Max capacity<\/td>\n<td width=\"213\">Adapter panel<\/td>\n<\/tr>\n<tr>\n<td width=\"213\">NS-FOPP-S1-1U<\/td>\n<td width=\"213\">48.2x35x4.45cm<\/td>\n<td width=\"213\">24<\/td>\n<td width=\"213\">24 SC, FC, ST<\/td>\n<\/tr>\n<\/tbody>\n<\/table>\n<\/div>\n<\/div>\n<\/div>\n<\/div>\n<\/div>\n<\/div>\n<\/div>","protected":false},"excerpt":{"rendered":"<p>[tribulant_slideshow gallery_id=\u201d9\u2032\u2032] Caracter\u00edsticas Padr\u00e3o 19 \" painel de patch para 1U, 2U ou mais. Acabamento de alta qualidade, sem bordas afiadas. Desenho liso com ferro de corredi\u00e7a de metal de boa qualidade, ou sem trilho opcional Tudo em forma b\u00e1sica para f\u00e1cil mudan\u00e7a de pain\u00e9is de adaptador. Adaptadores recesso dando melhor raio de curvatura Instala\u00e7\u00e3o simples ou f\u00e1cil manuten\u00e7\u00e3o e acesso mesmo depois [...]<\/p>","protected":false},"featured_media":3301,"comment_status":"open","ping_status":"closed","template":"","meta":[],"product_brand":[],"product_cat":[74],"product_tag":[],"class_list":{"0":"post-3338","1":"product","2":"type-product","3":"status-publish","4":"has-post-thumbnail","6":"product_cat-fiber-optic-distribution-panel-fiber-patch-panel","8":"first","9":"instock","10":"shipping-taxable","11":"product-type-simple"},"_links":{"self":[{"href":"https:\/\/www.newsunn.com\/pt\/wp-json\/wp\/v2\/product\/3338","targetHints":{"allow":["GET"]}}],"collection":[{"href":"https:\/\/www.newsunn.com\/pt\/wp-json\/wp\/v2\/product"}],"about":[{"href":"https:\/\/www.newsunn.com\/pt\/wp-json\/wp\/v2\/types\/product"}],"replies":[{"embeddable":true,"href":"https:\/\/www.newsunn.com\/pt\/wp-json\/wp\/v2\/comments?post=3338"}],"version-history":[{"count":0,"href":"https:\/\/www.newsunn.com\/pt\/wp-json\/wp\/v2\/product\/3338\/revisions"}],"wp:featuredmedia":[{"embeddable":true,"href":"https:\/\/www.newsunn.com\/pt\/wp-json\/wp\/v2\/media\/3301"}],"wp:attachment":[{"href":"https:\/\/www.newsunn.com\/pt\/wp-json\/wp\/v2\/media?parent=3338"}],"wp:term":[{"taxonomy":"product_brand","embeddable":true,"href":"https:\/\/www.newsunn.com\/pt\/wp-json\/wp\/v2\/product_brand?post=3338"},{"taxonomy":"product_cat","embeddable":true,"href":"https:\/\/www.newsunn.com\/pt\/wp-json\/wp\/v2\/product_cat?post=3338"},{"taxonomy":"product_tag","embeddable":true,"href":"https:\/\/www.newsunn.com\/pt\/wp-json\/wp\/v2\/product_tag?post=3338"}],"curies":[{"name":"wp","href":"https:\/\/api.w.org\/{rel}","templated":true}]}}