{"id":3738,"date":"2025-03-10T10:16:55","date_gmt":"2025-03-10T02:16:55","guid":{"rendered":"http:\/\/www.niusheng.globaldeepsea.site\/?page_id=3738"},"modified":"2025-03-12T14:44:22","modified_gmt":"2025-03-12T06:44:22","slug":"por-que-nos-escolher","status":"publish","type":"page","link":"https:\/\/www.newsunn.com\/pt\/por-que-nos-escolher\/","title":{"rendered":"Por que escolher EUA"},"content":{"rendered":"<div data-elementor-type=\"wp-page\" data-elementor-id=\"3738\" class=\"elementor elementor-3738\" data-elementor-post-type=\"page\">\n\t\t\t\t<div class=\"elementor-element elementor-element-4407a14 e-flex e-con-boxed e-con e-parent\" data-id=\"4407a14\" data-element_type=\"container\" data-settings=\"{&quot;background_background&quot;:&quot;classic&quot;}\">\n\t\t\t\t\t<div class=\"e-con-inner\">\n\t\t\t\t<div class=\"elementor-element elementor-element-b62fd01 elementor-widget elementor-widget-heading\" data-id=\"b62fd01\" data-element_type=\"widget\" data-widget_type=\"heading.default\">\n\t\t\t\t<div class=\"elementor-widget-container\">\n\t\t\t\t\t<h1 class=\"elementor-heading-title elementor-size-default\">Por que escolher EUA<\/h1>\t\t\t\t<\/div>\n\t\t\t\t<\/div>\n\t\t\t\t\t<\/div>\n\t\t\t\t<\/div>\n\t\t<div class=\"elementor-element elementor-element-ab1d202 e-flex e-con-boxed e-con e-parent\" data-id=\"ab1d202\" data-element_type=\"container\">\n\t\t\t\t\t<div class=\"e-con-inner\">\n\t\t<div class=\"elementor-element elementor-element-c6e38da e-con-full e-flex e-con e-child\" data-id=\"c6e38da\" data-element_type=\"container\">\n\t\t\t\t<div class=\"elementor-element elementor-element-2b77722 elementor-position-top elementor-widget elementor-widget-image-box\" data-id=\"2b77722\" data-element_type=\"widget\" data-widget_type=\"image-box.default\">\n\t\t\t\t<div class=\"elementor-widget-container\">\n\t\t\t\t\t<div class=\"elementor-image-box-wrapper\"><figure class=\"elementor-image-box-img\"><img decoding=\"async\" width=\"64\" height=\"64\" src=\"https:\/\/www.newsunn.com\/wp-content\/uploads\/2025\/03\/mu.png\" class=\"attachment-full size-full wp-image-3753\" alt=\"\" \/><\/figure><div class=\"elementor-image-box-content\"><h3 class=\"elementor-image-box-title\">Opera\u00e7\u00e3o flex\u00edvel<\/h3><p class=\"elementor-image-box-description\">Ao contr\u00e1rio das grandes empresas com pol\u00edtica rigorosa e sistema complicado, temos uma opera\u00e7\u00e3o flex\u00edvel, a fim de ser compat\u00edvel com todos os tipos de estilo de neg\u00f3cio dos clientes e atender a demanda de clientes diferentes em detalhes de coopera\u00e7\u00e3o.<\/p><\/div><\/div>\t\t\t\t<\/div>\n\t\t\t\t<\/div>\n\t\t\t\t<div class=\"elementor-element elementor-element-40c165f elementor-widget__width-initial elementor-absolute elementor-widget elementor-widget-image\" data-id=\"40c165f\" data-element_type=\"widget\" data-settings=\"{&quot;_position&quot;:&quot;absolute&quot;}\" data-widget_type=\"image.default\">\n\t\t\t\t<div class=\"elementor-widget-container\">\n\t\t\t\t\t\t\t\t\t\t\t\t\t\t\t<img decoding=\"async\" width=\"64\" height=\"64\" src=\"https:\/\/www.newsunn.com\/wp-content\/uploads\/2025\/03\/mu.png\" class=\"attachment-large size-large wp-image-3753\" alt=\"\" \/>\t\t\t\t\t\t\t\t\t\t\t\t\t\t\t<\/div>\n\t\t\t\t<\/div>\n\t\t\t\t<\/div>\n\t\t<div class=\"elementor-element elementor-element-80f0918 e-con-full e-flex e-con e-child\" data-id=\"80f0918\" data-element_type=\"container\">\n\t\t\t\t<div class=\"elementor-element elementor-element-d2975da elementor-position-top elementor-widget elementor-widget-image-box\" data-id=\"d2975da\" data-element_type=\"widget\" data-widget_type=\"image-box.default\">\n\t\t\t\t<div class=\"elementor-widget-container\">\n\t\t\t\t\t<div class=\"elementor-image-box-wrapper\"><figure class=\"elementor-image-box-img\"><img decoding=\"async\" width=\"64\" height=\"64\" src=\"https:\/\/www.newsunn.com\/wp-content\/uploads\/2025\/03\/help2-1.png\" class=\"attachment-full size-full wp-image-4096\" alt=\"\" \/><\/figure><div class=\"elementor-image-box-content\"><h3 class=\"elementor-image-box-title\">Profissional internacional Experi\u00eancia de venda<\/h3><p class=\"elementor-image-box-description\">Nossa equipe de vendas tem mais de 8 anos de experi\u00eancia no com\u00e9rcio internacional e tem zero obst\u00e1culos na comunica\u00e7\u00e3o com clientes de todo o mundo. Estamos familiarizados com termos comerciais, transporte e processo de pagamento, e costumes e h\u00e1bitos na maioria dos pa\u00edses. Voc\u00ea vai se sentir f\u00e1cil e confort\u00e1vel para lidar com n\u00f3s.<\/p><\/div><\/div>\t\t\t\t<\/div>\n\t\t\t\t<\/div>\n\t\t\t\t<div class=\"elementor-element elementor-element-8d7c61b elementor-widget__width-initial elementor-absolute elementor-widget elementor-widget-image\" data-id=\"8d7c61b\" data-element_type=\"widget\" data-settings=\"{&quot;_position&quot;:&quot;absolute&quot;}\" data-widget_type=\"image.default\">\n\t\t\t\t<div class=\"elementor-widget-container\">\n\t\t\t\t\t\t\t\t\t\t\t\t\t\t\t<img loading=\"lazy\" decoding=\"async\" width=\"64\" height=\"64\" src=\"https:\/\/www.newsunn.com\/wp-content\/uploads\/2025\/03\/help2-1.png\" class=\"attachment-large size-large wp-image-4096\" alt=\"\" \/>\t\t\t\t\t\t\t\t\t\t\t\t\t\t\t<\/div>\n\t\t\t\t<\/div>\n\t\t\t\t<\/div>\n\t\t<div class=\"elementor-element elementor-element-84f463a e-con-full e-flex e-con e-child\" data-id=\"84f463a\" data-element_type=\"container\">\n\t\t\t\t<div class=\"elementor-element elementor-element-762c39e elementor-position-top elementor-widget elementor-widget-image-box\" data-id=\"762c39e\" data-element_type=\"widget\" data-widget_type=\"image-box.default\">\n\t\t\t\t<div class=\"elementor-widget-container\">\n\t\t\t\t\t<div class=\"elementor-image-box-wrapper\"><figure class=\"elementor-image-box-img\"><img loading=\"lazy\" decoding=\"async\" width=\"64\" height=\"64\" src=\"https:\/\/www.newsunn.com\/wp-content\/uploads\/2025\/03\/light.png\" class=\"attachment-full size-full wp-image-4097\" alt=\"\" \/><\/figure><div class=\"elementor-image-box-content\"><h3 class=\"elementor-image-box-title\">Parceria confi\u00e1vel<\/h3><p class=\"elementor-image-box-description\">N\u00f3s n\u00e3o s\u00f3 lhe damos uma garantia de qualidade, mas tamb\u00e9m manter resolutamente seus segredos de neg\u00f3cios, e proteger suas informa\u00e7\u00f5es confidenciais.<\/p><\/div><\/div>\t\t\t\t<\/div>\n\t\t\t\t<\/div>\n\t\t\t\t<div class=\"elementor-element elementor-element-c30a1a6 elementor-widget__width-initial elementor-absolute elementor-widget elementor-widget-image\" data-id=\"c30a1a6\" data-element_type=\"widget\" data-settings=\"{&quot;_position&quot;:&quot;absolute&quot;}\" data-widget_type=\"image.default\">\n\t\t\t\t<div class=\"elementor-widget-container\">\n\t\t\t\t\t\t\t\t\t\t\t\t\t\t\t<img loading=\"lazy\" decoding=\"async\" width=\"64\" height=\"64\" src=\"https:\/\/www.newsunn.com\/wp-content\/uploads\/2025\/03\/light.png\" class=\"attachment-large size-large wp-image-4097\" alt=\"\" \/>\t\t\t\t\t\t\t\t\t\t\t\t\t\t\t<\/div>\n\t\t\t\t<\/div>\n\t\t\t\t<\/div>\n\t\t\t\t\t<\/div>\n\t\t\t\t<\/div>\n\t\t<div class=\"elementor-element elementor-element-853af1d e-con-full e-flex e-con e-parent\" data-id=\"853af1d\" data-element_type=\"container\">\n\t\t<div class=\"elementor-element elementor-element-b48aed6 e-con-full e-flex e-con e-child\" data-id=\"b48aed6\" data-element_type=\"container\" data-settings=\"{&quot;background_background&quot;:&quot;classic&quot;}\">\n\t\t\t\t<div class=\"elementor-element elementor-element-41ece5a elementor-align-center elementor-widget elementor-widget-button\" data-id=\"41ece5a\" data-element_type=\"widget\" data-widget_type=\"button.default\">\n\t\t\t\t<div class=\"elementor-widget-container\">\n\t\t\t\t\t\t\t\t\t<div class=\"elementor-button-wrapper\">\n\t\t\t\t\t<a class=\"elementor-button elementor-button-link elementor-size-sm\" href=\"\/pt\/contato\/\">\n\t\t\t\t\t\t<span class=\"elementor-button-content-wrapper\">\n\t\t\t\t\t\t\t\t\t<span class=\"elementor-button-text\">entre em contato conosco<\/span>\n\t\t\t\t\t<\/span>\n\t\t\t\t\t<\/a>\n\t\t\t\t<\/div>\n\t\t\t\t\t\t\t\t<\/div>\n\t\t\t\t<\/div>\n\t\t\t\t<\/div>\n\t\t<div class=\"elementor-element elementor-element-134b0c5 e-con-full e-flex e-con e-child\" data-id=\"134b0c5\" data-element_type=\"container\">\n\t\t<div class=\"elementor-element elementor-element-a49e4ce e-con-full e-flex e-con e-child\" data-id=\"a49e4ce\" data-element_type=\"container\">\n\t\t\t\t<div class=\"elementor-element elementor-element-b309a40 elementor-widget elementor-widget-heading\" data-id=\"b309a40\" data-element_type=\"widget\" data-widget_type=\"heading.default\">\n\t\t\t\t<div class=\"elementor-widget-container\">\n\t\t\t\t\t<h2 class=\"elementor-heading-title elementor-size-default\">\u2665 uma loja de paradas para solu\u00e7\u00e3o de fibra \u00f3ptica e acess\u00f3rio de rede<\/h2>\t\t\t\t<\/div>\n\t\t\t\t<\/div>\n\t\t\t\t<div class=\"elementor-element elementor-element-608db54 elementor-widget elementor-widget-text-editor\" data-id=\"608db54\" data-element_type=\"widget\" data-widget_type=\"text-editor.default\">\n\t\t\t\t<div class=\"elementor-widget-container\">\n\t\t\t\t\t\t\t\t\t<p>Como um fabricante de rede de fibra \u00f3ptica l\u00edder, a NEWSUNN tem um processo comprovado para fornecer aos clientes uma solu\u00e7\u00e3o de produ\u00e7\u00e3o abrangente para terminais de fibra \u00f3ptica e conectores de fibra \u00f3ptica. Fa\u00e7a produtos confi\u00e1veis, escal\u00e1veis e adapt\u00e1veis a uma variedade de cen\u00e1rios de aplica\u00e7\u00e3o. Fa\u00e7a a transfer\u00eancia de dados mais r\u00e1pida, mais precisa e leve menos tempo para manter, reparar ou instalar.<\/p>\t\t\t\t\t\t\t\t<\/div>\n\t\t\t\t<\/div>\n\t\t\t\t<\/div>\n\t\t\t\t<\/div>\n\t\t\t\t<\/div>\n\t\t<div class=\"elementor-element elementor-element-f1daefe e-con-full e-flex e-con e-parent\" data-id=\"f1daefe\" data-element_type=\"container\">\n\t\t<div class=\"elementor-element elementor-element-5d49b2a e-con-full e-flex e-con e-child\" data-id=\"5d49b2a\" data-element_type=\"container\">\n\t\t<div class=\"elementor-element elementor-element-9fe6807 e-con-full e-flex e-con e-child\" data-id=\"9fe6807\" data-element_type=\"container\">\n\t\t\t\t<div class=\"elementor-element elementor-element-02f90f8 elementor-widget elementor-widget-heading\" data-id=\"02f90f8\" data-element_type=\"widget\" data-widget_type=\"heading.default\">\n\t\t\t\t<div class=\"elementor-widget-container\">\n\t\t\t\t\t<h2 class=\"elementor-heading-title elementor-size-default\">CNY Big Save para o seu custo de compra<\/h2>\t\t\t\t<\/div>\n\t\t\t\t<\/div>\n\t\t\t\t<div class=\"elementor-element elementor-element-53fa919 elementor-widget elementor-widget-text-editor\" data-id=\"53fa919\" data-element_type=\"widget\" data-widget_type=\"text-editor.default\">\n\t\t\t\t<div class=\"elementor-widget-container\">\n\t\t\t\t\t\t\t\t\t<p>Na solu\u00e7\u00e3o de fabrica\u00e7\u00e3o de fibra, garantimos a melhor rela\u00e7\u00e3o pre\u00e7o\/desempenho para a ordem do produto porque:<\/p><p>Os fabricantes de fibra \u00f3ptica 1.Professional t\u00eam vasta experi\u00eancia de produ\u00e7\u00e3o de fibra e experi\u00eancia, e a capacidade de produ\u00e7\u00e3o em massa. Este \u00e9 tamb\u00e9m o padr\u00e3o para n\u00f3s escolher um fornecedor. Ele garante um pre\u00e7o muito competitivo para os produtos principais.<\/p><p>2. Quando voc\u00ea encomendar nossos v\u00e1rios produtos de fibra \u00f3ptica, podemos ajud\u00e1-lo a economizar em despesas relacionadas com transporte e pagamento.<\/p><p>3. Nossas solu\u00e7\u00f5es de produtos de fibra \u00f3ptica otimizam o processo de negocia\u00e7\u00e3o. Voc\u00ea s\u00f3 precisa se comunicar conosco no processo de pr\u00e9-venda, vendas a m\u00e9dio prazo ou p\u00f3s-venda, o que pode economizar muito tempo e esfor\u00e7o.<\/p>\t\t\t\t\t\t\t\t<\/div>\n\t\t\t\t<\/div>\n\t\t\t\t<\/div>\n\t\t\t\t<\/div>\n\t\t<div class=\"elementor-element elementor-element-f65cf13 e-con-full e-flex e-con e-child\" data-id=\"f65cf13\" data-element_type=\"container\" data-settings=\"{&quot;background_background&quot;:&quot;classic&quot;}\">\n\t\t\t\t<div class=\"elementor-element elementor-element-fb3653f elementor-align-center elementor-widget elementor-widget-button\" data-id=\"fb3653f\" data-element_type=\"widget\" data-widget_type=\"button.default\">\n\t\t\t\t<div class=\"elementor-widget-container\">\n\t\t\t\t\t\t\t\t\t<div class=\"elementor-button-wrapper\">\n\t\t\t\t\t<a class=\"elementor-button elementor-button-link elementor-size-sm\" href=\"\/pt\/contato\/\">\n\t\t\t\t\t\t<span class=\"elementor-button-content-wrapper\">\n\t\t\t\t\t\t\t\t\t<span class=\"elementor-button-text\">entre em contato conosco<\/span>\n\t\t\t\t\t<\/span>\n\t\t\t\t\t<\/a>\n\t\t\t\t<\/div>\n\t\t\t\t\t\t\t\t<\/div>\n\t\t\t\t<\/div>\n\t\t\t\t<\/div>\n\t\t\t\t<\/div>\n\t\t<div class=\"elementor-element elementor-element-b272671 e-con-full e-flex e-con e-parent\" data-id=\"b272671\" data-element_type=\"container\">\n\t\t<div class=\"elementor-element elementor-element-131e95b e-con-full e-flex e-con e-child\" data-id=\"131e95b\" data-element_type=\"container\" data-settings=\"{&quot;background_background&quot;:&quot;classic&quot;}\">\n\t\t\t\t<div class=\"elementor-element elementor-element-539007e elementor-align-center elementor-widget elementor-widget-button\" data-id=\"539007e\" data-element_type=\"widget\" data-widget_type=\"button.default\">\n\t\t\t\t<div class=\"elementor-widget-container\">\n\t\t\t\t\t\t\t\t\t<div class=\"elementor-button-wrapper\">\n\t\t\t\t\t<a class=\"elementor-button elementor-button-link elementor-size-sm\" href=\"\/pt\/contato\/\">\n\t\t\t\t\t\t<span class=\"elementor-button-content-wrapper\">\n\t\t\t\t\t\t\t\t\t<span class=\"elementor-button-text\">entre em contato conosco<\/span>\n\t\t\t\t\t<\/span>\n\t\t\t\t\t<\/a>\n\t\t\t\t<\/div>\n\t\t\t\t\t\t\t\t<\/div>\n\t\t\t\t<\/div>\n\t\t\t\t<\/div>\n\t\t<div class=\"elementor-element elementor-element-7ce6be7 e-con-full e-flex e-con e-child\" data-id=\"7ce6be7\" data-element_type=\"container\">\n\t\t<div class=\"elementor-element elementor-element-3f425e2 e-con-full e-flex e-con e-child\" data-id=\"3f425e2\" data-element_type=\"container\">\n\t\t\t\t<div class=\"elementor-element elementor-element-f333976 elementor-widget elementor-widget-heading\" data-id=\"f333976\" data-element_type=\"widget\" data-widget_type=\"heading.default\">\n\t\t\t\t<div class=\"elementor-widget-container\">\n\t\t\t\t\t<h2 class=\"elementor-heading-title elementor-size-default\">CNY Resposta e Entrega Prompt<\/h2>\t\t\t\t<\/div>\n\t\t\t\t<\/div>\n\t\t\t\t<div class=\"elementor-element elementor-element-cdc8aa0 elementor-widget elementor-widget-text-editor\" data-id=\"cdc8aa0\" data-element_type=\"widget\" data-widget_type=\"text-editor.default\">\n\t\t\t\t<div class=\"elementor-widget-container\">\n\t\t\t\t\t\t\t\t\t<p>Para consulta on-line sobre produtos de fibra \u00f3ptica, responderemos ao seu inqu\u00e9rito geral dentro de 24 horas. Em casos urgentes, prestaremos especial aten\u00e7\u00e3o e tentaremos responder no momento mais cedo. Por chat online, podemos dar-lhe uma resposta instant\u00e2nea \u00e0 sua pergunta. Nosso tempo m\u00e9dio de entrega \u00e9 de 10 dias \u00fateis. Tamb\u00e9m podemos acelerar a produ\u00e7\u00e3o em uma base urgente, a fim de cumprir sua programa\u00e7\u00e3o.<\/p>\t\t\t\t\t\t\t\t<\/div>\n\t\t\t\t<\/div>\n\t\t\t\t<\/div>\n\t\t\t\t<\/div>\n\t\t\t\t<\/div>\n\t\t\t\t<\/div>","protected":false},"excerpt":{"rendered":"<p>Opera\u00e7\u00e3o flex\u00edvel Ao contr\u00e1rio das grandes empresas com pol\u00edtica rigorosa e sistema complicado, temos uma opera\u00e7\u00e3o flex\u00edvel, a fim de ser compat\u00edvel com todos os tipos de estilo de neg\u00f3cio dos clientes e atender a demanda de clientes diferentes em detalhes de coopera\u00e7\u00e3o. Experi\u00eancia profissional de venda internacional Nossa equipe de vendas tem mais de 8 anos de experi\u00eancia no com\u00e9rcio internacional e [...]<\/p>","protected":false},"author":1,"featured_media":0,"parent":0,"menu_order":0,"comment_status":"closed","ping_status":"closed","template":"","meta":{"footnotes":""},"class_list":["post-3738","page","type-page","status-publish","hentry"],"_links":{"self":[{"href":"https:\/\/www.newsunn.com\/pt\/wp-json\/wp\/v2\/pages\/3738","targetHints":{"allow":["GET"]}}],"collection":[{"href":"https:\/\/www.newsunn.com\/pt\/wp-json\/wp\/v2\/pages"}],"about":[{"href":"https:\/\/www.newsunn.com\/pt\/wp-json\/wp\/v2\/types\/page"}],"author":[{"embeddable":true,"href":"https:\/\/www.newsunn.com\/pt\/wp-json\/wp\/v2\/users\/1"}],"replies":[{"embeddable":true,"href":"https:\/\/www.newsunn.com\/pt\/wp-json\/wp\/v2\/comments?post=3738"}],"version-history":[{"count":52,"href":"https:\/\/www.newsunn.com\/pt\/wp-json\/wp\/v2\/pages\/3738\/revisions"}],"predecessor-version":[{"id":4116,"href":"https:\/\/www.newsunn.com\/pt\/wp-json\/wp\/v2\/pages\/3738\/revisions\/4116"}],"wp:attachment":[{"href":"https:\/\/www.newsunn.com\/pt\/wp-json\/wp\/v2\/media?parent=3738"}],"curies":[{"name":"wp","href":"https:\/\/api.w.org\/{rel}","templated":true}]}}