{"id":3735,"date":"2025-03-10T10:15:27","date_gmt":"2025-03-10T02:15:27","guid":{"rendered":"http:\/\/www.niusheng.globaldeepsea.site\/?page_id=3735"},"modified":"2025-03-11T11:15:45","modified_gmt":"2025-03-11T03:15:45","slug":"sobre-nos","status":"publish","type":"page","link":"https:\/\/www.newsunn.com\/pt\/sobre-nos\/","title":{"rendered":"sobre n\u00f3s"},"content":{"rendered":"<div data-elementor-type=\"wp-page\" data-elementor-id=\"3735\" class=\"elementor elementor-3735\" data-elementor-post-type=\"page\">\n\t\t\t\t<div class=\"elementor-element elementor-element-97a9bf0 e-flex e-con-boxed e-con e-parent\" data-id=\"97a9bf0\" data-element_type=\"container\" data-settings=\"{&quot;background_background&quot;:&quot;classic&quot;}\">\n\t\t\t\t\t<div class=\"e-con-inner\">\n\t\t\t\t<div class=\"elementor-element elementor-element-4aba42e elementor-widget elementor-widget-heading\" data-id=\"4aba42e\" data-element_type=\"widget\" data-widget_type=\"heading.default\">\n\t\t\t\t<div class=\"elementor-widget-container\">\n\t\t\t\t\t<h1 class=\"elementor-heading-title elementor-size-default\">sobre n\u00f3s<\/h1>\t\t\t\t<\/div>\n\t\t\t\t<\/div>\n\t\t\t\t\t<\/div>\n\t\t\t\t<\/div>\n\t\t<div class=\"elementor-element elementor-element-d2e655b e-flex e-con-boxed e-con e-parent\" data-id=\"d2e655b\" data-element_type=\"container\">\n\t\t\t\t\t<div class=\"e-con-inner\">\n\t\t<div class=\"elementor-element elementor-element-a54f486 e-con-full e-flex e-con e-child\" data-id=\"a54f486\" data-element_type=\"container\">\n\t\t\t\t<div class=\"elementor-element elementor-element-e3cf012 elementor-position-top elementor-widget elementor-widget-image-box\" data-id=\"e3cf012\" data-element_type=\"widget\" data-widget_type=\"image-box.default\">\n\t\t\t\t<div class=\"elementor-widget-container\">\n\t\t\t\t\t<div class=\"elementor-image-box-wrapper\"><figure class=\"elementor-image-box-img\"><img decoding=\"async\" width=\"64\" height=\"64\" src=\"https:\/\/www.newsunn.com\/wp-content\/uploads\/2025\/03\/mu.png\" class=\"attachment-full size-full wp-image-3753\" alt=\"\" \/><\/figure><div class=\"elementor-image-box-content\"><h3 class=\"elementor-image-box-title\">Opera\u00e7\u00e3o flex\u00edvel<\/h3><p class=\"elementor-image-box-description\">Ao contr\u00e1rio das grandes empresas com pol\u00edtica rigorosa e sistema complicado, temos uma opera\u00e7\u00e3o flex\u00edvel, a fim de ser compat\u00edvel com todos os tipos de estilo de neg\u00f3cio dos clientes e atender a demanda de clientes diferentes em detalhes de coopera\u00e7\u00e3o.<\/p><\/div><\/div>\t\t\t\t<\/div>\n\t\t\t\t<\/div>\n\t\t\t\t<div class=\"elementor-element elementor-element-f4e9bb6 elementor-widget__width-initial elementor-absolute elementor-widget elementor-widget-image\" data-id=\"f4e9bb6\" data-element_type=\"widget\" data-settings=\"{&quot;_position&quot;:&quot;absolute&quot;}\" data-widget_type=\"image.default\">\n\t\t\t\t<div class=\"elementor-widget-container\">\n\t\t\t\t\t\t\t\t\t\t\t\t\t\t\t<img decoding=\"async\" width=\"64\" height=\"64\" src=\"https:\/\/www.newsunn.com\/wp-content\/uploads\/2025\/03\/mu.png\" class=\"attachment-large size-large wp-image-3753\" alt=\"\" \/>\t\t\t\t\t\t\t\t\t\t\t\t\t\t\t<\/div>\n\t\t\t\t<\/div>\n\t\t\t\t<\/div>\n\t\t<div class=\"elementor-element elementor-element-3644084 e-con-full e-flex e-con e-child\" data-id=\"3644084\" data-element_type=\"container\">\n\t\t\t\t<div class=\"elementor-element elementor-element-a97b24d elementor-position-top elementor-widget elementor-widget-image-box\" data-id=\"a97b24d\" data-element_type=\"widget\" data-widget_type=\"image-box.default\">\n\t\t\t\t<div class=\"elementor-widget-container\">\n\t\t\t\t\t<div class=\"elementor-image-box-wrapper\"><figure class=\"elementor-image-box-img\"><img decoding=\"async\" width=\"64\" height=\"64\" src=\"https:\/\/www.newsunn.com\/wp-content\/uploads\/2025\/03\/mu.png\" class=\"attachment-full size-full wp-image-3753\" alt=\"\" \/><\/figure><div class=\"elementor-image-box-content\"><h3 class=\"elementor-image-box-title\">Profissional internacional Experi\u00eancia de venda<\/h3><p class=\"elementor-image-box-description\">Nossa equipe de vendas tem mais de 8 anos de experi\u00eancia no com\u00e9rcio internacional e tem zero obst\u00e1culos na comunica\u00e7\u00e3o com clientes de todo o mundo. Estamos familiarizados com termos comerciais, transporte e processo de pagamento, e costumes e h\u00e1bitos na maioria dos pa\u00edses. Voc\u00ea vai se sentir f\u00e1cil e confort\u00e1vel para lidar com n\u00f3s.<\/p><\/div><\/div>\t\t\t\t<\/div>\n\t\t\t\t<\/div>\n\t\t\t\t<div class=\"elementor-element elementor-element-d7c3009 elementor-widget__width-initial elementor-absolute elementor-widget elementor-widget-image\" data-id=\"d7c3009\" data-element_type=\"widget\" data-settings=\"{&quot;_position&quot;:&quot;absolute&quot;}\" data-widget_type=\"image.default\">\n\t\t\t\t<div class=\"elementor-widget-container\">\n\t\t\t\t\t\t\t\t\t\t\t\t\t\t\t<img decoding=\"async\" width=\"64\" height=\"64\" src=\"https:\/\/www.newsunn.com\/wp-content\/uploads\/2025\/03\/mu.png\" class=\"attachment-large size-large wp-image-3753\" alt=\"\" \/>\t\t\t\t\t\t\t\t\t\t\t\t\t\t\t<\/div>\n\t\t\t\t<\/div>\n\t\t\t\t<\/div>\n\t\t<div class=\"elementor-element elementor-element-98a225c e-con-full e-flex e-con e-child\" data-id=\"98a225c\" data-element_type=\"container\">\n\t\t\t\t<div class=\"elementor-element elementor-element-b3cba9f elementor-position-top elementor-widget elementor-widget-image-box\" data-id=\"b3cba9f\" data-element_type=\"widget\" data-widget_type=\"image-box.default\">\n\t\t\t\t<div class=\"elementor-widget-container\">\n\t\t\t\t\t<div class=\"elementor-image-box-wrapper\"><figure class=\"elementor-image-box-img\"><img decoding=\"async\" width=\"64\" height=\"64\" src=\"https:\/\/www.newsunn.com\/wp-content\/uploads\/2025\/03\/mu.png\" class=\"attachment-full size-full wp-image-3753\" alt=\"\" \/><\/figure><div class=\"elementor-image-box-content\"><h3 class=\"elementor-image-box-title\">Parceria confi\u00e1vel<\/h3><p class=\"elementor-image-box-description\">N\u00f3s n\u00e3o s\u00f3 lhe damos uma garantia de qualidade, mas tamb\u00e9m manter resolutamente seus segredos de neg\u00f3cios, e proteger suas informa\u00e7\u00f5es confidenciais.<\/p><\/div><\/div>\t\t\t\t<\/div>\n\t\t\t\t<\/div>\n\t\t\t\t<div class=\"elementor-element elementor-element-2167921 elementor-widget__width-initial elementor-absolute elementor-widget elementor-widget-image\" data-id=\"2167921\" data-element_type=\"widget\" data-settings=\"{&quot;_position&quot;:&quot;absolute&quot;}\" data-widget_type=\"image.default\">\n\t\t\t\t<div class=\"elementor-widget-container\">\n\t\t\t\t\t\t\t\t\t\t\t\t\t\t\t<img decoding=\"async\" width=\"64\" height=\"64\" src=\"https:\/\/www.newsunn.com\/wp-content\/uploads\/2025\/03\/mu.png\" class=\"attachment-large size-large wp-image-3753\" alt=\"\" \/>\t\t\t\t\t\t\t\t\t\t\t\t\t\t\t<\/div>\n\t\t\t\t<\/div>\n\t\t\t\t<\/div>\n\t\t\t\t\t<\/div>\n\t\t\t\t<\/div>\n\t\t\t\t<\/div>","protected":false},"excerpt":{"rendered":"<p>Opera\u00e7\u00e3o flex\u00edvel Ao contr\u00e1rio das grandes empresas com pol\u00edtica rigorosa e sistema complicado, temos uma opera\u00e7\u00e3o flex\u00edvel, a fim de ser compat\u00edvel com todos os tipos de estilo de neg\u00f3cio dos clientes e atender a demanda de clientes diferentes em detalhes de coopera\u00e7\u00e3o. Experi\u00eancia profissional de venda internacional Nossa equipe de vendas tem mais de 8 anos de experi\u00eancia no com\u00e9rcio internacional e [...]<\/p>","protected":false},"author":1,"featured_media":0,"parent":0,"menu_order":0,"comment_status":"closed","ping_status":"closed","template":"","meta":{"footnotes":""},"class_list":["post-3735","page","type-page","status-publish","hentry"],"_links":{"self":[{"href":"https:\/\/www.newsunn.com\/pt\/wp-json\/wp\/v2\/pages\/3735","targetHints":{"allow":["GET"]}}],"collection":[{"href":"https:\/\/www.newsunn.com\/pt\/wp-json\/wp\/v2\/pages"}],"about":[{"href":"https:\/\/www.newsunn.com\/pt\/wp-json\/wp\/v2\/types\/page"}],"author":[{"embeddable":true,"href":"https:\/\/www.newsunn.com\/pt\/wp-json\/wp\/v2\/users\/1"}],"replies":[{"embeddable":true,"href":"https:\/\/www.newsunn.com\/pt\/wp-json\/wp\/v2\/comments?post=3735"}],"version-history":[{"count":4,"href":"https:\/\/www.newsunn.com\/pt\/wp-json\/wp\/v2\/pages\/3735\/revisions"}],"predecessor-version":[{"id":4062,"href":"https:\/\/www.newsunn.com\/pt\/wp-json\/wp\/v2\/pages\/3735\/revisions\/4062"}],"wp:attachment":[{"href":"https:\/\/www.newsunn.com\/pt\/wp-json\/wp\/v2\/media?parent=3735"}],"curies":[{"name":"wp","href":"https:\/\/api.w.org\/{rel}","templated":true}]}}