{"id":3379,"date":"2025-03-06T14:00:04","date_gmt":"2025-03-06T06:00:04","guid":{"rendered":"http:\/\/www.niusheng.globaldeepsea.site\/?post_type=product&#038;p=3379"},"modified":"2026-04-24T13:59:44","modified_gmt":"2026-04-24T05:59:44","slug":"8f-fiber-splitter-termination-box-nstb-ps-108","status":"publish","type":"product","link":"https:\/\/www.newsunn.com\/ko\/product\/8f-fiber-splitter-termination-box-nstb-ps-108\/","title":{"rendered":"8F \ud30c\uc774\ubc84 \uc2a4\ud50c\ub9ac\ud130 \uc885\ub2e8 \ubc15\uc2a4 NSTB-PS-108"},"content":{"rendered":"<div class=\"pro-box-border\">\n<div class=\"vc_row wpb_row vc_row-fluid\">\n<div class=\"wpb_column vc_column_container vc_col-sm-6\">\n<div class=\"vc_column-inner\">\n<div class=\"wpb_wrapper\">\n<div class=\"wpb_text_column wpb_content_element\">\n<div class=\"wpb_wrapper\">\n<p>[Tribulant_Slideshow Gallery_id =\u201d22 \u2033]<\/p>\n<\/div>\n<\/div>\n<\/div>\n<\/div>\n<\/div>\n<div class=\"wpb_column vc_column_container vc_col-sm-6\">\n<div class=\"vc_column-inner\">\n<div class=\"wpb_wrapper\">\n<div class=\"wpb_text_column wpb_content_element\">\n<div class=\"wpb_wrapper\">\n<\/div>\n<\/div>\n<\/div>\n<\/div>\n<\/div>\n<\/div>\n<div class=\"vc_row wpb_row vc_row-fluid\">\n<div class=\"wpb_column vc_column_container vc_col-sm-12\">\n<div class=\"vc_column-inner\">\n<div class=\"wpb_wrapper\">\n<div class=\"wpb_text_column wpb_content_element\">\n<div class=\"wpb_wrapper\">\n<h1 class=\"p_con_01\">8F \ud30c\uc774\ubc84 \uc2a4\ud50c\ub9ac\ud130 \uc885\ub8cc \uc0c1\uc790 \uc2e4\uc678\/\uc2e4\ub0b4<\/h1>\n<div class=\"p_con_01\"><\/div>\n<div class=\"p_con_01\"><strong>\uc124\uba85<\/strong><\/div>\n<div class=\"p_con_01\"><\/div>\n<div class=\"p_con_01\">\ud30c\uc774\ubc84 \uc2a4\ud50c\ub9ac\ud130 \uc885\ub8cc \ubc15\uc2a4 \uc2dc\ub9ac\uc988\ub294 FTTH \ud504\ub85c\uc81d\ud2b8\uc5d0 \uc801\uc6a9 \uac00\ub2a5\ud558\uba70 \uac74\ubb3c\uc758 \uc678\ubcbd \uc801\uc6a9\uc5d0 \uc801\ud569\ud569\ub2c8\ub2e4. \uc2a4\ud50c\ub9ac\ud130\ub97c \uc124\uce58 \ud55c \ud6c4 \ucf00\uc774\ube14\uc744 \ubc30\ud3ec \ud560 \uc218 \uc788\uc73c\uba70 \uc9c1\uc811 \ub610\ub294 \uad50\ucc28 \uc5f0\uacb0\uc744 \ud1b5\ud574 \ub8f8 \uad11\uc12c\uc720 \ucf00\uc774\ube14\uc744 \ub04c\uc5b4\ub4e4\uc77c \uc218\ub3c4 \uc788\uc2b5\ub2c8\ub2e4. \uadf8\uac83\ub4e4\uc740 \uae30\uacc4\uc801 \uc2a4\ud50c \ub77c\uc774\uc2a4, \ud4e8\uc804 \uc2a4\ud50c \ub77c\uc774\uc2a4, \ub77c\uc774\ud2b8 \ubd84\ud560, \ubc30\uc120 \ubd84\ud3ec \ub4f1\uc758 \uae30\ub2a5\uc744 \uac16\uc2b5\ub2c8\ub2e4.<\/div>\n<p>\u00a0<\/p>\n<p><strong>\ud2b9\uc9d5<\/strong><\/p>\n<ul>\n<li>\uc2e4\uc678\/\uc2e4\ub0b4, \ubcbd \ubc0f \uadf9 \uc7a5\ucc29\uc5d0 \uc801\uc6a9\ub429\ub2c8\ub2e4.<\/li>\n<li>\uc7ac\ub8cc : \uace0\ud488\uc9c8 ABS \ud50c\ub77c\uc2a4\ud2f1. UV \ubc0f \ubc29\uc218.<\/li>\n<li>\ubbf8\ub2c8 PLC \uc2a4\ud50c\ub9ac\ud130 1 \u00d7 4 \ubc0f 1 \u00d7 8\uc744 \uc218\uc6a9 \ud560 \uc218 \uc788\uc2b5\ub2c8\ub2e4.<\/li>\n<li>\ucd5c\ub300 8 \uac1c\uc758 \ucf00\uc774\ube14, 2 \uac1c\uc758 \uc778\ub81b \ubc0f 8 \uac1c\uc758 \ub9e4\uc7a5.<\/li>\n<li>\uc7a0\uae08 \uad6c\uc870\ub294 \uc548\uc804\uc131\uacfc \ud3b8\uc758\ub97c \uc81c\uacf5\ud569\ub2c8\ub2e4.<\/li>\n<li>\uc12c\uc720 \uc2a4\ud50c \ub77c\uc774\uc2a4 \ubc0f \uc2a4\ud1a0\ub9ac\uc9c0\ub97c\uc704\ud55c \ud569\ub9ac\uc801\uc778 \uacf5\uac04.<\/li>\n<\/ul>\n<\/div>\n<\/div>\n<div class=\"wpb_text_column wpb_content_element\">\n<div class=\"wpb_wrapper\">\n<p><strong>\uc0ac\uc591<\/strong><\/p>\n<\/div>\n<\/div>\n<div class=\"wpb_text_column wpb_content_element\">\n<div class=\"wpb_wrapper\">\n<table width=\"804\">\n<tbody>\n<tr>\n<td width=\"402\">\ubaa8\ub378 \ubc88\ud638<\/td>\n<td width=\"402\">NSTB-PS-108<\/td>\n<\/tr>\n<tr>\n<td width=\"402\">\uce58\uc218 (L \u00d7 W \u00d7 H)<\/td>\n<td width=\"402\">181x45x207mm<\/td>\n<\/tr>\n<tr>\n<td width=\"402\">\uccb4\uc911 (\ucd1d)<\/td>\n<td width=\"402\">0.9kg<\/td>\n<\/tr>\n<tr>\n<td width=\"402\">\uc5b4\ub311\ud130 \uc720\ud615<\/td>\n<td width=\"402\">SC, ST, FC, LC<\/td>\n<\/tr>\n<tr>\n<td width=\"402\">\uc2a4\ud50c\ub9ac\ud130 \uc720\ud615<\/td>\n<td width=\"402\">\ubbf8\ub2c8 \uc2a4\ud50c\ub9ac\ud130 1 \u00d7 4, 1 \u00d7 8, 2 \u00d7 4, 2 \u00d7 8<\/td>\n<\/tr>\n<tr>\n<td width=\"402\">\ucd5c\ub300 \uc2a4\ud50c\ub9ac\ud130 \ube44\uc728<\/td>\n<td width=\"402\">1:8<\/td>\n<\/tr>\n<tr>\n<td width=\"402\">\ucd5c\ub300 \uc6a9\ub7c9 (F)<\/td>\n<td width=\"402\">8<\/td>\n<\/tr>\n<\/tbody>\n<\/table>\n<\/div>\n<\/div>\n<\/div>\n<\/div>\n<\/div>\n<\/div>\n<\/div>","protected":false},"excerpt":{"rendered":"<p>PLC \uc2a4\ud50c\ub9ac\ud130 \ubd84\ubc30 \ubc15\uc2a4 \uc2dc\ub9ac\uc988\ub294 FTTH \ud504\ub85c\uc81d\ud2b8\uc5d0 \uc801\uc6a9 \uac00\ub2a5\ud558\uba70 \uac74\ubb3c\uc758 \uc678\ubcbd \uc801\uc6a9\uc5d0 \uc801\ud569\ud569\ub2c8\ub2e4. \uc2a4\ud50c\ub9ac\ud130\ub97c \uc124\uce58 \ud55c \ud6c4 \ucf00\uc774\ube14\uc744 \ubc30\ud3ec \ud560 \uc218 \uc788\uc73c\uba70 \uc9c1\uc811 \ub610\ub294 \uad50\ucc28 \uc5f0\uacb0\uc744 \ud1b5\ud574 \ub8f8 \uad11\uc12c\uc720 \ucf00\uc774\ube14\uc744 \ub04c\uc5b4\ub4e4\uc77c \uc218\ub3c4 \uc788\uc2b5\ub2c8\ub2e4. <\/p>","protected":false},"featured_media":3049,"comment_status":"open","ping_status":"closed","template":"","meta":[],"product_brand":[],"product_cat":[87],"product_tag":[],"class_list":{"0":"post-3379","1":"product","2":"type-product","3":"status-publish","4":"has-post-thumbnail","6":"product_cat-plastic-terminal-box","8":"first","9":"instock","10":"shipping-taxable","11":"product-type-simple"},"_links":{"self":[{"href":"https:\/\/www.newsunn.com\/ko\/wp-json\/wp\/v2\/product\/3379","targetHints":{"allow":["GET"]}}],"collection":[{"href":"https:\/\/www.newsunn.com\/ko\/wp-json\/wp\/v2\/product"}],"about":[{"href":"https:\/\/www.newsunn.com\/ko\/wp-json\/wp\/v2\/types\/product"}],"replies":[{"embeddable":true,"href":"https:\/\/www.newsunn.com\/ko\/wp-json\/wp\/v2\/comments?post=3379"}],"version-history":[{"count":0,"href":"https:\/\/www.newsunn.com\/ko\/wp-json\/wp\/v2\/product\/3379\/revisions"}],"wp:featuredmedia":[{"embeddable":true,"href":"https:\/\/www.newsunn.com\/ko\/wp-json\/wp\/v2\/media\/3049"}],"wp:attachment":[{"href":"https:\/\/www.newsunn.com\/ko\/wp-json\/wp\/v2\/media?parent=3379"}],"wp:term":[{"taxonomy":"product_brand","embeddable":true,"href":"https:\/\/www.newsunn.com\/ko\/wp-json\/wp\/v2\/product_brand?post=3379"},{"taxonomy":"product_cat","embeddable":true,"href":"https:\/\/www.newsunn.com\/ko\/wp-json\/wp\/v2\/product_cat?post=3379"},{"taxonomy":"product_tag","embeddable":true,"href":"https:\/\/www.newsunn.com\/ko\/wp-json\/wp\/v2\/product_tag?post=3379"}],"curies":[{"name":"wp","href":"https:\/\/api.w.org\/{rel}","templated":true}]}}