{"id":3335,"date":"2025-03-06T13:59:54","date_gmt":"2025-03-06T05:59:54","guid":{"rendered":"http:\/\/www.niusheng.globaldeepsea.site\/?post_type=product&#038;p=3335"},"modified":"2026-04-24T14:00:00","modified_gmt":"2026-04-24T06:00:00","slug":"plc-splitter-cabinet-with-1u-19-rack-mount-box","status":"publish","type":"product","link":"https:\/\/www.newsunn.com\/ko\/product\/plc-splitter-cabinet-with-1u-19-rack-mount-box\/","title":{"rendered":"1U 19 \ub799 \ub9c8\uc6b4\ud2b8 \ubc15\uc2a4\uac00\uc788\ub294 PLC \uc2a4\ud50c\ub9ac\ud130 \uce90\ube44\ub2db"},"content":{"rendered":"<div class=\"pro-box-border\">\n<div class=\"vc_row wpb_row vc_row-fluid\">\n<div class=\"wpb_column vc_column_container vc_col-sm-6\">\n<div class=\"vc_column-inner\">\n<div class=\"wpb_wrapper\">\n<div class=\"wpb_text_column wpb_content_element\">\n<div class=\"wpb_wrapper\">\n<p>[Tribulant_Slideshow Gallery_id =\u201d6 \u2033]<\/p>\n<\/div>\n<\/div>\n<\/div>\n<\/div>\n<\/div>\n<div class=\"wpb_column vc_column_container vc_col-sm-6\">\n<div class=\"vc_column-inner\">\n<div class=\"wpb_wrapper\">\n<div class=\"wpb_text_column wpb_content_element\">\n<div class=\"wpb_wrapper\">\n<\/div>\n<\/div>\n<\/div>\n<\/div>\n<\/div>\n<\/div>\n<div class=\"vc_row wpb_row vc_row-fluid\">\n<div class=\"wpb_column vc_column_container vc_col-sm-12\">\n<div class=\"vc_column-inner\">\n<div class=\"wpb_wrapper\">\n<div class=\"wpb_text_column wpb_content_element\">\n<div class=\"wpb_wrapper\">\n<p><strong>\uc560\ud50c\ub9ac\ucf00\uc774\uc158<\/strong><\/p>\n<ul>\n<li>\ud3ec\uc778\ud2b8\uc5d0 \ub300\ud55c \uc12c\uc720 (FTTX)<\/li>\n<li>\uc9d1\uc73c\ub85c \uc12c\uc720 (ftth)<\/li>\n<li>\uc218\ub3d9 \uad11\ud559 \ub124\ud2b8\uc6cc\ud06c (Pon, Gepon)<\/li>\n<li>\uc9c0\uc5ed \uc9c0\uc5ed \ub124\ud2b8\uc6cc\ud06c (LAN)<\/li>\n<li>\ucf00\uc774\ube14 \ud154\ub808\ube44\uc804 (CATV)<\/li>\n<li>\ud14c\uc2a4\ud2b8 \uc7a5\ube44<\/li>\n<\/ul>\n<\/div>\n<\/div>\n<div class=\"wpb_text_column wpb_content_element\">\n<div class=\"wpb_wrapper\">\n<p><strong>\ud2b9\uc9d5<\/strong><\/p>\n<ul>\n<li>FC, SC, ST, LC \uc5b4\ub311\ud130\ub97c \uc124\uce58\ud558\ub824\uba74 \ucd5c\ub300 2*32\uae4c\uc9c0 \uc0ac\uc6a9\ud560 \uc218 \uc788\uc2b5\ub2c8\ub2e4<\/li>\n<li>\uc815\uc804\uae30 \uc2a4\ud504\ub808\uc774\uac00\uc788\ub294 \ucf5c\ub4dc \ub864\ub9c1 \uc2a4\ud2f8 \uc2dc\ud2b8\ub85c \uc81c\uc791 \ub41c 19 \uc778\uce58 \ud45c\uc900 \uad6c\uc870<\/li>\n<li>\ub0ae\uc740 \uc0bd\uc785 \uc190\uc2e4, \ub0ae\uc740 \ud3b8\uad11 \uc190\uc2e4<\/li>\n<li>\ub192\uc740 \uc548\uc815\uc131\uacfc \uc2e0\ub8b0\uc131<\/li>\n<\/ul>\n<\/div>\n<\/div>\n<\/div>\n<\/div>\n<\/div>\n<\/div>\n<div class=\"vc_row wpb_row vc_row-fluid\">\n<div class=\"wpb_column vc_column_container vc_col-sm-12\">\n<div class=\"vc_column-inner\">\n<div class=\"wpb_wrapper\">\n<div class=\"wpb_text_column wpb_content_element\">\n<div class=\"wpb_wrapper\">\n<p><strong>\ucc28\uc6d0<\/strong><\/p>\n<\/div>\n<\/div>\n<\/div>\n<\/div>\n<\/div>\n<\/div>\n<div class=\"vc_row wpb_row vc_row-fluid\">\n<div class=\"wpb_column vc_column_container vc_col-sm-12\">\n<div class=\"vc_column-inner\">\n<div class=\"wpb_wrapper\">\n<div class=\"wpb_single_image wpb_content_element vc_align_left\">\n<figure class=\"wpb_wrapper vc_figure\">\n<div class=\"vc_single_image-wrapper vc_box_border_grey\"><img fetchpriority=\"high\" alt=\"\ub799 \ub3c4\uba74\" class=\"vc_single_image-img attachment-large\" decoding=\"async\" height=\"312\" sizes=\"(max-width: 474px) 100vw, 474px\" src=\"http:\/\/www.niusheng.globaldeepsea.site\/wp-content\/uploads\/2025\/03\/40ac46c7a6afcdccfa7877260665a0f3.jpg\" srcset=\"https:\/\/niusheng.gg13.globaldeepsea.site\/wp-content\/uploads\/2015\/10\/rack-drawing.jpg 492w, https:\/\/niusheng.gg13.globaldeepsea.site\/wp-content\/uploads\/2015\/10\/rack-drawing-300x198.jpg 300w\" width=\"474\"\/><\/div>\n<\/figure>\n<\/div>\n<div class=\"wpb_text_column wpb_content_element\">\n<div class=\"wpb_wrapper\">\n<p><strong>\uc8fc\ubb38 \uc815\ubcf4<\/strong><\/p>\n<p><strong>NewsUnn\uc740 \ud2b9\uc815 \uc751\uc6a9 \ud504\ub85c\uadf8\ub7a8\uc5d0 \ub9de\uac8c \uc870\uc815 \ub41c 1xN \ubc0f 2XN \uc2a4\ud50c\ub9ac\ud130 \uc2dc\ub9ac\uc988\ub97c \uc81c\uacf5\ud569\ub2c8\ub2e4.<\/strong><br \/>\nA.1 \u00d7 2, 1 \u00d7 4, 1 \u00d7 8, 1 \u00d7 16,1 \u00d7 32, 2 \u00d7 2, 2 \u00d7 4, 2 \u00d7 8, 2 \u00d7 16, 2 \u00d7 32, \uc2a4\ud50c\ub9ac\ud130 \ubc84\uc804\uc744 \uc0ac\uc6a9\ud560 \uc218 \uc788\uc2b5\ub2c8\ub2e4.<br \/>\n\ube44. SC\/UPC, FC\/UPC, LC\/UPC, SC\/APC, FC\/APC, LC\/APC \ucee4\ub125\ud130 \ub610\ub294 \uc6d0\ud558\ub294\ub300\ub85c \ucee4\ub125\ud130\ub97c \uc120\ud0dd\ud560 \uc218 \uc5c6\uc2b5\ub2c8\ub2e4.<br \/>\n\uae30\uc74c. \uc785\ub825 \ubc0f \ucd9c\ub825 \uc12c\uc720 \uc720\ud615\uc758 \uacbd\uc6b0 0.9, 2.0, 3.0mm.<br \/>\n\ub514. \ud53c\uadf8 \ud14c\uc77c\uc758 \uae38\uc774\ub3c4 \uc0ac\uc6a9\uc790 \uc815\uc758 \ud560 \uc218 \uc788\uc2b5\ub2c8\ub2e4. \uc77c\ubc18\uc801\uc73c\ub85c \uc6b0\ub9ac\ub294 1.5m\ub97c \uc81c\uacf5\ud569\ub2c8\ub2e4. \uc790\uc138\ud55c \ub0b4\uc6a9\uc740 \uc800\ud76c\uc5d0\uac8c \uc5f0\ub77d\ud558\uc2ed\uc2dc\uc624.<\/p>\n<\/div>\n<\/div>\n<\/div>\n<\/div>\n<\/div>\n<\/div>\n<\/div>","protected":false},"excerpt":{"rendered":"<p>[tribulant_slideshow gallery_id =\u201d6 \u2033] \uc751\uc6a9 \ubd84\uc57c\uc5d0\uc11c \ud3ec\uc778\ud2b8 (FTTX) \uad11\uc12c\uc720\uc5d0 \ub300\ud55c \uad11\uc12c\uc720 (FTTH) \uc218\ub3d9 \uad11\ud559 \ub124\ud2b8\uc6cc\ud06c (PON, GEPON) \ub85c\uceec \uc9c0\uc5ed \ub124\ud2b8\uc6cc\ud06c (LAN) \ucf00\uc774\ube14 TV (CATV) \ud14c\uc2a4\ud2b8 \uc7a5\ube44 (CATV) \ud14c\uc2a4\ud2b8 \uc7a5\ube44\ub294 FC, SC, ST, LC ADAPTERS\ub97c \uc124\uce58\ud558\uae30 \uc704\ud574 \ucd5c\ub300 2*32\uae4c\uc9c0 \uc774\uc6a9\ud560 \uc218 \uc788\uc2b5\ub2c8\ub2e4. \uc190\uc2e4, \ub0ae\uc740 \ud3b8\uad11 \uc190\uc2e4 \ub192\uc740 \uc548\uc815\uc131 \ubc0f \uc2e0\ub8b0\uc131 [\u2026]<\/p>","protected":false},"featured_media":2958,"comment_status":"open","ping_status":"closed","template":"","meta":[],"product_brand":[],"product_cat":[72],"product_tag":[],"class_list":{"0":"post-3335","1":"product","2":"type-product","3":"status-publish","4":"has-post-thumbnail","6":"product_cat-plc-splitters","8":"first","9":"instock","10":"shipping-taxable","11":"product-type-simple"},"_links":{"self":[{"href":"https:\/\/www.newsunn.com\/ko\/wp-json\/wp\/v2\/product\/3335","targetHints":{"allow":["GET"]}}],"collection":[{"href":"https:\/\/www.newsunn.com\/ko\/wp-json\/wp\/v2\/product"}],"about":[{"href":"https:\/\/www.newsunn.com\/ko\/wp-json\/wp\/v2\/types\/product"}],"replies":[{"embeddable":true,"href":"https:\/\/www.newsunn.com\/ko\/wp-json\/wp\/v2\/comments?post=3335"}],"version-history":[{"count":0,"href":"https:\/\/www.newsunn.com\/ko\/wp-json\/wp\/v2\/product\/3335\/revisions"}],"wp:featuredmedia":[{"embeddable":true,"href":"https:\/\/www.newsunn.com\/ko\/wp-json\/wp\/v2\/media\/2958"}],"wp:attachment":[{"href":"https:\/\/www.newsunn.com\/ko\/wp-json\/wp\/v2\/media?parent=3335"}],"wp:term":[{"taxonomy":"product_brand","embeddable":true,"href":"https:\/\/www.newsunn.com\/ko\/wp-json\/wp\/v2\/product_brand?post=3335"},{"taxonomy":"product_cat","embeddable":true,"href":"https:\/\/www.newsunn.com\/ko\/wp-json\/wp\/v2\/product_cat?post=3335"},{"taxonomy":"product_tag","embeddable":true,"href":"https:\/\/www.newsunn.com\/ko\/wp-json\/wp\/v2\/product_tag?post=3335"}],"curies":[{"name":"wp","href":"https:\/\/api.w.org\/{rel}","templated":true}]}}