{"id":3469,"date":"2025-03-06T14:00:31","date_gmt":"2025-03-06T06:00:31","guid":{"rendered":"http:\/\/www.niusheng.globaldeepsea.site\/?post_type=product&#038;p=3469"},"modified":"2026-04-24T13:59:10","modified_gmt":"2026-04-24T05:59:10","slug":"24-port-sc-lc-double-cover-patch-panel-ns-fopp-dcs","status":"publish","type":"product","link":"https:\/\/www.newsunn.com\/es\/producto\/24-port-sc-lc-double-cover-patch-panel-ns-fopp-dcs\/","title":{"rendered":"24 port SC\/LC Panel de doble cubierta NS-FOPP-DCS"},"content":{"rendered":"<div class=\"pro-box-border\">\n<div class=\"vc_row wpb_row vc_row-fluid\">\n<div class=\"wpb_column vc_column_container vc_col-sm-12\">\n<div class=\"vc_column-inner\">\n<div class=\"wpb_wrapper\">\n<div class=\"wpb_text_column wpb_content_element\">\n<div class=\"wpb_wrapper\">\n<h2>19\u201d 1U Double Cover Fiber Patch Panel\u00a0NS-FOPP-DCS<\/h2>\n<p>\u00a0<\/p>\n<p><strong>Major Features:<\/strong><\/p>\n<p><strong>\u00a0<\/strong><\/p>\n<ul>\n<li>Two covers on the top, fixed by snap latches, quite easy to remove and install.<\/li>\n<li>An optional position for fixing the ear plate, in order to adapt for different cabinet depths.<\/li>\n<\/ul>\n<p><iframe allow=\"accelerometer; autoplay; clipboard-write; encrypted-media; gyroscope; picture-in-picture; web-share\" allowfullscreen=\"\" frameborder=\"0\" height=\"267\" referrerpolicy=\"strict-origin-when-cross-origin\" src=\"https:\/\/www.youtube.com\/embed\/iYDYCoZgQsI?feature=oembed\" title=\"24 Port SC\/LC Double Cover Patch Panel NS-FOPP-DCS\" width=\"474\"><\/iframe><\/p>\n<p><strong>Specification:<\/strong><\/p>\n<ul>\n<li>Standard 19\u201d 1U patch panel for network racks.<\/li>\n<li>Easily changeable front adapter panels for 24 SC simplex, SC duplex or LC duplex adapters.<\/li>\n<li>2pcs of 12\/24F splice trays.<\/li>\n<li>High quality finish, no sharp edges.<\/li>\n<li>Recessed adapter panels giving optical cable better bend radius<\/li>\n<\/ul>\n<\/div>\n<\/div>\n<\/div>\n<\/div>\n<\/div>\n<\/div>\n<div class=\"vc_row wpb_row vc_row-fluid\">\n<div class=\"wpb_column vc_column_container vc_col-sm-12\">\n<div class=\"vc_column-inner\">\n<div class=\"wpb_wrapper\">\n<div class=\"wpb_text_column wpb_content_element\">\n<div class=\"wpb_wrapper\">\n<p><strong>Order information<\/strong><\/p>\n<table>\n<tbody>\n<tr>\n<td width=\"213\">Part No.<\/td>\n<td width=\"213\">Size\uff08L\u00d7W\u00d7H\uff09<\/td>\n<td width=\"213\">Fiber Capacity<\/td>\n<td width=\"213\">Adapter panel<\/td>\n<\/tr>\n<tr>\n<td width=\"213\">NS-FOPP-DCS<\/td>\n<td width=\"213\">48.2\u00d730.8\u00d74.45cm<\/td>\n<td width=\"213\">24 or 48 (LC)<\/td>\n<td width=\"213\">SC simplex, SC duplex,\u00a0 LC duplex,\u00a0 LC Quad<\/td>\n<\/tr>\n<\/tbody>\n<\/table>\n<\/div>\n<\/div>\n<\/div>\n<\/div>\n<\/div>\n<\/div>\n<\/div>","protected":false},"excerpt":{"rendered":"<p>19\u201d 1U Panel de parche de fibra de cubierta doble NS-FOPP-DCS Caracter\u00edsticas principales: Dos cubiertas en la parte superior, fijadas por cierres, bastante f\u00e1cil de eliminar e instalar. Posici\u00f3n opcional para fijar la placa del o\u00eddo, para adaptarse a diferentes profundidades del armario. Especificaci\u00f3n: Panel de parche est\u00e1ndar 19\u201d 1U para racks de red. Adaptador frontal f\u00e1cilmente cambiante [...]<\/p>","protected":false},"featured_media":3475,"comment_status":"open","ping_status":"closed","template":"","meta":[],"product_brand":[],"product_cat":[74],"product_tag":[],"class_list":{"0":"post-3469","1":"product","2":"type-product","3":"status-publish","4":"has-post-thumbnail","6":"product_cat-fiber-optic-distribution-panel-fiber-patch-panel","8":"first","9":"instock","10":"shipping-taxable","11":"product-type-simple"},"_links":{"self":[{"href":"https:\/\/www.newsunn.com\/es\/wp-json\/wp\/v2\/product\/3469","targetHints":{"allow":["GET"]}}],"collection":[{"href":"https:\/\/www.newsunn.com\/es\/wp-json\/wp\/v2\/product"}],"about":[{"href":"https:\/\/www.newsunn.com\/es\/wp-json\/wp\/v2\/types\/product"}],"replies":[{"embeddable":true,"href":"https:\/\/www.newsunn.com\/es\/wp-json\/wp\/v2\/comments?post=3469"}],"version-history":[{"count":0,"href":"https:\/\/www.newsunn.com\/es\/wp-json\/wp\/v2\/product\/3469\/revisions"}],"wp:featuredmedia":[{"embeddable":true,"href":"https:\/\/www.newsunn.com\/es\/wp-json\/wp\/v2\/media\/3475"}],"wp:attachment":[{"href":"https:\/\/www.newsunn.com\/es\/wp-json\/wp\/v2\/media?parent=3469"}],"wp:term":[{"taxonomy":"product_brand","embeddable":true,"href":"https:\/\/www.newsunn.com\/es\/wp-json\/wp\/v2\/product_brand?post=3469"},{"taxonomy":"product_cat","embeddable":true,"href":"https:\/\/www.newsunn.com\/es\/wp-json\/wp\/v2\/product_cat?post=3469"},{"taxonomy":"product_tag","embeddable":true,"href":"https:\/\/www.newsunn.com\/es\/wp-json\/wp\/v2\/product_tag?post=3469"}],"curies":[{"name":"wp","href":"https:\/\/api.w.org\/{rel}","templated":true}]}}