{"id":3454,"date":"2025-03-06T14:00:29","date_gmt":"2025-03-06T06:00:29","guid":{"rendered":"http:\/\/www.niusheng.globaldeepsea.site\/?post_type=product&#038;p=3454"},"modified":"2026-04-24T13:59:16","modified_gmt":"2026-04-24T05:59:16","slug":"10-100m-industrial-ethernet-switch-with-5-utp-ports","status":"publish","type":"product","link":"https:\/\/www.newsunn.com\/es\/producto\/10-100m-industrial-ethernet-switch-with-5-utp-ports\/","title":{"rendered":"10\/100M Interruptor Ethernet industrial con 5 puertos UTP"},"content":{"rendered":"<div class=\"pro-box-border\">\n<div class=\"vc_row wpb_row vc_row-fluid\">\n<div class=\"wpb_column vc_column_container vc_col-sm-6\">\n<div class=\"vc_column-inner\">\n<div class=\"wpb_wrapper\">\n<div class=\"wpb_single_image wpb_content_element vc_align_left\">\n<figure class=\"wpb_wrapper vc_figure\">\n<div class=\"vc_single_image-wrapper vc_box_border_grey\"><img fetchpriority=\"high\" alt=\"10100m industrial ethernet switch with 5 utp ports\" class=\"vc_single_image-img attachment-medium\" decoding=\"async\" height=\"225\" sizes=\"(max-width: 300px) 100vw, 300px\" src=\"http:\/\/www.niusheng.globaldeepsea.site\/wp-content\/uploads\/2025\/03\/55ba333deae708c270f98bb244618cb0.jpg\" srcset=\"https:\/\/niusheng.gg13.globaldeepsea.site\/wp-content\/uploads\/2015\/11\/5-utp-300x225.jpg 300w, https:\/\/niusheng.gg13.globaldeepsea.site\/wp-content\/uploads\/2015\/11\/5-utp.jpg 800w\" width=\"300\"\/><\/div>\n<\/figure>\n<\/div>\n<\/div>\n<\/div>\n<\/div>\n<\/div>\n<div class=\"vc_row wpb_row vc_row-fluid\">\n<div class=\"wpb_column vc_column_container vc_col-sm-12\">\n<div class=\"vc_column-inner\">\n<div class=\"wpb_wrapper\">\n<div class=\"wpb_text_column wpb_content_element\">\n<div class=\"wpb_wrapper\">\n<p><strong>Especificaciones<\/strong><\/p>\n<ul>\n<li>Interface RJ45 Ports: 10\/100BaseT(X) auto connection, Full \/Half duplex or force work mode, and support MDI\/MDI-X connection<\/li>\n<li>Standard\uff1aIEEE802.3, IEEE802.3x, IEEE802.3u<br \/>\nForwarding and Filtrate Rate: 148810pps<br \/>\nTransmit type: Store and Forward switching process type<br \/>\nSupport 1K MAC Address<\/li>\n<li>Power<br \/>\nInput Voltage: 12VDC~36VDC,<br \/>\nOverload Current Protection<br \/>\nConnection: 3 bit terminal block<\/li>\n<li>Mechanical<br \/>\nDimensions (L\u00d7W\u00d7H): 103 mm*78mm*32mm<br \/>\nPackaging: IP40 Protection, Metal case<br \/>\nWeight : 260g<\/li>\n<li>Environmental<br \/>\nOperating Temperature: -40 to 85\u00b0C<br \/>\nStorage Temperature: -45 to 85 \u00b0C<br \/>\nAmbient Relative Humidity: 5% to 95% (non-condensing)<\/li>\n<li>Standards<br \/>\nEMI: FCC Part 15, CISPR (EN55022) class A<br \/>\nEMS: EN61000-4-2 (ESD), Level 4<br \/>\nEN61000-4-3 (RS), Level 3<br \/>\nEN61000-4-4 (EFT), Level 4<br \/>\nEN61000-4-5 (Surge), Level 4<br \/>\nEN61000-4-6 (CS), Level 3<br \/>\nEN61000-4-8, Level 5<br \/>\nShock: IEC 60068-2-27<br \/>\nFree Fall: IEC 60068-2-32<br \/>\nVibration: IEC 60068-2-6<br \/>\nWarranty: 5 years<br \/>\nCertificates: FCC,CE, RoHS approvals<\/li>\n<\/ul>\n<\/div>\n<\/div>\n<\/div>\n<\/div>\n<\/div>\n<\/div>\n<\/div>","protected":false},"excerpt":{"rendered":"<p>Especificaciones Interface RJ45 Puertos: 10\/100BaseT(X) conexi\u00f3n autom\u00e1tica, Full \/Half duplex o modo de trabajo de fuerza, y soporte MDI\/MDI-X conexi\u00f3n Est\u00e1ndar: IEEE802.3, IEEE802.3x, IEEE802.3u Tasa de avance y filtraci\u00f3n: 148810pps Tipo de transmisor: Store and Forward switching process type Soporte 1K MAC Direcci\u00f3n Power Input Voltage: 12VDC~36VDC, Overload Current Protection Connection: 3 bit terminal block Mechanical Dimensions (L\u00d7W\u00d7H): 103 mm*78mm*32mm [...]<\/p>","protected":false},"featured_media":2942,"comment_status":"open","ping_status":"closed","template":"","meta":[],"product_brand":[],"product_cat":[101],"product_tag":[],"class_list":{"0":"post-3454","1":"product","2":"type-product","3":"status-publish","4":"has-post-thumbnail","6":"product_cat-industrial-media-converter","8":"first","9":"instock","10":"shipping-taxable","11":"product-type-simple"},"_links":{"self":[{"href":"https:\/\/www.newsunn.com\/es\/wp-json\/wp\/v2\/product\/3454","targetHints":{"allow":["GET"]}}],"collection":[{"href":"https:\/\/www.newsunn.com\/es\/wp-json\/wp\/v2\/product"}],"about":[{"href":"https:\/\/www.newsunn.com\/es\/wp-json\/wp\/v2\/types\/product"}],"replies":[{"embeddable":true,"href":"https:\/\/www.newsunn.com\/es\/wp-json\/wp\/v2\/comments?post=3454"}],"version-history":[{"count":0,"href":"https:\/\/www.newsunn.com\/es\/wp-json\/wp\/v2\/product\/3454\/revisions"}],"wp:featuredmedia":[{"embeddable":true,"href":"https:\/\/www.newsunn.com\/es\/wp-json\/wp\/v2\/media\/2942"}],"wp:attachment":[{"href":"https:\/\/www.newsunn.com\/es\/wp-json\/wp\/v2\/media?parent=3454"}],"wp:term":[{"taxonomy":"product_brand","embeddable":true,"href":"https:\/\/www.newsunn.com\/es\/wp-json\/wp\/v2\/product_brand?post=3454"},{"taxonomy":"product_cat","embeddable":true,"href":"https:\/\/www.newsunn.com\/es\/wp-json\/wp\/v2\/product_cat?post=3454"},{"taxonomy":"product_tag","embeddable":true,"href":"https:\/\/www.newsunn.com\/es\/wp-json\/wp\/v2\/product_tag?post=3454"}],"curies":[{"name":"wp","href":"https:\/\/api.w.org\/{rel}","templated":true}]}}