{"id":3436,"date":"2025-03-06T14:00:22","date_gmt":"2025-03-06T06:00:22","guid":{"rendered":"http:\/\/www.niusheng.globaldeepsea.site\/?post_type=product&#038;p=3436"},"modified":"2025-03-06T14:00:25","modified_gmt":"2025-03-06T06:00:25","slug":"single-armor-field-tactical-fiber-optic-cable","status":"publish","type":"product","link":"https:\/\/www.newsunn.com\/es\/producto\/single-armor-field-tactical-fiber-optic-cable\/","title":{"rendered":"Cable de fibra \u00f3ptica de campo de armadura \u00fanico"},"content":{"rendered":"<div class=\"pro-box-border\">\n<div class=\"vc_row wpb_row vc_row-fluid\">\n<div class=\"wpb_column vc_column_container vc_col-sm-12\">\n<div class=\"vc_column-inner\">\n<div class=\"wpb_wrapper\">\n<div class=\"wpb_text_column wpb_content_element\">\n<div class=\"wpb_wrapper\">\n<div class=\"p_con_01\">\n<h2 style=\"text-align: center;\">Single-Armored Field Tactical Fiber Optic Cable<\/h2>\n<p>Newsunn\u2019s Armored Tactical Cables are ideal for use in installations where extreme environmental conditions are present. With the addition of a wire braid embedded within the jacketing system, these cables are highly resistant to damage caused by repetitive impacts, high flex, crush, and abrasion as well as other harsh conditions. By utilizing Newsunn\u2019s tight buffered fiber technology field, termination is simplified.<\/p>\n<\/div>\n<h3 class=\"p_con_02\">Caracter\u00edsticas<\/h3>\n<div><\/div>\n<div class=\"p_con_02\">\n<p>Single-armored tactical optical cable with the characteristics of strong tension stress, strong compressive resistance, high flexibility, bending resistance, used for military tactical field, communication between radars or oil field, mining workplace. It has the compact all-dielectric structure, for easy installation and repeatable usage.<\/p>\n<p>SUS spring tube combined with the braiding to strength the cable and ensures high mechanical and transmission performance. Flame retardant PU guarantees structure stability and features of crush-resistant, rubbing-resistant, oil-resistant and flame retardant.<\/p>\n<\/div>\n<ul>\n<li>Tight buffer fiber, steel tube protect, reinforcing steel-wire braiding\uff08aramid yarn\uff09, flame-retardant jacket.<\/li>\n<li>High indentation strength, high tensile strength, gopher protected, small diameter, flexibility, and easily bend.<\/li>\n<\/ul>\n<\/div>\n<\/div>\n<div class=\"wpb_text_column wpb_content_element\">\n<div class=\"wpb_wrapper\">\n<h2>Technical Structure<\/h2>\n<\/div>\n<\/div>\n<div class=\"wpb_single_image wpb_content_element vc_align_center\">\n<figure class=\"wpb_wrapper vc_figure\">\n<div class=\"vc_single_image-wrapper vc_box_border_grey\"><img fetchpriority=\"high\" alt=\"armor tactical fiber optic cable\" class=\"vc_single_image-img attachment-large\" decoding=\"async\" height=\"262\" sizes=\"(max-width: 474px) 100vw, 474px\" src=\"http:\/\/www.niusheng.globaldeepsea.site\/wp-content\/uploads\/2025\/03\/392fbb23bdca275d29e0b0c33ce610fd.jpg\" srcset=\"https:\/\/niusheng.gg13.globaldeepsea.site\/wp-content\/uploads\/2015\/11\/armor2.jpg 665w, https:\/\/niusheng.gg13.globaldeepsea.site\/wp-content\/uploads\/2015\/11\/armor2-300x166.jpg 300w\" width=\"474\"\/><\/div>\n<\/figure>\n<\/div>\n<div class=\"wpb_text_column wpb_content_element\">\n<div class=\"wpb_wrapper\">\n<h2>Geometrical\u00a0Characteristics<\/h2>\n<table width=\"868\">\n<tbody>\n<tr class=\"firstRow\">\n<td valign=\"center\" width=\"365\">Cable\u00a0Type<\/td>\n<td valign=\"center\" width=\"202\">\u03c63.0<\/td>\n<td valign=\"center\" width=\"300\">\u03c63.0<\/td>\n<\/tr>\n<tr>\n<td valign=\"center\" width=\"365\">Cable\u00a0Dimension\u00a0(mm)<\/td>\n<td valign=\"center\" width=\"202\">2.85\u00b10.1<\/td>\n<td valign=\"center\" width=\"300\">2.95\u00b10.1<\/td>\n<\/tr>\n<tr>\n<td valign=\"center\" width=\"365\">Strength\u00a0Member<\/td>\n<td valign=\"center\" width=\"202\">Aramid\u00a0yarn<\/td>\n<td valign=\"center\" width=\"300\">Steel-wire\u00a0Braiding<\/td>\n<\/tr>\n<tr>\n<td valign=\"center\" width=\"365\">Cable\u00a0Weight(kg\/km)<\/td>\n<td valign=\"center\" width=\"202\">26<\/td>\n<td valign=\"center\" width=\"300\">28<\/td>\n<\/tr>\n<tr>\n<td valign=\"center\" width=\"365\">TBF\u00a0Diameter(\u03bcm)<\/td>\n<td colspan=\"2\" valign=\"center\">600\u00b150<\/td>\n<\/tr>\n<\/tbody>\n<\/table>\n<\/div>\n<\/div>\n<div class=\"wpb_text_column wpb_content_element\">\n<div class=\"wpb_wrapper\">\n<h2>Mechanical\u00a0Characteristics<\/h2>\n<table data-sort=\"sortDisabled\" width=\"868\">\n<tbody>\n<tr class=\"firstRow\">\n<td class=\"et2\" height=\"32\" rowspan=\"2\" width=\"380\">Tensile\u00a0strength\u00a0(N)<\/td>\n<td class=\"et2\" height=\"14\" width=\"168\"><span class=\"font3\">Long\u00a0Term<\/span><\/td>\n<td class=\"et5\" height=\"14\" width=\"319\">100<\/td>\n<\/tr>\n<tr>\n<td class=\"et2\" height=\"18\" width=\"168\">Short\u00a0Term<\/td>\n<td class=\"et5\" height=\"18\" width=\"319\">200<\/td>\n<\/tr>\n<tr>\n<td colspan=\"1\" rowspan=\"2\" width=\"380\">Crush\u00a0resistance<span class=\"font2\">\uff08N\/100\u339c\uff09<\/span><\/td>\n<td width=\"168\">Long\u00a0Term<\/td>\n<td width=\"319\">300<\/td>\n<\/tr>\n<tr>\n<td class=\"et2\" height=\"13\" width=\"168\">Short\u00a0Term<\/td>\n<td class=\"et5\" height=\"13\" width=\"319\">1000<\/td>\n<\/tr>\n<tr>\n<td class=\"et2\" height=\"48\" rowspan=\"2\" width=\"380\">Bending\u00a0Radius(CM)<\/td>\n<td class=\"et2\" height=\"30\" width=\"168\">Dynamic<\/td>\n<td class=\"et5\" height=\"30\" width=\"319\">20<span class=\"font2\">\u00d7D \u00a0(D: Diameter)<\/span><\/td>\n<\/tr>\n<tr>\n<td class=\"et2\" height=\"18\" width=\"168\">Static<\/td>\n<td class=\"et5\" height=\"18\" width=\"319\">10<span class=\"font2\">\u00d7D \u00a0(D: Diameter)<\/span><\/td>\n<\/tr>\n<\/tbody>\n<\/table>\n<\/div>\n<\/div>\n<div class=\"wpb_text_column wpb_content_element\">\n<div class=\"wpb_wrapper\">\n<h2>Fiber Type<\/h2>\n<table width=\"868\">\n<tbody>\n<tr>\n<td width=\"664\">Fiber\u00a0Type(core\/cladding\u00a0dimension)<\/td>\n<td width=\"203\">9\/125,\u00a050\/125,\u00a062.5\/125<\/td>\n<\/tr>\n<\/tbody>\n<\/table>\n<\/div>\n<\/div>\n<div class=\"wpb_text_column wpb_content_element\">\n<div class=\"wpb_wrapper\">\n<h2>Caracter\u00edsticas de la transmisi\u00f3n<\/h2>\n<table width=\"868\">\n<tbody>\n<tr>\n<td width=\"326\"><\/td>\n<td width=\"187\">SMF<\/td>\n<td width=\"177\">50\/125<\/td>\n<td width=\"177\">62.5\/125<\/td>\n<\/tr>\n<tr>\n<td width=\"326\"><\/td>\n<td width=\"187\">1310\/1550(nm)<\/td>\n<td width=\"177\">850\/1300(nm)<\/td>\n<td width=\"177\">850\/1300(nm)<\/td>\n<\/tr>\n<tr>\n<td width=\"326\">Atenuaci\u00f3n (dB\/km)<\/td>\n<td width=\"187\">\u22640.40\/0.30<\/td>\n<td width=\"177\">\u22643.5\/1.5<\/td>\n<td width=\"177\">\u22643.5\/1.5<\/td>\n<\/tr>\n<tr>\n<td width=\"326\">Ancho de banda m\u00ednimo (MHz\u00b7km)<\/td>\n<td width=\"187\">-<\/td>\n<td width=\"177\">\u2265400\/400<\/td>\n<td width=\"177\">\u2265160\/500<\/td>\n<\/tr>\n<\/tbody>\n<\/table>\n<\/div>\n<\/div>\n<div class=\"wpb_text_column wpb_content_element\">\n<div class=\"wpb_wrapper\">\n<h2>Environmental Characteristics<\/h2>\n<table width=\"868\">\n<tbody>\n<tr>\n<td width=\"588\">Temperatura de operaci\u00f3n de almacenamiento<\/td>\n<td width=\"279\">-20\u00b0C~+60\u00b0C<\/td>\n<\/tr>\n<\/tbody>\n<\/table>\n<\/div>\n<\/div>\n<\/div>\n<\/div>\n<\/div>\n<\/div>\n<\/div>","protected":false},"excerpt":{"rendered":"<p>Los Cables T\u00e1cticos Armados de Newsunn son ideales para su uso en instalaciones donde existen condiciones ambientales extremas. Con la adici\u00f3n de un alambre trenzado dentro del sistema de chaqueta, estos cables son altamente resistentes a los da\u00f1os causados por impactos repetitivos, alta flex, aplastamiento y abrasi\u00f3n, as\u00ed como otros [...]<\/p>","protected":false},"featured_media":3196,"comment_status":"open","ping_status":"closed","template":"","meta":[],"product_brand":[],"product_cat":[97],"product_tag":[],"class_list":{"0":"post-3436","1":"product","2":"type-product","3":"status-publish","4":"has-post-thumbnail","6":"product_cat-indoor-cable","8":"first","9":"instock","10":"shipping-taxable","11":"product-type-simple"},"_links":{"self":[{"href":"https:\/\/www.newsunn.com\/es\/wp-json\/wp\/v2\/product\/3436","targetHints":{"allow":["GET"]}}],"collection":[{"href":"https:\/\/www.newsunn.com\/es\/wp-json\/wp\/v2\/product"}],"about":[{"href":"https:\/\/www.newsunn.com\/es\/wp-json\/wp\/v2\/types\/product"}],"replies":[{"embeddable":true,"href":"https:\/\/www.newsunn.com\/es\/wp-json\/wp\/v2\/comments?post=3436"}],"version-history":[{"count":0,"href":"https:\/\/www.newsunn.com\/es\/wp-json\/wp\/v2\/product\/3436\/revisions"}],"wp:featuredmedia":[{"embeddable":true,"href":"https:\/\/www.newsunn.com\/es\/wp-json\/wp\/v2\/media\/3196"}],"wp:attachment":[{"href":"https:\/\/www.newsunn.com\/es\/wp-json\/wp\/v2\/media?parent=3436"}],"wp:term":[{"taxonomy":"product_brand","embeddable":true,"href":"https:\/\/www.newsunn.com\/es\/wp-json\/wp\/v2\/product_brand?post=3436"},{"taxonomy":"product_cat","embeddable":true,"href":"https:\/\/www.newsunn.com\/es\/wp-json\/wp\/v2\/product_cat?post=3436"},{"taxonomy":"product_tag","embeddable":true,"href":"https:\/\/www.newsunn.com\/es\/wp-json\/wp\/v2\/product_tag?post=3436"}],"curies":[{"name":"wp","href":"https:\/\/api.w.org\/{rel}","templated":true}]}}