{"id":3429,"date":"2025-03-06T14:00:21","date_gmt":"2025-03-06T06:00:21","guid":{"rendered":"http:\/\/www.niusheng.globaldeepsea.site\/?post_type=product&#038;p=3429"},"modified":"2025-03-06T14:00:24","modified_gmt":"2025-03-06T06:00:24","slug":"breakout-cable-24-144-f","status":"publish","type":"product","link":"https:\/\/www.newsunn.com\/es\/producto\/breakout-cable-24-144-f\/","title":{"rendered":"Cable de descanso 24-144 F"},"content":{"rendered":"<div class=\"pro-box-border\">\n<div class=\"vc_row wpb_row vc_row-fluid\">\n<div class=\"wpb_column vc_column_container vc_col-sm-6\">\n<div class=\"vc_column-inner\">\n<div class=\"wpb_wrapper\">\n<div class=\"wpb_single_image wpb_content_element vc_align_left\">\n<figure class=\"wpb_wrapper vc_figure\">\n<div class=\"vc_single_image-wrapper vc_box_border_grey\"><img fetchpriority=\"high\" alt=\"break-out cable (Central)\" class=\"vc_single_image-img attachment-medium\" decoding=\"async\" height=\"214\" sizes=\"(max-width: 300px) 100vw, 300px\" src=\"http:\/\/www.niusheng.globaldeepsea.site\/wp-content\/uploads\/2025\/03\/f4b4922b693545f1d707f9254cceb011.jpg\" srcset=\"https:\/\/niusheng.gg13.globaldeepsea.site\/wp-content\/uploads\/2015\/11\/break-out-cable-Central-300x214.jpg 300w, https:\/\/niusheng.gg13.globaldeepsea.site\/wp-content\/uploads\/2015\/11\/break-out-cable-Central.jpg 420w\" width=\"300\"\/><\/div>\n<\/figure>\n<\/div>\n<\/div>\n<\/div>\n<\/div>\n<div class=\"wpb_column vc_column_container vc_col-sm-6\">\n<div class=\"vc_column-inner\">\n<div class=\"wpb_wrapper\">\n<div class=\"wpb_text_column wpb_content_element\">\n<div class=\"wpb_wrapper\">\n<\/div>\n<\/div>\n<\/div>\n<\/div>\n<\/div>\n<\/div>\n<div class=\"vc_row wpb_row vc_row-fluid\">\n<div class=\"wpb_column vc_column_container vc_col-sm-12\">\n<div class=\"vc_column-inner\">\n<div class=\"wpb_wrapper\">\n<div class=\"wpb_text_column wpb_content_element\">\n<div class=\"wpb_wrapper\">\n<p><strong>Caracter\u00edsticas<\/strong><\/p>\n<ul>\n<li>Twenty-four-core Break-out Cable<\/li>\n<li>Central Strength Member<\/li>\n<li>Cable Simplex<\/li>\n<li>Wrap and ripcord<\/li>\n<li>Element: Simplex cable\uff0csome simplex cable are stranded around the non-metallic central strength member.<\/li>\n<\/ul>\n<\/div>\n<\/div>\n<div class=\"wpb_text_column wpb_content_element\">\n<div class=\"wpb_wrapper\">\n<p><strong>Estructura<\/strong><\/p>\n<\/div>\n<\/div>\n<div class=\"wpb_single_image wpb_content_element vc_align_center\">\n<figure class=\"wpb_wrapper vc_figure\">\n<div class=\"vc_single_image-wrapper vc_box_border_grey\"><img alt=\"breakout cable subcable\" class=\"vc_single_image-img attachment-large\" decoding=\"async\" height=\"267\" sizes=\"(max-width: 474px) 100vw, 474px\" src=\"http:\/\/www.niusheng.globaldeepsea.site\/wp-content\/uploads\/2025\/03\/6a8ffeaaebd4f1aa489e1b7444617df2.jpg\" srcset=\"https:\/\/niusheng.gg13.globaldeepsea.site\/wp-content\/uploads\/2015\/11\/break3.jpg 550w, https:\/\/niusheng.gg13.globaldeepsea.site\/wp-content\/uploads\/2015\/11\/break3-300x169.jpg 300w\" width=\"474\"\/><\/div>\n<\/figure>\n<\/div>\n<div class=\"wpb_text_column wpb_content_element\">\n<div class=\"wpb_wrapper\">\n<p><strong>Geometrical\u00a0Characteristics<\/strong><\/p>\n<table width=\"590\">\n<tbody>\n<tr>\n<td width=\"158\">Cable\u00a0Type<\/td>\n<td width=\"72\">24<\/td>\n<td width=\"72\">48<\/td>\n<td width=\"72\">64<\/td>\n<td width=\"72\">72<\/td>\n<td width=\"72\">96<\/td>\n<td width=\"72\">144<\/td>\n<\/tr>\n<tr>\n<td width=\"158\">Subunit\u00a0Fiber\u00a0Number<\/td>\n<td width=\"72\">6<\/td>\n<td width=\"72\">12<\/td>\n<td width=\"72\">8<\/td>\n<td width=\"72\">12<\/td>\n<td width=\"72\">12<\/td>\n<td width=\"72\">12<\/td>\n<\/tr>\n<tr>\n<td width=\"158\">Cable\u00a0Dimension\u00a0(mm)<\/td>\n<td width=\"72\">15.5<\/td>\n<td width=\"72\">17<\/td>\n<td width=\"72\">21.6<\/td>\n<td width=\"72\">21<\/td>\n<td width=\"72\">24<\/td>\n<td width=\"72\">26.2<\/td>\n<\/tr>\n<tr>\n<td width=\"158\">Cable\u00a0Weight(kg\/km)<\/td>\n<td width=\"72\">225<\/td>\n<td width=\"72\">226<\/td>\n<td width=\"72\">386<\/td>\n<td width=\"72\">349<\/td>\n<td width=\"72\">481<\/td>\n<td width=\"72\">526<\/td>\n<\/tr>\n<tr>\n<td width=\"158\">TBF\u00a0Diameter(\u03bcm)<\/td>\n<td colspan=\"6\" width=\"432\">900\u00b150<\/td>\n<\/tr>\n<\/tbody>\n<\/table>\n<\/div>\n<\/div>\n<div class=\"wpb_text_column wpb_content_element\">\n<div class=\"wpb_wrapper\">\n<p><strong>Mechanical\u00a0Characteristics<\/strong><\/p>\n<table data-sort=\"sortDisabled\" width=\"868\">\n<tbody>\n<tr class=\"firstRow\">\n<td class=\"et2\" height=\"32\" rowspan=\"2\" width=\"380\">Tensile\u00a0strength\u00a0(N)<\/td>\n<td class=\"et2\" height=\"14\" width=\"168\"><span class=\"font3\">Long\u00a0Term<\/span><\/td>\n<td class=\"et5\" height=\"14\" width=\"319\">200<\/td>\n<\/tr>\n<tr>\n<td class=\"et2\" height=\"18\" width=\"168\">Short\u00a0Term<\/td>\n<td class=\"et5\" height=\"18\" width=\"319\">600<\/td>\n<\/tr>\n<tr>\n<td colspan=\"1\" rowspan=\"2\" width=\"380\">Crush\u00a0resistance<span class=\"font2\">\uff08N\/100\u339c\uff09<\/span><\/td>\n<td width=\"168\">Long\u00a0Term<\/td>\n<td width=\"319\">300<\/td>\n<\/tr>\n<tr>\n<td class=\"et2\" height=\"13\" width=\"168\">Short\u00a0Term<\/td>\n<td class=\"et5\" height=\"13\" width=\"319\">1000<\/td>\n<\/tr>\n<tr>\n<td class=\"et2\" height=\"48\" rowspan=\"2\" width=\"380\">Bending\u00a0Radius(CM)<\/td>\n<td class=\"et2\" height=\"30\" width=\"168\">Dynamic<\/td>\n<td class=\"et5\" height=\"30\" width=\"319\">20<span class=\"font2\">\u00d7D\u00a0(D:\u00a0Cable\u00a0Diameter)<\/span><\/td>\n<\/tr>\n<tr>\n<td class=\"et2\" height=\"18\" width=\"168\">Static<\/td>\n<td class=\"et5\" height=\"18\" width=\"319\">10<span class=\"font2\">\u00d7D\u00a0(D:\u00a0Cable\u00a0Diameter)<\/span><\/td>\n<\/tr>\n<\/tbody>\n<\/table>\n<\/div>\n<\/div>\n<div class=\"wpb_text_column wpb_content_element\">\n<div class=\"wpb_wrapper\">\n<p><strong>Fiber Type<\/strong><\/p>\n<table width=\"868\">\n<tbody>\n<tr>\n<td width=\"664\">Fiber\u00a0Type(core\/cladding\u00a0dimension)<\/td>\n<td width=\"203\">9\/125,\u00a050\/125,\u00a062.5\/125<\/td>\n<\/tr>\n<\/tbody>\n<\/table>\n<\/div>\n<\/div>\n<div class=\"wpb_text_column wpb_content_element\">\n<div class=\"wpb_wrapper\">\n<p><strong>Caracter\u00edsticas de la transmisi\u00f3n<\/strong><\/p>\n<table width=\"868\">\n<tbody>\n<tr>\n<td width=\"326\"><\/td>\n<td width=\"187\">SMF<\/td>\n<td width=\"177\">50\/125<\/td>\n<td width=\"177\">62.5\/125<\/td>\n<\/tr>\n<tr>\n<td width=\"326\"><\/td>\n<td width=\"187\">1310\/1550(nm)<\/td>\n<td width=\"177\">850\/1300(nm)<\/td>\n<td width=\"177\">850\/1300(nm)<\/td>\n<\/tr>\n<tr>\n<td width=\"326\">Atenuaci\u00f3n (dB\/km)<\/td>\n<td width=\"187\">\u22640.40\/0.30<\/td>\n<td width=\"177\">\u22643.5\/1.5<\/td>\n<td width=\"177\">\u22643.5\/1.5<\/td>\n<\/tr>\n<tr>\n<td width=\"326\">Ancho de banda m\u00ednimo (MHz\u00b7km)<\/td>\n<td width=\"187\">-<\/td>\n<td width=\"177\">\u2265400\/400<\/td>\n<td width=\"177\">\u2265160\/500<\/td>\n<\/tr>\n<\/tbody>\n<\/table>\n<\/div>\n<\/div>\n<div class=\"wpb_text_column wpb_content_element\">\n<div class=\"wpb_wrapper\">\n<p><strong>Environmental Characteristics<\/strong><\/p>\n<table width=\"868\">\n<tbody>\n<tr>\n<td width=\"588\">Temperatura de operaci\u00f3n de almacenamiento<\/td>\n<td width=\"279\">-20\u00b0C~+60\u00b0C<\/td>\n<\/tr>\n<\/tbody>\n<\/table>\n<\/div>\n<\/div>\n<\/div>\n<\/div>\n<\/div>\n<\/div>\n<\/div>","protected":false},"excerpt":{"rendered":"<p>Caracter\u00edsticas Veinticuatro n\u00facleo Cable Break-out Central Strength Member Simplex Cable Wrap y ripcord Element: Cable Simplex, un cable simplex est\u00e1 varado alrededor del miembro de fuerza central no met\u00e1lico. Estructura Caracter\u00edsticas geom\u00e9tricas Tipo de cable 24 48 64 72 96 144 Subunidad N\u00famero de fibra 6 12 12 12 12 12 Dimensi\u00f3n del cable (mm) 15.5 17 21.6 21 24 26.2 Peso del cable(kg\/km) 225 226 386 349 481 526 [...]<\/p>","protected":false},"featured_media":3052,"comment_status":"open","ping_status":"closed","template":"","meta":[],"product_brand":[],"product_cat":[97],"product_tag":[],"class_list":{"0":"post-3429","1":"product","2":"type-product","3":"status-publish","4":"has-post-thumbnail","6":"product_cat-indoor-cable","8":"first","9":"instock","10":"shipping-taxable","11":"product-type-simple"},"_links":{"self":[{"href":"https:\/\/www.newsunn.com\/es\/wp-json\/wp\/v2\/product\/3429","targetHints":{"allow":["GET"]}}],"collection":[{"href":"https:\/\/www.newsunn.com\/es\/wp-json\/wp\/v2\/product"}],"about":[{"href":"https:\/\/www.newsunn.com\/es\/wp-json\/wp\/v2\/types\/product"}],"replies":[{"embeddable":true,"href":"https:\/\/www.newsunn.com\/es\/wp-json\/wp\/v2\/comments?post=3429"}],"version-history":[{"count":0,"href":"https:\/\/www.newsunn.com\/es\/wp-json\/wp\/v2\/product\/3429\/revisions"}],"wp:featuredmedia":[{"embeddable":true,"href":"https:\/\/www.newsunn.com\/es\/wp-json\/wp\/v2\/media\/3052"}],"wp:attachment":[{"href":"https:\/\/www.newsunn.com\/es\/wp-json\/wp\/v2\/media?parent=3429"}],"wp:term":[{"taxonomy":"product_brand","embeddable":true,"href":"https:\/\/www.newsunn.com\/es\/wp-json\/wp\/v2\/product_brand?post=3429"},{"taxonomy":"product_cat","embeddable":true,"href":"https:\/\/www.newsunn.com\/es\/wp-json\/wp\/v2\/product_cat?post=3429"},{"taxonomy":"product_tag","embeddable":true,"href":"https:\/\/www.newsunn.com\/es\/wp-json\/wp\/v2\/product_tag?post=3429"}],"curies":[{"name":"wp","href":"https:\/\/api.w.org\/{rel}","templated":true}]}}