{"id":3428,"date":"2025-03-06T14:00:21","date_gmt":"2025-03-06T06:00:21","guid":{"rendered":"http:\/\/www.niusheng.globaldeepsea.site\/?post_type=product&#038;p=3428"},"modified":"2025-03-06T14:00:24","modified_gmt":"2025-03-06T06:00:24","slug":"cable-de-escape-de-fibra-optica","status":"publish","type":"product","link":"https:\/\/www.newsunn.com\/es\/producto\/cable-de-escape-de-fibra-optica\/","title":{"rendered":"Cable de escape de fibra \u00f3ptica"},"content":{"rendered":"<div class=\"pro-box-border\">\n<div class=\"vc_row wpb_row vc_row-fluid\">\n<div class=\"wpb_column vc_column_container vc_col-sm-6\">\n<div class=\"vc_column-inner\">\n<div class=\"wpb_wrapper\">\n<div class=\"wpb_single_image wpb_content_element vc_align_left\">\n<figure class=\"wpb_wrapper vc_figure\">\n<div class=\"vc_single_image-wrapper vc_box_border_grey\"><img fetchpriority=\"high\" alt=\"cable de separaci\u00f3n\" class=\"vc_single_image-img attachment-medium\" decoding=\"async\" height=\"214\" sizes=\"(max-width: 300px) 100vw, 300px\" src=\"http:\/\/www.niusheng.globaldeepsea.site\/wp-content\/uploads\/2025\/03\/204d1f4784edfabd3de6a66f57061991.jpg\" srcset=\"https:\/\/niusheng.gg13.globaldeepsea.site\/wp-content\/uploads\/2015\/11\/break-out-cable-Non-300x214.jpg 300w, https:\/\/niusheng.gg13.globaldeepsea.site\/wp-content\/uploads\/2015\/11\/break-out-cable-Non.jpg 420w\" width=\"300\"\/><\/div>\n<\/figure>\n<\/div>\n<\/div>\n<\/div>\n<\/div>\n<div class=\"wpb_column vc_column_container vc_col-sm-6\">\n<div class=\"vc_column-inner\">\n<div class=\"wpb_wrapper\">\n<div class=\"wpb_text_column wpb_content_element\">\n<div class=\"wpb_wrapper\">\n<\/div>\n<\/div>\n<\/div>\n<\/div>\n<\/div>\n<\/div>\n<div class=\"vc_row wpb_row vc_row-fluid\">\n<div class=\"wpb_column vc_column_container vc_col-sm-12\">\n<div class=\"vc_column-inner\">\n<div class=\"wpb_wrapper\">\n<div class=\"wpb_text_column wpb_content_element\">\n<div class=\"wpb_wrapper\">\n<h1>24F Cable de escape de fibra \u00f3ptica con cable simplex de 2.0mm dentro<\/h1>\n<h1><\/h1>\n<p><strong>Caracter\u00edsticas<\/strong><\/p>\n<ul>\n<li>Elemento de cable de separaci\u00f3n de fibra \u00f3ptica: Cable simplex, un cable simplex est\u00e1 varado alrededor del miembro de fuerza central no met\u00e1lico.<\/li>\n<li>Chaqueta exteriorSimplex Cable<\/li>\n<li>Non-Central Strength Member<\/li>\n<\/ul>\n<\/div>\n<\/div>\n<div class=\"wpb_text_column wpb_content_element\">\n<div class=\"wpb_wrapper\">\n<p><strong>Estructura<\/strong><\/p>\n<\/div>\n<\/div>\n<div class=\"wpb_single_image wpb_content_element vc_align_center\">\n<figure class=\"wpb_wrapper vc_figure\">\n<div class=\"vc_single_image-wrapper vc_box_border_grey\"><img alt=\"cable de separaci\u00f3n\" class=\"vc_single_image-img attachment-large\" decoding=\"async\" height=\"227\" sizes=\"(max-width: 474px) 100vw, 474px\" src=\"http:\/\/www.niusheng.globaldeepsea.site\/wp-content\/uploads\/2025\/03\/f5931f9c40ff2b74499d62eb0bb2baeb.jpg\" srcset=\"https:\/\/niusheng.gg13.globaldeepsea.site\/wp-content\/uploads\/2015\/11\/breakout-cable.jpg 877w, https:\/\/niusheng.gg13.globaldeepsea.site\/wp-content\/uploads\/2015\/11\/breakout-cable-300x144.jpg 300w, https:\/\/niusheng.gg13.globaldeepsea.site\/wp-content\/uploads\/2015\/11\/breakout-cable-768x368.jpg 768w\" width=\"474\"\/><\/div>\n<\/figure>\n<\/div>\n<div class=\"wpb_text_column wpb_content_element\">\n<div class=\"wpb_wrapper\">\n<p><strong>Par\u00e1metros de cable<\/strong><\/p>\n<table>\n<tbody>\n<tr>\n<td colspan=\"2\" width=\"464\"><strong>Temas<\/strong><\/td>\n<td width=\"464\"><strong>Especificaciones<\/strong><\/td>\n<\/tr>\n<tr>\n<td colspan=\"2\" width=\"464\">Fiber Count<\/td>\n<td width=\"464\">24<\/td>\n<\/tr>\n<tr>\n<td rowspan=\"3\" width=\"232\"><strong>\u00a0<\/strong><\/p>\n<p><strong>\u00a0<\/strong><\/p>\n<p>Fibra depurada<\/p>\n<\/td>\n<td width=\"232\">Dimension<\/td>\n<td width=\"464\">850\u00b150\u03bcm<\/td>\n<\/tr>\n<tr>\n<td width=\"232\">Material<\/td>\n<td width=\"464\">PVC<\/td>\n<\/tr>\n<tr>\n<td width=\"232\">Color<\/td>\n<td width=\"464\">Blanco<\/td>\n<\/tr>\n<tr>\n<td rowspan=\"5\" width=\"232\"><strong>\u00a0<\/strong><\/p>\n<p><strong>\u00a0<\/strong><\/p>\n<p><strong>\u00a0<\/strong><\/p>\n<p>Cable Simplex<\/p>\n<\/td>\n<td width=\"232\">Dimension<\/td>\n<td width=\"464\">1.9\u00b10,1 mm<\/td>\n<\/tr>\n<tr>\n<td width=\"232\">Material<\/td>\n<td width=\"464\">PVC<\/td>\n<\/tr>\n<tr>\n<td width=\"232\">Color<\/td>\n<td width=\"464\">Amarillo<\/td>\n<\/tr>\n<tr>\n<td width=\"232\">Marcas de impresi\u00f3n<\/td>\n<td width=\"464\">\u25aa<\/td>\n<\/tr>\n<tr>\n<td width=\"232\">Componente de fortalecimiento<\/td>\n<td width=\"464\">Hilo de poli\u00e9ster<\/td>\n<\/tr>\n<tr>\n<td colspan=\"2\" width=\"464\">Central Strength Member<\/td>\n<td width=\"464\">FRP<\/td>\n<\/tr>\n<tr>\n<td rowspan=\"3\" width=\"232\"><strong>\u00a0<\/strong><\/p>\n<p><strong>\u00a0<\/strong><\/p>\n<p>Chaqueta exterior<\/p>\n<\/td>\n<td width=\"232\">Dimension<\/td>\n<td width=\"464\">15,5\u00b10,5 mm<\/td>\n<\/tr>\n<tr>\n<td width=\"232\">Material<\/td>\n<td width=\"464\">PVC<\/td>\n<\/tr>\n<tr>\n<td width=\"232\">Color<\/td>\n<td width=\"464\">Amarillo<\/td>\n<\/tr>\n<\/tbody>\n<\/table>\n<\/div>\n<\/div>\n<div class=\"wpb_text_column wpb_content_element\">\n<div class=\"wpb_wrapper\">\n<p><strong>Par\u00e1metros de fibra\u00a0<\/strong><\/p>\n<table>\n<tbody>\n<tr>\n<td rowspan=\"2\" width=\"66\"><strong>\u00a0<\/strong><\/p>\n<p>No.<\/p>\n<\/td>\n<td colspan=\"2\" rowspan=\"2\" width=\"481\"><strong>\u00a0<\/strong><\/p>\n<p>Temas<\/p>\n<\/td>\n<td rowspan=\"2\" width=\"71\"><strong>\u00a0<\/strong><\/p>\n<p>Dependencia<\/p>\n<\/td>\n<td width=\"313\">Especificaci\u00f3n<\/td>\n<\/tr>\n<tr>\n<td width=\"313\">G.652D<\/td>\n<\/tr>\n<tr>\n<td rowspan=\"2\" width=\"66\"><strong>\u00a0<\/strong><\/p>\n<p>1<\/p>\n<\/td>\n<td rowspan=\"2\" width=\"290\"><strong>\u00a0<\/strong><\/p>\n<p>Di\u00e1metro de campo<\/p>\n<\/td>\n<td width=\"190\">1310nm<\/td>\n<td width=\"71\">\u03bcm<\/td>\n<td width=\"313\">9.2\u00b10,4<\/td>\n<\/tr>\n<tr>\n<td width=\"190\">1550nm<\/td>\n<td width=\"71\">\u03bcm<\/td>\n<td width=\"313\">10,4\u00b10,5<\/td>\n<\/tr>\n<tr>\n<td width=\"66\">2<\/td>\n<td colspan=\"2\" width=\"481\">Di\u00e1metro de revestimiento<\/td>\n<td width=\"71\">\u03bcm<\/td>\n<td width=\"313\">124,8\u00b10,7<\/td>\n<\/tr>\n<tr>\n<td width=\"66\">3<\/td>\n<td colspan=\"2\" width=\"481\">Cladding Non-Circularity<\/td>\n<td width=\"71\">%<\/td>\n<td width=\"313\">\u22640.7<\/td>\n<\/tr>\n<tr>\n<td width=\"66\">4<\/td>\n<td colspan=\"2\" width=\"481\">Error de concentraci\u00f3n de cierre de n\u00facleo<\/td>\n<td width=\"71\">\u03bcm<\/td>\n<td width=\"313\">\u22640,5<\/td>\n<\/tr>\n<tr>\n<td width=\"66\">5<\/td>\n<td colspan=\"2\" width=\"481\">Di\u00e1metro de cocci\u00f3n<\/td>\n<td width=\"71\">\u03bcm<\/td>\n<td width=\"313\">245\u00b15<\/td>\n<\/tr>\n<tr>\n<td width=\"66\">6<\/td>\n<td colspan=\"2\" width=\"481\">Coating Non-Circularity<\/td>\n<td width=\"71\">%<\/td>\n<td width=\"313\">\u22646.0<\/td>\n<\/tr>\n<tr>\n<td width=\"66\">7<\/td>\n<td colspan=\"2\" width=\"481\">Error de concentraci\u00f3n de revestimiento<\/td>\n<td width=\"71\">\u03bcm<\/td>\n<td width=\"313\">\u226412.0<\/td>\n<\/tr>\n<tr>\n<td width=\"66\">8<\/td>\n<td colspan=\"2\" width=\"481\">Cable Cutoff Wavelength<\/td>\n<td width=\"71\">nm<\/td>\n<td width=\"313\">\u03bbcc\u22641260<\/td>\n<\/tr>\n<tr>\n<td rowspan=\"2\" width=\"66\"><strong>\u00a0<\/strong><\/p>\n<p>9<\/p>\n<\/td>\n<td rowspan=\"2\" width=\"290\"><strong>\u00a0<\/strong><\/p>\n<p>Atenuaci\u00f3n(max.)<\/p>\n<\/td>\n<td width=\"190\">1310nm<\/td>\n<td width=\"71\">dB\/km<\/td>\n<td width=\"313\">\u22640.4<\/td>\n<\/tr>\n<tr>\n<td width=\"190\">1550nm<\/td>\n<td width=\"71\">dB\/km<\/td>\n<td width=\"313\">\u22640.3<\/td>\n<\/tr>\n<\/tbody>\n<\/table>\n<\/div>\n<\/div>\n<div class=\"wpb_text_column wpb_content_element\">\n<div class=\"wpb_wrapper\">\n<p><strong>Caracter\u00edsticas mec\u00e1nicas y ambientales<\/strong><\/p>\n<p><strong>\u00a0<\/strong><\/p>\n<table>\n<tbody>\n<tr>\n<td width=\"461\">Temas<\/td>\n<td width=\"234\">Unite<\/td>\n<td width=\"234\">Especificaciones<\/td>\n<\/tr>\n<tr>\n<td width=\"461\">Crush(Long Term)<\/td>\n<td width=\"234\">N\/10cm<\/td>\n<td width=\"234\">300<\/td>\n<\/tr>\n<tr>\n<td width=\"461\">Crush(T\u00e9rmino corto)<\/td>\n<td width=\"234\">N\/10cm<\/td>\n<td width=\"234\">1000<\/td>\n<\/tr>\n<tr>\n<td width=\"461\">Min. Bend Radius(Dynamic)<\/td>\n<td width=\"234\">mm<\/td>\n<td width=\"234\">20D<\/td>\n<\/tr>\n<tr>\n<td width=\"461\">Min. Bend Radius(Estatico)<\/td>\n<td width=\"234\">mm<\/td>\n<td width=\"234\">10D<\/td>\n<\/tr>\n<\/tbody>\n<\/table>\n<\/div>\n<\/div>\n<div class=\"wpb_text_column wpb_content_element\">\n<div class=\"wpb_wrapper\">\n<p><strong>Caracter\u00edsticas de la transmisi\u00f3n<\/strong><\/p>\n<table width=\"868\">\n<tbody>\n<tr>\n<td width=\"326\"><\/td>\n<td width=\"187\">SMF<\/td>\n<td width=\"177\">50\/125<\/td>\n<td width=\"177\">62.5\/125<\/td>\n<\/tr>\n<tr>\n<td width=\"326\"><\/td>\n<td width=\"187\">1310\/1550(nm)<\/td>\n<td width=\"177\">850\/1300(nm)<\/td>\n<td width=\"177\">850\/1300(nm)<\/td>\n<\/tr>\n<tr>\n<td width=\"326\">Atenuaci\u00f3n (dB\/km)<\/td>\n<td width=\"187\">\u22640.40\/0.30<\/td>\n<td width=\"177\">\u22643.5\/1.5<\/td>\n<td width=\"177\">\u22643.5\/1.5<\/td>\n<\/tr>\n<tr>\n<td width=\"326\">Ancho de banda m\u00ednimo (MHz\u00b7km)<\/td>\n<td width=\"187\">-<\/td>\n<td width=\"177\">\u2265400\/400<\/td>\n<td width=\"177\">\u2265160\/500<\/td>\n<\/tr>\n<\/tbody>\n<\/table>\n<\/div>\n<\/div>\n<div class=\"wpb_text_column wpb_content_element\">\n<div class=\"wpb_wrapper\">\n<p><strong>Environmental Characteristics<\/strong><\/p>\n<table width=\"868\">\n<tbody>\n<tr>\n<td width=\"588\">Temperatura de operaci\u00f3n de almacenamiento<\/td>\n<td width=\"279\">-20\u00b0C~+60\u00b0C<\/td>\n<\/tr>\n<\/tbody>\n<\/table>\n<\/div>\n<\/div>\n<\/div>\n<\/div>\n<\/div>\n<\/div>\n<\/div>","protected":false},"excerpt":{"rendered":"<p>24F Cable de escape de fibra \u00f3ptica con cable simplex de 2.0mm dentro Caracter\u00edsticas Elemento de cable de separaci\u00f3n de fibra \u00f3ptica: Cable simplex, un cable simplex est\u00e1 varado alrededor del miembro de fuerza central no met\u00e1lico. Chaqueta exteriorSimplex Cable no-Central Estructura de miembros Estructura de cables Par\u00e1metros de cable Art\u00edculos Especificaciones Conteo de fibra 24 Tight-buffered Fiber Dimension 850\u00b150\u03bcm Material PVC Color blanco [...]<\/p>","protected":false},"featured_media":3011,"comment_status":"open","ping_status":"closed","template":"","meta":[],"product_brand":[],"product_cat":[97],"product_tag":[],"class_list":{"0":"post-3428","1":"product","2":"type-product","3":"status-publish","4":"has-post-thumbnail","6":"product_cat-indoor-cable","8":"first","9":"instock","10":"shipping-taxable","11":"product-type-simple"},"_links":{"self":[{"href":"https:\/\/www.newsunn.com\/es\/wp-json\/wp\/v2\/product\/3428","targetHints":{"allow":["GET"]}}],"collection":[{"href":"https:\/\/www.newsunn.com\/es\/wp-json\/wp\/v2\/product"}],"about":[{"href":"https:\/\/www.newsunn.com\/es\/wp-json\/wp\/v2\/types\/product"}],"replies":[{"embeddable":true,"href":"https:\/\/www.newsunn.com\/es\/wp-json\/wp\/v2\/comments?post=3428"}],"version-history":[{"count":0,"href":"https:\/\/www.newsunn.com\/es\/wp-json\/wp\/v2\/product\/3428\/revisions"}],"wp:featuredmedia":[{"embeddable":true,"href":"https:\/\/www.newsunn.com\/es\/wp-json\/wp\/v2\/media\/3011"}],"wp:attachment":[{"href":"https:\/\/www.newsunn.com\/es\/wp-json\/wp\/v2\/media?parent=3428"}],"wp:term":[{"taxonomy":"product_brand","embeddable":true,"href":"https:\/\/www.newsunn.com\/es\/wp-json\/wp\/v2\/product_brand?post=3428"},{"taxonomy":"product_cat","embeddable":true,"href":"https:\/\/www.newsunn.com\/es\/wp-json\/wp\/v2\/product_cat?post=3428"},{"taxonomy":"product_tag","embeddable":true,"href":"https:\/\/www.newsunn.com\/es\/wp-json\/wp\/v2\/product_tag?post=3428"}],"curies":[{"name":"wp","href":"https:\/\/api.w.org\/{rel}","templated":true}]}}