{"id":3427,"date":"2025-03-06T14:00:21","date_gmt":"2025-03-06T06:00:21","guid":{"rendered":"http:\/\/www.niusheng.globaldeepsea.site\/?post_type=product&#038;p=3427"},"modified":"2025-03-06T14:00:24","modified_gmt":"2025-03-06T06:00:24","slug":"round-ribbon-cable","status":"publish","type":"product","link":"https:\/\/www.newsunn.com\/es\/producto\/round-ribbon-cable\/","title":{"rendered":"Cable de cinta redonda"},"content":{"rendered":"<div class=\"pro-box-border\">\n<div class=\"vc_row wpb_row vc_row-fluid\">\n<div class=\"wpb_column vc_column_container vc_col-sm-6\">\n<div class=\"vc_column-inner\">\n<div class=\"wpb_wrapper\">\n<div class=\"wpb_single_image wpb_content_element vc_align_left\">\n<figure class=\"wpb_wrapper vc_figure\">\n<div class=\"vc_single_image-wrapper vc_box_border_grey\"><img fetchpriority=\"high\" alt=\"round ribbon cable\" class=\"vc_single_image-img attachment-medium\" decoding=\"async\" height=\"214\" sizes=\"(max-width: 300px) 100vw, 300px\" src=\"http:\/\/www.niusheng.globaldeepsea.site\/wp-content\/uploads\/2025\/03\/323175de4ec9f878cc8cc5a6bb2bfbf9.jpg\" srcset=\"https:\/\/niusheng.gg13.globaldeepsea.site\/wp-content\/uploads\/2015\/11\/round-ribbon-300x214.jpg 300w, https:\/\/niusheng.gg13.globaldeepsea.site\/wp-content\/uploads\/2015\/11\/round-ribbon.jpg 420w\" width=\"300\"\/><\/div>\n<\/figure>\n<\/div>\n<\/div>\n<\/div>\n<\/div>\n<div class=\"wpb_column vc_column_container vc_col-sm-6\">\n<div class=\"vc_column-inner\">\n<div class=\"wpb_wrapper\">\n<div class=\"wpb_text_column wpb_content_element\">\n<div class=\"wpb_wrapper\">\n<\/div>\n<\/div>\n<\/div>\n<\/div>\n<\/div>\n<\/div>\n<div class=\"vc_row wpb_row vc_row-fluid\">\n<div class=\"wpb_column vc_column_container vc_col-sm-12\">\n<div class=\"vc_column-inner\">\n<div class=\"wpb_wrapper\">\n<div class=\"wpb_text_column wpb_content_element\">\n<div class=\"wpb_wrapper\">\n<p><strong>Caracter\u00edsticas<\/strong><\/p>\n<ul>\n<li>Fiber ribbon, aramid yarn, soft flame-retardant jacket<\/li>\n<li>Suited to SM fiber<\/li>\n<\/ul>\n<\/div>\n<\/div>\n<div class=\"wpb_text_column wpb_content_element\">\n<div class=\"wpb_wrapper\">\n<p><strong>Estructura<\/strong><\/p>\n<\/div>\n<\/div>\n<div class=\"wpb_single_image wpb_content_element vc_align_center\">\n<figure class=\"wpb_wrapper vc_figure\">\n<div class=\"vc_single_image-wrapper vc_box_border_grey\"><img alt=\"round ribbon cable\" class=\"vc_single_image-img attachment-large\" decoding=\"async\" height=\"231\" sizes=\"(max-width: 474px) 100vw, 474px\" src=\"http:\/\/www.niusheng.globaldeepsea.site\/wp-content\/uploads\/2025\/03\/6232d49ef24043fdb9f3913f21138e48.jpg\" srcset=\"https:\/\/niusheng.gg13.globaldeepsea.site\/wp-content\/uploads\/2015\/11\/round-ribbon-cable.jpg 589w, https:\/\/niusheng.gg13.globaldeepsea.site\/wp-content\/uploads\/2015\/11\/round-ribbon-cable-300x146.jpg 300w\" width=\"474\"\/><\/div>\n<\/figure>\n<\/div>\n<div class=\"wpb_text_column wpb_content_element\">\n<div class=\"wpb_wrapper\">\n<p><strong>Geometrical\u00a0Characteristics<\/strong><\/p>\n<table width=\"345\">\n<tbody>\n<tr>\n<td width=\"194\">Cable\u00a0Type<\/td>\n<td width=\"79\">72<\/td>\n<td width=\"72\">96<\/td>\n<\/tr>\n<tr>\n<td width=\"194\">Cable\u00a0Dimension\u00a0(mm)<\/td>\n<td width=\"79\">13<\/td>\n<td width=\"72\">11.5<\/td>\n<\/tr>\n<tr>\n<td width=\"194\">Fiber\u00a0Ribbon\u00a0Number<\/td>\n<td width=\"79\">6<\/td>\n<td width=\"72\">12<\/td>\n<\/tr>\n<tr>\n<td width=\"194\">Cable\u00a0Weight(kg\/km)<\/td>\n<td width=\"79\">126<\/td>\n<td width=\"72\">120<\/td>\n<\/tr>\n<tr>\n<td width=\"194\">Coloring\u00a0Fiber\u00a0Diameter(\u03bcm)<\/td>\n<td colspan=\"2\" width=\"151\">260\u00b15<\/td>\n<\/tr>\n<\/tbody>\n<\/table>\n<\/div>\n<\/div>\n<div class=\"wpb_text_column wpb_content_element\">\n<div class=\"wpb_wrapper\">\n<p><strong>Mechanical\u00a0Characteristics<\/strong><\/p>\n<table width=\"868\">\n<tbody>\n<tr class=\"firstRow\">\n<td class=\"et2\" height=\"37\" rowspan=\"2\" width=\"335\">Tensile\u00a0strength\u00a0(N)<\/td>\n<td class=\"et3\" height=\"18\" width=\"171\">Long\u00a0Term<\/td>\n<td class=\"et4\" height=\"18\" width=\"361\">200<\/td>\n<\/tr>\n<tr>\n<td class=\"et3\" height=\"18\" width=\"171\">Short\u00a0Term<\/td>\n<td class=\"et4\" height=\"18\" width=\"361\">660<\/td>\n<\/tr>\n<tr>\n<td class=\"et2\" height=\"37\" rowspan=\"2\" width=\"335\">Crush\u00a0resistance\uff08N\/100\u339c\uff09<\/td>\n<td class=\"et3\" height=\"18\" width=\"171\">Long\u00a0Term<\/td>\n<td class=\"et4\" height=\"18\" width=\"361\">200<\/td>\n<\/tr>\n<tr>\n<td class=\"et3\" height=\"18\" width=\"171\">Short\u00a0Term<\/td>\n<td class=\"et4\" height=\"18\" width=\"361\">1000<\/td>\n<\/tr>\n<tr>\n<td class=\"et2\" height=\"37\" rowspan=\"2\" width=\"335\">Bending\u00a0Radius(CM)<\/td>\n<td class=\"et3\" height=\"18\" width=\"171\">Dynamic<\/td>\n<td class=\"et4\" height=\"18\" width=\"361\">20<span class=\"font1\">\u00d7<\/span><span class=\"font2\">D\u00a0(D:\u00a0Cable\u00a0Diameter)<\/span><\/td>\n<\/tr>\n<tr>\n<td class=\"et3\" height=\"18\" width=\"171\">Static<\/td>\n<td class=\"et4\" height=\"18\" width=\"361\">10<span class=\"font1\">\u00d7<\/span><span class=\"font2\">D\u00a0(D:\u00a0Cable\u00a0Diameter)<\/span><\/td>\n<\/tr>\n<\/tbody>\n<\/table>\n<\/div>\n<\/div>\n<div class=\"wpb_text_column wpb_content_element\">\n<div class=\"wpb_wrapper\">\n<p><strong>Fiber Type<\/strong><\/p>\n<table width=\"868\">\n<tbody>\n<tr>\n<td width=\"664\">Fiber\u00a0Type(core\/cladding\u00a0dimension)<\/td>\n<td width=\"203\">9\/125<\/td>\n<\/tr>\n<\/tbody>\n<\/table>\n<\/div>\n<\/div>\n<div class=\"wpb_text_column wpb_content_element\">\n<div class=\"wpb_wrapper\">\n<p><strong>Caracter\u00edsticas de la transmisi\u00f3n<\/strong><\/p>\n<table width=\"868\">\n<colgroup>\n<col width=\"225\"\/>\n<col width=\"72\"\/><\/colgroup>\n<tbody>\n<tr class=\"firstRow\">\n<td class=\"et2\" height=\"18\" width=\"602\"><\/td>\n<td class=\"et3\" height=\"18\" width=\"265\">SMF<\/td>\n<\/tr>\n<tr>\n<td class=\"et4\" height=\"18\" width=\"602\"><\/td>\n<td class=\"et3\" height=\"18\" width=\"265\">1310\/1550(nm)<\/td>\n<\/tr>\n<tr>\n<td class=\"et3\" height=\"18\" width=\"602\">Atenuaci\u00f3n (dB\/km)<\/td>\n<td class=\"et5\" height=\"18\" width=\"265\">\u2264<span class=\"font2\">0.40\/0.30<\/span><\/td>\n<\/tr>\n<tr>\n<td class=\"et3\" height=\"18\" width=\"602\">Minimum\u00a0Bandwidth(MHz<span class=\"font1\">\u00b7<\/span><span class=\"font2\">km)<\/span><\/td>\n<td class=\"et5\" height=\"18\" width=\"265\">-<\/td>\n<\/tr>\n<\/tbody>\n<\/table>\n<\/div>\n<\/div>\n<div class=\"wpb_text_column wpb_content_element\">\n<div class=\"wpb_wrapper\">\n<p><strong>Environmental Characteristics<\/strong><\/p>\n<table width=\"868\">\n<tbody>\n<tr>\n<td width=\"588\">Temperatura de operaci\u00f3n de almacenamiento<\/td>\n<td width=\"279\">-20\u00b0C~+60\u00b0C<\/td>\n<\/tr>\n<\/tbody>\n<\/table>\n<\/div>\n<\/div>\n<\/div>\n<\/div>\n<\/div>\n<\/div>\n<\/div>","protected":false},"excerpt":{"rendered":"<p>Caracter\u00edsticas Cinta de fibra, hilo aramidable, chaqueta blanda retardante de llama Suite a fibra SM Estructura Caracter\u00edsticas geom\u00e9tricas Cable Tipo 72 96 Dimensi\u00f3n de cable (mm) 13 11.5 Cinta de fibra N\u00famero 6 12 Peso de cable(kg\/km) 126 120 Di\u00e1metro de fibra de color(\u03bcm) 260\u00b15 Caracter\u00edsticas mec\u00e1nicas Fuerza de tensi\u00f3n (N) Long Term 200 Temperatura de resistencia corta 660mm (D: Di\u00e1metro del cable) Static 10\u00d7D (D: Di\u00e1metro del cable) Tipo de fibra Tipo de fibra (tama\u00f1o del n\u00facleo\/relaci\u00f3n) 9\/125 Caracter\u00edsticas de transmisi\u00f3n SMF 1310\/1550(nm) Atenuaci\u00f3n(dB\/km) \u22640.40\/0.30 Ancho de banda m\u00ednimo (MHz\u00b7km) \u2014\u2014 [...]<\/p>","protected":false},"featured_media":2957,"comment_status":"open","ping_status":"closed","template":"","meta":[],"product_brand":[],"product_cat":[97],"product_tag":[],"class_list":{"0":"post-3427","1":"product","2":"type-product","3":"status-publish","4":"has-post-thumbnail","6":"product_cat-indoor-cable","8":"first","9":"instock","10":"shipping-taxable","11":"product-type-simple"},"_links":{"self":[{"href":"https:\/\/www.newsunn.com\/es\/wp-json\/wp\/v2\/product\/3427","targetHints":{"allow":["GET"]}}],"collection":[{"href":"https:\/\/www.newsunn.com\/es\/wp-json\/wp\/v2\/product"}],"about":[{"href":"https:\/\/www.newsunn.com\/es\/wp-json\/wp\/v2\/types\/product"}],"replies":[{"embeddable":true,"href":"https:\/\/www.newsunn.com\/es\/wp-json\/wp\/v2\/comments?post=3427"}],"version-history":[{"count":0,"href":"https:\/\/www.newsunn.com\/es\/wp-json\/wp\/v2\/product\/3427\/revisions"}],"wp:featuredmedia":[{"embeddable":true,"href":"https:\/\/www.newsunn.com\/es\/wp-json\/wp\/v2\/media\/2957"}],"wp:attachment":[{"href":"https:\/\/www.newsunn.com\/es\/wp-json\/wp\/v2\/media?parent=3427"}],"wp:term":[{"taxonomy":"product_brand","embeddable":true,"href":"https:\/\/www.newsunn.com\/es\/wp-json\/wp\/v2\/product_brand?post=3427"},{"taxonomy":"product_cat","embeddable":true,"href":"https:\/\/www.newsunn.com\/es\/wp-json\/wp\/v2\/product_cat?post=3427"},{"taxonomy":"product_tag","embeddable":true,"href":"https:\/\/www.newsunn.com\/es\/wp-json\/wp\/v2\/product_tag?post=3427"}],"curies":[{"name":"wp","href":"https:\/\/api.w.org\/{rel}","templated":true}]}}