{"id":3422,"date":"2025-03-06T14:00:20","date_gmt":"2025-03-06T06:00:20","guid":{"rendered":"http:\/\/www.niusheng.globaldeepsea.site\/?post_type=product&#038;p=3422"},"modified":"2025-03-06T14:00:24","modified_gmt":"2025-03-06T06:00:24","slug":"optic-fiber-simplex-cable","status":"publish","type":"product","link":"https:\/\/www.newsunn.com\/es\/producto\/optic-fiber-simplex-cable\/","title":{"rendered":"Fibra \u00f3ptica Cable Simplex"},"content":{"rendered":"<div class=\"pro-box-border\">\n<div class=\"vc_row wpb_row vc_row-fluid\">\n<div class=\"wpb_column vc_column_container vc_col-sm-6\">\n<div class=\"vc_column-inner\">\n<div class=\"wpb_wrapper\">\n<div class=\"wpb_single_image wpb_content_element vc_align_left\">\n<figure class=\"wpb_wrapper vc_figure\">\n<div class=\"vc_single_image-wrapper vc_box_border_grey\"><img fetchpriority=\"high\" alt=\"simplex cable\" class=\"vc_single_image-img attachment-medium\" decoding=\"async\" height=\"214\" sizes=\"(max-width: 300px) 100vw, 300px\" src=\"http:\/\/www.niusheng.globaldeepsea.site\/wp-content\/uploads\/2025\/03\/fd0c294a45da76bcbaaab456d970e9c1.jpg\" srcset=\"https:\/\/niusheng.gg13.globaldeepsea.site\/wp-content\/uploads\/2015\/11\/simplex-cable-300x214.jpg 300w, https:\/\/niusheng.gg13.globaldeepsea.site\/wp-content\/uploads\/2015\/11\/simplex-cable.jpg 420w\" width=\"300\"\/><\/div>\n<\/figure>\n<\/div>\n<\/div>\n<\/div>\n<\/div>\n<div class=\"wpb_column vc_column_container vc_col-sm-6\">\n<div class=\"vc_column-inner\">\n<div class=\"wpb_wrapper\">\n<div class=\"wpb_text_column wpb_content_element\">\n<div class=\"wpb_wrapper\">\n<\/div>\n<\/div>\n<\/div>\n<\/div>\n<\/div>\n<\/div>\n<div class=\"vc_row wpb_row vc_row-fluid\">\n<div class=\"wpb_column vc_column_container vc_col-sm-12\">\n<div class=\"vc_column-inner\">\n<div class=\"wpb_wrapper\">\n<div class=\"wpb_text_column wpb_content_element\">\n<div class=\"wpb_wrapper\">\n<p><strong>Caracter\u00edsticas<\/strong><\/p>\n<ul>\n<li>900\u03bcm or 600\u03bcm tight buffer fiber, aramid yarn, soft flame-retardant jacket<\/li>\n<li>Excellent stripping performance of tight buffer fiber<\/li>\n<li>Suited to SM fiber and MM fiber(50\u03bcm and 62.5\u03bcm)<\/li>\n<\/ul>\n<\/div>\n<\/div>\n<div class=\"wpb_text_column wpb_content_element\">\n<div class=\"wpb_wrapper\">\n<p><strong>Estructura<\/strong><\/p>\n<\/div>\n<\/div>\n<div class=\"wpb_single_image wpb_content_element vc_align_center\">\n<figure class=\"wpb_wrapper vc_figure\">\n<div class=\"vc_single_image-wrapper vc_box_border_grey\"><img alt=\"tight\" class=\"vc_single_image-img attachment-large\" decoding=\"async\" height=\"181\" sizes=\"(max-width: 355px) 100vw, 355px\" src=\"http:\/\/www.niusheng.globaldeepsea.site\/wp-content\/uploads\/2025\/03\/6f846e86bdfa176ad1928997d93b9df6.jpg\" srcset=\"https:\/\/niusheng.gg13.globaldeepsea.site\/wp-content\/uploads\/2015\/11\/tight.jpg 355w, https:\/\/niusheng.gg13.globaldeepsea.site\/wp-content\/uploads\/2015\/11\/tight-300x153.jpg 300w\" width=\"355\"\/><\/div>\n<\/figure>\n<\/div>\n<div class=\"wpb_text_column wpb_content_element\">\n<div class=\"wpb_wrapper\">\n<p><strong>Geometrical\u00a0Characteristics<\/strong><\/p>\n<table width=\"868\">\n<tbody>\n<tr class=\"firstRow\">\n<td class=\"et2\" height=\"18\" width=\"223\">Cable\u00a0Type<\/td>\n<td class=\"et3\" height=\"18\" width=\"128\">\u03c6<span class=\"font2\">3.0<\/span><\/td>\n<td class=\"et3\" height=\"18\" width=\"129\">\u03c6<span class=\"font2\">2.4<\/span><\/td>\n<td class=\"et3\" height=\"18\" width=\"129\">\u03c6<span class=\"font2\">2.0<\/span><\/td>\n<td class=\"et3\" height=\"18\" width=\"129\">\u03c6<span class=\"font2\">1.8<\/span><\/td>\n<td class=\"et3\" height=\"18\" width=\"129\">\u03c6<span class=\"font2\">1.6<\/span><\/td>\n<\/tr>\n<tr>\n<td class=\"et2\" height=\"18\" width=\"223\">Cable\u00a0Dimension\u00a0(mm)<\/td>\n<td class=\"et4\" height=\"18\" width=\"128\">2.8<span class=\"font1\">5\u00b1<\/span><span class=\"font2\">0.05<\/span><\/td>\n<td class=\"et4\" height=\"18\" width=\"129\">2.40<span class=\"font1\">\u00b1<\/span><span class=\"font2\">0.05<\/span><\/td>\n<td class=\"et4\" height=\"18\" width=\"129\">1.95<span class=\"font1\">\u00b1<\/span><span class=\"font2\">0.05<\/span><\/td>\n<td class=\"et4\" height=\"18\" width=\"129\">1.85<span class=\"font1\">\u00b1<\/span><span class=\"font2\">0.05<\/span><\/td>\n<td class=\"et4\" height=\"18\" width=\"129\">1.65<span class=\"font1\">\u00b1<\/span><span class=\"font2\">0.05<\/span><\/td>\n<\/tr>\n<tr>\n<td class=\"et2\" height=\"18\" width=\"223\">Cable\u00a0Weight(kg\/km)<\/td>\n<td class=\"et4\" height=\"18\" width=\"128\">6.5<\/td>\n<td class=\"et4\" height=\"18\" width=\"129\">5<\/td>\n<td class=\"et4\" height=\"18\" width=\"129\">3.2<\/td>\n<td class=\"et4\" height=\"18\" width=\"129\">3.1<\/td>\n<td class=\"et4\" height=\"18\" width=\"129\">3<\/td>\n<\/tr>\n<tr>\n<td class=\"et2\" height=\"18\" width=\"223\">TBF\u00a0Diameter(<span class=\"font1\">\u03bc<\/span><span class=\"font2\">m)<\/span><\/td>\n<td class=\"et5\" colspan=\"3\" height=\"18\">900\u00b150<\/td>\n<td class=\"et4\" colspan=\"2\" height=\"18\">600\u00b150<\/td>\n<\/tr>\n<\/tbody>\n<\/table>\n<\/div>\n<\/div>\n<div class=\"wpb_text_column wpb_content_element\">\n<div class=\"wpb_wrapper\">\n<p><strong>Mechanical\u00a0Characteristics<\/strong><\/p>\n<table data-sort=\"sortDisabled\" width=\"868\">\n<tbody>\n<tr class=\"firstRow\">\n<td class=\"et2\" height=\"32\" rowspan=\"2\" width=\"380\">Tensile\u00a0strength\u00a0(N)<\/td>\n<td class=\"et2\" height=\"14\" width=\"168\"><span class=\"font3\">Long\u00a0Term<\/span><\/td>\n<td class=\"et5\" height=\"14\" width=\"319\">60<\/td>\n<\/tr>\n<tr>\n<td class=\"et2\" height=\"18\" width=\"168\">Short\u00a0Term<\/td>\n<td class=\"et5\" height=\"18\" width=\"319\">100<\/td>\n<\/tr>\n<tr>\n<td colspan=\"1\" rowspan=\"2\" width=\"380\">Crush\u00a0resistance<span class=\"font2\">\uff08N\/100\u339c\uff09<\/span><\/td>\n<td width=\"168\">Long\u00a0Term<\/td>\n<td width=\"319\">100<\/td>\n<\/tr>\n<tr>\n<td class=\"et2\" height=\"13\" width=\"168\">Short\u00a0Term<\/td>\n<td class=\"et5\" height=\"13\" width=\"319\">500<\/td>\n<\/tr>\n<tr>\n<td class=\"et2\" height=\"48\" rowspan=\"2\" width=\"380\">Bending\u00a0Radius(CM)<\/td>\n<td class=\"et2\" height=\"30\" width=\"168\">Dynamic<\/td>\n<td class=\"et5\" height=\"30\" width=\"319\">20<span class=\"font2\">\u00d7H\u00a0\u00a0(H:\u00a0Cable\u00a0Axis)<\/span><\/td>\n<\/tr>\n<tr>\n<td class=\"et2\" height=\"18\" width=\"168\">Static<\/td>\n<td class=\"et5\" height=\"18\" width=\"319\">10<span class=\"font2\">\u00d7H\u00a0\u00a0(H:\u00a0Cable\u00a0Axis)<\/span><\/td>\n<\/tr>\n<\/tbody>\n<\/table>\n<\/div>\n<\/div>\n<div class=\"wpb_text_column wpb_content_element\">\n<div class=\"wpb_wrapper\">\n<p><strong>Fiber Type<\/strong><\/p>\n<table width=\"868\">\n<tbody>\n<tr>\n<td width=\"664\">Fiber\u00a0Type(core\/cladding\u00a0dimension)<\/td>\n<td width=\"203\">9\/125,\u00a050\/125,\u00a062.5\/125<\/td>\n<\/tr>\n<\/tbody>\n<\/table>\n<\/div>\n<\/div>\n<div class=\"wpb_text_column wpb_content_element\">\n<div class=\"wpb_wrapper\">\n<p><strong>Caracter\u00edsticas de la transmisi\u00f3n<\/strong><\/p>\n<table width=\"868\">\n<tbody>\n<tr>\n<td width=\"326\"><\/td>\n<td width=\"187\">SMF<\/td>\n<td width=\"177\">50\/125<\/td>\n<td width=\"177\">62.5\/125<\/td>\n<\/tr>\n<tr>\n<td width=\"326\"><\/td>\n<td width=\"187\">1310\/1550(nm)<\/td>\n<td width=\"177\">850\/1300(nm)<\/td>\n<td width=\"177\">850\/1300(nm)<\/td>\n<\/tr>\n<tr>\n<td width=\"326\">Atenuaci\u00f3n (dB\/km)<\/td>\n<td width=\"187\">\u22640.40\/0.30<\/td>\n<td width=\"177\">\u22643.5\/1.5<\/td>\n<td width=\"177\">\u22643.5\/1.5<\/td>\n<\/tr>\n<tr>\n<td width=\"326\">Ancho de banda m\u00ednimo (MHz\u00b7km)<\/td>\n<td width=\"187\">-<\/td>\n<td width=\"177\">\u2265400\/400<\/td>\n<td width=\"177\">\u2265160\/500<\/td>\n<\/tr>\n<\/tbody>\n<\/table>\n<\/div>\n<\/div>\n<div class=\"wpb_text_column wpb_content_element\">\n<div class=\"wpb_wrapper\">\n<p><strong>Environmental Characteristics<\/strong><\/p>\n<table width=\"868\">\n<tbody>\n<tr>\n<td width=\"588\">Temperatura de operaci\u00f3n de almacenamiento<\/td>\n<td width=\"279\">-20\u00b0C~+60\u00b0C<\/td>\n<\/tr>\n<\/tbody>\n<\/table>\n<\/div>\n<\/div>\n<\/div>\n<\/div>\n<\/div>\n<\/div>\n<\/div>","protected":false},"excerpt":{"rendered":"<p>Caracter\u00edsticas 900\u03bcm o 600\u03bcm fibra de amortiguaci\u00f3n ajustada, hilo de aramid, chaqueta suave resistente a la llama Excelente rendimiento de desnudamiento de fibra de b\u00fafer ajustada Suite a fibra SM y fibra MM(50\u03bcm y 62.5\u03bcm) Estructura Caracter\u00edsticas geom\u00e9tricas Tipo de cable \u03c63.0 \u03c62.4 \u03c62.0 \u03c61.8 \u03c61.6 Dimensi\u00f3n del cable (mm) 2.85\u00b10.05 2.40\u00b10.05 1.95\u00b10.05 1.85\u00b10.05 1.65\u00b10.05 Peso de cable(kg\/km) 6.5 5 3.2 3.1 3 Di\u00e1metro(\u03bcm) 900\u00b150 600\u00b150 Caracter\u00edsticas mec\u00e1nicas Fuerza de tracci\u00f3n (N) Long Term 60 [...]<\/p>","protected":false},"featured_media":3182,"comment_status":"open","ping_status":"closed","template":"","meta":[],"product_brand":[],"product_cat":[97],"product_tag":[],"class_list":{"0":"post-3422","1":"product","2":"type-product","3":"status-publish","4":"has-post-thumbnail","6":"product_cat-indoor-cable","8":"first","9":"instock","10":"shipping-taxable","11":"product-type-simple"},"_links":{"self":[{"href":"https:\/\/www.newsunn.com\/es\/wp-json\/wp\/v2\/product\/3422","targetHints":{"allow":["GET"]}}],"collection":[{"href":"https:\/\/www.newsunn.com\/es\/wp-json\/wp\/v2\/product"}],"about":[{"href":"https:\/\/www.newsunn.com\/es\/wp-json\/wp\/v2\/types\/product"}],"replies":[{"embeddable":true,"href":"https:\/\/www.newsunn.com\/es\/wp-json\/wp\/v2\/comments?post=3422"}],"version-history":[{"count":0,"href":"https:\/\/www.newsunn.com\/es\/wp-json\/wp\/v2\/product\/3422\/revisions"}],"wp:featuredmedia":[{"embeddable":true,"href":"https:\/\/www.newsunn.com\/es\/wp-json\/wp\/v2\/media\/3182"}],"wp:attachment":[{"href":"https:\/\/www.newsunn.com\/es\/wp-json\/wp\/v2\/media?parent=3422"}],"wp:term":[{"taxonomy":"product_brand","embeddable":true,"href":"https:\/\/www.newsunn.com\/es\/wp-json\/wp\/v2\/product_brand?post=3422"},{"taxonomy":"product_cat","embeddable":true,"href":"https:\/\/www.newsunn.com\/es\/wp-json\/wp\/v2\/product_cat?post=3422"},{"taxonomy":"product_tag","embeddable":true,"href":"https:\/\/www.newsunn.com\/es\/wp-json\/wp\/v2\/product_tag?post=3422"}],"curies":[{"name":"wp","href":"https:\/\/api.w.org\/{rel}","templated":true}]}}