{"id":3420,"date":"2025-03-06T14:00:20","date_gmt":"2025-03-06T06:00:20","guid":{"rendered":"http:\/\/www.niusheng.globaldeepsea.site\/?post_type=product&#038;p=3420"},"modified":"2025-03-06T14:00:24","modified_gmt":"2025-03-06T06:00:24","slug":"armored-distribution-cable","status":"publish","type":"product","link":"https:\/\/www.newsunn.com\/es\/producto\/armored-distribution-cable\/","title":{"rendered":"Cable de distribuci\u00f3n blindado"},"content":{"rendered":"<div class=\"pro-box-border\">\n<div class=\"vc_row wpb_row vc_row-fluid\">\n<div class=\"wpb_column vc_column_container vc_col-sm-6\">\n<div class=\"vc_column-inner\">\n<div class=\"wpb_wrapper\">\n<div class=\"wpb_single_image wpb_content_element vc_align_left\">\n<figure class=\"wpb_wrapper vc_figure\">\n<div class=\"vc_single_image-wrapper vc_box_border_grey\"><img alt=\"distribution armored cable\" class=\"vc_single_image-img attachment-medium\" decoding=\"async\" height=\"168\" src=\"http:\/\/www.niusheng.globaldeepsea.site\/wp-content\/uploads\/2025\/03\/3cf6eb22a0631b9138f760b377970de1.jpg\" width=\"200\"\/><\/div>\n<\/figure>\n<\/div>\n<\/div>\n<\/div>\n<\/div>\n<div class=\"wpb_column vc_column_container vc_col-sm-6\">\n<div class=\"vc_column-inner\">\n<div class=\"wpb_wrapper\">\n<div class=\"wpb_text_column wpb_content_element\">\n<div class=\"wpb_wrapper\">\n<\/div>\n<\/div>\n<\/div>\n<\/div>\n<\/div>\n<\/div>\n<div class=\"vc_row wpb_row vc_row-fluid\">\n<div class=\"wpb_column vc_column_container vc_col-sm-12\">\n<div class=\"vc_column-inner\">\n<div class=\"wpb_wrapper\">\n<div class=\"wpb_text_column wpb_content_element\">\n<div class=\"wpb_wrapper\">\n<p><strong>Caracter\u00edsticas<\/strong><\/p>\n<ul>\n<li>600\u03bcm tight buffer fiber,steel tube protect, reinforcing steel-wire braiding flame-retardant jacket.<\/li>\n<li>High\u00a0indentation strength, high tensile strength, gopher protected, small diameter, flexibility and easy bend.<\/li>\n<li>Excellent stripping performance of tight buffer fiber.<\/li>\n<li>Suited to SM fiber and MM fiber.<\/li>\n<\/ul>\n<\/div>\n<\/div>\n<div class=\"wpb_text_column wpb_content_element\">\n<div class=\"wpb_wrapper\">\n<p><strong>Estructura<\/strong><\/p>\n<\/div>\n<\/div>\n<div class=\"wpb_single_image wpb_content_element vc_align_center\">\n<figure class=\"wpb_wrapper vc_figure\">\n<div class=\"vc_single_image-wrapper vc_box_border_grey\"><img fetchpriority=\"high\" alt=\"distribution cable\" class=\"vc_single_image-img attachment-large\" decoding=\"async\" height=\"255\" sizes=\"(max-width: 474px) 100vw, 474px\" src=\"http:\/\/www.niusheng.globaldeepsea.site\/wp-content\/uploads\/2025\/03\/fc17d633a3f6d1e78a479d5ee6387227.jpg\" srcset=\"https:\/\/niusheng.gg13.globaldeepsea.site\/wp-content\/uploads\/2015\/11\/distribution-cable.jpg 536w, https:\/\/niusheng.gg13.globaldeepsea.site\/wp-content\/uploads\/2015\/11\/distribution-cable-300x161.jpg 300w\" width=\"474\"\/><\/div>\n<\/figure>\n<\/div>\n<div class=\"wpb_text_column wpb_content_element\">\n<div class=\"wpb_wrapper\">\n<p><strong>Geometrical\u00a0Characteristics<\/strong><\/p>\n<table>\n<tbody>\n<tr class=\"firstRow\">\n<td valign=\"center\" width=\"347\">Cable\u00a0Type<\/td>\n<td valign=\"center\" width=\"311\">4\u30016<\/td>\n<td valign=\"center\" width=\"189\">8\u300112<\/td>\n<\/tr>\n<tr>\n<td valign=\"center\" width=\"347\">Cable\u00a0Dimension\u00a0(mm)<\/td>\n<td valign=\"center\" width=\"311\">6.5\u00b10.5<\/td>\n<td valign=\"center\" width=\"189\">7.5\u00b10.5<\/td>\n<\/tr>\n<tr>\n<td valign=\"center\" width=\"347\">Cable\u00a0Weight(kg\/km)<\/td>\n<td valign=\"center\" width=\"311\">73<\/td>\n<td valign=\"center\" width=\"189\">93<\/td>\n<\/tr>\n<tr>\n<td valign=\"center\" width=\"347\">TBF\u00a0Diameter(\u03bcm)<\/td>\n<td colspan=\"2\" valign=\"center\" width=\"123\">600\u00b150<\/td>\n<\/tr>\n<\/tbody>\n<\/table>\n<\/div>\n<\/div>\n<div class=\"wpb_text_column wpb_content_element\">\n<div class=\"wpb_wrapper\">\n<p><strong>Mechanical\u00a0Characteristics<\/strong><\/p>\n<table width=\"868\">\n<tbody>\n<tr class=\"firstRow\">\n<td rowspan=\"2\" valign=\"center\" width=\"384\">Tensile\u00a0strength\u00a0(N)<\/td>\n<td valign=\"center\" width=\"145\">Long\u00a0Term<\/td>\n<td valign=\"center\" width=\"338\">100<\/td>\n<\/tr>\n<tr>\n<td valign=\"center\" width=\"145\">Short\u00a0Term<\/td>\n<td valign=\"center\" width=\"338\">200<\/td>\n<\/tr>\n<tr>\n<td rowspan=\"2\" valign=\"center\" width=\"384\">Crush\u00a0Resistance(N\/100mm)<\/td>\n<td valign=\"center\" width=\"145\">Long\u00a0Term<\/td>\n<td valign=\"center\" width=\"338\">300<\/td>\n<\/tr>\n<tr>\n<td valign=\"center\" width=\"145\">Short\u00a0Term<\/td>\n<td valign=\"center\" width=\"338\">1000<\/td>\n<\/tr>\n<tr>\n<td rowspan=\"2\" valign=\"center\" width=\"384\">Bending\u00a0Radius(CM)<\/td>\n<td valign=\"center\" width=\"145\">Dynamic<\/td>\n<td valign=\"center\" width=\"338\">20\u00d7D\u00a0(D:\u00a0Cable\u00a0Diameter)<\/td>\n<\/tr>\n<tr>\n<td valign=\"center\" width=\"145\">Static<\/td>\n<td valign=\"center\" width=\"338\">10\u00d7D\u00a0(D:\u00a0Cable\u00a0Diameter)<\/td>\n<\/tr>\n<\/tbody>\n<\/table>\n<\/div>\n<\/div>\n<div class=\"wpb_text_column wpb_content_element\">\n<div class=\"wpb_wrapper\">\n<p><strong>Fiber Type<\/strong><\/p>\n<table width=\"868\">\n<tbody>\n<tr>\n<td width=\"664\">Fiber\u00a0Type(core\/cladding\u00a0dimension)<\/td>\n<td width=\"203\">9\/125,\u00a050\/125,\u00a062.5\/125<\/td>\n<\/tr>\n<\/tbody>\n<\/table>\n<\/div>\n<\/div>\n<div class=\"wpb_text_column wpb_content_element\">\n<div class=\"wpb_wrapper\">\n<p><strong>Caracter\u00edsticas de la transmisi\u00f3n<\/strong><\/p>\n<table width=\"868\">\n<tbody>\n<tr>\n<td width=\"326\"><\/td>\n<td width=\"187\">SMF<\/td>\n<td width=\"177\">50\/125<\/td>\n<td width=\"177\">62.5\/125<\/td>\n<\/tr>\n<tr>\n<td width=\"326\"><\/td>\n<td width=\"187\">1310\/1550(nm)<\/td>\n<td width=\"177\">850\/1300(nm)<\/td>\n<td width=\"177\">850\/1300(nm)<\/td>\n<\/tr>\n<tr>\n<td width=\"326\">Atenuaci\u00f3n (dB\/km)<\/td>\n<td width=\"187\">\u22640.40\/0.30<\/td>\n<td width=\"177\">\u22643.5\/1.5<\/td>\n<td width=\"177\">\u22643.5\/1.5<\/td>\n<\/tr>\n<tr>\n<td width=\"326\">Ancho de banda m\u00ednimo (MHz\u00b7km)<\/td>\n<td width=\"187\">-<\/td>\n<td width=\"177\">\u2265400\/400<\/td>\n<td width=\"177\">\u2265160\/500<\/td>\n<\/tr>\n<\/tbody>\n<\/table>\n<\/div>\n<\/div>\n<div class=\"wpb_text_column wpb_content_element\">\n<div class=\"wpb_wrapper\">\n<p><strong>Environmental Characteristics<\/strong><\/p>\n<table width=\"868\">\n<tbody>\n<tr>\n<td width=\"588\">Temperatura de operaci\u00f3n de almacenamiento<\/td>\n<td width=\"279\">-20\u00b0C~+60\u00b0C<\/td>\n<\/tr>\n<\/tbody>\n<\/table>\n<\/div>\n<\/div>\n<\/div>\n<\/div>\n<\/div>\n<\/div>\n<\/div>","protected":false},"excerpt":{"rendered":"<p>Caracter\u00edsticas fibra de amortiguaci\u00f3n ajustada de 600\u03bcm, protecci\u00f3n del tubo de acero, refuerzo de la chaqueta resistente a la llama de acero. Alta resistencia a la indentaci\u00f3n, alta resistencia a la tensi\u00f3n, gopher protegido, peque\u00f1o di\u00e1metro, flexibilidad y f\u00e1cil curva. Excelente rendimiento de desnudamiento de fibra de amortiguaci\u00f3n ajustada. Suite a fibra SM y fibra MM. Estructura Caracter\u00edsticas geom\u00e9tricas Tipo de cable 4,6 y 812 Dimensi\u00f3n del cable (mm) 6.5\u00b10.5 7.5\u00b10.5 Peso del cable(kg\/km) 73 93 Di\u00e1metro(\u03bcm) 600\u00b150 Caracter\u00edsticas mec\u00e1nicas Fortaleza de tracci\u00f3n (N) Long Term [...]<\/p>","protected":false},"featured_media":2973,"comment_status":"open","ping_status":"closed","template":"","meta":[],"product_brand":[],"product_cat":[97],"product_tag":[],"class_list":{"0":"post-3420","1":"product","2":"type-product","3":"status-publish","4":"has-post-thumbnail","6":"product_cat-indoor-cable","8":"first","9":"instock","10":"shipping-taxable","11":"product-type-simple"},"_links":{"self":[{"href":"https:\/\/www.newsunn.com\/es\/wp-json\/wp\/v2\/product\/3420","targetHints":{"allow":["GET"]}}],"collection":[{"href":"https:\/\/www.newsunn.com\/es\/wp-json\/wp\/v2\/product"}],"about":[{"href":"https:\/\/www.newsunn.com\/es\/wp-json\/wp\/v2\/types\/product"}],"replies":[{"embeddable":true,"href":"https:\/\/www.newsunn.com\/es\/wp-json\/wp\/v2\/comments?post=3420"}],"version-history":[{"count":0,"href":"https:\/\/www.newsunn.com\/es\/wp-json\/wp\/v2\/product\/3420\/revisions"}],"wp:featuredmedia":[{"embeddable":true,"href":"https:\/\/www.newsunn.com\/es\/wp-json\/wp\/v2\/media\/2973"}],"wp:attachment":[{"href":"https:\/\/www.newsunn.com\/es\/wp-json\/wp\/v2\/media?parent=3420"}],"wp:term":[{"taxonomy":"product_brand","embeddable":true,"href":"https:\/\/www.newsunn.com\/es\/wp-json\/wp\/v2\/product_brand?post=3420"},{"taxonomy":"product_cat","embeddable":true,"href":"https:\/\/www.newsunn.com\/es\/wp-json\/wp\/v2\/product_cat?post=3420"},{"taxonomy":"product_tag","embeddable":true,"href":"https:\/\/www.newsunn.com\/es\/wp-json\/wp\/v2\/product_tag?post=3420"}],"curies":[{"name":"wp","href":"https:\/\/api.w.org\/{rel}","templated":true}]}}