{"id":3419,"date":"2025-03-06T14:00:20","date_gmt":"2025-03-06T06:00:20","guid":{"rendered":"http:\/\/www.niusheng.globaldeepsea.site\/?post_type=product&#038;p=3419"},"modified":"2025-03-06T14:00:23","modified_gmt":"2025-03-06T06:00:23","slug":"relief-cable","status":"publish","type":"product","link":"https:\/\/www.newsunn.com\/es\/producto\/relief-cable\/","title":{"rendered":"Cable de ayuda"},"content":{"rendered":"<div class=\"pro-box-border\">\n<div class=\"vc_row wpb_row vc_row-fluid\">\n<div class=\"wpb_column vc_column_container vc_col-sm-6\">\n<div class=\"vc_column-inner\">\n<div class=\"wpb_wrapper\">\n<div class=\"wpb_single_image wpb_content_element vc_align_left\">\n<figure class=\"wpb_wrapper vc_figure\">\n<div class=\"vc_single_image-wrapper vc_box_border_grey\"><img alt=\"relief cable\" class=\"vc_single_image-img attachment-medium\" decoding=\"async\" height=\"168\" src=\"http:\/\/www.niusheng.globaldeepsea.site\/wp-content\/uploads\/2025\/03\/98a8a3ced8943fad32f116c88d0673c0.jpg\" width=\"200\"\/><\/div>\n<\/figure>\n<\/div>\n<\/div>\n<\/div>\n<\/div>\n<div class=\"wpb_column vc_column_container vc_col-sm-6\">\n<div class=\"vc_column-inner\">\n<div class=\"wpb_wrapper\">\n<div class=\"wpb_text_column wpb_content_element\">\n<div class=\"wpb_wrapper\">\n<\/div>\n<\/div>\n<\/div>\n<\/div>\n<\/div>\n<\/div>\n<div class=\"vc_row wpb_row vc_row-fluid\">\n<div class=\"wpb_column vc_column_container vc_col-sm-12\">\n<div class=\"vc_column-inner\">\n<div class=\"wpb_wrapper\">\n<div class=\"wpb_text_column wpb_content_element\">\n<div class=\"wpb_wrapper\">\n<p><strong>Caracter\u00edsticas<\/strong><\/p>\n<ul>\n<li>Characteristic: light weight, tensility resistance, crush resistance , strong specific gravity high, easy bend,oil resistance, abrasion resistance flexibility. So it can installation, maintenance and manage easily.<\/li>\n<li>Aramid yarn provide mechanical strength with cable<\/li>\n<li>Cable diameter and bending radius small, It can installation freely in narrow room<\/li>\n<\/ul>\n<\/div>\n<\/div>\n<div class=\"wpb_text_column wpb_content_element\">\n<div class=\"wpb_wrapper\">\n<p><strong>Estructura<\/strong><\/p>\n<\/div>\n<\/div>\n<div class=\"wpb_single_image wpb_content_element vc_align_center\">\n<figure class=\"wpb_wrapper vc_figure\">\n<div class=\"vc_single_image-wrapper vc_box_border_grey\"><img fetchpriority=\"high\" alt=\"relief\" class=\"vc_single_image-img attachment-large\" decoding=\"async\" height=\"263\" sizes=\"(max-width: 474px) 100vw, 474px\" src=\"http:\/\/www.niusheng.globaldeepsea.site\/wp-content\/uploads\/2025\/03\/1bf5e238d30eeb18e0633b4649005579.jpg\" srcset=\"https:\/\/niusheng.gg13.globaldeepsea.site\/wp-content\/uploads\/2015\/11\/relief.jpg 664w, https:\/\/niusheng.gg13.globaldeepsea.site\/wp-content\/uploads\/2015\/11\/relief-300x166.jpg 300w\" width=\"474\"\/><\/div>\n<\/figure>\n<\/div>\n<div class=\"wpb_text_column wpb_content_element\">\n<div class=\"wpb_wrapper\">\n<p><strong>Geometrical\u00a0Characteristics<\/strong><\/p>\n<table>\n<tbody>\n<tr class=\"firstRow\">\n<td valign=\"center\" width=\"471\">Cable\u00a0Type<\/td>\n<td valign=\"center\" width=\"253\">4<\/td>\n<td valign=\"center\" width=\"123\">6<\/td>\n<\/tr>\n<tr>\n<td valign=\"center\" width=\"471\">Cable\u00a0Dimension\u00a0(mm)<\/td>\n<td valign=\"center\" width=\"253\">7.50<\/td>\n<td valign=\"center\" width=\"123\">8.20<\/td>\n<\/tr>\n<tr>\n<td valign=\"center\" width=\"471\">Cable\u00a0Weight(kg\/km)<\/td>\n<td valign=\"center\" width=\"253\">100<\/td>\n<td valign=\"center\" width=\"123\">115<\/td>\n<\/tr>\n<tr>\n<td valign=\"center\" width=\"471\">TBF\u00a0Diameter(\u03bcm)<\/td>\n<td colspan=\"2\" valign=\"center\" width=\"131\">900\u00b150<\/td>\n<\/tr>\n<\/tbody>\n<\/table>\n<\/div>\n<\/div>\n<div class=\"wpb_text_column wpb_content_element\">\n<div class=\"wpb_wrapper\">\n<p><strong>Mechanical\u00a0Characteristics<\/strong><\/p>\n<table width=\"868\">\n<tbody>\n<tr class=\"firstRow\">\n<td rowspan=\"2\" valign=\"center\" width=\"367\">Tensile\u00a0strength\u00a0(N)<\/td>\n<td valign=\"center\" width=\"147\">Long\u00a0Term<\/td>\n<td valign=\"center\" width=\"176\">600<\/td>\n<td valign=\"center\" width=\"177\">600<\/td>\n<\/tr>\n<tr>\n<td valign=\"center\" width=\"147\">Short\u00a0Term<\/td>\n<td valign=\"center\" width=\"176\">1300<\/td>\n<td valign=\"center\" width=\"177\">1500<\/td>\n<\/tr>\n<tr>\n<td rowspan=\"2\" valign=\"center\" width=\"367\">Crush\u00a0Resistance(N\/100mm)<\/td>\n<td valign=\"center\" width=\"147\">Long\u00a0Term<\/td>\n<td colspan=\"2\" valign=\"center\">300<\/td>\n<\/tr>\n<tr>\n<td valign=\"center\" width=\"367\">Short\u00a0Term<\/td>\n<td colspan=\"2\" valign=\"center\">1000<\/td>\n<\/tr>\n<tr>\n<td rowspan=\"2\" valign=\"center\" width=\"147\">Bending\u00a0Radius(CM)<\/td>\n<td valign=\"center\" width=\"undefined\">Dynamic<\/td>\n<td colspan=\"2\" valign=\"center\">20\u00d7D\u00a0(D:\u00a0Cable\u00a0Diameter)<\/td>\n<\/tr>\n<tr>\n<td valign=\"center\" width=\"undefined\">\u00a0Static<\/td>\n<td colspan=\"2\" valign=\"center\">10\u00d7D\u00a0(D:\u00a0Cable\u00a0Diameter)<\/td>\n<\/tr>\n<\/tbody>\n<\/table>\n<\/div>\n<\/div>\n<div class=\"wpb_text_column wpb_content_element\">\n<div class=\"wpb_wrapper\">\n<p><strong>Fiber Type<\/strong><\/p>\n<table width=\"868\">\n<tbody>\n<tr>\n<td width=\"664\">Fiber\u00a0Type(core\/cladding\u00a0dimension)<\/td>\n<td width=\"203\">9\/125,\u00a050\/125,\u00a062.5\/125<\/td>\n<\/tr>\n<\/tbody>\n<\/table>\n<\/div>\n<\/div>\n<div class=\"wpb_text_column wpb_content_element\">\n<div class=\"wpb_wrapper\">\n<p><strong>Caracter\u00edsticas de la transmisi\u00f3n<\/strong><\/p>\n<table width=\"868\">\n<tbody>\n<tr>\n<td width=\"326\"><\/td>\n<td width=\"187\">SMF<\/td>\n<td width=\"177\">50\/125<\/td>\n<td width=\"177\">62.5\/125<\/td>\n<\/tr>\n<tr>\n<td width=\"326\"><\/td>\n<td width=\"187\">1310\/1550(nm)<\/td>\n<td width=\"177\">850\/1300(nm)<\/td>\n<td width=\"177\">850\/1300(nm)<\/td>\n<\/tr>\n<tr>\n<td width=\"326\">Atenuaci\u00f3n (dB\/km)<\/td>\n<td width=\"187\">\u22640.40\/0.30<\/td>\n<td width=\"177\">\u22643.5\/1.5<\/td>\n<td width=\"177\">\u22643.5\/1.5<\/td>\n<\/tr>\n<tr>\n<td width=\"326\">Ancho de banda m\u00ednimo (MHz\u00b7km)<\/td>\n<td width=\"187\">-<\/td>\n<td width=\"177\">\u2265400\/400<\/td>\n<td width=\"177\">\u2265160\/500<\/td>\n<\/tr>\n<\/tbody>\n<\/table>\n<\/div>\n<\/div>\n<div class=\"wpb_text_column wpb_content_element\">\n<div class=\"wpb_wrapper\">\n<p><strong>Environmental Characteristics<\/strong><\/p>\n<table width=\"868\">\n<tbody>\n<tr>\n<td width=\"588\">Temperatura de operaci\u00f3n de almacenamiento<\/td>\n<td width=\"279\">-40\u2103\uff5e+70\u2103<\/td>\n<\/tr>\n<\/tbody>\n<\/table>\n<\/div>\n<\/div>\n<\/div>\n<\/div>\n<\/div>\n<\/div>\n<\/div>","protected":false},"excerpt":{"rendered":"<p>Caracter\u00edsticas Caracter\u00edsticas: peso ligero, resistencia a la tensi\u00f3n, resistencia a la trituraci\u00f3n , fuerte gravedad espec\u00edfica alta, f\u00e1cil flexi\u00f3n, resistencia al suelo, flexibilidad de resistencia a la abrasi\u00f3n. As\u00ed puede instalar, mantener y gestionar f\u00e1cilmente. El hilo Aramid proporciona fuerza mec\u00e1nica con di\u00e1metro de cable y radio de flexi\u00f3n peque\u00f1o, Se puede instalar libremente en la habitaci\u00f3n estrecha Estructura Caracter\u00edsticas geom\u00e9tricas Cable Tipo 4 6 Dimensi\u00f3n de cable (mm) 7.50 8.20 [...]<\/p>","protected":false},"featured_media":3099,"comment_status":"open","ping_status":"closed","template":"","meta":[],"product_brand":[],"product_cat":[96],"product_tag":[],"class_list":{"0":"post-3419","1":"product","2":"type-product","3":"status-publish","4":"has-post-thumbnail","6":"product_cat-outdoor-cable","8":"first","9":"instock","10":"shipping-taxable","11":"product-type-simple"},"_links":{"self":[{"href":"https:\/\/www.newsunn.com\/es\/wp-json\/wp\/v2\/product\/3419","targetHints":{"allow":["GET"]}}],"collection":[{"href":"https:\/\/www.newsunn.com\/es\/wp-json\/wp\/v2\/product"}],"about":[{"href":"https:\/\/www.newsunn.com\/es\/wp-json\/wp\/v2\/types\/product"}],"replies":[{"embeddable":true,"href":"https:\/\/www.newsunn.com\/es\/wp-json\/wp\/v2\/comments?post=3419"}],"version-history":[{"count":0,"href":"https:\/\/www.newsunn.com\/es\/wp-json\/wp\/v2\/product\/3419\/revisions"}],"wp:featuredmedia":[{"embeddable":true,"href":"https:\/\/www.newsunn.com\/es\/wp-json\/wp\/v2\/media\/3099"}],"wp:attachment":[{"href":"https:\/\/www.newsunn.com\/es\/wp-json\/wp\/v2\/media?parent=3419"}],"wp:term":[{"taxonomy":"product_brand","embeddable":true,"href":"https:\/\/www.newsunn.com\/es\/wp-json\/wp\/v2\/product_brand?post=3419"},{"taxonomy":"product_cat","embeddable":true,"href":"https:\/\/www.newsunn.com\/es\/wp-json\/wp\/v2\/product_cat?post=3419"},{"taxonomy":"product_tag","embeddable":true,"href":"https:\/\/www.newsunn.com\/es\/wp-json\/wp\/v2\/product_tag?post=3419"}],"curies":[{"name":"wp","href":"https:\/\/api.w.org\/{rel}","templated":true}]}}