{"id":3416,"date":"2025-03-06T14:00:19","date_gmt":"2025-03-06T06:00:19","guid":{"rendered":"http:\/\/www.niusheng.globaldeepsea.site\/?post_type=product&#038;p=3416"},"modified":"2026-04-24T13:59:33","modified_gmt":"2026-04-24T05:59:33","slug":"self-supporting-ftth-drop-cable","status":"publish","type":"product","link":"https:\/\/www.newsunn.com\/es\/producto\/self-supporting-ftth-drop-cable\/","title":{"rendered":"FTTH autoapoyo Cable de goteo"},"content":{"rendered":"<div class=\"pro-box-border\">\n<div class=\"vc_row wpb_row vc_row-fluid\">\n<div class=\"wpb_column vc_column_container vc_col-sm-12\">\n<div class=\"vc_column-inner\">\n<div class=\"wpb_wrapper\">\n<div class=\"wpb_text_column wpb_content_element\">\n<div class=\"wpb_wrapper\">\n<p>Self-supporting FTTH drop cable is constructed with one or two single-mode fiber (G.657A ). The cable is protected by two parallel strength members made of metal, steel wire and a LSZH outer jacket. Designed for outdoor installation, the cable is well suited for connections between the dome closure and small dwelling unit\/warehouse and independent villas.<\/p>\n<p><strong>Feature<\/strong><\/p>\n<div>\n<ul>\n<li class=\"p_con_02\">Used in the FTTH projects in outdoor aerial application<\/li>\n<li class=\"p_con_02\">Self-supporting structure, light weight, easy to install.<\/li>\n<li class=\"p_con_02\">Two parallel strength members ensure good performance of crush resistance to protect the fiber.<\/li>\n<li class=\"p_con_02\">Single steel wire as the additional strength member ensures good performance of tensile strength.<\/li>\n<\/ul>\n<\/div>\n<\/div>\n<\/div>\n<div class=\"wpb_text_column wpb_content_element\">\n<div class=\"wpb_wrapper\">\n<p><strong>Estructura<\/strong><\/p>\n<\/div>\n<\/div>\n<div class=\"wpb_single_image wpb_content_element vc_align_center\">\n<figure class=\"wpb_wrapper vc_figure\">\n<div class=\"vc_single_image-wrapper vc_box_border_grey\"><img fetchpriority=\"high\" alt=\"ftth drop cable\" class=\"vc_single_image-img attachment-large\" decoding=\"async\" height=\"474\" sizes=\"(max-width: 474px) 100vw, 474px\" src=\"http:\/\/www.niusheng.globaldeepsea.site\/wp-content\/uploads\/2025\/03\/ff22a57b564fe5b70e848543342cce12.jpg\" srcset=\"https:\/\/niusheng.gg13.globaldeepsea.site\/wp-content\/uploads\/2015\/11\/selfB.jpg 550w, https:\/\/niusheng.gg13.globaldeepsea.site\/wp-content\/uploads\/2015\/11\/selfB-150x150.jpg 150w, https:\/\/niusheng.gg13.globaldeepsea.site\/wp-content\/uploads\/2015\/11\/selfB-300x300.jpg 300w\" width=\"474\"\/><\/div>\n<\/figure>\n<\/div>\n<div class=\"wpb_text_column wpb_content_element\">\n<div class=\"wpb_wrapper\">\n<p><strong>Geometrical\u00a0Characteristics<\/strong><\/p>\n<table width=\"868\">\n<tbody>\n<tr>\n<td width=\"341\">Fiber\u00a0Core<\/td>\n<td width=\"131\">1<\/td>\n<td width=\"131\">2<\/td>\n<td width=\"132\">3<\/td>\n<td width=\"132\">4<\/td>\n<\/tr>\n<tr>\n<td width=\"341\">Cable\u00a0Dimension\u00a0(mm)<\/td>\n<td width=\"131\">2.0\u00d75.0<\/td>\n<td width=\"131\">2.0\u00d75.0<\/td>\n<td width=\"132\">2.0\u00d75.6<\/td>\n<td width=\"132\">2.0\u00d75.6<\/td>\n<\/tr>\n<tr>\n<td width=\"341\">Cable\u00a0Weight(kg\/km)<\/td>\n<td width=\"131\">20<\/td>\n<td width=\"131\">20<\/td>\n<td width=\"132\">21<\/td>\n<td width=\"132\">22<\/td>\n<\/tr>\n<\/tbody>\n<\/table>\n<\/div>\n<\/div>\n<div class=\"wpb_text_column wpb_content_element\">\n<div class=\"wpb_wrapper\">\n<p><strong>Mechanical\u00a0Characteristics<\/strong><\/p>\n<table>\n<tbody>\n<tr>\n<td rowspan=\"2\" width=\"243\">Tensile\u00a0strength\u00a0(N)<\/td>\n<td width=\"206\">Long\u00a0Term<\/td>\n<td width=\"177\">60<\/td>\n<\/tr>\n<tr>\n<td width=\"356\">\u00a0Short\u00a0Term<\/td>\n<td width=\"65\">120<\/td>\n<\/tr>\n<tr>\n<td rowspan=\"2\" width=\"233\">Bending\u00a0Radius(mm)<\/td>\n<td width=\"206\">\u00a0Dynamic<\/td>\n<td width=\"177\">30<\/td>\n<\/tr>\n<tr>\n<td width=\"397\">Static<\/td>\n<td width=\"65\">15<\/td>\n<\/tr>\n<\/tbody>\n<\/table>\n<\/div>\n<\/div>\n<div class=\"wpb_text_column wpb_content_element\">\n<div class=\"wpb_wrapper\">\n<p><strong>Fiber Type<\/strong><\/p>\n<table width=\"868\">\n<tbody>\n<tr>\n<td width=\"664\">Fiber\u00a0Type(core\/cladding\u00a0dimension)<\/td>\n<td width=\"203\">G.657A<\/td>\n<\/tr>\n<\/tbody>\n<\/table>\n<\/div>\n<\/div>\n<div class=\"wpb_text_column wpb_content_element\">\n<div class=\"wpb_wrapper\">\n<p><strong>Caracter\u00edsticas de la transmisi\u00f3n<\/strong><\/p>\n<table>\n<tbody>\n<tr>\n<td width=\"516\"><\/td>\n<td width=\"331\">SMF<\/td>\n<\/tr>\n<tr>\n<td width=\"516\"><\/td>\n<td width=\"331\">1310\/1550(nm)<\/td>\n<\/tr>\n<tr>\n<td width=\"516\">Atenuaci\u00f3n (dB\/km)<\/td>\n<td width=\"331\">\u22640.40\/0.30<\/td>\n<\/tr>\n<tr>\n<td width=\"516\">Ancho de banda m\u00ednimo (MHz\u00b7km)<\/td>\n<td width=\"331\">-<\/td>\n<\/tr>\n<\/tbody>\n<\/table>\n<\/div>\n<\/div>\n<div class=\"wpb_text_column wpb_content_element\">\n<div class=\"wpb_wrapper\">\n<p><strong>Environmental Characteristics<\/strong><\/p>\n<table width=\"868\">\n<tbody>\n<tr>\n<td width=\"588\">Temperatura de operaci\u00f3n de almacenamiento<\/td>\n<td width=\"279\">-20\u00b0C~+60\u00b0C<\/td>\n<\/tr>\n<\/tbody>\n<\/table>\n<\/div>\n<\/div>\n<\/div>\n<\/div>\n<\/div>\n<\/div>\n<\/div>","protected":false},"excerpt":{"rendered":"<p>El cable de gota FTTH autoapoyo se construye con una o dos fibras de monomodo (G.657A ). El cable est\u00e1 protegido por dos miembros de fuerza paralelos hechos de metal, alambre de acero y una chaqueta exterior LSZH. Dise\u00f1ado para la instalaci\u00f3n al aire libre, el cable es muy adecuado para las conexiones entre el cierre de c\u00fapula y la peque\u00f1a unidad de vivienda \/ almac\u00e9n y villas independientes. [...]<\/p>","protected":false},"featured_media":3105,"comment_status":"open","ping_status":"closed","template":"","meta":[],"product_brand":[],"product_cat":[95],"product_tag":[],"class_list":{"0":"post-3416","1":"product","2":"type-product","3":"status-publish","4":"has-post-thumbnail","6":"product_cat-fiber-optic-ftth-cable","8":"first","9":"instock","10":"shipping-taxable","11":"product-type-simple"},"_links":{"self":[{"href":"https:\/\/www.newsunn.com\/es\/wp-json\/wp\/v2\/product\/3416","targetHints":{"allow":["GET"]}}],"collection":[{"href":"https:\/\/www.newsunn.com\/es\/wp-json\/wp\/v2\/product"}],"about":[{"href":"https:\/\/www.newsunn.com\/es\/wp-json\/wp\/v2\/types\/product"}],"replies":[{"embeddable":true,"href":"https:\/\/www.newsunn.com\/es\/wp-json\/wp\/v2\/comments?post=3416"}],"version-history":[{"count":0,"href":"https:\/\/www.newsunn.com\/es\/wp-json\/wp\/v2\/product\/3416\/revisions"}],"wp:featuredmedia":[{"embeddable":true,"href":"https:\/\/www.newsunn.com\/es\/wp-json\/wp\/v2\/media\/3105"}],"wp:attachment":[{"href":"https:\/\/www.newsunn.com\/es\/wp-json\/wp\/v2\/media?parent=3416"}],"wp:term":[{"taxonomy":"product_brand","embeddable":true,"href":"https:\/\/www.newsunn.com\/es\/wp-json\/wp\/v2\/product_brand?post=3416"},{"taxonomy":"product_cat","embeddable":true,"href":"https:\/\/www.newsunn.com\/es\/wp-json\/wp\/v2\/product_cat?post=3416"},{"taxonomy":"product_tag","embeddable":true,"href":"https:\/\/www.newsunn.com\/es\/wp-json\/wp\/v2\/product_tag?post=3416"}],"curies":[{"name":"wp","href":"https:\/\/api.w.org\/{rel}","templated":true}]}}