{"id":3415,"date":"2025-03-06T14:00:16","date_gmt":"2025-03-06T06:00:16","guid":{"rendered":"http:\/\/www.niusheng.globaldeepsea.site\/?post_type=product&#038;p=3415"},"modified":"2026-04-24T13:59:34","modified_gmt":"2026-04-24T05:59:34","slug":"ftth-indoor-optic-cables","status":"publish","type":"product","link":"https:\/\/www.newsunn.com\/es\/producto\/ftth-indoor-optic-cables\/","title":{"rendered":"FTTH Cables \u00f3pticos interiores"},"content":{"rendered":"<div class=\"pro-box-border\">\n<div class=\"vc_row wpb_row vc_row-fluid\">\n<div class=\"wpb_column vc_column_container vc_col-sm-12\">\n<div class=\"vc_column-inner\">\n<div class=\"wpb_wrapper\">\n<div class=\"wpb_text_column wpb_content_element\">\n<div class=\"wpb_wrapper\">\n<p>FTTH Indoor cable is suitable for last mile solution in FTTH project. Two paralleled strength member which either to be FRP or Steel provides good tensile strength. features of small size and lightweight, soft, anti-rodent to deploy them easily in Fiber to Home or fiber to office service. Furthermore, the FTTH indoor cables can realize the high-speed transmission and high resolution for video, audio and data signals.<\/p>\n<\/div>\n<\/div>\n<div class=\"wpb_text_column wpb_content_element\">\n<div class=\"wpb_wrapper\">\n<h2>Ideal Using of Butterfly Flat Indoor FTTH Drop Cable<\/h2>\n<ul>\n<li>Special low-bend-sensitivity fiber provides high bandwidth and excellent communication transmission property<\/li>\n<li>Also, two parallel strength members ensure good performance of crush resistance to protect the fiber.<\/li>\n<li>Simple structure, lightweight, and high practicability.<\/li>\n<li>Novel flute design, easily strip and splice, simplify the installation and maintenance.<\/li>\n<\/ul>\n<\/div>\n<\/div>\n<div class=\"wpb_text_column wpb_content_element\">\n<div class=\"wpb_wrapper\">\n<h2>Technical Structure<\/h2>\n<\/div>\n<\/div>\n<div class=\"wpb_single_image wpb_content_element vc_align_center\">\n<figure class=\"wpb_wrapper vc_figure\">\n<div class=\"vc_single_image-wrapper vc_box_border_grey\"><img fetchpriority=\"high\" alt=\"ftth indoor cable\" class=\"vc_single_image-img attachment-large\" decoding=\"async\" height=\"474\" sizes=\"(max-width: 474px) 100vw, 474px\" src=\"http:\/\/www.niusheng.globaldeepsea.site\/wp-content\/uploads\/2025\/03\/31e0dcacaaccf5cdac3c8d9c7ca6dba8.jpg\" srcset=\"https:\/\/niusheng.gg13.globaldeepsea.site\/wp-content\/uploads\/2015\/11\/flatB.jpg 550w, https:\/\/niusheng.gg13.globaldeepsea.site\/wp-content\/uploads\/2015\/11\/flatB-150x150.jpg 150w, https:\/\/niusheng.gg13.globaldeepsea.site\/wp-content\/uploads\/2015\/11\/flatB-300x300.jpg 300w\" width=\"474\"\/><\/div>\n<\/figure>\n<\/div>\n<div class=\"wpb_text_column wpb_content_element\">\n<div class=\"wpb_wrapper\">\n<h2>Geometrical\u00a0Characteristics<\/h2>\n<table width=\"868\">\n<tbody>\n<tr>\n<td width=\"285\">Fiber\u00a0Core<\/td>\n<td width=\"145\">1<\/td>\n<td width=\"145\">2<\/td>\n<td width=\"146\">3<\/td>\n<td width=\"146\">4<\/td>\n<\/tr>\n<tr>\n<td width=\"285\">Cable\u00a0Dimension\u00a0(mm)<\/td>\n<td width=\"145\">2.0\u00d73.0<\/td>\n<td width=\"145\">2.0\u00d73.1<\/td>\n<td width=\"146\">2.0\u00d73.8<\/td>\n<td width=\"146\">2.0\u00d74.0<\/td>\n<\/tr>\n<tr>\n<td width=\"285\">Cable\u00a0Weight(kg\/km)<\/td>\n<td width=\"145\">8<\/td>\n<td width=\"145\">8.5<\/td>\n<td width=\"146\">9<\/td>\n<td width=\"146\">10<\/td>\n<\/tr>\n<\/tbody>\n<\/table>\n<\/div>\n<\/div>\n<div class=\"wpb_text_column wpb_content_element\">\n<div class=\"wpb_wrapper\">\n<h2>Mechanical\u00a0Characteristics<\/h2>\n<table width=\"868\">\n<tbody>\n<tr>\n<td rowspan=\"2\" width=\"416\">Tensile\u00a0strength\u00a0(N)<\/td>\n<td width=\"246\">Long\u00a0Term<\/td>\n<td width=\"205\">30<\/td>\n<\/tr>\n<tr>\n<td width=\"246\">Short\u00a0Term<\/td>\n<td width=\"205\">60<\/td>\n<\/tr>\n<tr>\n<td rowspan=\"2\" width=\"416\">Bending\u00a0Radius(mm)<\/td>\n<td width=\"246\">Dynamic<\/td>\n<td width=\"205\">30<\/td>\n<\/tr>\n<tr>\n<td width=\"246\">Static<\/td>\n<td width=\"205\">15<\/td>\n<\/tr>\n<\/tbody>\n<\/table>\n<\/div>\n<\/div>\n<div class=\"wpb_text_column wpb_content_element\">\n<div class=\"wpb_wrapper\">\n<h2>Fiber Type<\/h2>\n<table width=\"868\">\n<tbody>\n<tr>\n<td width=\"664\">Fiber\u00a0Type(core\/cladding\u00a0dimension)<\/td>\n<td width=\"203\">G.657A<\/td>\n<\/tr>\n<\/tbody>\n<\/table>\n<\/div>\n<\/div>\n<div class=\"wpb_text_column wpb_content_element\">\n<div class=\"wpb_wrapper\">\n<h2>Caracter\u00edsticas de la transmisi\u00f3n<\/h2>\n<table>\n<tbody>\n<tr>\n<td width=\"516\"><\/td>\n<td width=\"331\">SMF<\/td>\n<\/tr>\n<tr>\n<td width=\"516\"><\/td>\n<td width=\"331\">1310\/1550(nm)<\/td>\n<\/tr>\n<tr>\n<td width=\"516\">Atenuaci\u00f3n (dB\/km)<\/td>\n<td width=\"331\">\u22640.40\/0.30<\/td>\n<\/tr>\n<tr>\n<td width=\"516\">Ancho de banda m\u00ednimo (MHz\u00b7km)<\/td>\n<td width=\"331\">-<\/td>\n<\/tr>\n<\/tbody>\n<\/table>\n<\/div>\n<\/div>\n<div class=\"wpb_text_column wpb_content_element\">\n<div class=\"wpb_wrapper\">\n<h2>Environmental Characteristics<\/h2>\n<table width=\"868\">\n<tbody>\n<tr>\n<td width=\"588\">Temperatura de operaci\u00f3n de almacenamiento<\/td>\n<td width=\"279\">-20\u00b0C~+60\u00b0C<\/td>\n<\/tr>\n<\/tbody>\n<\/table>\n<\/div>\n<\/div>\n<\/div>\n<\/div>\n<\/div>\n<\/div>\n<\/div>","protected":false},"excerpt":{"rendered":"<p>FTTH Cable interior es adecuado para la soluci\u00f3n de \u00faltima milla en el proyecto FTTH. Dos miembros de fuerza paralelizados que ya sea FRP o Steel proporciona una buena resistencia a la tracci\u00f3n. caracter\u00edsticas de peque\u00f1o tama\u00f1o y peso ligero, suave, anti-rodent para desplegarlas f\u00e1cilmente en Fiber a Home o fibra al servicio de oficina. Adem\u00e1s, los cables interiores FTTH pueden realizar [...]<\/p>","protected":false},"featured_media":3261,"comment_status":"open","ping_status":"closed","template":"","meta":[],"product_brand":[],"product_cat":[95],"product_tag":[],"class_list":{"0":"post-3415","1":"product","2":"type-product","3":"status-publish","4":"has-post-thumbnail","6":"product_cat-fiber-optic-ftth-cable","8":"first","9":"instock","10":"shipping-taxable","11":"product-type-simple"},"_links":{"self":[{"href":"https:\/\/www.newsunn.com\/es\/wp-json\/wp\/v2\/product\/3415","targetHints":{"allow":["GET"]}}],"collection":[{"href":"https:\/\/www.newsunn.com\/es\/wp-json\/wp\/v2\/product"}],"about":[{"href":"https:\/\/www.newsunn.com\/es\/wp-json\/wp\/v2\/types\/product"}],"replies":[{"embeddable":true,"href":"https:\/\/www.newsunn.com\/es\/wp-json\/wp\/v2\/comments?post=3415"}],"version-history":[{"count":0,"href":"https:\/\/www.newsunn.com\/es\/wp-json\/wp\/v2\/product\/3415\/revisions"}],"wp:featuredmedia":[{"embeddable":true,"href":"https:\/\/www.newsunn.com\/es\/wp-json\/wp\/v2\/media\/3261"}],"wp:attachment":[{"href":"https:\/\/www.newsunn.com\/es\/wp-json\/wp\/v2\/media?parent=3415"}],"wp:term":[{"taxonomy":"product_brand","embeddable":true,"href":"https:\/\/www.newsunn.com\/es\/wp-json\/wp\/v2\/product_brand?post=3415"},{"taxonomy":"product_cat","embeddable":true,"href":"https:\/\/www.newsunn.com\/es\/wp-json\/wp\/v2\/product_cat?post=3415"},{"taxonomy":"product_tag","embeddable":true,"href":"https:\/\/www.newsunn.com\/es\/wp-json\/wp\/v2\/product_tag?post=3415"}],"curies":[{"name":"wp","href":"https:\/\/api.w.org\/{rel}","templated":true}]}}