{"id":3413,"date":"2025-03-06T14:00:15","date_gmt":"2025-03-06T06:00:15","guid":{"rendered":"http:\/\/www.niusheng.globaldeepsea.site\/?post_type=product&#038;p=3413"},"modified":"2026-04-24T13:59:37","modified_gmt":"2026-04-24T05:59:37","slug":"mpo-cassette","status":"publish","type":"product","link":"https:\/\/www.newsunn.com\/es\/producto\/mpo-cassette\/","title":{"rendered":"MPO Cassette"},"content":{"rendered":"<div class=\"pro-box-border\">\n<div class=\"vc_row wpb_row vc_row-fluid\">\n<div class=\"wpb_column vc_column_container vc_col-sm-6\">\n<div class=\"vc_column-inner\">\n<div class=\"wpb_wrapper\">\n<div class=\"wpb_text_column wpb_content_element\">\n<div class=\"wpb_wrapper\">\n<p>[tribulant_slideshow gallery_id=\u00bb31\u2032\u2032]<\/p>\n<\/div>\n<\/div>\n<\/div>\n<\/div>\n<\/div>\n<div class=\"wpb_column vc_column_container vc_col-sm-6\">\n<div class=\"vc_column-inner\">\n<div class=\"wpb_wrapper\"><\/div>\n<\/div>\n<\/div>\n<\/div>\n<div class=\"vc_row wpb_row vc_row-fluid\">\n<div class=\"wpb_column vc_column_container vc_col-sm-12\">\n<div class=\"vc_column-inner\">\n<div class=\"wpb_wrapper\">\n<div class=\"wpb_text_column wpb_content_element\">\n<div class=\"wpb_wrapper\">\n<p><strong>Application<\/strong><\/p>\n<ul>\n<li>Para instalar dentro de m\u00f3dulos de cassette simple(19\u201d)<\/li>\n<li>Para instalar dentro del gabinete de red.<\/li>\n<\/ul>\n<div class=\"p_con_01\"><strong>Caracter\u00edsticas<\/strong><\/div>\n<ul>\n<li class=\"p_con_02\">Adaptadores de manga zirconia de alto rendimiento.<\/li>\n<li class=\"p_con_02\">Despliegue r\u00e1pido El sistema modular terminado por f\u00e1brica ahorra tiempo de instalaci\u00f3n y reconfiguraci\u00f3n durante movimientos, adiciones y cambios.<\/li>\n<li class=\"p_con_02\">Los componentes MPO interfaz MPO cuentan con propiedades \u00f3pticas y mec\u00e1nicas superiores.<\/li>\n<li class=\"p_con_02\">Optimizaci\u00f3n del rendimiento Baja p\u00e9rdida MPO Elite, conectores Premium discretos y fibra OM4 asegura bajas p\u00e9rdidas de inserci\u00f3n y sanciones de potencia en presupuesto de potencia ajustado, entornos de red de alta velocidad.<\/li>\n<li class=\"p_con_02\">Los casquillos de fibra de alta densidad 12 o 24 se pueden montar en escala 1U hasta 72 o en escala 4U hasta 288 conectores discretos.<\/li>\n<li class=\"p_con_02\">Fiabilidad 100% probada \u2013 combinaci\u00f3n de componentes de alta calidad y control de calidad de fabricaci\u00f3n garantiza el producto a los m\u00e1s altos est\u00e1ndares.<\/li>\n<\/ul>\n<\/div>\n<\/div>\n<\/div>\n<\/div>\n<\/div>\n<\/div>\n<div class=\"vc_row wpb_row vc_row-fluid\">\n<div class=\"wpb_column vc_column_container vc_col-sm-12\">\n<div class=\"vc_column-inner\">\n<div class=\"wpb_wrapper\">\n<div class=\"wpb_text_column wpb_content_element\">\n<div class=\"wpb_wrapper\">\n<p><strong>Drawings<\/strong><\/p>\n<\/div>\n<\/div>\n<div class=\"wpb_single_image wpb_content_element vc_align_left\">\n<figure class=\"wpb_wrapper vc_figure\">\n<div class=\"vc_single_image-wrapper vc_box_border_grey\"><img fetchpriority=\"high\" decoding=\"async\" class=\"vc_single_image-img attachment-large\" src=\"http:\/\/www.niusheng.globaldeepsea.site\/wp-content\/uploads\/2025\/03\/10b7ee9af14e0423c8afcef3aed0798d.jpg\" sizes=\"(max-width: 474px) 100vw, 474px\" srcset=\"https:\/\/niusheng.gg13.globaldeepsea.site\/wp-content\/uploads\/2015\/11\/1U-cassette.jpg 721w, https:\/\/niusheng.gg13.globaldeepsea.site\/wp-content\/uploads\/2015\/11\/1U-cassette-300x198.jpg 300w\" alt=\"1U cassette\" width=\"474\" height=\"312\" \/><\/div>\n<\/figure>\n<\/div>\n<\/div>\n<\/div>\n<\/div>\n<\/div>\n<div class=\"vc_row wpb_row vc_row-fluid\">\n<div class=\"wpb_column vc_column_container vc_col-sm-12\">\n<div class=\"vc_column-inner\">\n<div class=\"wpb_wrapper\">\n<div class=\"wpb_text_column wpb_content_element\">\n<div class=\"wpb_wrapper\">\n<p><b>Kindly Recuerda:<\/b><\/p>\n<ul>\n<li>24 fibras LGX= 1 x MPO\/MTP-Adapter volver a la caseta para <a href=\"http:\/\/www.fs.com\/narrow\/24-fibers_v1512t0\/mtp-mpo-trunk-cables_1135\" target=\"_blank\" rel=\"noopener noreferrer nofollow\">Cable MPO\/MTP de 24 tramos<\/a>.<\/li>\n<li>12-profundidad 24 fibras LGX= 2 x MPO\/MTP-Adapter volver al casete para <a href=\"http:\/\/www.fs.com\/narrow\/12-fibers_v1511t0\/12-fibers_v1511t1\/mtp-mpo-trunk-cables_1135\" target=\"_blank\" rel=\"noopener noreferrer nofollow\">Cable MPO\/MTP de 12 tramos<\/a>.<\/li>\n<\/ul>\n<\/div>\n<\/div>\n<\/div>\n<\/div>\n<\/div>\n<\/div>\n<\/div>","protected":false},"excerpt":{"rendered":"<p>Newsunn suministra toda una l\u00ednea de productos MPO, incluyendo cable de parche MPO, cassetee MPO y paneles de parche. Coincide perfectamente con nuestro panel de parche y mantiene hasta 24 fibras.<\/p>","protected":false},"featured_media":3278,"comment_status":"open","ping_status":"closed","template":"","meta":[],"product_brand":[],"product_cat":[113,93],"product_tag":[],"class_list":{"0":"post-3413","1":"product","2":"type-product","3":"status-publish","4":"has-post-thumbnail","6":"product_cat-hot-products","7":"product_cat-mpo-cassette-patch-panel","9":"first","10":"instock","11":"shipping-taxable","12":"product-type-simple"},"_links":{"self":[{"href":"https:\/\/www.newsunn.com\/es\/wp-json\/wp\/v2\/product\/3413","targetHints":{"allow":["GET"]}}],"collection":[{"href":"https:\/\/www.newsunn.com\/es\/wp-json\/wp\/v2\/product"}],"about":[{"href":"https:\/\/www.newsunn.com\/es\/wp-json\/wp\/v2\/types\/product"}],"replies":[{"embeddable":true,"href":"https:\/\/www.newsunn.com\/es\/wp-json\/wp\/v2\/comments?post=3413"}],"version-history":[{"count":1,"href":"https:\/\/www.newsunn.com\/es\/wp-json\/wp\/v2\/product\/3413\/revisions"}],"predecessor-version":[{"id":4368,"href":"https:\/\/www.newsunn.com\/es\/wp-json\/wp\/v2\/product\/3413\/revisions\/4368"}],"wp:featuredmedia":[{"embeddable":true,"href":"https:\/\/www.newsunn.com\/es\/wp-json\/wp\/v2\/media\/3278"}],"wp:attachment":[{"href":"https:\/\/www.newsunn.com\/es\/wp-json\/wp\/v2\/media?parent=3413"}],"wp:term":[{"taxonomy":"product_brand","embeddable":true,"href":"https:\/\/www.newsunn.com\/es\/wp-json\/wp\/v2\/product_brand?post=3413"},{"taxonomy":"product_cat","embeddable":true,"href":"https:\/\/www.newsunn.com\/es\/wp-json\/wp\/v2\/product_cat?post=3413"},{"taxonomy":"product_tag","embeddable":true,"href":"https:\/\/www.newsunn.com\/es\/wp-json\/wp\/v2\/product_tag?post=3413"}],"curies":[{"name":"wp","href":"https:\/\/api.w.org\/{rel}","templated":true}]}}