{"id":3403,"date":"2025-03-06T14:00:14","date_gmt":"2025-03-06T06:00:14","guid":{"rendered":"http:\/\/www.niusheng.globaldeepsea.site\/?post_type=product&#038;p=3403"},"modified":"2025-03-06T14:00:17","modified_gmt":"2025-03-06T06:00:17","slug":"smart-pdu","status":"publish","type":"product","link":"https:\/\/www.newsunn.com\/es\/producto\/smart-pdu\/","title":{"rendered":"Smart PDU"},"content":{"rendered":"<div class=\"pro-box-border\">\n<div class=\"vc_row wpb_row vc_row-fluid\">\n<div class=\"wpb_column vc_column_container vc_col-sm-12\">\n<div class=\"vc_column-inner\">\n<div class=\"wpb_wrapper\">\n<div class=\"wpb_single_image wpb_content_element vc_align_left\">\n<figure class=\"wpb_wrapper vc_figure\">\n<div class=\"vc_single_image-wrapper vc_box_border_grey\"><\/div>\n<\/figure>\n<\/div>\n<div class=\"wpb_text_column wpb_content_element\">\n<div class=\"wpb_wrapper\">\n<p><strong>Caracter\u00edsticas<\/strong><\/p>\n<\/div>\n<\/div>\n<div class=\"wpb_text_column wpb_content_element\">\n<div class=\"wpb_wrapper\">\n<ul>\n<li>1U standard rack installment<\/li>\n<li>User can by means of the remote device via the WEB, SNMP to view<\/li>\n<li>Quickly update<\/li>\n<\/ul>\n<\/div>\n<\/div>\n<div class=\"wpb_text_column wpb_content_element\">\n<div class=\"wpb_wrapper\">\n<p><strong>Major Functions<\/strong><\/p>\n<p>1.\u00a0Remote monitoring<\/p>\n<ul>\n<li>Total\u00a0load\u00a0current\u00a0(A)<\/li>\n<li>Working\u00a0Voltage\u00a0(V)<\/li>\n<li>Total\u00a0Power (KW)<\/li>\n<li>Electric Energy (KWH)<\/li>\n<li>Frequency<\/li>\n<li>Load\u00a0Current\u00a0of\u00a0each\u00a0outlet(A)<\/li>\n<li>On\/Off\u00a0state\u00a0of\u00a0each\u00a0outlet<\/li>\n<li>Temperature\/Humidity\u00a0state<\/li>\n<li>Smog\u00a0state<\/li>\n<li>Water-logging<\/li>\n<li>Door\u00a0State<\/li>\n<\/ul>\n<p>2.\u00a0Remotely\u00a0controlling<\/p>\n<ul>\n<li>Power\u00a0on\/off\u00a0of\u00a0each\u00a0outlet<\/li>\n<li>Set\u00a0the\u00a0interval\u00a0of\u00a0sequential\u00a0power\u00a0on\/off\u00a0of outlets<\/li>\n<li>Set\u00a0the\u00a0time\u00a0to\u00a0power\u00a0on\/off\u00a0of\u00a0the\u00a0outlet<\/li>\n<\/ul>\n<p>3.\u00a0Set\u00a0the\u00a0limiting\u00a0value\u00a0to\u00a0alarm<\/p>\n<ul>\n<li>Limiting\u00a0range\u00a0of\u00a0total\u00a0load\u00a0current<\/li>\n<li>Limiting\u00a0range\u00a0of\u00a0the\u00a0load\u00a0current\u00a0of\u00a0each\u00a0outlet<\/li>\n<li>Limiting\u00a0range\u00a0of\u00a0work\u00a0voltage<\/li>\n<li>Limiting\u00a0range\u00a0of\u00a0T\/H<\/li>\n<\/ul>\n<p>4.\u00a0System\u00a0automatic\u00a0alarm\u00a0when\u00a0the\u00a0limiting\u00a0range\u00a0is\u00a0exceeded<\/p>\n<p>5.\u00a0Embedded\u00a0controlling\u00a0software\u00a0system,\u00a0support\u00a0software\u00a0update<\/p>\n<\/div>\n<\/div>\n<\/div>\n<\/div>\n<\/div>\n<\/div>\n<div class=\"vc_row wpb_row vc_row-fluid\">\n<div class=\"wpb_column vc_column_container vc_col-sm-12\">\n<div class=\"vc_column-inner\">\n<div class=\"wpb_wrapper\">\n<div class=\"wpb_text_column wpb_content_element\">\n<div class=\"wpb_wrapper\">\n<h4><strong>Technical Drawing<\/strong><\/h4>\n<\/div>\n<\/div>\n<\/div>\n<\/div>\n<\/div>\n<div class=\"wpb_column vc_column_container vc_col-sm-12\">\n<div class=\"vc_column-inner\">\n<div class=\"wpb_wrapper\">\n<div class=\"wpb_single_image wpb_content_element vc_align_left\">\n<figure class=\"wpb_wrapper vc_figure\">\n<div class=\"vc_single_image-wrapper vc_box_border_grey\"><img alt=\"spdu\" class=\"vc_single_image-img attachment-large\" decoding=\"async\" height=\"103\" sizes=\"(max-width: 474px) 100vw, 474px\" src=\"http:\/\/www.niusheng.globaldeepsea.site\/wp-content\/uploads\/2025\/03\/096d945882b15f16bfa0e8bf35b26cca.jpg\" srcset=\"https:\/\/niusheng.gg13.globaldeepsea.site\/wp-content\/uploads\/2015\/11\/spdu.jpg 593w, https:\/\/niusheng.gg13.globaldeepsea.site\/wp-content\/uploads\/2015\/11\/spdu-300x65.jpg 300w\" width=\"474\"\/><\/div>\n<\/figure>\n<\/div>\n<\/div>\n<\/div>\n<\/div>\n<div class=\"wpb_column vc_column_container vc_col-sm-12\">\n<div class=\"vc_column-inner\">\n<div class=\"wpb_wrapper\">\n<div class=\"wpb_text_column wpb_content_element\">\n<div class=\"wpb_wrapper\">\n<\/div>\n<\/div>\n<\/div>\n<\/div>\n<\/div>\n<\/div>\n<div class=\"vc_row wpb_row vc_row-fluid\">\n<div class=\"wpb_column vc_column_container vc_col-sm-12\">\n<div class=\"vc_column-inner\">\n<div class=\"wpb_wrapper\">\n<div class=\"wpb_text_column wpb_content_element\">\n<div class=\"wpb_wrapper\">\n<p>For more information about PDUs, please visit our special website <a href=\"http:\/\/www.newsunnpdu.com\" rel=\"nofollow noopener\" target=\"_blank\">www.newsunnpdu.com<\/a> .<\/p>\n<\/div>\n<\/div>\n<\/div>\n<\/div>\n<\/div>\n<\/div>\n<\/div>","protected":false},"excerpt":{"rendered":"<p>Caracter\u00edsticas 1U instalaci\u00f3n est\u00e1ndar de rack El usuario puede por medio del dispositivo remoto a trav\u00e9s de la WEB, SNMP para ver Actualizar r\u00e1pidamente Funciones Principales 1. Monitoreo remoto Corriente total de carga (A) Voltaje de trabajo (V) Potencia total (KW) Energ\u00eda el\u00e9ctrica (KWH) Carga de frecuencia Corriente de cada outlet(A) En\/Off estado de cada salida Temperatura\/Humidity state Smog state Agua-logging Door State 2. Control remoto de encendido\/apagado de cada salida Establecer el intervalo de potencia secuencial en \/ apagado de salidas Establece el tiempo para encender \/ apagar la salida 3. Establecer el valor l\u00edmite de la alarma Limitar el rango de corriente total de carga Limitar el rango de la corriente de carga de cada outlet Limitar el rango de tensi\u00f3n de trabajo Limitar el rango de T\/H 4. Sistema de alarma autom\u00e1tica cuando el rango de l\u00edmite es superior a 5. Sistema de software de control integrado, actualizaci\u00f3n de software de soporte Dibujo t\u00e9cnico Para m\u00e1s [...]<\/p>","protected":false},"featured_media":3169,"comment_status":"open","ping_status":"closed","template":"","meta":[],"product_brand":[],"product_cat":[88],"product_tag":[],"class_list":{"0":"post-3403","1":"product","2":"type-product","3":"status-publish","4":"has-post-thumbnail","6":"product_cat-power-distribution-unit","8":"first","9":"instock","10":"shipping-taxable","11":"product-type-simple"},"_links":{"self":[{"href":"https:\/\/www.newsunn.com\/es\/wp-json\/wp\/v2\/product\/3403","targetHints":{"allow":["GET"]}}],"collection":[{"href":"https:\/\/www.newsunn.com\/es\/wp-json\/wp\/v2\/product"}],"about":[{"href":"https:\/\/www.newsunn.com\/es\/wp-json\/wp\/v2\/types\/product"}],"replies":[{"embeddable":true,"href":"https:\/\/www.newsunn.com\/es\/wp-json\/wp\/v2\/comments?post=3403"}],"version-history":[{"count":0,"href":"https:\/\/www.newsunn.com\/es\/wp-json\/wp\/v2\/product\/3403\/revisions"}],"wp:featuredmedia":[{"embeddable":true,"href":"https:\/\/www.newsunn.com\/es\/wp-json\/wp\/v2\/media\/3169"}],"wp:attachment":[{"href":"https:\/\/www.newsunn.com\/es\/wp-json\/wp\/v2\/media?parent=3403"}],"wp:term":[{"taxonomy":"product_brand","embeddable":true,"href":"https:\/\/www.newsunn.com\/es\/wp-json\/wp\/v2\/product_brand?post=3403"},{"taxonomy":"product_cat","embeddable":true,"href":"https:\/\/www.newsunn.com\/es\/wp-json\/wp\/v2\/product_cat?post=3403"},{"taxonomy":"product_tag","embeddable":true,"href":"https:\/\/www.newsunn.com\/es\/wp-json\/wp\/v2\/product_tag?post=3403"}],"curies":[{"name":"wp","href":"https:\/\/api.w.org\/{rel}","templated":true}]}}