{"id":3400,"date":"2025-03-06T14:00:14","date_gmt":"2025-03-06T06:00:14","guid":{"rendered":"http:\/\/www.niusheng.globaldeepsea.site\/?post_type=product&#038;p=3400"},"modified":"2026-04-24T13:59:39","modified_gmt":"2026-04-24T05:59:39","slug":"switzerland-style-pdu","status":"publish","type":"product","link":"https:\/\/www.newsunn.com\/es\/producto\/switzerland-style-pdu\/","title":{"rendered":"Suiza estilo PDU"},"content":{"rendered":"<div class=\"pro-box-border\">\n<div class=\"vc_row wpb_row vc_row-fluid\">\n<div class=\"wpb_column vc_column_container vc_col-sm-12\">\n<div class=\"vc_column-inner\">\n<div class=\"wpb_wrapper\">\n<div class=\"wpb_single_image wpb_content_element vc_align_left\">\n<figure class=\"wpb_wrapper vc_figure\">\n<div class=\"vc_single_image-wrapper vc_box_border_grey\"><img fetchpriority=\"high\" alt=\"Switzland style\" class=\"vc_single_image-img attachment-large\" decoding=\"async\" height=\"190\" sizes=\"(max-width: 474px) 100vw, 474px\" src=\"http:\/\/www.niusheng.globaldeepsea.site\/wp-content\/uploads\/2025\/03\/ec8a8f217cf716e2cebd4a74626fc88f.jpg\" srcset=\"https:\/\/niusheng.gg13.globaldeepsea.site\/wp-content\/uploads\/2015\/11\/Switzland-style.jpg 1000w, https:\/\/niusheng.gg13.globaldeepsea.site\/wp-content\/uploads\/2015\/11\/Switzland-style-300x120.jpg 300w\" width=\"474\"\/><\/div>\n<\/figure>\n<\/div>\n<div class=\"wpb_text_column wpb_content_element\">\n<div class=\"wpb_wrapper\">\n<p><strong>Especificaci\u00f3n<\/strong><\/p>\n<\/div>\n<\/div>\n<div class=\"wpb_text_column wpb_content_element\">\n<div class=\"wpb_wrapper\">\n<table border=\"0\" cellpadding=\"0\" cellspacing=\"0\" class=\"tab ke-zeroborder\" width=\"100%\">\n<tbody>\n<tr>\n<td align=\"middle\" bgcolor=\"#8ab5e2\" style=\"color: #000000; border-color: #000000; width: 16%;\" width=\"16%\"><b><span class=\"short_text\" id=\"result_box\"><span class=\"hps\">Rated Current<\/span><\/span><\/b><\/td>\n<td bgcolor=\"#d3d4d6\" style=\"color: #000000; border-color: #000000; width: 16%;\" width=\"27%\">\n<p align=\"left\">\u00a016A<\/p>\n<\/td>\n<td align=\"middle\" bgcolor=\"#8ab5e2\" style=\"color: #000000; border-color: #000000; width: 16%;\" width=\"16%\"><b>Maximum voltage<\/b><\/td>\n<td bgcolor=\"#d3d4d6\" style=\"color: #000000; border-color: #000000; width: 16%;\" width=\"41%\">\n<p align=\"left\">\u00a0250V<\/p>\n<\/td>\n<\/tr>\n<tr>\n<td align=\"middle\" bgcolor=\"#8ab5e2\" style=\"color: #000000; border-color: #000000; width: 16%;\"><b><span class=\"short_text\" id=\"result_box\"><span class=\"hps\">Rated Power<\/span><\/span><\/b><\/td>\n<td bgcolor=\"#d3d4d6\" style=\"color: #000000; border-color: #000000; width: 16%;\">\n<p align=\"left\">\u00a04000W<\/p>\n<\/td>\n<td align=\"middle\" bgcolor=\"#8ab5e2\" style=\"color: #000000; border-color: #000000; width: 16%;\"><b><span class=\"short_text\" id=\"result_box\"><span class=\"hps\">Exterior Color<\/span><\/span><\/b><\/td>\n<td bgcolor=\"#d3d4d6\" style=\"color: #000000; border-color: #000000; width: 16%;\">\n<p align=\"left\">\u00a0<span class=\"short_text\" id=\"result_box\"><span class=\"hps\">Black<\/span><\/span><\/p>\n<\/td>\n<\/tr>\n<tr>\n<td align=\"middle\" bgcolor=\"#8ab5e2\" style=\"color: #000000; border-color: #000000; width: 16%;\"><b><span class=\"short_text\" id=\"result_box\"><span class=\"hps\">Model<\/span><\/span><\/b><\/td>\n<td bgcolor=\"#d3d4d6\" style=\"color: #000000; border-color: #000000; width: 16%;\">\n<p align=\"left\">NSPDU-Swi<\/p>\n<\/td>\n<td align=\"middle\" bgcolor=\"#8ab5e2\" style=\"color: #000000; border-color: #000000; width: 16%;\"><b><span class=\"short_text\" id=\"result_box\"><span class=\"hps\">Cable length<\/span><\/span><\/b><\/td>\n<td bgcolor=\"#d3d4d6\" style=\"color: #000000; border-color: #000000; width: 16%;\">\n<p align=\"left\">\u00a0<span class=\"short_text\" id=\"result_box\"><span class=\"hps\">2 m<\/span><\/span><\/p>\n<\/td>\n<\/tr>\n<tr>\n<td align=\"middle\" bgcolor=\"#8ab5e2\" style=\"color: #000000; border-color: #000000; width: 16%;\"><b>PDU <span class=\"short_text\" id=\"result_box\"><span class=\"hps\">Height<\/span><\/span><\/b><\/td>\n<td bgcolor=\"#d3d4d6\" style=\"color: #000000; border-color: #000000; width: 16%;\">\n<p align=\"left\">\u00a01U(4.45cm)<\/p>\n<\/td>\n<td align=\"middle\" bgcolor=\"#8ab5e2\" style=\"color: #000000; border-color: #000000; width: 16%;\"><b><span class=\"short_text\" id=\"result_box\"><span class=\"hps\">PDU<\/span> <span class=\"hps\">Length<\/span><\/span><\/b><\/td>\n<td bgcolor=\"#d3d4d6\" style=\"color: #000000; border-color: #000000; width: 16%;\">\n<p align=\"left\">\u00a0<span class=\"short_text\" id=\"result_box\"><span class=\"hps\">19 inches<\/span> <span class=\"hps\">(48.26cm)<\/span><\/span><\/p>\n<\/td>\n<\/tr>\n<tr>\n<td align=\"middle\" bgcolor=\"#8ab5e2\" style=\"color: #000000; border-color: #000000; width: 16%;\"><b>Shell <span class=\"short_text\" id=\"result_box\"><span class=\"hps\">Materials<\/span><\/span><\/b><\/td>\n<td bgcolor=\"#d3d4d6\" style=\"color: #000000; border-color: #000000; width: 16%;\" width=\"27%\">\n<p align=\"left\">\u00a0<span class=\"short_text\" id=\"result_box\"><span class=\"hps\">Aluminum<\/span><\/span><\/p>\n<\/td>\n<td align=\"middle\" bgcolor=\"#8ab5e2\" style=\"color: #000000; border-color: #000000; width: 16%;\" width=\"16%\"><b><span class=\"short_text\" id=\"result_box\"><span class=\"hps\">Product Features<\/span><\/span><\/b><\/td>\n<td bgcolor=\"#d3d4d6\" style=\"color: #000000; border-color: #000000; width: 16%;\" width=\"41%\">\n<p align=\"left\">\u00a0<span class=\"short_text\" id=\"result_box\"><span class=\"hps\">Built-in<\/span> <span class=\"hps\">switch<\/span><\/span><\/p>\n<\/td>\n<\/tr>\n<tr>\n<td align=\"middle\" bgcolor=\"#8ab5e2\" style=\"color: #000000; border-color: #000000; width: 16%;\"><b><span class=\"short_text\" id=\"result_box\"><span class=\"hps\">Copper<\/span> <span class=\"hps\">material<\/span><\/span><\/b><\/td>\n<td bgcolor=\"#d3d4d6\" colspan=\"3\" style=\"color: #000000; border-color: #000000; width: 16%;\">\n<p align=\"left\">\u00a0<span id=\"result_box\"><span class=\"hps\">Precision<\/span> <span class=\"hps\">phosphor bronze<\/span>, <span class=\"hps\">better<\/span> <span class=\"hps\">toughness<\/span> <span class=\"hps\">than ordinary<\/span> <span class=\"hps\">brass<\/span><\/span><\/p>\n<\/td>\n<\/tr>\n<tr>\n<td align=\"middle\" bgcolor=\"#8ab5e2\" style=\"color: #000000; border-color: #000000; width: 16%;\"><b><span class=\"short_text\" id=\"result_box\"><span class=\"hps\">Conductor<\/span> <span class=\"hps\">material<\/span><\/span><\/b><\/td>\n<td bgcolor=\"#d3d4d6\" colspan=\"3\" style=\"color: #000000; border-color: #000000; width: 16%;\">\n<p align=\"left\">\u00a0<span class=\"short_text\" id=\"result_box\"><span class=\"hps\">3 * 2.5mm<\/span> <span class=\"hps\">bronze<\/span> <span class=\"hps\">wire<\/span> <span class=\"hps\">inside<\/span><\/span><\/p>\n<\/td>\n<\/tr>\n<tr>\n<td align=\"middle\" bgcolor=\"#8ab5e2\" style=\"color: #000000; border-color: #000000; width: 16%;\"><b><span class=\"short_text\" id=\"result_box\"><span class=\"hps\">Shock<\/span> <span class=\"hps\">material<\/span><\/span><\/b><\/td>\n<td bgcolor=\"#d3d4d6\" colspan=\"4\" style=\"color: #000000; border-color: #000000; width: 16%;\">\n<p align=\"left\">\u00a0<span id=\"result_box\"><span class=\"hps\">Highly conductive<\/span> <span class=\"hps atn\">tin-<\/span>phosphorus, <span class=\"hps\">nickel plated<\/span> <span class=\"hps atn\">anti-<\/span>rust, smaller <span class=\"hps\">inner<\/span> <span class=\"hps\">hair,<\/span> <span class=\"hps\">silver<\/span> <span class=\"hps\">alloy contacts<\/span> <span class=\"hps\">across the<\/span> <span class=\"hps atn\">super-<\/span>conductivity, corrosion resistance <span class=\"hps\">and long service life<\/span>.<\/span><\/p>\n<\/td>\n<\/tr>\n<tr>\n<td align=\"middle\" bgcolor=\"#8ab5e2\" style=\"color: #000000; border-color: #000000; width: 16%;\"><b><span class=\"short_text\" id=\"result_box\"><span class=\"hps\">Wiring<\/span><\/span><\/b><\/td>\n<td bgcolor=\"#d3d4d6\" style=\"color: #000000; border-color: #000000; width: 16%;\">\n<p align=\"left\">\u00a0<span class=\"short_text\" id=\"result_box\"><span class=\"hps\">Copper belt<\/span> <span class=\"hps\">no<\/span> <span class=\"hps\">solder<\/span> <span class=\"hps\">terminal<\/span> <span class=\"hps\">connection process<\/span><\/span><\/p>\n<\/td>\n<td align=\"middle\" bgcolor=\"#8ab5e2\" style=\"color: #000000; border-color: #000000; width: 16%;\"><b><span class=\"hps\">Output Module<\/span><br \/>\n\uff08<span class=\"hps\">jack<\/span><\/b> \uff09<\/td>\n<td bgcolor=\"#d3d4d6\" style=\"color: #000000; border-color: #000000; width: 16%;\">\n<p align=\"left\">\u00a016A 8 Bit<\/p>\n<\/td>\n<\/tr>\n<\/tbody>\n<\/table>\n<\/div>\n<\/div>\n<\/div>\n<\/div>\n<\/div>\n<\/div>\n<div class=\"vc_row wpb_row vc_row-fluid\">\n<div class=\"wpb_column vc_column_container vc_col-sm-12\">\n<div class=\"vc_column-inner\">\n<div class=\"wpb_wrapper\">\n<div class=\"wpb_text_column wpb_content_element\">\n<div class=\"wpb_wrapper\">\n<h4><em><strong>Customize your style easily!<\/strong><\/em><\/h4>\n<\/div>\n<\/div>\n<\/div>\n<\/div>\n<\/div>\n<\/div>\n<\/div>","protected":false},"excerpt":{"rendered":"<p>Especificaciones Rated Current 16A Tensi\u00f3n m\u00e1xima 250V Potencia nominal 4000W Color exterior Negro Modelo NSPDU-Swi Longitud del cable 2 m PDU Altura 1U(4.45cm) PDU Longitud 19 pulgadas (48.26cm) Materiales de Shell Aluminum Caracter\u00edsticas del producto Interruptor incorporado Material de cobre Precisi\u00f3n fosfor bronce, mejor dureza que lat\u00f3n ordinario Material de Conductor 3 * alambre de bronce de 2,5 mm dentro Material de Shock [...]<\/p>","protected":false},"featured_media":3286,"comment_status":"open","ping_status":"closed","template":"","meta":[],"product_brand":[],"product_cat":[88],"product_tag":[],"class_list":{"0":"post-3400","1":"product","2":"type-product","3":"status-publish","4":"has-post-thumbnail","6":"product_cat-power-distribution-unit","8":"first","9":"instock","10":"shipping-taxable","11":"product-type-simple"},"_links":{"self":[{"href":"https:\/\/www.newsunn.com\/es\/wp-json\/wp\/v2\/product\/3400","targetHints":{"allow":["GET"]}}],"collection":[{"href":"https:\/\/www.newsunn.com\/es\/wp-json\/wp\/v2\/product"}],"about":[{"href":"https:\/\/www.newsunn.com\/es\/wp-json\/wp\/v2\/types\/product"}],"replies":[{"embeddable":true,"href":"https:\/\/www.newsunn.com\/es\/wp-json\/wp\/v2\/comments?post=3400"}],"version-history":[{"count":0,"href":"https:\/\/www.newsunn.com\/es\/wp-json\/wp\/v2\/product\/3400\/revisions"}],"wp:featuredmedia":[{"embeddable":true,"href":"https:\/\/www.newsunn.com\/es\/wp-json\/wp\/v2\/media\/3286"}],"wp:attachment":[{"href":"https:\/\/www.newsunn.com\/es\/wp-json\/wp\/v2\/media?parent=3400"}],"wp:term":[{"taxonomy":"product_brand","embeddable":true,"href":"https:\/\/www.newsunn.com\/es\/wp-json\/wp\/v2\/product_brand?post=3400"},{"taxonomy":"product_cat","embeddable":true,"href":"https:\/\/www.newsunn.com\/es\/wp-json\/wp\/v2\/product_cat?post=3400"},{"taxonomy":"product_tag","embeddable":true,"href":"https:\/\/www.newsunn.com\/es\/wp-json\/wp\/v2\/product_tag?post=3400"}],"curies":[{"name":"wp","href":"https:\/\/api.w.org\/{rel}","templated":true}]}}