{"id":3386,"date":"2025-03-06T14:00:12","date_gmt":"2025-03-06T06:00:12","guid":{"rendered":"http:\/\/www.niusheng.globaldeepsea.site\/?post_type=product&#038;p=3386"},"modified":"2026-04-24T13:59:44","modified_gmt":"2026-04-24T05:59:44","slug":"24f-fiber-termination-box-nstb-p-224","status":"publish","type":"product","link":"https:\/\/www.newsunn.com\/es\/producto\/24f-fiber-termination-box-nstb-p-224\/","title":{"rendered":"24F Fiber Termination Box NSTB-P-224"},"content":{"rendered":"<div class=\"pro-box-border\">\n<div class=\"vc_row wpb_row vc_row-fluid\">\n<div class=\"wpb_column vc_column_container vc_col-sm-6\">\n<div class=\"vc_column-inner\">\n<div class=\"wpb_wrapper\">\n<div class=\"wpb_text_column wpb_content_element\">\n<div class=\"wpb_wrapper\">\n<p>[tribulant_slideshow gallery_id=\u201d28\u2033]<\/p>\n<\/div>\n<\/div>\n<\/div>\n<\/div>\n<\/div>\n<div class=\"wpb_column vc_column_container vc_col-sm-6\">\n<div class=\"vc_column-inner\">\n<div class=\"wpb_wrapper\">\n<div class=\"wpb_text_column wpb_content_element\">\n<div class=\"wpb_wrapper\">\n<\/div>\n<\/div>\n<\/div>\n<\/div>\n<\/div>\n<\/div>\n<div class=\"vc_row wpb_row vc_row-fluid\">\n<div class=\"wpb_column vc_column_container vc_col-sm-12\">\n<div class=\"vc_column-inner\">\n<div class=\"wpb_wrapper\">\n<div class=\"wpb_text_column wpb_content_element\">\n<div class=\"wpb_wrapper\">\n<h1>24 Port FTTH Fiber Termination Box\u00a0wall\/pole mounted<\/h1>\n<p>\u00a0<\/p>\n<p><strong>Description<\/strong><\/p>\n<p>The fiber termination box NSTB-P-224 provides a high density wall mounted solution for next generation networks, which aims to provide and manage maximum numbers of fiber termination in a limited space. It is normally installed in the way of wall mounting or pole mounting.<\/p>\n<p><strong>Caracter\u00edsticas<\/strong><\/p>\n<ul>\n<li>Water-proof\u00a0design\u00a0with\u00a0IP65\u00a0Protection\u00a0level<\/li>\n<li>Integrated\u00a0with\u00a0splice\u00a0cassette\u00a0and\u00a0cable\u00a0management\u00a0system<\/li>\n<li>Manage\u00a0fibers\u00a0in\u00a0a\u00a0reasonable\u00a0fiber\u00a0radius\u00a0condition<\/li>\n<li>Easy\u00a0to\u00a0maintain\u00a0and\u00a0extend\u00a0the\u00a0capacity<\/li>\n<li>Fiber\u00a0bend\u00a0radius\u00a0control\u00a0more\u00a0than\u00a040mm<\/li>\n<li>Suitable\u00a0for\u00a0the\u00a0fusion\u00a0splice\u00a0or\u00a0mechanical\u00a0splice<\/li>\n<li>6\u00a0ports\u00a0cable\u00a0inlets and outlets.<\/li>\n<\/ul>\n<\/div>\n<\/div>\n<div class=\"wpb_text_column wpb_content_element\">\n<div class=\"wpb_wrapper\">\n<p><strong>Especificaci\u00f3n<\/strong><\/p>\n<\/div>\n<\/div>\n<div class=\"wpb_text_column wpb_content_element\">\n<div class=\"wpb_wrapper\">\n<table width=\"650\">\n<tbody>\n<tr>\n<td style=\"text-align: center;\" width=\"110\">Material<\/td>\n<td style=\"text-align: center;\" width=\"152\">Size (mm)<\/td>\n<td colspan=\"2\" style=\"text-align: center;\" width=\"234\">Max\u00a0Capacity<\/td>\n<td style=\"text-align: center;\" width=\"156\">Empty\u00a0Weight<\/td>\n<td style=\"text-align: center;\" width=\"189\">Loaded\u00a0Weight<\/td>\n<td style=\"text-align: center;\" width=\"81\">Color<\/td>\n<\/tr>\n<tr>\n<td style=\"text-align: center;\">PC+Metal<\/td>\n<td style=\"text-align: center;\">340*265*125<\/td>\n<td style=\"text-align: center;\" width=\"122\">SC<\/p>\n<p>24\u00a0Ports<\/p>\n<\/td>\n<td style=\"text-align: center;\" width=\"112\">LC<\/p>\n<p>48\u00a0Ports<\/p>\n<\/td>\n<td style=\"text-align: center;\" width=\"156\">1.5kg<\/td>\n<td style=\"text-align: center;\" width=\"189\">2.3kg<\/td>\n<td style=\"text-align: center;\" width=\"81\">Blanco<\/td>\n<\/tr>\n<\/tbody>\n<\/table>\n<\/div>\n<\/div>\n<\/div>\n<\/div>\n<\/div>\n<\/div>\n<\/div>","protected":false},"excerpt":{"rendered":"<p>[tribulant_slideshow gallery_id=\u00bb28\u2032\u2032] 24 Port FTTH Fiber Termination Box wall\/pole mount Descripci\u00f3n La caja de terminaci\u00f3n de fibra NSTB-P-224 proporciona una soluci\u00f3n montada en pared de alta densidad para las redes de pr\u00f3xima generaci\u00f3n, que tiene como objetivo proporcionar y gestionar el m\u00e1ximo n\u00famero de terminaci\u00f3n de fibra en un espacio limitado. Normalmente se instala en la forma de montaje de pared o montaje de postes. [...]<\/p>","protected":false},"featured_media":2950,"comment_status":"open","ping_status":"closed","template":"","meta":[],"product_brand":[],"product_cat":[87],"product_tag":[],"class_list":{"0":"post-3386","1":"product","2":"type-product","3":"status-publish","4":"has-post-thumbnail","6":"product_cat-plastic-terminal-box","8":"first","9":"instock","10":"shipping-taxable","11":"product-type-simple"},"_links":{"self":[{"href":"https:\/\/www.newsunn.com\/es\/wp-json\/wp\/v2\/product\/3386","targetHints":{"allow":["GET"]}}],"collection":[{"href":"https:\/\/www.newsunn.com\/es\/wp-json\/wp\/v2\/product"}],"about":[{"href":"https:\/\/www.newsunn.com\/es\/wp-json\/wp\/v2\/types\/product"}],"replies":[{"embeddable":true,"href":"https:\/\/www.newsunn.com\/es\/wp-json\/wp\/v2\/comments?post=3386"}],"version-history":[{"count":0,"href":"https:\/\/www.newsunn.com\/es\/wp-json\/wp\/v2\/product\/3386\/revisions"}],"wp:featuredmedia":[{"embeddable":true,"href":"https:\/\/www.newsunn.com\/es\/wp-json\/wp\/v2\/media\/2950"}],"wp:attachment":[{"href":"https:\/\/www.newsunn.com\/es\/wp-json\/wp\/v2\/media?parent=3386"}],"wp:term":[{"taxonomy":"product_brand","embeddable":true,"href":"https:\/\/www.newsunn.com\/es\/wp-json\/wp\/v2\/product_brand?post=3386"},{"taxonomy":"product_cat","embeddable":true,"href":"https:\/\/www.newsunn.com\/es\/wp-json\/wp\/v2\/product_cat?post=3386"},{"taxonomy":"product_tag","embeddable":true,"href":"https:\/\/www.newsunn.com\/es\/wp-json\/wp\/v2\/product_tag?post=3386"}],"curies":[{"name":"wp","href":"https:\/\/api.w.org\/{rel}","templated":true}]}}