{"id":3378,"date":"2025-03-06T14:00:03","date_gmt":"2025-03-06T06:00:03","guid":{"rendered":"http:\/\/www.niusheng.globaldeepsea.site\/?post_type=product&#038;p=3378"},"modified":"2026-04-24T13:59:50","modified_gmt":"2026-04-24T05:59:50","slug":"8f-splitter-terminal-box-nstb-ps-208","status":"publish","type":"product","link":"https:\/\/www.newsunn.com\/es\/producto\/8f-splitter-terminal-box-nstb-ps-208\/","title":{"rendered":"8F Splitter Terminal Box NSTB-PS-208"},"content":{"rendered":"<div class=\"pro-box-border\">\n<div class=\"vc_row wpb_row vc_row-fluid\">\n<div class=\"wpb_column vc_column_container vc_col-sm-6\">\n<div class=\"vc_column-inner\">\n<div class=\"wpb_wrapper\">\n<div class=\"wpb_text_column wpb_content_element\">\n<div class=\"wpb_wrapper\">\n<p>[tribulant_slideshow gallery_id=\u201d21\u2033]<\/p>\n<\/div>\n<\/div>\n<\/div>\n<\/div>\n<\/div>\n<div class=\"wpb_column vc_column_container vc_col-sm-6\">\n<div class=\"vc_column-inner\">\n<div class=\"wpb_wrapper\">\n<div class=\"wpb_text_column wpb_content_element\">\n<div class=\"wpb_wrapper\">\n<\/div>\n<\/div>\n<\/div>\n<\/div>\n<\/div>\n<\/div>\n<div class=\"vc_row wpb_row vc_row-fluid\">\n<div class=\"wpb_column vc_column_container vc_col-sm-12\">\n<div class=\"vc_column-inner\">\n<div class=\"wpb_wrapper\">\n<div class=\"wpb_text_column wpb_content_element\">\n<div class=\"wpb_wrapper\">\n<h1 class=\"p_con_01\">8F Splitter terminal box outdoor\/indoor<\/h1>\n<div class=\"p_con_01\"><\/div>\n<div class=\"p_con_01\"><strong>Description<\/strong><\/div>\n<div class=\"p_con_01\"><\/div>\n<div class=\"p_con_01\"><\/div>\n<div class=\"p_con_01\">The fiber splitter termination box series are applicable in FTTH project and suitable for building\u2019s outer walls application; They can distribute cables after installing splitters and also can draw out room fiber optic cables by direct or cross-connections. They are with the function of mechanical splice, fusion splice, light splitting, wiring distributions etc.<\/div>\n<p>\u00a0<\/p>\n<p><strong>Caracter\u00edsticas<\/strong><\/p>\n<ul>\n<li>Applied for outdoor\/indoor, Wall and pole mountable.<\/li>\n<li>Material: High quality ABS plastics. UV and water resistance.<\/li>\n<li>Can accommodate mini PLC splitter 1\u00d74 and 1\u00d78.<\/li>\n<li>Up to 8 FTTH cables, 2 inlets and 8 outlets.<\/li>\n<li>Lock structure gives safety and convenience in operation.<\/li>\n<li>Reasonable space for fiber splice and storage separately.<\/li>\n<\/ul>\n<\/div>\n<\/div>\n<div class=\"wpb_text_column wpb_content_element\">\n<div class=\"wpb_wrapper\">\n<p><strong>Especificaci\u00f3n<\/strong><\/p>\n<\/div>\n<\/div>\n<div class=\"wpb_text_column wpb_content_element\">\n<div class=\"wpb_wrapper\">\n<table width=\"804\">\n<tbody>\n<tr>\n<td width=\"402\">Model No<\/td>\n<td width=\"402\">NSTB-PS-208<\/td>\n<\/tr>\n<tr>\n<td width=\"402\">Dimension( L\u00d7W\u00d7H)<\/td>\n<td width=\"402\">240mm\u00d7195mm\u00d766mm<\/td>\n<\/tr>\n<tr>\n<td width=\"402\">Weight (gross)<\/td>\n<td width=\"402\">1.2kg<\/td>\n<\/tr>\n<tr>\n<td width=\"402\">Adaptor type<\/td>\n<td width=\"402\">SC\/LC<\/td>\n<\/tr>\n<tr>\n<td width=\"402\">Splitter type<\/td>\n<td width=\"402\">Mini splitter 1\u00d74, 1\u00d78, 2\u00d74, 2\u00d78<\/td>\n<\/tr>\n<tr>\n<td width=\"402\">Max splitter ratio<\/td>\n<td width=\"402\">1:8<\/td>\n<\/tr>\n<tr>\n<td width=\"402\">Max capacity(F)<\/td>\n<td width=\"402\">8<\/td>\n<\/tr>\n<\/tbody>\n<\/table>\n<\/div>\n<\/div>\n<\/div>\n<\/div>\n<\/div>\n<\/div>\n<\/div>","protected":false},"excerpt":{"rendered":"<p>PLC splitter distribution box series are applicable in FTTH project and suitable for building\u2019s outer walls application; They can distribute cables after installing splitters and also can draw out room fiber optic cables by direct or cross-connections. <\/p>","protected":false},"featured_media":3247,"comment_status":"open","ping_status":"closed","template":"","meta":[],"product_brand":[],"product_cat":[87],"product_tag":[],"class_list":{"0":"post-3378","1":"product","2":"type-product","3":"status-publish","4":"has-post-thumbnail","6":"product_cat-plastic-terminal-box","8":"first","9":"instock","10":"shipping-taxable","11":"product-type-simple"},"_links":{"self":[{"href":"https:\/\/www.newsunn.com\/es\/wp-json\/wp\/v2\/product\/3378","targetHints":{"allow":["GET"]}}],"collection":[{"href":"https:\/\/www.newsunn.com\/es\/wp-json\/wp\/v2\/product"}],"about":[{"href":"https:\/\/www.newsunn.com\/es\/wp-json\/wp\/v2\/types\/product"}],"replies":[{"embeddable":true,"href":"https:\/\/www.newsunn.com\/es\/wp-json\/wp\/v2\/comments?post=3378"}],"version-history":[{"count":0,"href":"https:\/\/www.newsunn.com\/es\/wp-json\/wp\/v2\/product\/3378\/revisions"}],"wp:featuredmedia":[{"embeddable":true,"href":"https:\/\/www.newsunn.com\/es\/wp-json\/wp\/v2\/media\/3247"}],"wp:attachment":[{"href":"https:\/\/www.newsunn.com\/es\/wp-json\/wp\/v2\/media?parent=3378"}],"wp:term":[{"taxonomy":"product_brand","embeddable":true,"href":"https:\/\/www.newsunn.com\/es\/wp-json\/wp\/v2\/product_brand?post=3378"},{"taxonomy":"product_cat","embeddable":true,"href":"https:\/\/www.newsunn.com\/es\/wp-json\/wp\/v2\/product_cat?post=3378"},{"taxonomy":"product_tag","embeddable":true,"href":"https:\/\/www.newsunn.com\/es\/wp-json\/wp\/v2\/product_tag?post=3378"}],"curies":[{"name":"wp","href":"https:\/\/api.w.org\/{rel}","templated":true}]}}