{"id":3376,"date":"2025-03-06T14:00:03","date_gmt":"2025-03-06T06:00:03","guid":{"rendered":"http:\/\/www.niusheng.globaldeepsea.site\/?post_type=product&#038;p=3376"},"modified":"2026-04-24T13:59:49","modified_gmt":"2026-04-24T05:59:49","slug":"small-fiber-ftth-terminal-box-wall-mounted","status":"publish","type":"product","link":"https:\/\/www.newsunn.com\/es\/producto\/small-fiber-ftth-terminal-box-wall-mounted\/","title":{"rendered":"Peque\u00f1o Fiber FTTH Terminal Caja de pared montado"},"content":{"rendered":"<div class=\"pro-box-border\">\n<div class=\"vc_row wpb_row vc_row-fluid\">\n<div class=\"wpb_column vc_column_container vc_col-sm-6\">\n<div class=\"vc_column-inner\">\n<div class=\"wpb_wrapper\">\n<div class=\"wpb_single_image wpb_content_element vc_align_left\">\n<figure class=\"wpb_wrapper vc_figure\">\n<div class=\"vc_single_image-wrapper vc_box_border_grey\"><img fetchpriority=\"high\" alt=\"NSTB-M-03\" class=\"vc_single_image-img attachment-medium\" decoding=\"async\" height=\"225\" sizes=\"(max-width: 300px) 100vw, 300px\" src=\"http:\/\/www.niusheng.globaldeepsea.site\/wp-content\/uploads\/2025\/03\/19b6104dd56d6ff7c98b70b027959e8f.jpg\" srcset=\"https:\/\/niusheng.gg13.globaldeepsea.site\/wp-content\/uploads\/2015\/11\/NSTB-M-03-300x225.jpg 300w, https:\/\/niusheng.gg13.globaldeepsea.site\/wp-content\/uploads\/2015\/11\/NSTB-M-03.jpg 800w\" width=\"300\"\/><\/div>\n<\/figure>\n<\/div>\n<\/div>\n<\/div>\n<\/div>\n<div class=\"wpb_column vc_column_container vc_col-sm-6\">\n<div class=\"vc_column-inner\">\n<div class=\"wpb_wrapper\">\n<div class=\"wpb_text_column wpb_content_element\">\n<div class=\"wpb_wrapper\">\n<\/div>\n<\/div>\n<\/div>\n<\/div>\n<\/div>\n<\/div>\n<div class=\"vc_row wpb_row vc_row-fluid\">\n<div class=\"wpb_column vc_column_container vc_col-sm-12\">\n<div class=\"vc_column-inner\">\n<div class=\"wpb_wrapper\">\n<div class=\"wpb_text_column wpb_content_element\">\n<div class=\"wpb_wrapper\">\n<h2>8F SC\/FC\/ST Wall Mounted FTTH Fiber Terminal Box<\/h2>\n<p>\u00a0<\/p>\n<p><strong>Description<\/strong><\/p>\n<p>The fiber termination box is a kind of fiber optic management products used to distribute and protect the optical fiber links in FTTH network <span style=\"text-decoration: underline;\"><strong>FTTH Terminal Box<\/strong><\/span>. It is available for the distribution and terminal connection of various kinds of optical fiber system. These units are available in sizes that fit the most common distribution requirements.<br \/>\nThe NSTB-M-03 series\u00a0is a kind of high quality, micro sized fiber optical termination box made of quality cold-rolled steel sheet and undergoes static plastic spraying treatment, which can be used to mount pigtail, the box can be installed on the indoor wall and terrace.<\/p>\n<p>\u00a0<\/p>\n<p><strong>Caracter\u00edsticas<\/strong><\/p>\n<ul>\n<li>Available for the distribution and terminal connection of various kinds of optical fiber system<\/li>\n<li>Good SPCC material with electrostatic spraying on the surface<\/li>\n<li>Compact design used in residential and business applications<\/li>\n<li>Easy installation for indoor\u00a0wall mount<\/li>\n<li>Adapters available: SC,FC(D type),ST,LC duplex.<\/li>\n<li>Optical\u00a0fiber\u00a0winding\u00a0radius:\u00a0\u226540mm<\/li>\n<li>Can be customized according your request<\/li>\n<\/ul>\n<\/div>\n<\/div>\n<div class=\"wpb_text_column wpb_content_element\">\n<div class=\"wpb_wrapper\">\n<p><strong>Order Information<\/strong><\/p>\n<\/div>\n<\/div>\n<div class=\"wpb_text_column wpb_content_element\">\n<div class=\"wpb_wrapper\">\n<table>\n<tbody>\n<tr>\n<td style=\"text-align: center;\" width=\"213\">Part No.<\/td>\n<td style=\"text-align: center;\" width=\"213\">Size\uff08L\u00d7W\u00d7H\uff09<\/td>\n<td style=\"text-align: center;\" width=\"213\">Max capacity<\/td>\n<td style=\"text-align: center;\" width=\"250\">Remarks<\/td>\n<\/tr>\n<tr>\n<td style=\"text-align: center;\" width=\"213\">NSTB-M-03-SC<\/td>\n<td style=\"text-align: center;\" width=\"213\">13.5x14x3 cm<\/td>\n<td style=\"text-align: center;\" width=\"213\">8<\/td>\n<td style=\"text-align: center;\" width=\"213\">FC(D) and ST available<\/td>\n<\/tr>\n<\/tbody>\n<\/table>\n<\/div>\n<\/div>\n<\/div>\n<\/div>\n<\/div>\n<\/div>\n<\/div>","protected":false},"excerpt":{"rendered":"<p>8F SC\/FC\/ST Wall Mounted FTTH Fiber Terminal Box Descripci\u00f3n La caja de terminaci\u00f3n de fibra es una especie de productos de gesti\u00f3n de fibra \u00f3ptica utilizados para distribuir y proteger los enlaces de fibra \u00f3ptica en la red FTTH Terminal Box. Est\u00e1 disponible para la distribuci\u00f3n y conexi\u00f3n terminal de varios tipos de sistema de fibra \u00f3ptica. Estas unidades [...]<\/p>","protected":false},"featured_media":3225,"comment_status":"open","ping_status":"closed","template":"","meta":[],"product_brand":[],"product_cat":[86],"product_tag":[],"class_list":{"0":"post-3376","1":"product","2":"type-product","3":"status-publish","4":"has-post-thumbnail","6":"product_cat-metal-box","8":"first","9":"instock","10":"shipping-taxable","11":"product-type-simple"},"_links":{"self":[{"href":"https:\/\/www.newsunn.com\/es\/wp-json\/wp\/v2\/product\/3376","targetHints":{"allow":["GET"]}}],"collection":[{"href":"https:\/\/www.newsunn.com\/es\/wp-json\/wp\/v2\/product"}],"about":[{"href":"https:\/\/www.newsunn.com\/es\/wp-json\/wp\/v2\/types\/product"}],"replies":[{"embeddable":true,"href":"https:\/\/www.newsunn.com\/es\/wp-json\/wp\/v2\/comments?post=3376"}],"version-history":[{"count":0,"href":"https:\/\/www.newsunn.com\/es\/wp-json\/wp\/v2\/product\/3376\/revisions"}],"wp:featuredmedia":[{"embeddable":true,"href":"https:\/\/www.newsunn.com\/es\/wp-json\/wp\/v2\/media\/3225"}],"wp:attachment":[{"href":"https:\/\/www.newsunn.com\/es\/wp-json\/wp\/v2\/media?parent=3376"}],"wp:term":[{"taxonomy":"product_brand","embeddable":true,"href":"https:\/\/www.newsunn.com\/es\/wp-json\/wp\/v2\/product_brand?post=3376"},{"taxonomy":"product_cat","embeddable":true,"href":"https:\/\/www.newsunn.com\/es\/wp-json\/wp\/v2\/product_cat?post=3376"},{"taxonomy":"product_tag","embeddable":true,"href":"https:\/\/www.newsunn.com\/es\/wp-json\/wp\/v2\/product_tag?post=3376"}],"curies":[{"name":"wp","href":"https:\/\/api.w.org\/{rel}","templated":true}]}}