{"id":3371,"date":"2025-03-06T14:00:03","date_gmt":"2025-03-06T06:00:03","guid":{"rendered":"http:\/\/www.niusheng.globaldeepsea.site\/?post_type=product&#038;p=3371"},"modified":"2026-04-24T13:59:47","modified_gmt":"2026-04-24T05:59:47","slug":"40gbase-sr4-qsfp-850nm-300m-transceptor-para-mmf","status":"publish","type":"product","link":"https:\/\/www.newsunn.com\/es\/producto\/40gbase-sr4-qsfp-850nm-300m-transceptor-para-mmf\/","title":{"rendered":"40GBASE-SR4 QSFP+ 850nm 300m Transceptor para MMF"},"content":{"rendered":"<div class=\"pro-box-border\">\n<div class=\"vc_row wpb_row vc_row-fluid L925 Mechanical Splice\">\n<div class=\"wpb_column vc_column_container vc_col-sm-12\">\n<div class=\"vc_column-inner\">\n<div class=\"wpb_wrapper\">\n<div class=\"vc_row wpb_row vc_inner vc_row-fluid\">\n<div class=\"wpb_column vc_column_container vc_col-sm-6\">\n<div class=\"vc_column-inner\">\n<div class=\"wpb_wrapper\">\n<div class=\"wpb_single_image wpb_content_element vc_align_left\">\n<figure class=\"wpb_wrapper vc_figure\">\n<div class=\"vc_single_image-wrapper vc_box_border_grey\"><img fetchpriority=\"high\" alt=\"qsfp+ SR4\" class=\"vc_single_image-img attachment-medium\" decoding=\"async\" height=\"225\" sizes=\"(max-width: 300px) 100vw, 300px\" src=\"http:\/\/www.niusheng.globaldeepsea.site\/wp-content\/uploads\/2025\/03\/4e85087d9fc74a734d0b8f57b5140fd7.jpg\" srcset=\"https:\/\/niusheng.gg13.globaldeepsea.site\/wp-content\/uploads\/2015\/11\/02092003eulb-300x225.jpg 300w, https:\/\/niusheng.gg13.globaldeepsea.site\/wp-content\/uploads\/2015\/11\/02092003eulb.jpg 800w\" width=\"300\"\/><\/div>\n<\/figure>\n<\/div>\n<\/div>\n<\/div>\n<\/div>\n<div class=\"wpb_column vc_column_container vc_col-sm-6\">\n<div class=\"vc_column-inner\">\n<div class=\"wpb_wrapper\">\n<div class=\"wpb_text_column wpb_content_element\">\n<div class=\"wpb_wrapper\">\n<div class=\"pdf\">\n<div class=\"pdf-img\">\n<img decoding=\"async\" src=\"http:\/\/www.niusheng.globaldeepsea.site\/wp-content\/uploads\/2025\/03\/8d970eb173ccf729873b86b2f3b888f0.png\"\/>\n<\/div>\n<div class=\"pdf-info\">\n<p>Ficha t\u00e9cnica para QSFP+ SR4<\/p>\n<p><a href=\"\">Descargar Instrucciones<\/a>\n<\/div>\n<div style=\"clear:both;\"><\/div>\n<\/div>\n<\/div>\n<\/div>\n<\/div>\n<\/div>\n<\/div>\n<\/div>\n<div class=\"vc_row wpb_row vc_inner vc_row-fluid\">\n<div class=\"wpb_column vc_column_container vc_col-sm-12\">\n<div class=\"vc_column-inner\">\n<div class=\"wpb_wrapper\">\n<div class=\"wpb_text_column wpb_content_element\">\n<div class=\"wpb_wrapper\">\n<h1>40GBASE SR4 QSFP+ 850nm 300m Transceptor para MMF<\/h1>\n<p>El 40GBASE SR4 QSFP+ es un transceptor QSFP+ de cuatro canales, enchufable, paralelo, fibra \u00f3ptica QSFP+ para aplicaciones InfiniBand QDR\/DDR\/SDR,12G\/10G\/8G\/4G\/2G de fibra, PCIe y SAS. El m\u00f3dulo \u00f3ptico de d\u00faplex completo QSFP ofrece 4 canales independientes de transmisi\u00f3n y recepci\u00f3n, cada uno capaz de 11.3 Funcionamiento de Gbps para una tasa de datos agregada de 45.2Gbps 300m utilizando fibra OM3. Estos m\u00f3dulos est\u00e1n dise\u00f1ados para operar sobre sistemas de fibra multimodo utilizando la matriz l\u00e1ser 850nmVCSEL. Se puede conectar un cable de cinta de fibra \u00f3ptica con un conector MPO\/MTPTM en el recipiente del m\u00f3dulo QSFP. QSFP+ eSR4 es una especie de transceptor paralelo que proporciona una mayor densidad del puerto y ahorro total del sistema.<\/p>\n<h2><strong>Caracter\u00edsticas<\/strong><\/h2>\n<ul>\n<li>Hasta 300m en OM3 Multimode Fiber (MMF)<\/li>\n<li>MPD interior para monitorear la potencia TX<\/li>\n<li>M\u00f3dulos transceptores de cuatro canales<\/li>\n<li>Tasa de datos de transmisi\u00f3n hasta 11.3Gbit\/s por canal<\/li>\n<li>Bajo consumo de energ\u00eda<\/li>\n<li>Temperatura de caso de funcionamiento 0\u00b0C a +70\u00b0C<\/li>\n<li>Tensi\u00f3n de alimentaci\u00f3n 3.3V<\/li>\n<li>RoHS 6 compatible<\/li>\n<li>Factor de forma de QSFP ajustable caliente<\/li>\n<li>Recept\u00e1culo del conector MPO<\/li>\n<li>Funci\u00f3n de diagn\u00f3stico digital incorporada<\/li>\n<li><\/li>\n<\/ul>\n<h1>Aplicaciones<\/h1>\n<ul>\n<li>InfiniBandQDR, DDR y SDR<\/li>\n<li>Interconexiones de alta velocidad<\/li>\n<li>Datacenter<\/li>\n<\/ul>\n<\/div>\n<\/div>\n<\/div>\n<\/div>\n<\/div>\n<\/div>\n<div class=\"wpb_text_column wpb_content_element\">\n<div class=\"wpb_wrapper\">\n<h2 style=\"text-align: justify; text-justify: inter-ideograph; margin: 4.95pt 0cm .0001pt 5.0pt;\"><strong><span lang=\"EN-US\" style=\"color: #00afef;\">Dimensiones mec\u00e1nicas<\/span><\/strong><\/h2>\n<\/div>\n<\/div>\n<div class=\"wpb_single_image wpb_content_element vc_align_left\">\n<figure class=\"wpb_wrapper vc_figure\">\n<div class=\"vc_single_image-wrapper vc_box_border_grey\"><img alt=\"qsfp+ SR dibujo\" class=\"vc_single_image-img attachment-large\" decoding=\"async\" height=\"232\" sizes=\"(max-width: 474px) 100vw, 474px\" src=\"http:\/\/www.niusheng.globaldeepsea.site\/wp-content\/uploads\/2025\/03\/abe78b7f2aa746516786edb8d72258c5.jpg\" srcset=\"https:\/\/niusheng.gg13.globaldeepsea.site\/wp-content\/uploads\/2015\/11\/qsfp-SR-drawing.jpg 881w, https:\/\/niusheng.gg13.globaldeepsea.site\/wp-content\/uploads\/2015\/11\/qsfp-SR-drawing-300x147.jpg 300w\" width=\"474\"\/><\/div>\n<\/figure>\n<\/div>\n<\/div>\n<\/div>\n<\/div>\n<\/div>\n<\/div>","protected":false},"excerpt":{"rendered":"<p>El 40GBASE-SR4 QSFP+ es un transceptor QSFP+ de cuatro canales, enchufable, paralelo, fibra \u00f3ptica QSFP+ para aplicaciones de PCIe y SAS. <\/p>","protected":false},"featured_media":2993,"comment_status":"open","ping_status":"closed","template":"","meta":[],"product_brand":[],"product_cat":[84],"product_tag":[],"class_list":{"0":"post-3371","1":"product","2":"type-product","3":"status-publish","4":"has-post-thumbnail","6":"product_cat-qsfp-fiber-optic-transceiver-module","8":"first","9":"instock","10":"shipping-taxable","11":"product-type-simple"},"_links":{"self":[{"href":"https:\/\/www.newsunn.com\/es\/wp-json\/wp\/v2\/product\/3371","targetHints":{"allow":["GET"]}}],"collection":[{"href":"https:\/\/www.newsunn.com\/es\/wp-json\/wp\/v2\/product"}],"about":[{"href":"https:\/\/www.newsunn.com\/es\/wp-json\/wp\/v2\/types\/product"}],"replies":[{"embeddable":true,"href":"https:\/\/www.newsunn.com\/es\/wp-json\/wp\/v2\/comments?post=3371"}],"version-history":[{"count":0,"href":"https:\/\/www.newsunn.com\/es\/wp-json\/wp\/v2\/product\/3371\/revisions"}],"wp:featuredmedia":[{"embeddable":true,"href":"https:\/\/www.newsunn.com\/es\/wp-json\/wp\/v2\/media\/2993"}],"wp:attachment":[{"href":"https:\/\/www.newsunn.com\/es\/wp-json\/wp\/v2\/media?parent=3371"}],"wp:term":[{"taxonomy":"product_brand","embeddable":true,"href":"https:\/\/www.newsunn.com\/es\/wp-json\/wp\/v2\/product_brand?post=3371"},{"taxonomy":"product_cat","embeddable":true,"href":"https:\/\/www.newsunn.com\/es\/wp-json\/wp\/v2\/product_cat?post=3371"},{"taxonomy":"product_tag","embeddable":true,"href":"https:\/\/www.newsunn.com\/es\/wp-json\/wp\/v2\/product_tag?post=3371"}],"curies":[{"name":"wp","href":"https:\/\/api.w.org\/{rel}","templated":true}]}}