{"id":3339,"date":"2025-03-06T13:59:54","date_gmt":"2025-03-06T05:59:54","guid":{"rendered":"http:\/\/www.niusheng.globaldeepsea.site\/?post_type=product&#038;p=3339"},"modified":"2026-04-24T14:00:01","modified_gmt":"2026-04-24T06:00:01","slug":"1u-sliding-patch-panel-ns-fopp-s2","status":"publish","type":"product","link":"https:\/\/www.newsunn.com\/es\/producto\/1u-sliding-patch-panel-ns-fopp-s2\/","title":{"rendered":"1U Sliding Patch Panel NS-FOPP-S2"},"content":{"rendered":"<div class=\"pro-box-border\">\n<div class=\"vc_row wpb_row vc_row-fluid\">\n<div class=\"wpb_column vc_column_container vc_col-sm-6\">\n<div class=\"vc_column-inner\">\n<div class=\"wpb_wrapper\">\n<div class=\"wpb_text_column wpb_content_element\">\n<div class=\"wpb_wrapper\">\n<p>[tribulant_slideshow gallery_id=\u201d10\u2033]<\/p>\n<\/div>\n<\/div>\n<\/div>\n<\/div>\n<\/div>\n<div class=\"wpb_column vc_column_container vc_col-sm-6\">\n<div class=\"vc_column-inner\">\n<div class=\"wpb_wrapper\">\n<\/div>\n<\/div>\n<\/div>\n<\/div>\n<div class=\"vc_row wpb_row vc_row-fluid\">\n<div class=\"wpb_column vc_column_container vc_col-sm-12\">\n<div class=\"vc_column-inner\">\n<div class=\"wpb_wrapper\">\n<div class=\"wpb_text_column wpb_content_element\">\n<div class=\"wpb_wrapper\">\n<p><strong>Caracter\u00edsticas<\/strong><\/p>\n<ul>\n<li>Standard 19\u201d patch panel for 1U, 2U or more.<\/li>\n<li>High quality finish, no sharp edges.<\/li>\n<li>Smooth drawing with good quality metal slide rail, or without rail optional<\/li>\n<li>All in basic form for easy change of adapter panels.<\/li>\n<li>Recessed adapters giving better bend radius<\/li>\n<li>Simple installation or easy maintenance and access even after the panel is installed in the rack.<\/li>\n<\/ul>\n<\/div>\n<\/div>\n<\/div>\n<\/div>\n<\/div>\n<\/div>\n<div class=\"vc_row wpb_row vc_row-fluid\">\n<div class=\"wpb_column vc_column_container vc_col-sm-12\">\n<div class=\"vc_column-inner\">\n<div class=\"wpb_wrapper\">\n<div class=\"wpb_text_column wpb_content_element\">\n<div class=\"wpb_wrapper\">\n<p><strong>Especificaci\u00f3n<\/strong><\/p>\n<table>\n<tbody>\n<tr>\n<td width=\"213\">Part No.<\/td>\n<td width=\"213\">Size\uff08L\u00d7W\u00d7H\uff09<\/td>\n<td width=\"213\">Max capacity<\/td>\n<td width=\"213\">Adapter panel<\/td>\n<\/tr>\n<tr>\n<td width=\"213\">NS-FOPP-S2-1U<\/td>\n<td width=\"213\">48.2\u00d731.5\u00d74.45cm<\/td>\n<td width=\"213\">24<\/td>\n<td width=\"213\">24 SC, Made to order<\/td>\n<\/tr>\n<\/tbody>\n<\/table>\n<\/div>\n<\/div>\n<\/div>\n<\/div>\n<\/div>\n<\/div>\n<\/div>","protected":false},"excerpt":{"rendered":"<p>[tribulant_slideshow gallery_id=\"10\u2032\u2032] Caracter\u00edsticas Panel de parche est\u00e1ndar de 19\u201d para 1U, 2U o m\u00e1s. Acabado de alta calidad, sin bordes afilados. Dibujo smooth con barra deslizante de metal de buena calidad, o sin carril opcional Todo en forma b\u00e1sica para un cambio f\u00e1cil de los paneles de adaptador. Adaptadores empobrecidos que dan mejor radio de doble instalaci\u00f3n sencilla o f\u00e1cil mantenimiento y acceso incluso despu\u00e9s de [...]<\/p>","protected":false},"featured_media":3229,"comment_status":"open","ping_status":"closed","template":"","meta":[],"product_brand":[],"product_cat":[74],"product_tag":[],"class_list":{"0":"post-3339","1":"product","2":"type-product","3":"status-publish","4":"has-post-thumbnail","6":"product_cat-fiber-optic-distribution-panel-fiber-patch-panel","8":"first","9":"instock","10":"shipping-taxable","11":"product-type-simple"},"_links":{"self":[{"href":"https:\/\/www.newsunn.com\/es\/wp-json\/wp\/v2\/product\/3339","targetHints":{"allow":["GET"]}}],"collection":[{"href":"https:\/\/www.newsunn.com\/es\/wp-json\/wp\/v2\/product"}],"about":[{"href":"https:\/\/www.newsunn.com\/es\/wp-json\/wp\/v2\/types\/product"}],"replies":[{"embeddable":true,"href":"https:\/\/www.newsunn.com\/es\/wp-json\/wp\/v2\/comments?post=3339"}],"version-history":[{"count":0,"href":"https:\/\/www.newsunn.com\/es\/wp-json\/wp\/v2\/product\/3339\/revisions"}],"wp:featuredmedia":[{"embeddable":true,"href":"https:\/\/www.newsunn.com\/es\/wp-json\/wp\/v2\/media\/3229"}],"wp:attachment":[{"href":"https:\/\/www.newsunn.com\/es\/wp-json\/wp\/v2\/media?parent=3339"}],"wp:term":[{"taxonomy":"product_brand","embeddable":true,"href":"https:\/\/www.newsunn.com\/es\/wp-json\/wp\/v2\/product_brand?post=3339"},{"taxonomy":"product_cat","embeddable":true,"href":"https:\/\/www.newsunn.com\/es\/wp-json\/wp\/v2\/product_cat?post=3339"},{"taxonomy":"product_tag","embeddable":true,"href":"https:\/\/www.newsunn.com\/es\/wp-json\/wp\/v2\/product_tag?post=3339"}],"curies":[{"name":"wp","href":"https:\/\/api.w.org\/{rel}","templated":true}]}}