{"id":3331,"date":"2025-03-06T13:59:53","date_gmt":"2025-03-06T05:59:53","guid":{"rendered":"http:\/\/www.niusheng.globaldeepsea.site\/?post_type=product&#038;p=3331"},"modified":"2026-04-24T14:00:02","modified_gmt":"2026-04-24T06:00:02","slug":"st-simplex-adapter","status":"publish","type":"product","link":"https:\/\/www.newsunn.com\/es\/producto\/st-simplex-adapter\/","title":{"rendered":"Adaptador ST simplex"},"content":{"rendered":"<div class=\"pro-box-border\">\n<div class=\"vc_row wpb_row vc_row-fluid\">\n<div class=\"wpb_column vc_column_container vc_col-sm-12\">\n<div class=\"vc_column-inner\">\n<div class=\"wpb_wrapper\">\n<div class=\"wpb_text_column wpb_content_element\">\n<div class=\"wpb_wrapper\">\n<p>Newsunn adopts high quality raw materials and produces the fiber optic adapters strictly according to international standard, which makes our adapters fully compatible with the products from other manufacturers in the market. The fiber optic adapters are divided into five major groups in Newsunn, SC, LC, FC, ST and hybrid adapters.<\/p>\n<\/div>\n<\/div>\n<div class=\"wpb_text_column wpb_content_element\">\n<div class=\"wpb_wrapper\">\n<p><strong>Caracter\u00edsticas<\/strong><\/p>\n<\/div>\n<\/div>\n<div class=\"wpb_text_column wpb_content_element\">\n<div class=\"wpb_wrapper\">\n<ul>\n<li>Insertion loss &lt; 0.3dB<\/li>\n<li>Return loss &gt; 50dB<\/li>\n<li>High repeatability<\/li>\n<li>High environmental stability<\/li>\n<li>Various of connector and adapter types<\/li>\n<li>Single mode or multimode grade available<\/li>\n<\/ul>\n<\/div>\n<\/div>\n<div class=\"wpb_text_column wpb_content_element\">\n<div class=\"wpb_wrapper\">\n<p><strong>Major types<\/strong><\/p>\n<\/div>\n<\/div>\n<\/div>\n<\/div>\n<\/div>\n<\/div>\n<div class=\"vc_row wpb_row vc_row-fluid\">\n<div class=\"wpb_column vc_column_container vc_col-sm-3\">\n<div class=\"vc_column-inner\">\n<div class=\"wpb_wrapper\">\n<div class=\"wpb_single_image wpb_content_element vc_align_center\">\n<figure class=\"wpb_wrapper vc_figure\">\n<div class=\"vc_single_image-wrapper vc_box_border_grey\"><img fetchpriority=\"high\" alt=\"ST Simplex-red cap\" class=\"vc_single_image-img attachment-medium\" decoding=\"async\" height=\"225\" sizes=\"(max-width: 300px) 100vw, 300px\" src=\"http:\/\/www.niusheng.globaldeepsea.site\/wp-content\/uploads\/2025\/03\/e2b6b7e1f75d8552d2f697333dc86a28.jpg\" srcset=\"https:\/\/niusheng.gg13.globaldeepsea.site\/wp-content\/uploads\/2015\/10\/ST-Simplex-red-cap-300x225.jpg 300w, https:\/\/niusheng.gg13.globaldeepsea.site\/wp-content\/uploads\/2015\/10\/ST-Simplex-red-cap.jpg 800w\" width=\"300\"\/><\/div>\n<\/figure>\n<\/div>\n<div class=\"wpb_text_column wpb_content_element\">\n<div class=\"wpb_wrapper\">\n<p style=\"text-align: center;\">ST Simplex-red cap<\/p>\n<\/div>\n<\/div>\n<\/div>\n<\/div>\n<\/div>\n<div class=\"wpb_column vc_column_container vc_col-sm-3\">\n<div class=\"vc_column-inner\">\n<div class=\"wpb_wrapper\">\n<div class=\"wpb_single_image wpb_content_element vc_align_center\">\n<figure class=\"wpb_wrapper vc_figure\">\n<div class=\"vc_single_image-wrapper vc_box_border_grey\"><img alt=\"ST Simplex-yellow cap\" class=\"vc_single_image-img attachment-medium\" decoding=\"async\" height=\"225\" sizes=\"(max-width: 300px) 100vw, 300px\" src=\"http:\/\/www.niusheng.globaldeepsea.site\/wp-content\/uploads\/2025\/03\/d32f0a4969cb25d5c7e5a74d3c9ea738.jpg\" srcset=\"https:\/\/niusheng.gg13.globaldeepsea.site\/wp-content\/uploads\/2015\/10\/ST-Simplex-yellow-cap-300x225.jpg 300w, https:\/\/niusheng.gg13.globaldeepsea.site\/wp-content\/uploads\/2015\/10\/ST-Simplex-yellow-cap.jpg 800w\" width=\"300\"\/><\/div>\n<\/figure>\n<\/div>\n<div class=\"wpb_text_column wpb_content_element\">\n<div class=\"wpb_wrapper\">\n<p style=\"text-align: center;\">ST Simplex-yellow cap<\/p>\n<\/div>\n<\/div>\n<\/div>\n<\/div>\n<\/div>\n<div class=\"wpb_column vc_column_container vc_col-sm-3\">\n<div class=\"vc_column-inner\">\n<div class=\"wpb_wrapper\">\n<div class=\"wpb_single_image wpb_content_element vc_align_center\">\n<figure class=\"wpb_wrapper vc_figure\">\n<div class=\"vc_single_image-wrapper vc_box_border_grey\"><img alt=\"ST MM Simplxe\" class=\"vc_single_image-img attachment-medium\" decoding=\"async\" height=\"225\" sizes=\"(max-width: 300px) 100vw, 300px\" src=\"http:\/\/www.niusheng.globaldeepsea.site\/wp-content\/uploads\/2025\/03\/fdb6b7c93eaed8a0234f2c812f6e3857.jpg\" srcset=\"https:\/\/niusheng.gg13.globaldeepsea.site\/wp-content\/uploads\/2015\/10\/ST-MM-Simplxe-300x225.jpg 300w, https:\/\/niusheng.gg13.globaldeepsea.site\/wp-content\/uploads\/2015\/10\/ST-MM-Simplxe.jpg 800w\" width=\"300\"\/><\/div>\n<\/figure>\n<\/div>\n<div class=\"wpb_text_column wpb_content_element\">\n<div class=\"wpb_wrapper\">\n<p style=\"text-align: center;\">ST MM Simplex<\/p>\n<\/div>\n<\/div>\n<\/div>\n<\/div>\n<\/div>\n<div class=\"wpb_column vc_column_container vc_col-sm-3\">\n<div class=\"vc_column-inner\">\n<div class=\"wpb_wrapper\">\n<div class=\"wpb_single_image wpb_content_element vc_align_center\">\n<figure class=\"wpb_wrapper vc_figure\">\n<div class=\"vc_single_image-wrapper vc_box_border_grey\"><img loading=\"lazy\" alt=\"ST Duplex\" class=\"vc_single_image-img attachment-medium\" decoding=\"async\" height=\"225\" sizes=\"auto, (max-width: 300px) 100vw, 300px\" src=\"http:\/\/www.niusheng.globaldeepsea.site\/wp-content\/uploads\/2025\/03\/47a95d74b4aaa4822852b5278ee22958.jpg\" srcset=\"https:\/\/niusheng.gg13.globaldeepsea.site\/wp-content\/uploads\/2015\/10\/ST-Duplex-300x225.jpg 300w, https:\/\/niusheng.gg13.globaldeepsea.site\/wp-content\/uploads\/2015\/10\/ST-Duplex.jpg 800w\" width=\"300\"\/><\/div>\n<\/figure>\n<\/div>\n<div class=\"wpb_text_column wpb_content_element\">\n<div class=\"wpb_wrapper\">\n<p style=\"text-align: center;\">ST Duplex<\/p>\n<\/div>\n<\/div>\n<\/div>\n<\/div>\n<\/div>\n<\/div>\n<\/div>","protected":false},"excerpt":{"rendered":"<p>Newsunn adopta materias primas de alta calidad y produce los adaptadores de fibra \u00f3ptica estrictamente de acuerdo con el est\u00e1ndar internacional, lo que hace que nuestros adaptadores sean totalmente compatibles con los productos de otros fabricantes del mercado. Los adaptadores de fibra \u00f3ptica se dividen en cinco grupos principales en Newsunn, SC, LC, FC, ST y adaptadores h\u00edbridos. Caracter\u00edsticas P\u00e9rdida de inserci\u00f3n [...]<\/p>","protected":false},"featured_media":3280,"comment_status":"open","ping_status":"closed","template":"","meta":[],"product_brand":[],"product_cat":[70,71],"product_tag":[],"class_list":{"0":"post-3331","1":"product","2":"type-product","3":"status-publish","4":"has-post-thumbnail","6":"product_cat-fiber-optic-adapters","7":"product_cat-mid-coupler-optic-mating-sleeve","9":"first","10":"instock","11":"shipping-taxable","12":"product-type-simple"},"_links":{"self":[{"href":"https:\/\/www.newsunn.com\/es\/wp-json\/wp\/v2\/product\/3331","targetHints":{"allow":["GET"]}}],"collection":[{"href":"https:\/\/www.newsunn.com\/es\/wp-json\/wp\/v2\/product"}],"about":[{"href":"https:\/\/www.newsunn.com\/es\/wp-json\/wp\/v2\/types\/product"}],"replies":[{"embeddable":true,"href":"https:\/\/www.newsunn.com\/es\/wp-json\/wp\/v2\/comments?post=3331"}],"version-history":[{"count":0,"href":"https:\/\/www.newsunn.com\/es\/wp-json\/wp\/v2\/product\/3331\/revisions"}],"wp:featuredmedia":[{"embeddable":true,"href":"https:\/\/www.newsunn.com\/es\/wp-json\/wp\/v2\/media\/3280"}],"wp:attachment":[{"href":"https:\/\/www.newsunn.com\/es\/wp-json\/wp\/v2\/media?parent=3331"}],"wp:term":[{"taxonomy":"product_brand","embeddable":true,"href":"https:\/\/www.newsunn.com\/es\/wp-json\/wp\/v2\/product_brand?post=3331"},{"taxonomy":"product_cat","embeddable":true,"href":"https:\/\/www.newsunn.com\/es\/wp-json\/wp\/v2\/product_cat?post=3331"},{"taxonomy":"product_tag","embeddable":true,"href":"https:\/\/www.newsunn.com\/es\/wp-json\/wp\/v2\/product_tag?post=3331"}],"curies":[{"name":"wp","href":"https:\/\/api.w.org\/{rel}","templated":true}]}}