{"id":3327,"date":"2025-03-06T13:59:52","date_gmt":"2025-03-06T05:59:52","guid":{"rendered":"http:\/\/www.niusheng.globaldeepsea.site\/?post_type=product&#038;p=3327"},"modified":"2026-04-24T14:00:04","modified_gmt":"2026-04-24T06:00:04","slug":"fc-field-assembly-connector","status":"publish","type":"product","link":"https:\/\/www.newsunn.com\/es\/producto\/fc-field-assembly-connector\/","title":{"rendered":"FC Field Assembly Connector"},"content":{"rendered":"<div class=\"pro-box-border\">\n<div class=\"vc_row wpb_row vc_row-fluid L925 Mechanical Splice\">\n<div class=\"wpb_column vc_column_container vc_col-sm-12\">\n<div class=\"vc_column-inner\">\n<div class=\"wpb_wrapper\">\n<div class=\"vc_row wpb_row vc_inner vc_row-fluid\">\n<div class=\"wpb_column vc_column_container vc_col-sm-6\">\n<div class=\"vc_column-inner\">\n<div class=\"wpb_wrapper\">\n<div class=\"wpb_text_column wpb_content_element\">\n<div class=\"wpb_wrapper\">\n<p>[tribulant_slideshow gallery_id=\u201d4\u2033]<\/p>\n<\/div>\n<\/div>\n<\/div>\n<\/div>\n<\/div>\n<div class=\"wpb_column vc_column_container vc_col-sm-6\">\n<div class=\"vc_column-inner\">\n<div class=\"wpb_wrapper\">\n<div class=\"wpb_text_column wpb_content_element\">\n<div class=\"wpb_wrapper\">\n<div class=\"pdf\">\n<div class=\"pdf-img\">\n<img decoding=\"async\" src=\"http:\/\/www.niusheng.globaldeepsea.site\/wp-content\/uploads\/2025\/03\/8d970eb173ccf729873b86b2f3b888f0.png\"\/>\n<\/div>\n<div class=\"pdf-info\">\n<p>FC fast connector Manual<\/p>\n<p><a href=\"\">Descargar Instrucciones<\/a>\n<\/div>\n<div style=\"clear:both;\"><\/div>\n<\/div>\n<\/div>\n<\/div>\n<\/div>\n<\/div>\n<\/div>\n<\/div>\n<div class=\"vc_row wpb_row vc_inner vc_row-fluid\">\n<div class=\"wpb_column vc_column_container vc_col-sm-12\">\n<div class=\"vc_column-inner\">\n<div class=\"wpb_wrapper\">\n<div class=\"wpb_text_column wpb_content_element\">\n<div class=\"wpb_wrapper\">\n<h2>FC Pre-Polished Ferrule Field Assembly Connector \u2013 Fast Connector<\/h2>\n<p style=\"text-align: justify;\">The FC fast connector feature a pre-polished ferrule that couples to the fiber being terminated by precision mechanical alignment, insuring low loss with a proprietary gel.This Fast Connector offers convenience in assembling and strong stability. It allows simple optical core connection without any additional practices, or adhesives. It does not require a working space by connecting itself in the challenging environments such as a telephone pole and a manhole. It reconnects the cables and reduces the connection defect rate by an installer error in the field.<\/p>\n<p style=\"text-align: justify;\">Assembly of the FC type quick connector requires only normal fiber preparation tools: a fiber stripping tool, wipes and a fiber cleaver. Just Strip the buffer, cleave and clean the fiber and then insert the fixed-length fiber through the ferrule of the connector. Installation takes just minutes and couldn\u2019t be easier.<\/p>\n<p style=\"text-align: justify;\">The <em><strong>Field Assembly Connector<\/strong><\/em> series are already a popular solution for optical wiring inside buildings and floors for LAN &amp; CCTV applications and with the expansion of FTTH, is already proving itself to be the connector of choice by incumbents, municipalities, utilities &amp; alternative carriers. Our <span style=\"text-decoration: underline;\"><strong>Field Assembly Connector<\/strong><\/span> series are now available in SC,and FC variants, catering for 250um to 900um, and 2.0mm, 3.0mm diameter single mode and multimode fiber types. The single-mode versions are available with UPC or APC ferrules.<\/p>\n<p>\u00a0<\/p>\n<p><strong>Feature:<\/strong><\/p>\n<ul>\n<li>Simple design for easy Operation.<\/li>\n<li>Applied to 3.1 x 2.0 mm Drop Cable and 2.0\/3.0mm indoor cable FC UPC and APC type.<\/li>\n<li>Fiber Pre-Embedded Tech with superior ceramic ferrule and V-groove.<\/li>\n<li>Average Insertion loss: 50dB, Repeatability: &gt;5 times<\/li>\n<\/ul>\n<\/div>\n<\/div>\n<\/div>\n<\/div>\n<\/div>\n<\/div>\n<\/div>\n<\/div>\n<\/div>\n<div class=\"wpb_column vc_column_container vc_col-sm-12\">\n<div class=\"vc_column-inner\">\n<div class=\"wpb_wrapper\">\n<div class=\"vc_row wpb_row vc_inner vc_row-fluid\">\n<div class=\"wpb_column vc_column_container vc_col-sm-6\">\n<div class=\"vc_column-inner\">\n<div class=\"wpb_wrapper\">\n<div class=\"wpb_video_widget wpb_content_element vc_clearfix vc_video-aspect-ratio-169 vc_video-el-width-100 vc_video-align-left\">\n<div class=\"wpb_wrapper\">\n<h2 class=\"wpb_heading wpb_video_heading\">Instruction<\/h2>\n<div class=\"wpb_video_wrapper\"><iframe allow=\"accelerometer; autoplay; clipboard-write; encrypted-media; gyroscope; picture-in-picture; web-share\" allowfullscreen=\"\" frameborder=\"0\" height=\"267\" referrerpolicy=\"strict-origin-when-cross-origin\" src=\"https:\/\/www.youtube.com\/embed\/wE1YsLtu44w?feature=oembed\" title=\"Fast connector\" width=\"474\"><\/iframe><\/div>\n<\/div>\n<\/div>\n<\/div>\n<\/div>\n<\/div>\n<div class=\"wpb_column vc_column_container vc_col-sm-6\">\n<div class=\"vc_column-inner\">\n<div class=\"wpb_wrapper\">\n<\/div>\n<\/div>\n<\/div>\n<\/div>\n<div class=\"wpb_text_column wpb_content_element\">\n<div class=\"wpb_wrapper\">\n<p style=\"text-align: left;\">Related Tools<\/p>\n<\/div>\n<\/div>\n<div class=\"vc_row wpb_row vc_inner vc_row-fluid\">\n<div class=\"wpb_column vc_column_container vc_col-sm-3\">\n<div class=\"vc_column-inner\">\n<div class=\"wpb_wrapper\">\n<div class=\"wpb_single_image wpb_content_element vc_align_center\">\n<figure class=\"wpb_wrapper vc_figure\">\n<div class=\"vc_single_image-wrapper vc_box_border_grey\"><img fetchpriority=\"high\" alt=\"Fiber cleaver\" class=\"vc_single_image-img attachment-medium\" decoding=\"async\" height=\"225\" sizes=\"(max-width: 300px) 100vw, 300px\" src=\"http:\/\/www.niusheng.globaldeepsea.site\/wp-content\/uploads\/2025\/03\/dda211d59bc291da92167554d0370d99.jpg\" srcset=\"https:\/\/niusheng.gg13.globaldeepsea.site\/wp-content\/uploads\/2015\/10\/Fiber-cleaver3-300x225.jpg 300w, https:\/\/niusheng.gg13.globaldeepsea.site\/wp-content\/uploads\/2015\/10\/Fiber-cleaver3.jpg 800w\" width=\"300\"\/><\/div>\n<\/figure>\n<\/div>\n<div class=\"wpb_text_column wpb_content_element\">\n<div class=\"wpb_wrapper\">\n<p style=\"text-align: center;\">Fiber cleaver<\/p>\n<\/div>\n<\/div>\n<\/div>\n<\/div>\n<\/div>\n<div class=\"wpb_column vc_column_container vc_col-sm-3\">\n<div class=\"vc_column-inner\">\n<div class=\"wpb_wrapper\">\n<div class=\"wpb_single_image wpb_content_element vc_align_center\">\n<figure class=\"wpb_wrapper vc_figure\">\n<div class=\"vc_single_image-wrapper vc_box_border_grey\"><img alt=\"Drop cable stripper\" class=\"vc_single_image-img attachment-medium\" decoding=\"async\" height=\"225\" sizes=\"(max-width: 300px) 100vw, 300px\" src=\"http:\/\/www.niusheng.globaldeepsea.site\/wp-content\/uploads\/2025\/03\/206acde5c1142d962945efd7334ef95c.jpg\" srcset=\"https:\/\/niusheng.gg13.globaldeepsea.site\/wp-content\/uploads\/2015\/10\/Drop-cable-stripper-300x225.jpg 300w, https:\/\/niusheng.gg13.globaldeepsea.site\/wp-content\/uploads\/2015\/10\/Drop-cable-stripper.jpg 800w\" width=\"300\"\/><\/div>\n<\/figure>\n<\/div>\n<div class=\"wpb_text_column wpb_content_element\">\n<div class=\"wpb_wrapper\">\n<p style=\"text-align: center;\">Drop Cable Stripper<\/p>\n<\/div>\n<\/div>\n<\/div>\n<\/div>\n<\/div>\n<div class=\"wpb_column vc_column_container vc_col-sm-3\">\n<div class=\"vc_column-inner\">\n<div class=\"wpb_wrapper\">\n<div class=\"wpb_single_image wpb_content_element vc_align_center\">\n<figure class=\"wpb_wrapper vc_figure\">\n<div class=\"vc_single_image-wrapper vc_box_border_grey\"><img loading=\"lazy\" alt=\"Miller stripper (2)\" class=\"vc_single_image-img attachment-medium\" decoding=\"async\" height=\"225\" sizes=\"auto, (max-width: 300px) 100vw, 300px\" src=\"http:\/\/www.niusheng.globaldeepsea.site\/wp-content\/uploads\/2025\/03\/1f0126ae9214e37f04a71e3d040d6872.jpg\" srcset=\"https:\/\/niusheng.gg13.globaldeepsea.site\/wp-content\/uploads\/2015\/10\/Miller-stripper-2-300x225.jpg 300w, https:\/\/niusheng.gg13.globaldeepsea.site\/wp-content\/uploads\/2015\/10\/Miller-stripper-2.jpg 694w\" width=\"300\"\/><\/div>\n<\/figure>\n<\/div>\n<div class=\"wpb_text_column wpb_content_element\">\n<div class=\"wpb_wrapper\">\n<p style=\"text-align: center;\">Miller Stripper<\/p>\n<\/div>\n<\/div>\n<\/div>\n<\/div>\n<\/div>\n<div class=\"wpb_column vc_column_container vc_col-sm-3\">\n<div class=\"vc_column-inner\">\n<div class=\"wpb_wrapper\">\n<div class=\"wpb_single_image wpb_content_element vc_align_center\">\n<figure class=\"wpb_wrapper vc_figure\">\n<div class=\"vc_single_image-wrapper vc_box_border_grey\"><img loading=\"lazy\" alt=\"Tool\" class=\"vc_single_image-img attachment-medium\" decoding=\"async\" height=\"225\" sizes=\"auto, (max-width: 300px) 100vw, 300px\" src=\"http:\/\/www.niusheng.globaldeepsea.site\/wp-content\/uploads\/2025\/03\/6f98b247d567f5c17e5c87c75c8d6d17.jpg\" srcset=\"https:\/\/niusheng.gg13.globaldeepsea.site\/wp-content\/uploads\/2015\/10\/Tool2-300x225.jpg 300w, https:\/\/niusheng.gg13.globaldeepsea.site\/wp-content\/uploads\/2015\/10\/Tool2.jpg 800w\" width=\"300\"\/><\/div>\n<\/figure>\n<\/div>\n<div class=\"wpb_text_column wpb_content_element\">\n<div class=\"wpb_wrapper\">\n<p style=\"text-align: center;\">Guide Rail<\/p>\n<\/div>\n<\/div>\n<\/div>\n<\/div>\n<\/div>\n<\/div>\n<\/div>\n<\/div>\n<\/div>\n<\/div>\n<\/div>","protected":false},"excerpt":{"rendered":"<p>[tribulant_slideshow gallery_id=\"4\u2032] conector r\u00e1pido FC Manual de descarga Instrucciones FC Pre-Polished Ferrule Field Assembly Connector \u2013 Fast Connector El conector r\u00e1pido FC cuenta con un ferrulo pre-pulido que se combina con la fibra que se termina por alineaci\u00f3n mec\u00e1nica de precisi\u00f3n, asegurando una baja p\u00e9rdida con un gel propietario. Este conector r\u00e1pido ofrece comodidad en el montaje y estabilidad fuerte. Permite [...]<\/p>","protected":false},"featured_media":3272,"comment_status":"open","ping_status":"closed","template":"","meta":[],"product_brand":[],"product_cat":[68],"product_tag":[],"class_list":{"0":"post-3327","1":"product","2":"type-product","3":"status-publish","4":"has-post-thumbnail","6":"product_cat-fiber-optic-fast-connector","8":"first","9":"instock","10":"shipping-taxable","11":"product-type-simple"},"_links":{"self":[{"href":"https:\/\/www.newsunn.com\/es\/wp-json\/wp\/v2\/product\/3327","targetHints":{"allow":["GET"]}}],"collection":[{"href":"https:\/\/www.newsunn.com\/es\/wp-json\/wp\/v2\/product"}],"about":[{"href":"https:\/\/www.newsunn.com\/es\/wp-json\/wp\/v2\/types\/product"}],"replies":[{"embeddable":true,"href":"https:\/\/www.newsunn.com\/es\/wp-json\/wp\/v2\/comments?post=3327"}],"version-history":[{"count":0,"href":"https:\/\/www.newsunn.com\/es\/wp-json\/wp\/v2\/product\/3327\/revisions"}],"wp:featuredmedia":[{"embeddable":true,"href":"https:\/\/www.newsunn.com\/es\/wp-json\/wp\/v2\/media\/3272"}],"wp:attachment":[{"href":"https:\/\/www.newsunn.com\/es\/wp-json\/wp\/v2\/media?parent=3327"}],"wp:term":[{"taxonomy":"product_brand","embeddable":true,"href":"https:\/\/www.newsunn.com\/es\/wp-json\/wp\/v2\/product_brand?post=3327"},{"taxonomy":"product_cat","embeddable":true,"href":"https:\/\/www.newsunn.com\/es\/wp-json\/wp\/v2\/product_cat?post=3327"},{"taxonomy":"product_tag","embeddable":true,"href":"https:\/\/www.newsunn.com\/es\/wp-json\/wp\/v2\/product_tag?post=3327"}],"curies":[{"name":"wp","href":"https:\/\/api.w.org\/{rel}","templated":true}]}}