{"id":3790,"date":"2025-03-10T11:16:27","date_gmt":"2025-03-10T03:16:27","guid":{"rendered":"http:\/\/www.niusheng.globaldeepsea.site\/?page_id=3790"},"modified":"2025-03-11T11:22:23","modified_gmt":"2025-03-11T03:22:23","slug":"production-workshop","status":"publish","type":"page","link":"https:\/\/www.newsunn.com\/es\/production-workshop\/","title":{"rendered":"Taller de producci\u00f3n"},"content":{"rendered":"<div data-elementor-type=\"wp-page\" data-elementor-id=\"3790\" class=\"elementor elementor-3790\" data-elementor-post-type=\"page\">\n\t\t\t\t<div class=\"elementor-element elementor-element-88f66bf e-flex e-con-boxed e-con e-parent\" data-id=\"88f66bf\" data-element_type=\"container\" data-settings=\"{&quot;background_background&quot;:&quot;classic&quot;}\">\n\t\t\t\t\t<div class=\"e-con-inner\">\n\t\t\t\t<div class=\"elementor-element elementor-element-8d96b17 elementor-widget elementor-widget-heading\" data-id=\"8d96b17\" data-element_type=\"widget\" data-widget_type=\"heading.default\">\n\t\t\t\t<div class=\"elementor-widget-container\">\n\t\t\t\t\t<h1 class=\"elementor-heading-title elementor-size-default\">Taller de producci\u00f3n<\/h1>\t\t\t\t<\/div>\n\t\t\t\t<\/div>\n\t\t\t\t\t<\/div>\n\t\t\t\t<\/div>\n\t\t<div class=\"elementor-element elementor-element-22df893 e-flex e-con-boxed e-con e-parent\" data-id=\"22df893\" data-element_type=\"container\">\n\t\t\t\t\t<div class=\"e-con-inner\">\n\t\t\t\t<div class=\"elementor-element elementor-element-6747490 elementor-widget elementor-widget-heading\" data-id=\"6747490\" data-element_type=\"widget\" data-widget_type=\"heading.default\">\n\t\t\t\t<div class=\"elementor-widget-container\">\n\t\t\t\t\t<h2 class=\"elementor-heading-title elementor-size-default\">More About Our fiber optic connector Production Workshop\n<\/h2>\t\t\t\t<\/div>\n\t\t\t\t<\/div>\n\t\t\t\t<div class=\"elementor-element elementor-element-941d09a elementor-widget elementor-widget-text-editor\" data-id=\"941d09a\" data-element_type=\"widget\" data-widget_type=\"text-editor.default\">\n\t\t\t\t<div class=\"elementor-widget-container\">\n\t\t\t\t\t\t\t\t\t<p>With more than 10 years of experiences in the fiber optic industry, the continuous growth in business volume and scope, we have successively invested in several professional factories in order to strengthen the partnership. At this moment, the fiber assembly factory is fully equipped over 1000 square meters and more than four production lines. About 65 well-trained staff and engineers are contributing to our proud products. And the fiber optic cable factory can produce most types of indoor and outdoor cable with competitive price and fast delivery. Meanwhile, we also have dedicated workshops with plastic injection machine, Computer Numerical Control (CNC) and related equipment for plastic and metal fiber distribution boxes. Most important of all, we have expert engineers in the design and production to guarantee our R&amp;D and OEM process.<\/p>\t\t\t\t\t\t\t\t<\/div>\n\t\t\t\t<\/div>\n\t\t\t\t\t<\/div>\n\t\t\t\t<\/div>\n\t\t<div class=\"elementor-element elementor-element-89be0bb e-flex e-con-boxed e-con e-parent\" data-id=\"89be0bb\" data-element_type=\"container\" data-settings=\"{&quot;background_background&quot;:&quot;classic&quot;}\">\n\t\t\t\t\t<div class=\"e-con-inner\">\n\t\t<div class=\"elementor-element elementor-element-5160aa9 e-con-full e-flex e-con e-child\" data-id=\"5160aa9\" data-element_type=\"container\">\n\t\t\t\t<div class=\"elementor-element elementor-element-97acdb9 elementor-widget elementor-widget-heading\" data-id=\"97acdb9\" data-element_type=\"widget\" data-widget_type=\"heading.default\">\n\t\t\t\t<div class=\"elementor-widget-container\">\n\t\t\t\t\t<h3 class=\"elementor-heading-title elementor-size-default\">Assembly Line<\/h3>\t\t\t\t<\/div>\n\t\t\t\t<\/div>\n\t\t\t\t<div class=\"elementor-element elementor-element-2d17a5d elementor-widget-divider--view-line elementor-widget elementor-widget-divider\" data-id=\"2d17a5d\" data-element_type=\"widget\" data-widget_type=\"divider.default\">\n\t\t\t\t<div class=\"elementor-widget-container\">\n\t\t\t\t\t\t\t<div class=\"elementor-divider\">\n\t\t\t<span class=\"elementor-divider-separator\">\n\t\t\t\t\t\t<\/span>\n\t\t<\/div>\n\t\t\t\t\t\t<\/div>\n\t\t\t\t<\/div>\n\t\t<div class=\"elementor-element elementor-element-47f4a5f e-con-full e-flex e-con e-child\" data-id=\"47f4a5f\" data-element_type=\"container\">\n\t\t<div class=\"elementor-element elementor-element-d70a2b9 e-grid e-con-full e-con e-child\" data-id=\"d70a2b9\" data-element_type=\"container\">\n\t\t\t\t<div class=\"elementor-element elementor-element-851a8c3 elementor-widget elementor-widget-image\" data-id=\"851a8c3\" data-element_type=\"widget\" data-widget_type=\"image.default\">\n\t\t\t\t<div class=\"elementor-widget-container\">\n\t\t\t\t\t\t\t\t\t\t\t\t\t\t\t<img fetchpriority=\"high\" decoding=\"async\" width=\"472\" height=\"341\" src=\"https:\/\/www.newsunn.com\/wp-content\/uploads\/2025\/03\/assemble-1.jpg\" class=\"attachment-large size-large wp-image-4068\" alt=\"\" srcset=\"https:\/\/www.newsunn.com\/wp-content\/uploads\/2025\/03\/assemble-1.jpg 472w, https:\/\/www.newsunn.com\/wp-content\/uploads\/2025\/03\/assemble-1-300x217.jpg 300w\" sizes=\"(max-width: 472px) 100vw, 472px\" \/>\t\t\t\t\t\t\t\t\t\t\t\t\t\t\t<\/div>\n\t\t\t\t<\/div>\n\t\t\t\t<div class=\"elementor-element elementor-element-62b1946 elementor-widget elementor-widget-image\" data-id=\"62b1946\" data-element_type=\"widget\" data-widget_type=\"image.default\">\n\t\t\t\t<div class=\"elementor-widget-container\">\n\t\t\t\t\t\t\t\t\t\t\t\t\t\t\t<img decoding=\"async\" width=\"472\" height=\"329\" src=\"https:\/\/www.newsunn.com\/wp-content\/uploads\/2025\/03\/assemble-31.jpg\" class=\"attachment-large size-large wp-image-4070\" alt=\"\" srcset=\"https:\/\/www.newsunn.com\/wp-content\/uploads\/2025\/03\/assemble-31.jpg 472w, https:\/\/www.newsunn.com\/wp-content\/uploads\/2025\/03\/assemble-31-300x209.jpg 300w\" sizes=\"(max-width: 472px) 100vw, 472px\" \/>\t\t\t\t\t\t\t\t\t\t\t\t\t\t\t<\/div>\n\t\t\t\t<\/div>\n\t\t\t\t<div class=\"elementor-element elementor-element-5016b96 elementor-widget elementor-widget-image\" data-id=\"5016b96\" data-element_type=\"widget\" data-widget_type=\"image.default\">\n\t\t\t\t<div class=\"elementor-widget-container\">\n\t\t\t\t\t\t\t\t\t\t\t\t\t\t\t<img decoding=\"async\" width=\"472\" height=\"329\" src=\"https:\/\/www.newsunn.com\/wp-content\/uploads\/2025\/03\/assemble-21.jpg\" class=\"attachment-large size-large wp-image-4069\" alt=\"\" srcset=\"https:\/\/www.newsunn.com\/wp-content\/uploads\/2025\/03\/assemble-21.jpg 472w, https:\/\/www.newsunn.com\/wp-content\/uploads\/2025\/03\/assemble-21-300x209.jpg 300w\" sizes=\"(max-width: 472px) 100vw, 472px\" \/>\t\t\t\t\t\t\t\t\t\t\t\t\t\t\t<\/div>\n\t\t\t\t<\/div>\n\t\t\t\t<\/div>\n\t\t\t\t<\/div>\n\t\t\t\t<\/div>\n\t\t<div class=\"elementor-element elementor-element-5fc4a15 e-con-full e-flex e-con e-child\" data-id=\"5fc4a15\" data-element_type=\"container\">\n\t\t\t\t<div class=\"elementor-element elementor-element-89b87cc elementor-widget elementor-widget-heading\" data-id=\"89b87cc\" data-element_type=\"widget\" data-widget_type=\"heading.default\">\n\t\t\t\t<div class=\"elementor-widget-container\">\n\t\t\t\t\t<h3 class=\"elementor-heading-title elementor-size-default\">Component Workshop<\/h3>\t\t\t\t<\/div>\n\t\t\t\t<\/div>\n\t\t\t\t<div class=\"elementor-element elementor-element-dfd94c1 elementor-widget-divider--view-line elementor-widget elementor-widget-divider\" data-id=\"dfd94c1\" data-element_type=\"widget\" data-widget_type=\"divider.default\">\n\t\t\t\t<div class=\"elementor-widget-container\">\n\t\t\t\t\t\t\t<div class=\"elementor-divider\">\n\t\t\t<span class=\"elementor-divider-separator\">\n\t\t\t\t\t\t<\/span>\n\t\t<\/div>\n\t\t\t\t\t\t<\/div>\n\t\t\t\t<\/div>\n\t\t<div class=\"elementor-element elementor-element-b53eb5c e-con-full e-flex e-con e-child\" data-id=\"b53eb5c\" data-element_type=\"container\">\n\t\t<div class=\"elementor-element elementor-element-5c01ec6 e-grid e-con-full e-con e-child\" data-id=\"5c01ec6\" data-element_type=\"container\">\n\t\t\t\t<div class=\"elementor-element elementor-element-b9c9d6a elementor-widget elementor-widget-image\" data-id=\"b9c9d6a\" data-element_type=\"widget\" data-widget_type=\"image.default\">\n\t\t\t\t<div class=\"elementor-widget-container\">\n\t\t\t\t\t\t\t\t\t\t\t\t\t\t\t<img loading=\"lazy\" decoding=\"async\" width=\"800\" height=\"449\" src=\"https:\/\/www.newsunn.com\/wp-content\/uploads\/2025\/03\/Component-workshop-11-1024x575.jpg\" class=\"attachment-large size-large wp-image-4072\" alt=\"\" srcset=\"https:\/\/www.newsunn.com\/wp-content\/uploads\/2025\/03\/Component-workshop-11-1024x575.jpg 1024w, https:\/\/www.newsunn.com\/wp-content\/uploads\/2025\/03\/Component-workshop-11-300x169.jpg 300w, https:\/\/www.newsunn.com\/wp-content\/uploads\/2025\/03\/Component-workshop-11-768x431.jpg 768w, https:\/\/www.newsunn.com\/wp-content\/uploads\/2025\/03\/Component-workshop-11-600x337.jpg 600w, https:\/\/www.newsunn.com\/wp-content\/uploads\/2025\/03\/Component-workshop-11.jpg 1280w\" sizes=\"(max-width: 800px) 100vw, 800px\" \/>\t\t\t\t\t\t\t\t\t\t\t\t\t\t\t<\/div>\n\t\t\t\t<\/div>\n\t\t\t\t<div class=\"elementor-element elementor-element-f059e82 elementor-widget elementor-widget-image\" data-id=\"f059e82\" data-element_type=\"widget\" data-widget_type=\"image.default\">\n\t\t\t\t<div class=\"elementor-widget-container\">\n\t\t\t\t\t\t\t\t\t\t\t\t\t\t\t<img loading=\"lazy\" decoding=\"async\" width=\"800\" height=\"449\" src=\"https:\/\/www.newsunn.com\/wp-content\/uploads\/2025\/03\/Component-workshop-2-1024x575.jpg\" class=\"attachment-large size-large wp-image-4071\" alt=\"\" srcset=\"https:\/\/www.newsunn.com\/wp-content\/uploads\/2025\/03\/Component-workshop-2-1024x575.jpg 1024w, https:\/\/www.newsunn.com\/wp-content\/uploads\/2025\/03\/Component-workshop-2-300x169.jpg 300w, https:\/\/www.newsunn.com\/wp-content\/uploads\/2025\/03\/Component-workshop-2-768x431.jpg 768w, https:\/\/www.newsunn.com\/wp-content\/uploads\/2025\/03\/Component-workshop-2-600x337.jpg 600w, https:\/\/www.newsunn.com\/wp-content\/uploads\/2025\/03\/Component-workshop-2.jpg 1280w\" sizes=\"(max-width: 800px) 100vw, 800px\" \/>\t\t\t\t\t\t\t\t\t\t\t\t\t\t\t<\/div>\n\t\t\t\t<\/div>\n\t\t\t\t<\/div>\n\t\t\t\t<\/div>\n\t\t\t\t<\/div>\n\t\t<div class=\"elementor-element elementor-element-54b09f7 e-con-full e-flex e-con e-child\" data-id=\"54b09f7\" data-element_type=\"container\">\n\t\t\t\t<div class=\"elementor-element elementor-element-2628b99 elementor-widget elementor-widget-heading\" data-id=\"2628b99\" data-element_type=\"widget\" data-widget_type=\"heading.default\">\n\t\t\t\t<div class=\"elementor-widget-container\">\n\t\t\t\t\t<h3 class=\"elementor-heading-title elementor-size-default\">Test Equipment\n<\/h3>\t\t\t\t<\/div>\n\t\t\t\t<\/div>\n\t\t\t\t<div class=\"elementor-element elementor-element-4991207 elementor-widget-divider--view-line elementor-widget elementor-widget-divider\" data-id=\"4991207\" data-element_type=\"widget\" data-widget_type=\"divider.default\">\n\t\t\t\t<div class=\"elementor-widget-container\">\n\t\t\t\t\t\t\t<div class=\"elementor-divider\">\n\t\t\t<span class=\"elementor-divider-separator\">\n\t\t\t\t\t\t<\/span>\n\t\t<\/div>\n\t\t\t\t\t\t<\/div>\n\t\t\t\t<\/div>\n\t\t<div class=\"elementor-element elementor-element-f9e0d72 e-con-full e-flex e-con e-child\" data-id=\"f9e0d72\" data-element_type=\"container\">\n\t\t<div class=\"elementor-element elementor-element-8298246 e-grid e-con-full e-con e-child\" data-id=\"8298246\" data-element_type=\"container\">\n\t\t\t\t<div class=\"elementor-element elementor-element-ff394d0 elementor-widget elementor-widget-image\" data-id=\"ff394d0\" data-element_type=\"widget\" data-widget_type=\"image.default\">\n\t\t\t\t<div class=\"elementor-widget-container\">\n\t\t\t\t\t\t\t\t\t\t\t\t\t\t\t<img loading=\"lazy\" decoding=\"async\" width=\"472\" height=\"361\" src=\"https:\/\/www.newsunn.com\/wp-content\/uploads\/2025\/03\/test-11.jpg\" class=\"attachment-large size-large wp-image-4073\" alt=\"\" srcset=\"https:\/\/www.newsunn.com\/wp-content\/uploads\/2025\/03\/test-11.jpg 472w, https:\/\/www.newsunn.com\/wp-content\/uploads\/2025\/03\/test-11-300x229.jpg 300w\" sizes=\"(max-width: 472px) 100vw, 472px\" \/>\t\t\t\t\t\t\t\t\t\t\t\t\t\t\t<\/div>\n\t\t\t\t<\/div>\n\t\t\t\t<div class=\"elementor-element elementor-element-58fc164 elementor-widget elementor-widget-image\" data-id=\"58fc164\" data-element_type=\"widget\" data-widget_type=\"image.default\">\n\t\t\t\t<div class=\"elementor-widget-container\">\n\t\t\t\t\t\t\t\t\t\t\t\t\t\t\t<img loading=\"lazy\" decoding=\"async\" width=\"472\" height=\"361\" src=\"https:\/\/www.newsunn.com\/wp-content\/uploads\/2025\/03\/test-2.jpg\" class=\"attachment-large size-large wp-image-4074\" alt=\"\" srcset=\"https:\/\/www.newsunn.com\/wp-content\/uploads\/2025\/03\/test-2.jpg 472w, https:\/\/www.newsunn.com\/wp-content\/uploads\/2025\/03\/test-2-300x229.jpg 300w\" sizes=\"(max-width: 472px) 100vw, 472px\" \/>\t\t\t\t\t\t\t\t\t\t\t\t\t\t\t<\/div>\n\t\t\t\t<\/div>\n\t\t\t\t<\/div>\n\t\t\t\t<\/div>\n\t\t\t\t<\/div>\n\t\t\t\t\t<\/div>\n\t\t\t\t<\/div>\n\t\t<div class=\"elementor-element elementor-element-72dc61e e-flex e-con-boxed e-con e-parent\" data-id=\"72dc61e\" data-element_type=\"container\">\n\t\t\t\t\t<div class=\"e-con-inner\">\n\t\t\t\t<div class=\"elementor-element elementor-element-cf5adee elementor-widget elementor-widget-text-editor\" data-id=\"cf5adee\" data-element_type=\"widget\" data-widget_type=\"text-editor.default\">\n\t\t\t\t<div class=\"elementor-widget-container\">\n\t\t\t\t\t\t\t\t\t<p>With passion and innovation, Newsunn has grown to be a global fiber optic connector provider. Based on perfect manufacture, we are offering the most cost-effective product in China. The number of global customers has grown over the years. We have increased our presence in the United States, Germany and are still expanding our branches.<\/p>\t\t\t\t\t\t\t\t<\/div>\n\t\t\t\t<\/div>\n\t\t\t\t\t<\/div>\n\t\t\t\t<\/div>\n\t\t\t\t<\/div>","protected":false},"excerpt":{"rendered":"<p>M\u00e1s sobre Nuestro taller de producci\u00f3n de conectores de fibra \u00f3ptica Con m\u00e1s de 10 a\u00f1os de experiencias en la industria de fibra \u00f3ptica, el crecimiento continuo en volumen y alcance de negocios, hemos invertido sucesivamente en varias f\u00e1bricas profesionales para fortalecer la asociaci\u00f3n. En este momento, la f\u00e1brica de fibra de montaje est\u00e1 totalmente equipada sobre 1000 [...]<\/p>","protected":false},"author":1,"featured_media":0,"parent":0,"menu_order":0,"comment_status":"closed","ping_status":"closed","template":"","meta":{"footnotes":""},"class_list":["post-3790","page","type-page","status-publish","hentry"],"_links":{"self":[{"href":"https:\/\/www.newsunn.com\/es\/wp-json\/wp\/v2\/pages\/3790","targetHints":{"allow":["GET"]}}],"collection":[{"href":"https:\/\/www.newsunn.com\/es\/wp-json\/wp\/v2\/pages"}],"about":[{"href":"https:\/\/www.newsunn.com\/es\/wp-json\/wp\/v2\/types\/page"}],"author":[{"embeddable":true,"href":"https:\/\/www.newsunn.com\/es\/wp-json\/wp\/v2\/users\/1"}],"replies":[{"embeddable":true,"href":"https:\/\/www.newsunn.com\/es\/wp-json\/wp\/v2\/comments?post=3790"}],"version-history":[{"count":25,"href":"https:\/\/www.newsunn.com\/es\/wp-json\/wp\/v2\/pages\/3790\/revisions"}],"predecessor-version":[{"id":4077,"href":"https:\/\/www.newsunn.com\/es\/wp-json\/wp\/v2\/pages\/3790\/revisions\/4077"}],"wp:attachment":[{"href":"https:\/\/www.newsunn.com\/es\/wp-json\/wp\/v2\/media?parent=3790"}],"curies":[{"name":"wp","href":"https:\/\/api.w.org\/{rel}","templated":true}]}}