{"id":3738,"date":"2025-03-10T10:16:55","date_gmt":"2025-03-10T02:16:55","guid":{"rendered":"http:\/\/www.niusheng.globaldeepsea.site\/?page_id=3738"},"modified":"2025-03-12T14:44:22","modified_gmt":"2025-03-12T06:44:22","slug":"why-choose-us","status":"publish","type":"page","link":"https:\/\/www.newsunn.com\/es\/why-choose-us\/","title":{"rendered":"\u00bfPor qu\u00e9 elegir EE.UU"},"content":{"rendered":"<div data-elementor-type=\"wp-page\" data-elementor-id=\"3738\" class=\"elementor elementor-3738\" data-elementor-post-type=\"page\">\n\t\t\t\t<div class=\"elementor-element elementor-element-4407a14 e-flex e-con-boxed e-con e-parent\" data-id=\"4407a14\" data-element_type=\"container\" data-settings=\"{&quot;background_background&quot;:&quot;classic&quot;}\">\n\t\t\t\t\t<div class=\"e-con-inner\">\n\t\t\t\t<div class=\"elementor-element elementor-element-b62fd01 elementor-widget elementor-widget-heading\" data-id=\"b62fd01\" data-element_type=\"widget\" data-widget_type=\"heading.default\">\n\t\t\t\t<div class=\"elementor-widget-container\">\n\t\t\t\t\t<h1 class=\"elementor-heading-title elementor-size-default\">\u00bfPor qu\u00e9 elegir EE.UU<\/h1>\t\t\t\t<\/div>\n\t\t\t\t<\/div>\n\t\t\t\t\t<\/div>\n\t\t\t\t<\/div>\n\t\t<div class=\"elementor-element elementor-element-ab1d202 e-flex e-con-boxed e-con e-parent\" data-id=\"ab1d202\" data-element_type=\"container\">\n\t\t\t\t\t<div class=\"e-con-inner\">\n\t\t<div class=\"elementor-element elementor-element-c6e38da e-con-full e-flex e-con e-child\" data-id=\"c6e38da\" data-element_type=\"container\">\n\t\t\t\t<div class=\"elementor-element elementor-element-2b77722 elementor-position-top elementor-widget elementor-widget-image-box\" data-id=\"2b77722\" data-element_type=\"widget\" data-widget_type=\"image-box.default\">\n\t\t\t\t<div class=\"elementor-widget-container\">\n\t\t\t\t\t<div class=\"elementor-image-box-wrapper\"><figure class=\"elementor-image-box-img\"><img decoding=\"async\" width=\"64\" height=\"64\" src=\"https:\/\/www.newsunn.com\/wp-content\/uploads\/2025\/03\/mu.png\" class=\"attachment-full size-full wp-image-3753\" alt=\"\" \/><\/figure><div class=\"elementor-image-box-content\"><h3 class=\"elementor-image-box-title\">Operaci\u00f3n flexible<\/h3><p class=\"elementor-image-box-description\">Unlike those big companies with strict policy and complicated system, we have a flexible operation in order to be compatible with all types of customers\u2019 business style and to meet different customers\u2019 demand in cooperation details.<\/p><\/div><\/div>\t\t\t\t<\/div>\n\t\t\t\t<\/div>\n\t\t\t\t<div class=\"elementor-element elementor-element-40c165f elementor-widget__width-initial elementor-absolute elementor-widget elementor-widget-image\" data-id=\"40c165f\" data-element_type=\"widget\" data-settings=\"{&quot;_position&quot;:&quot;absolute&quot;}\" data-widget_type=\"image.default\">\n\t\t\t\t<div class=\"elementor-widget-container\">\n\t\t\t\t\t\t\t\t\t\t\t\t\t\t\t<img decoding=\"async\" width=\"64\" height=\"64\" src=\"https:\/\/www.newsunn.com\/wp-content\/uploads\/2025\/03\/mu.png\" class=\"attachment-large size-large wp-image-3753\" alt=\"\" \/>\t\t\t\t\t\t\t\t\t\t\t\t\t\t\t<\/div>\n\t\t\t\t<\/div>\n\t\t\t\t<\/div>\n\t\t<div class=\"elementor-element elementor-element-80f0918 e-con-full e-flex e-con e-child\" data-id=\"80f0918\" data-element_type=\"container\">\n\t\t\t\t<div class=\"elementor-element elementor-element-d2975da elementor-position-top elementor-widget elementor-widget-image-box\" data-id=\"d2975da\" data-element_type=\"widget\" data-widget_type=\"image-box.default\">\n\t\t\t\t<div class=\"elementor-widget-container\">\n\t\t\t\t\t<div class=\"elementor-image-box-wrapper\"><figure class=\"elementor-image-box-img\"><img decoding=\"async\" width=\"64\" height=\"64\" src=\"https:\/\/www.newsunn.com\/wp-content\/uploads\/2025\/03\/help2-1.png\" class=\"attachment-full size-full wp-image-4096\" alt=\"\" \/><\/figure><div class=\"elementor-image-box-content\"><h3 class=\"elementor-image-box-title\">Professional international Sale Experience<\/h3><p class=\"elementor-image-box-description\">Our sales team have more than 8 years\u2019 experience in international trade and have Zero obstacles in communication with customers from all over the world. We are familiar with trade terms, shipping and payment process, and customs and habits in most countries. You will feel easy and comfortable to deal with us.<\/p><\/div><\/div>\t\t\t\t<\/div>\n\t\t\t\t<\/div>\n\t\t\t\t<div class=\"elementor-element elementor-element-8d7c61b elementor-widget__width-initial elementor-absolute elementor-widget elementor-widget-image\" data-id=\"8d7c61b\" data-element_type=\"widget\" data-settings=\"{&quot;_position&quot;:&quot;absolute&quot;}\" data-widget_type=\"image.default\">\n\t\t\t\t<div class=\"elementor-widget-container\">\n\t\t\t\t\t\t\t\t\t\t\t\t\t\t\t<img loading=\"lazy\" decoding=\"async\" width=\"64\" height=\"64\" src=\"https:\/\/www.newsunn.com\/wp-content\/uploads\/2025\/03\/help2-1.png\" class=\"attachment-large size-large wp-image-4096\" alt=\"\" \/>\t\t\t\t\t\t\t\t\t\t\t\t\t\t\t<\/div>\n\t\t\t\t<\/div>\n\t\t\t\t<\/div>\n\t\t<div class=\"elementor-element elementor-element-84f463a e-con-full e-flex e-con e-child\" data-id=\"84f463a\" data-element_type=\"container\">\n\t\t\t\t<div class=\"elementor-element elementor-element-762c39e elementor-position-top elementor-widget elementor-widget-image-box\" data-id=\"762c39e\" data-element_type=\"widget\" data-widget_type=\"image-box.default\">\n\t\t\t\t<div class=\"elementor-widget-container\">\n\t\t\t\t\t<div class=\"elementor-image-box-wrapper\"><figure class=\"elementor-image-box-img\"><img loading=\"lazy\" decoding=\"async\" width=\"64\" height=\"64\" src=\"https:\/\/www.newsunn.com\/wp-content\/uploads\/2025\/03\/light.png\" class=\"attachment-full size-full wp-image-4097\" alt=\"\" \/><\/figure><div class=\"elementor-image-box-content\"><h3 class=\"elementor-image-box-title\">Asociaci\u00f3n fiable<\/h3><p class=\"elementor-image-box-description\">No s\u00f3lo le damos una garant\u00eda de calidad, sino que tambi\u00e9n guardan sus secretos de negocio, y protegen su informaci\u00f3n confidencial.<\/p><\/div><\/div>\t\t\t\t<\/div>\n\t\t\t\t<\/div>\n\t\t\t\t<div class=\"elementor-element elementor-element-c30a1a6 elementor-widget__width-initial elementor-absolute elementor-widget elementor-widget-image\" data-id=\"c30a1a6\" data-element_type=\"widget\" data-settings=\"{&quot;_position&quot;:&quot;absolute&quot;}\" data-widget_type=\"image.default\">\n\t\t\t\t<div class=\"elementor-widget-container\">\n\t\t\t\t\t\t\t\t\t\t\t\t\t\t\t<img loading=\"lazy\" decoding=\"async\" width=\"64\" height=\"64\" src=\"https:\/\/www.newsunn.com\/wp-content\/uploads\/2025\/03\/light.png\" class=\"attachment-large size-large wp-image-4097\" alt=\"\" \/>\t\t\t\t\t\t\t\t\t\t\t\t\t\t\t<\/div>\n\t\t\t\t<\/div>\n\t\t\t\t<\/div>\n\t\t\t\t\t<\/div>\n\t\t\t\t<\/div>\n\t\t<div class=\"elementor-element elementor-element-853af1d e-con-full e-flex e-con e-parent\" data-id=\"853af1d\" data-element_type=\"container\">\n\t\t<div class=\"elementor-element elementor-element-b48aed6 e-con-full e-flex e-con e-child\" data-id=\"b48aed6\" data-element_type=\"container\" data-settings=\"{&quot;background_background&quot;:&quot;classic&quot;}\">\n\t\t\t\t<div class=\"elementor-element elementor-element-41ece5a elementor-align-center elementor-widget elementor-widget-button\" data-id=\"41ece5a\" data-element_type=\"widget\" data-widget_type=\"button.default\">\n\t\t\t\t<div class=\"elementor-widget-container\">\n\t\t\t\t\t\t\t\t\t<div class=\"elementor-button-wrapper\">\n\t\t\t\t\t<a class=\"elementor-button elementor-button-link elementor-size-sm\" href=\"\/es\/contacto\/\">\n\t\t\t\t\t\t<span class=\"elementor-button-content-wrapper\">\n\t\t\t\t\t\t\t\t\t<span class=\"elementor-button-text\">contact us<\/span>\n\t\t\t\t\t<\/span>\n\t\t\t\t\t<\/a>\n\t\t\t\t<\/div>\n\t\t\t\t\t\t\t\t<\/div>\n\t\t\t\t<\/div>\n\t\t\t\t<\/div>\n\t\t<div class=\"elementor-element elementor-element-134b0c5 e-con-full e-flex e-con e-child\" data-id=\"134b0c5\" data-element_type=\"container\">\n\t\t<div class=\"elementor-element elementor-element-a49e4ce e-con-full e-flex e-con e-child\" data-id=\"a49e4ce\" data-element_type=\"container\">\n\t\t\t\t<div class=\"elementor-element elementor-element-b309a40 elementor-widget elementor-widget-heading\" data-id=\"b309a40\" data-element_type=\"widget\" data-widget_type=\"heading.default\">\n\t\t\t\t<div class=\"elementor-widget-container\">\n\t\t\t\t\t<h2 class=\"elementor-heading-title elementor-size-default\">\u2663 One Stop Store for Fiber Optic Solution and Network Accessory<\/h2>\t\t\t\t<\/div>\n\t\t\t\t<\/div>\n\t\t\t\t<div class=\"elementor-element elementor-element-608db54 elementor-widget elementor-widget-text-editor\" data-id=\"608db54\" data-element_type=\"widget\" data-widget_type=\"text-editor.default\">\n\t\t\t\t<div class=\"elementor-widget-container\">\n\t\t\t\t\t\t\t\t\t<p>As a leading fiber optic network manufacturer, NEWSUNN has a proven process to provide customers with a comprehensive production solution for fiber optic terminals and fiber optic connectors. Make products reliable, scalable and adaptable to a variety of application scenarios. Make data transfer faster, more accurate, and take less time to maintain, repair, or install.<\/p>\t\t\t\t\t\t\t\t<\/div>\n\t\t\t\t<\/div>\n\t\t\t\t<\/div>\n\t\t\t\t<\/div>\n\t\t\t\t<\/div>\n\t\t<div class=\"elementor-element elementor-element-f1daefe e-con-full e-flex e-con e-parent\" data-id=\"f1daefe\" data-element_type=\"container\">\n\t\t<div class=\"elementor-element elementor-element-5d49b2a e-con-full e-flex e-con e-child\" data-id=\"5d49b2a\" data-element_type=\"container\">\n\t\t<div class=\"elementor-element elementor-element-9fe6807 e-con-full e-flex e-con e-child\" data-id=\"9fe6807\" data-element_type=\"container\">\n\t\t\t\t<div class=\"elementor-element elementor-element-02f90f8 elementor-widget elementor-widget-heading\" data-id=\"02f90f8\" data-element_type=\"widget\" data-widget_type=\"heading.default\">\n\t\t\t\t<div class=\"elementor-widget-container\">\n\t\t\t\t\t<h2 class=\"elementor-heading-title elementor-size-default\">\u2663 Big Save for Your Purchase Cost<\/h2>\t\t\t\t<\/div>\n\t\t\t\t<\/div>\n\t\t\t\t<div class=\"elementor-element elementor-element-53fa919 elementor-widget elementor-widget-text-editor\" data-id=\"53fa919\" data-element_type=\"widget\" data-widget_type=\"text-editor.default\">\n\t\t\t\t<div class=\"elementor-widget-container\">\n\t\t\t\t\t\t\t\t\t<p>In the fiber manufacturing solution, we guarantee you the best price\/performance ratio for the product order because:<\/p><p>1.Professional fiber optic manufacturers have extensive fiber production experience and expertise, and the ability to mass produce. This is also the standard for us to choose a supplier. It guarantees a very competitive price for core products.<\/p><p>2.When you order our various fiber optic products, we can help you save on transportation and payment related expenses.<\/p><p>3.Our fiber optic product solutions optimize the trading process. You only need to communicate with us in the pre-sale, mid-term sales or after-sales process, which can save you a lot of time and effort.<\/p>\t\t\t\t\t\t\t\t<\/div>\n\t\t\t\t<\/div>\n\t\t\t\t<\/div>\n\t\t\t\t<\/div>\n\t\t<div class=\"elementor-element elementor-element-f65cf13 e-con-full e-flex e-con e-child\" data-id=\"f65cf13\" data-element_type=\"container\" data-settings=\"{&quot;background_background&quot;:&quot;classic&quot;}\">\n\t\t\t\t<div class=\"elementor-element elementor-element-fb3653f elementor-align-center elementor-widget elementor-widget-button\" data-id=\"fb3653f\" data-element_type=\"widget\" data-widget_type=\"button.default\">\n\t\t\t\t<div class=\"elementor-widget-container\">\n\t\t\t\t\t\t\t\t\t<div class=\"elementor-button-wrapper\">\n\t\t\t\t\t<a class=\"elementor-button elementor-button-link elementor-size-sm\" href=\"\/es\/contacto\/\">\n\t\t\t\t\t\t<span class=\"elementor-button-content-wrapper\">\n\t\t\t\t\t\t\t\t\t<span class=\"elementor-button-text\">contact us<\/span>\n\t\t\t\t\t<\/span>\n\t\t\t\t\t<\/a>\n\t\t\t\t<\/div>\n\t\t\t\t\t\t\t\t<\/div>\n\t\t\t\t<\/div>\n\t\t\t\t<\/div>\n\t\t\t\t<\/div>\n\t\t<div class=\"elementor-element elementor-element-b272671 e-con-full e-flex e-con e-parent\" data-id=\"b272671\" data-element_type=\"container\">\n\t\t<div class=\"elementor-element elementor-element-131e95b e-con-full e-flex e-con e-child\" data-id=\"131e95b\" data-element_type=\"container\" data-settings=\"{&quot;background_background&quot;:&quot;classic&quot;}\">\n\t\t\t\t<div class=\"elementor-element elementor-element-539007e elementor-align-center elementor-widget elementor-widget-button\" data-id=\"539007e\" data-element_type=\"widget\" data-widget_type=\"button.default\">\n\t\t\t\t<div class=\"elementor-widget-container\">\n\t\t\t\t\t\t\t\t\t<div class=\"elementor-button-wrapper\">\n\t\t\t\t\t<a class=\"elementor-button elementor-button-link elementor-size-sm\" href=\"\/es\/contacto\/\">\n\t\t\t\t\t\t<span class=\"elementor-button-content-wrapper\">\n\t\t\t\t\t\t\t\t\t<span class=\"elementor-button-text\">contact us<\/span>\n\t\t\t\t\t<\/span>\n\t\t\t\t\t<\/a>\n\t\t\t\t<\/div>\n\t\t\t\t\t\t\t\t<\/div>\n\t\t\t\t<\/div>\n\t\t\t\t<\/div>\n\t\t<div class=\"elementor-element elementor-element-7ce6be7 e-con-full e-flex e-con e-child\" data-id=\"7ce6be7\" data-element_type=\"container\">\n\t\t<div class=\"elementor-element elementor-element-3f425e2 e-con-full e-flex e-con e-child\" data-id=\"3f425e2\" data-element_type=\"container\">\n\t\t\t\t<div class=\"elementor-element elementor-element-f333976 elementor-widget elementor-widget-heading\" data-id=\"f333976\" data-element_type=\"widget\" data-widget_type=\"heading.default\">\n\t\t\t\t<div class=\"elementor-widget-container\">\n\t\t\t\t\t<h2 class=\"elementor-heading-title elementor-size-default\">\u2663 Prompt Response And Delivery<\/h2>\t\t\t\t<\/div>\n\t\t\t\t<\/div>\n\t\t\t\t<div class=\"elementor-element elementor-element-cdc8aa0 elementor-widget elementor-widget-text-editor\" data-id=\"cdc8aa0\" data-element_type=\"widget\" data-widget_type=\"text-editor.default\">\n\t\t\t\t<div class=\"elementor-widget-container\">\n\t\t\t\t\t\t\t\t\t<p>For online consultation on fiber optic products,we will respond to your general inquiry within 24 hours. In urgent cases, we will pay special attention and try to reply at the earliest time. By online chat, we can give you an instant answer to your question. Our average delivery time is 10 working days. We can also speed up the production on an urgent basis, in order to meet your schedule.<\/p>\t\t\t\t\t\t\t\t<\/div>\n\t\t\t\t<\/div>\n\t\t\t\t<\/div>\n\t\t\t\t<\/div>\n\t\t\t\t<\/div>\n\t\t\t\t<\/div>","protected":false},"excerpt":{"rendered":"<p>Operaci\u00f3n flexible A diferencia de aquellas grandes empresas con estricta pol\u00edtica y sistema complicado, tenemos una operaci\u00f3n flexible para ser compatibles con todo tipo de estilo empresarial de los clientes y satisfacer la demanda de diferentes clientes en detalles de cooperaci\u00f3n. Experiencia profesional de la venta internacional Nuestro equipo de ventas tiene m\u00e1s de 8 a\u00f1os de experiencia en comercio internacional y [...]<\/p>","protected":false},"author":1,"featured_media":0,"parent":0,"menu_order":0,"comment_status":"closed","ping_status":"closed","template":"","meta":{"footnotes":""},"class_list":["post-3738","page","type-page","status-publish","hentry"],"_links":{"self":[{"href":"https:\/\/www.newsunn.com\/es\/wp-json\/wp\/v2\/pages\/3738","targetHints":{"allow":["GET"]}}],"collection":[{"href":"https:\/\/www.newsunn.com\/es\/wp-json\/wp\/v2\/pages"}],"about":[{"href":"https:\/\/www.newsunn.com\/es\/wp-json\/wp\/v2\/types\/page"}],"author":[{"embeddable":true,"href":"https:\/\/www.newsunn.com\/es\/wp-json\/wp\/v2\/users\/1"}],"replies":[{"embeddable":true,"href":"https:\/\/www.newsunn.com\/es\/wp-json\/wp\/v2\/comments?post=3738"}],"version-history":[{"count":52,"href":"https:\/\/www.newsunn.com\/es\/wp-json\/wp\/v2\/pages\/3738\/revisions"}],"predecessor-version":[{"id":4116,"href":"https:\/\/www.newsunn.com\/es\/wp-json\/wp\/v2\/pages\/3738\/revisions\/4116"}],"wp:attachment":[{"href":"https:\/\/www.newsunn.com\/es\/wp-json\/wp\/v2\/media?parent=3738"}],"curies":[{"name":"wp","href":"https:\/\/api.w.org\/{rel}","templated":true}]}}