{"id":3735,"date":"2025-03-10T10:15:27","date_gmt":"2025-03-10T02:15:27","guid":{"rendered":"http:\/\/www.niusheng.globaldeepsea.site\/?page_id=3735"},"modified":"2025-03-11T11:15:45","modified_gmt":"2025-03-11T03:15:45","slug":"sobre-nosotros","status":"publish","type":"page","link":"https:\/\/www.newsunn.com\/es\/sobre-nosotros\/","title":{"rendered":"sobre nosotros"},"content":{"rendered":"<div data-elementor-type=\"wp-page\" data-elementor-id=\"3735\" class=\"elementor elementor-3735\" data-elementor-post-type=\"page\">\n\t\t\t\t<div class=\"elementor-element elementor-element-97a9bf0 e-flex e-con-boxed e-con e-parent\" data-id=\"97a9bf0\" data-element_type=\"container\" data-settings=\"{&quot;background_background&quot;:&quot;classic&quot;}\">\n\t\t\t\t\t<div class=\"e-con-inner\">\n\t\t\t\t<div class=\"elementor-element elementor-element-4aba42e elementor-widget elementor-widget-heading\" data-id=\"4aba42e\" data-element_type=\"widget\" data-widget_type=\"heading.default\">\n\t\t\t\t<div class=\"elementor-widget-container\">\n\t\t\t\t\t<h1 class=\"elementor-heading-title elementor-size-default\">sobre nosotros<\/h1>\t\t\t\t<\/div>\n\t\t\t\t<\/div>\n\t\t\t\t\t<\/div>\n\t\t\t\t<\/div>\n\t\t<div class=\"elementor-element elementor-element-d2e655b e-flex e-con-boxed e-con e-parent\" data-id=\"d2e655b\" data-element_type=\"container\">\n\t\t\t\t\t<div class=\"e-con-inner\">\n\t\t<div class=\"elementor-element elementor-element-a54f486 e-con-full e-flex e-con e-child\" data-id=\"a54f486\" data-element_type=\"container\">\n\t\t\t\t<div class=\"elementor-element elementor-element-e3cf012 elementor-position-top elementor-widget elementor-widget-image-box\" data-id=\"e3cf012\" data-element_type=\"widget\" data-widget_type=\"image-box.default\">\n\t\t\t\t<div class=\"elementor-widget-container\">\n\t\t\t\t\t<div class=\"elementor-image-box-wrapper\"><figure class=\"elementor-image-box-img\"><img decoding=\"async\" width=\"64\" height=\"64\" src=\"https:\/\/www.newsunn.com\/wp-content\/uploads\/2025\/03\/mu.png\" class=\"attachment-full size-full wp-image-3753\" alt=\"\" \/><\/figure><div class=\"elementor-image-box-content\"><h3 class=\"elementor-image-box-title\">Operaci\u00f3n flexible<\/h3><p class=\"elementor-image-box-description\">Unlike those big companies with strict policy and complicated system, we have a flexible operation in order to be compatible with all types of customers\u2019 business style and to meet different customers\u2019 demand in cooperation details.<\/p><\/div><\/div>\t\t\t\t<\/div>\n\t\t\t\t<\/div>\n\t\t\t\t<div class=\"elementor-element elementor-element-f4e9bb6 elementor-widget__width-initial elementor-absolute elementor-widget elementor-widget-image\" data-id=\"f4e9bb6\" data-element_type=\"widget\" data-settings=\"{&quot;_position&quot;:&quot;absolute&quot;}\" data-widget_type=\"image.default\">\n\t\t\t\t<div class=\"elementor-widget-container\">\n\t\t\t\t\t\t\t\t\t\t\t\t\t\t\t<img decoding=\"async\" width=\"64\" height=\"64\" src=\"https:\/\/www.newsunn.com\/wp-content\/uploads\/2025\/03\/mu.png\" class=\"attachment-large size-large wp-image-3753\" alt=\"\" \/>\t\t\t\t\t\t\t\t\t\t\t\t\t\t\t<\/div>\n\t\t\t\t<\/div>\n\t\t\t\t<\/div>\n\t\t<div class=\"elementor-element elementor-element-3644084 e-con-full e-flex e-con e-child\" data-id=\"3644084\" data-element_type=\"container\">\n\t\t\t\t<div class=\"elementor-element elementor-element-a97b24d elementor-position-top elementor-widget elementor-widget-image-box\" data-id=\"a97b24d\" data-element_type=\"widget\" data-widget_type=\"image-box.default\">\n\t\t\t\t<div class=\"elementor-widget-container\">\n\t\t\t\t\t<div class=\"elementor-image-box-wrapper\"><figure class=\"elementor-image-box-img\"><img decoding=\"async\" width=\"64\" height=\"64\" src=\"https:\/\/www.newsunn.com\/wp-content\/uploads\/2025\/03\/mu.png\" class=\"attachment-full size-full wp-image-3753\" alt=\"\" \/><\/figure><div class=\"elementor-image-box-content\"><h3 class=\"elementor-image-box-title\">Professional international Sale Experience<\/h3><p class=\"elementor-image-box-description\">Our sales team have more than 8 years\u2019 experience in international trade and have Zero obstacles in communication with customers from all over the world. We are familiar with trade terms, shipping and payment process, and customs and habits in most countries. You will feel easy and comfortable to deal with us.<\/p><\/div><\/div>\t\t\t\t<\/div>\n\t\t\t\t<\/div>\n\t\t\t\t<div class=\"elementor-element elementor-element-d7c3009 elementor-widget__width-initial elementor-absolute elementor-widget elementor-widget-image\" data-id=\"d7c3009\" data-element_type=\"widget\" data-settings=\"{&quot;_position&quot;:&quot;absolute&quot;}\" data-widget_type=\"image.default\">\n\t\t\t\t<div class=\"elementor-widget-container\">\n\t\t\t\t\t\t\t\t\t\t\t\t\t\t\t<img decoding=\"async\" width=\"64\" height=\"64\" src=\"https:\/\/www.newsunn.com\/wp-content\/uploads\/2025\/03\/mu.png\" class=\"attachment-large size-large wp-image-3753\" alt=\"\" \/>\t\t\t\t\t\t\t\t\t\t\t\t\t\t\t<\/div>\n\t\t\t\t<\/div>\n\t\t\t\t<\/div>\n\t\t<div class=\"elementor-element elementor-element-98a225c e-con-full e-flex e-con e-child\" data-id=\"98a225c\" data-element_type=\"container\">\n\t\t\t\t<div class=\"elementor-element elementor-element-b3cba9f elementor-position-top elementor-widget elementor-widget-image-box\" data-id=\"b3cba9f\" data-element_type=\"widget\" data-widget_type=\"image-box.default\">\n\t\t\t\t<div class=\"elementor-widget-container\">\n\t\t\t\t\t<div class=\"elementor-image-box-wrapper\"><figure class=\"elementor-image-box-img\"><img decoding=\"async\" width=\"64\" height=\"64\" src=\"https:\/\/www.newsunn.com\/wp-content\/uploads\/2025\/03\/mu.png\" class=\"attachment-full size-full wp-image-3753\" alt=\"\" \/><\/figure><div class=\"elementor-image-box-content\"><h3 class=\"elementor-image-box-title\">Asociaci\u00f3n fiable<\/h3><p class=\"elementor-image-box-description\">No s\u00f3lo le damos una garant\u00eda de calidad, sino que tambi\u00e9n guardan sus secretos de negocio, y protegen su informaci\u00f3n confidencial.<\/p><\/div><\/div>\t\t\t\t<\/div>\n\t\t\t\t<\/div>\n\t\t\t\t<div class=\"elementor-element elementor-element-2167921 elementor-widget__width-initial elementor-absolute elementor-widget elementor-widget-image\" data-id=\"2167921\" data-element_type=\"widget\" data-settings=\"{&quot;_position&quot;:&quot;absolute&quot;}\" data-widget_type=\"image.default\">\n\t\t\t\t<div class=\"elementor-widget-container\">\n\t\t\t\t\t\t\t\t\t\t\t\t\t\t\t<img decoding=\"async\" width=\"64\" height=\"64\" src=\"https:\/\/www.newsunn.com\/wp-content\/uploads\/2025\/03\/mu.png\" class=\"attachment-large size-large wp-image-3753\" alt=\"\" \/>\t\t\t\t\t\t\t\t\t\t\t\t\t\t\t<\/div>\n\t\t\t\t<\/div>\n\t\t\t\t<\/div>\n\t\t\t\t\t<\/div>\n\t\t\t\t<\/div>\n\t\t\t\t<\/div>","protected":false},"excerpt":{"rendered":"<p>Operaci\u00f3n flexible A diferencia de aquellas grandes empresas con estricta pol\u00edtica y sistema complicado, tenemos una operaci\u00f3n flexible para ser compatibles con todo tipo de estilo empresarial de los clientes y satisfacer la demanda de diferentes clientes en detalles de cooperaci\u00f3n. Experiencia profesional de la venta internacional Nuestro equipo de ventas tiene m\u00e1s de 8 a\u00f1os de experiencia en comercio internacional y [...]<\/p>","protected":false},"author":1,"featured_media":0,"parent":0,"menu_order":0,"comment_status":"closed","ping_status":"closed","template":"","meta":{"footnotes":""},"class_list":["post-3735","page","type-page","status-publish","hentry"],"_links":{"self":[{"href":"https:\/\/www.newsunn.com\/es\/wp-json\/wp\/v2\/pages\/3735","targetHints":{"allow":["GET"]}}],"collection":[{"href":"https:\/\/www.newsunn.com\/es\/wp-json\/wp\/v2\/pages"}],"about":[{"href":"https:\/\/www.newsunn.com\/es\/wp-json\/wp\/v2\/types\/page"}],"author":[{"embeddable":true,"href":"https:\/\/www.newsunn.com\/es\/wp-json\/wp\/v2\/users\/1"}],"replies":[{"embeddable":true,"href":"https:\/\/www.newsunn.com\/es\/wp-json\/wp\/v2\/comments?post=3735"}],"version-history":[{"count":4,"href":"https:\/\/www.newsunn.com\/es\/wp-json\/wp\/v2\/pages\/3735\/revisions"}],"predecessor-version":[{"id":4062,"href":"https:\/\/www.newsunn.com\/es\/wp-json\/wp\/v2\/pages\/3735\/revisions\/4062"}],"wp:attachment":[{"href":"https:\/\/www.newsunn.com\/es\/wp-json\/wp\/v2\/media?parent=3735"}],"curies":[{"name":"wp","href":"https:\/\/api.w.org\/{rel}","templated":true}]}}